{"id":3384,"date":"2024-07-15T13:47:33","date_gmt":"2024-07-15T05:47:33","guid":{"rendered":"https:\/\/huayuansh.com\/?page_id=3384"},"modified":"2024-08-19T13:46:43","modified_gmt":"2024-08-19T05:46:43","slug":"etichetta-rfid-flessibile-per-metallo","status":"publish","type":"page","link":"https:\/\/huayuansh.com\/it\/prodotti\/tag-rfid-industriali\/etichetta-rfid-flessibile-per-metallo\/","title":{"rendered":"Etichetta RFID flessibile su metallo"},"content":{"rendered":"<p>Poich\u00e9 l'RFID \u00e8 sensibile all'ambiente metallico, la distanza di lettura dei normali tag RFID \u00e8 molto breve o addirittura illeggibile una volta attaccati alle superfici metalliche, per cui la raccolta dei dati si trova ad affrontare grandi sfide. L'etichetta flessibile RFID su metallo di HUAYUAN \u00e8 stata progettata per l'etichettatura di oggetti e superfici metalliche, ma anche di oggetti non metallici. Il suo strato di ferrite anti-metallo flessibile e il design ottimizzato dell'antenna offrono prestazioni eccezionali in molte aree di applicazione e distanze di lettura bilanciate per la coerenza con il metallo.<\/p>\n\n\n\n<p>L'etichetta UHF flessibile antimetallica \u00e8 molto sottile, con uno spessore di 1,2 mm, e rappresenta una soluzione affidabile per le esigenze di stampa in loco dell'etichetta RFID, che pu\u00f2 essere facilmente stampata e codificata con una stampante RFID (come SATO CL4NX, Toshiba SX-5).<\/p>\n\n\n\n<p>L'etichetta RFID su metallo \u00e8 morbida e flessibile, adatta a superfici metalliche piatte o leggermente curve, come asset IT, dispositivi medici, tubi metallici, contenitori metallici ecc. \u00c8 un'etichetta RFID antimetallica ad alte prestazioni ed efficienza economica, leggera, flessibile, stampabile e versatile, con un costo inferiore rispetto alla maggior parte delle etichette RFID.&nbsp;<a href=\"https:\/\/huayuansh.com\/products\/rfid-labels-tags\/metal-mount-rfid-tags\/\">Tag RFID in metallo duro<\/a>. Finora, HUAYUAN ha lanciato una serie di tag RFID anti-metallo flessibili ed economici.<\/p>\n\n\n\n<h2 class=\"wp-block-heading\" id=\"h-features-of-printable-flexible-on-metal-rfid-tag\">Caratteristiche dell'etichetta RFID stampabile flessibile su metallo<\/h2>\n\n\n\n<ul class=\"wp-block-list\">\n<li>Prestazioni RFID ideali su superfici metalliche<\/li>\n\n\n\n<li>Design ultra-piccolo e ultra-sottile, solo 1,2 mm, adatto alla stampa a trasferimento termico<\/li>\n\n\n\n<li>L'etichetta flessibile pu\u00f2 essere applicata su superfici curve<\/li>\n\n\n\n<li>Supporto per le frequenze FCC ed ETSI<\/li>\n<\/ul>\n\n\n\n<h2 class=\"wp-block-heading\" id=\"h-browse-our-printable-flexible-on-metal-rfid-tags\">Sfoglia le nostre etichette RFID flessibili stampabili su metallo<\/h2>\n\n\n\n<figure class=\"wp-block-table\"><table><tbody><tr><td>Prodotto<\/td><td>Modello di prodotto<\/td><td>Dimensione<\/td><td>Frequenza<\/td><td>Chip<\/td><td>Campo di lettura (su metallo)<br>FCC \/ ETSI<\/td><\/tr><tr><td><img loading=\"lazy\" decoding=\"async\" width=\"150\" height=\"113\" class=\"wp-image-3659\" style=\"width: 150px;\" src=\"https:\/\/huayuansh.com\/wp-content\/uploads\/2024\/08\/HFM-3015R6.webp\" alt=\"\" srcset=\"https:\/\/huayuansh.com\/wp-content\/uploads\/2024\/08\/HFM-3015R6.webp 400w, https:\/\/huayuansh.com\/wp-content\/uploads\/2024\/08\/HFM-3015R6-300x225.webp 300w\" sizes=\"auto, (max-width: 150px) 100vw, 150px\" \/><\/td><td>HFM-3015R6<\/td><td>30 x 15 x 1,2 mm<\/td><td>FCC: 902-928MHz<br>ETSI: 866-868MHz<\/td><td>R6<\/td><td>0,5~1M \/ 0,5~1M <\/td><\/tr><tr><td><img loading=\"lazy\" decoding=\"async\" width=\"150\" height=\"113\" class=\"wp-image-3658\" style=\"width: 150px;\" src=\"https:\/\/huayuansh.com\/wp-content\/uploads\/2024\/08\/HFM-4518U8.webp\" alt=\"\" srcset=\"https:\/\/huayuansh.com\/wp-content\/uploads\/2024\/08\/HFM-4518U8.webp 400w, https:\/\/huayuansh.com\/wp-content\/uploads\/2024\/08\/HFM-4518U8-300x225.webp 300w\" sizes=\"auto, (max-width: 150px) 100vw, 150px\" \/><\/td><td>HFM-4518U8<\/td><td>45 x 18 x 1,2 mm<\/td><td>FCC: 902-928MHz<br>ETSI: 866-868MHz<\/td><td>U8<\/td><td>1,5~2,5M \/ 1~2M<\/td><\/tr><tr><td><img loading=\"lazy\" decoding=\"async\" width=\"150\" height=\"113\" class=\"wp-image-3657\" style=\"width: 150px;\" src=\"https:\/\/huayuansh.com\/wp-content\/uploads\/2024\/08\/HFM-5015U8.webp\" alt=\"\" srcset=\"https:\/\/huayuansh.com\/wp-content\/uploads\/2024\/08\/HFM-5015U8.webp 400w, https:\/\/huayuansh.com\/wp-content\/uploads\/2024\/08\/HFM-5015U8-300x225.webp 300w\" sizes=\"auto, (max-width: 150px) 100vw, 150px\" \/><\/td><td>HFM-5015U8<\/td><td>50 x 15 x 1,2 mm<\/td><td>FCC: 902-928MHz<br>ETSI: 866-868MHz<\/td><td>U8<\/td><td>3,5~5M \/ 3~4M<\/td><\/tr><tr><td><img loading=\"lazy\" decoding=\"async\" width=\"150\" height=\"113\" class=\"wp-image-3656\" style=\"width: 150px;\" src=\"https:\/\/huayuansh.com\/wp-content\/uploads\/2024\/08\/HFM-6025R6.webp\" alt=\"\" srcset=\"https:\/\/huayuansh.com\/wp-content\/uploads\/2024\/08\/HFM-6025R6.webp 400w, https:\/\/huayuansh.com\/wp-content\/uploads\/2024\/08\/HFM-6025R6-300x225.webp 300w\" sizes=\"auto, (max-width: 150px) 100vw, 150px\" \/><\/td><td>HFM-6025R6<\/td><td>60 x 25 x 1,2 mm<\/td><td>FCC: 902-928MHz<br>ETSI: 866-868MHz<\/td><td>R6<\/td><td>5~6M \/ 4~5M<\/td><\/tr><tr><td><img loading=\"lazy\" decoding=\"async\" width=\"150\" height=\"113\" class=\"wp-image-3655\" style=\"width: 150px;\" src=\"https:\/\/huayuansh.com\/wp-content\/uploads\/2024\/08\/HFM-7018U8.webp\" alt=\"\" srcset=\"https:\/\/huayuansh.com\/wp-content\/uploads\/2024\/08\/HFM-7018U8.webp 400w, https:\/\/huayuansh.com\/wp-content\/uploads\/2024\/08\/HFM-7018U8-300x225.webp 300w\" sizes=\"auto, (max-width: 150px) 100vw, 150px\" \/><\/td><td>HFM-7018U8<\/td><td>70 x 18 x 1,2 mm<\/td><td>FCC: 902-928MHz<br>ETSI: 866-868MHz<\/td><td>U8<\/td><td>6~7M \/ 5~6M<\/td><\/tr><tr><td><img loading=\"lazy\" decoding=\"async\" width=\"150\" height=\"113\" class=\"wp-image-3654\" style=\"width: 150px;\" src=\"https:\/\/huayuansh.com\/wp-content\/uploads\/2024\/08\/HFM-8025R6.webp\" alt=\"\" srcset=\"https:\/\/huayuansh.com\/wp-content\/uploads\/2024\/08\/HFM-8025R6.webp 400w, https:\/\/huayuansh.com\/wp-content\/uploads\/2024\/08\/HFM-8025R6-300x225.webp 300w\" sizes=\"auto, (max-width: 150px) 100vw, 150px\" \/><\/td><td>HFM-8025R6<\/td><td>80 x 25 x 1,2 mm<\/td><td>FCC: 902-928MHz<br>ETSI: 866-868MHz<\/td><td>R6<\/td><td>6~7M \/ 5~6M<\/td><\/tr><\/tbody><\/table><\/figure>\n\n\n\n<h3 class=\"wp-block-heading\" id=\"h-applications-of-flexible-on-metal-rfid-tag\">Applicazioni dell'etichetta RFID flessibile su metallo<\/h3>\n\n\n\n<ul class=\"wp-block-list\">\n<li>Gestione delle risorse IT, strutture mediche<\/li>\n\n\n\n<li>Identificazione della gestione dell'inventario in articoli metallici<\/li>\n\n\n\n<li>Identit\u00e0 per la produzione di condotte industriali e parti metalliche<\/li>\n\n\n\n<li>Gestione della catena di approvvigionamento e della logistica<\/li>\n\n\n\n<li>Estintori, ponteggi, vassoi d'acciaio, carrelli, barili di birra, bombole di gas, parti meccaniche, cisterne per liquidi, secchi di vernice.<\/li>\n<\/ul>\n\n\n\n<h4 class=\"wp-block-heading\" id=\"h-get-in-touch\">Contattate<\/h4>\n\n\n\n<p>Per ulteriori informazioni sulle etichette RFID stampabili flessibili su metallo di Huayuan, contattate il nostro team di vendita.<\/p>\n\n\n<style>.wp-block-kadence-advancedbtn.kb-btns3384_d9980c-d8{gap:var(--global-kb-gap-xs, 0.5rem );justify-content:flex-start;align-items:center;}.kt-btns3384_d9980c-d8 .kt-button{font-weight:normal;font-style:normal;}.kt-btns3384_d9980c-d8 .kt-btn-wrap-0{margin-right:5px;}.wp-block-kadence-advancedbtn.kt-btns3384_d9980c-d8 .kt-btn-wrap-0 .kt-button{color:#555555;border-color:#555555;}.wp-block-kadence-advancedbtn.kt-btns3384_d9980c-d8 .kt-btn-wrap-0 .kt-button:hover, .wp-block-kadence-advancedbtn.kt-btns3384_d9980c-d8 .kt-btn-wrap-0 .kt-button:focus{color:#ffffff;border-color:#444444;}.wp-block-kadence-advancedbtn.kt-btns3384_d9980c-d8 .kt-btn-wrap-0 .kt-button::before{display:none;}.wp-block-kadence-advancedbtn.kt-btns3384_d9980c-d8 .kt-btn-wrap-0 .kt-button:hover, .wp-block-kadence-advancedbtn.kt-btns3384_d9980c-d8 .kt-btn-wrap-0 .kt-button:focus{background:#444444;}<\/style>\n<div class=\"wp-block-kadence-advancedbtn kb-buttons-wrap kb-btns3384_d9980c-d8\"><style>ul.menu .wp-block-kadence-advancedbtn .kb-btn3384_be194d-a1.kb-button{width:initial;}<\/style><a class=\"kb-button kt-button button kb-btn3384_be194d-a1 kt-btn-size-standard kt-btn-width-type-auto kb-btn-global-inherit  kt-btn-has-text-true kt-btn-has-svg-false  wp-block-button__link wp-block-kadence-singlebtn\" href=\"https:\/\/huayuansh.com\/contact-us\/\"><span class=\"kt-btn-inner-text\">Contatto<\/span><\/a><\/div>","protected":false},"excerpt":{"rendered":"<p>Since RFID is sensitive to metal environment, reading distance to normal RFID tags is very short or even unreadable once attached on metal surfaces, thus data collection is facing great challenges. HUAYUAN flexible RFID on metal tag, designed for tagging metal objects and surfaces, as well as challenging non-metal objects. Its flexible anti-metal ferrite layer&#8230;<\/p>","protected":false},"author":1,"featured_media":3660,"parent":854,"menu_order":0,"comment_status":"closed","ping_status":"closed","template":"","meta":{"_kad_blocks_custom_css":"","_kad_blocks_head_custom_js":"","_kad_blocks_body_custom_js":"","_kad_blocks_footer_custom_js":"","_kadence_starter_templates_imported_post":false,"_kad_post_transparent":"","_kad_post_title":"","_kad_post_layout":"","_kad_post_sidebar_id":"","_kad_post_content_style":"","_kad_post_vertical_padding":"","_kad_post_feature":"","_kad_post_feature_position":"","_kad_post_header":false,"_kad_post_footer":false,"footnotes":""},"class_list":["post-3384","page","type-page","status-publish","has-post-thumbnail","hentry"],"yoast_head":"<!-- This site is optimized with the Yoast SEO Premium plugin v23.0 (Yoast SEO v26.3) - https:\/\/yoast.com\/wordpress\/plugins\/seo\/ -->\n<title>Flexible On Metal RFID Tag | HUAYUAN RFID Tag Manufacturer<\/title>\n<meta name=\"description\" content=\"UHF EPC GEN2 passive flexible waterproof on metal RFID tag, long-range up to 6 meters, designed especially for harsh metal environment.\" \/>\n<meta name=\"robots\" content=\"index, follow, max-snippet:-1, max-image-preview:large, max-video-preview:-1\" \/>\n<link rel=\"canonical\" href=\"https:\/\/huayuansh.com\/it\/prodotti\/tag-rfid-industriali\/etichetta-rfid-flessibile-per-metallo\/\" \/>\n<meta property=\"og:locale\" content=\"it_IT\" \/>\n<meta property=\"og:type\" content=\"article\" \/>\n<meta property=\"og:title\" content=\"Flexible On Metal RFID Tag\" \/>\n<meta property=\"og:description\" content=\"UHF EPC GEN2 passive flexible waterproof on metal RFID tag, long-range up to 6 meters, designed especially for harsh metal environment.\" \/>\n<meta property=\"og:url\" content=\"https:\/\/huayuansh.com\/it\/prodotti\/tag-rfid-industriali\/etichetta-rfid-flessibile-per-metallo\/\" \/>\n<meta property=\"og:site_name\" content=\"HUAYUAN RFID Tag Manufacturer\" \/>\n<meta property=\"article:modified_time\" content=\"2024-08-19T05:46:43+00:00\" \/>\n<meta property=\"og:image\" content=\"https:\/\/huayuansh.com\/wp-content\/uploads\/2024\/08\/Printable-Flexible-On-Metal-RFID-Tag.webp\" \/>\n\t<meta property=\"og:image:width\" content=\"1920\" \/>\n\t<meta property=\"og:image:height\" content=\"1080\" \/>\n\t<meta property=\"og:image:type\" content=\"image\/webp\" \/>\n<meta name=\"twitter:card\" content=\"summary_large_image\" \/>\n<meta name=\"twitter:label1\" content=\"Tempo di lettura stimato\" \/>\n\t<meta name=\"twitter:data1\" content=\"4 minuti\" \/>\n<script type=\"application\/ld+json\" class=\"yoast-schema-graph\">{\"@context\":\"https:\/\/schema.org\",\"@graph\":[{\"@type\":\"WebPage\",\"@id\":\"https:\/\/huayuansh.com\/products\/industrial-rfid-tags\/flexible-on-metal-rfid-tag\/\",\"url\":\"https:\/\/huayuansh.com\/products\/industrial-rfid-tags\/flexible-on-metal-rfid-tag\/\",\"name\":\"Flexible On Metal RFID Tag | HUAYUAN RFID Tag Manufacturer\",\"isPartOf\":{\"@id\":\"https:\/\/huayuansh.com\/#website\"},\"primaryImageOfPage\":{\"@id\":\"https:\/\/huayuansh.com\/products\/industrial-rfid-tags\/flexible-on-metal-rfid-tag\/#primaryimage\"},\"image\":{\"@id\":\"https:\/\/huayuansh.com\/products\/industrial-rfid-tags\/flexible-on-metal-rfid-tag\/#primaryimage\"},\"thumbnailUrl\":\"https:\/\/huayuansh.com\/wp-content\/uploads\/2024\/08\/Printable-Flexible-On-Metal-RFID-Tag.webp\",\"datePublished\":\"2024-07-15T05:47:33+00:00\",\"dateModified\":\"2024-08-19T05:46:43+00:00\",\"description\":\"UHF EPC GEN2 passive flexible waterproof on metal RFID tag, long-range up to 6 meters, designed especially for harsh metal environment.\",\"breadcrumb\":{\"@id\":\"https:\/\/huayuansh.com\/products\/industrial-rfid-tags\/flexible-on-metal-rfid-tag\/#breadcrumb\"},\"inLanguage\":\"it-IT\",\"potentialAction\":[{\"@type\":\"ReadAction\",\"target\":[\"https:\/\/huayuansh.com\/products\/industrial-rfid-tags\/flexible-on-metal-rfid-tag\/\"]}]},{\"@type\":\"ImageObject\",\"inLanguage\":\"it-IT\",\"@id\":\"https:\/\/huayuansh.com\/products\/industrial-rfid-tags\/flexible-on-metal-rfid-tag\/#primaryimage\",\"url\":\"https:\/\/huayuansh.com\/wp-content\/uploads\/2024\/08\/Printable-Flexible-On-Metal-RFID-Tag.webp\",\"contentUrl\":\"https:\/\/huayuansh.com\/wp-content\/uploads\/2024\/08\/Printable-Flexible-On-Metal-RFID-Tag.webp\",\"width\":1920,\"height\":1080},{\"@type\":\"BreadcrumbList\",\"@id\":\"https:\/\/huayuansh.com\/products\/industrial-rfid-tags\/flexible-on-metal-rfid-tag\/#breadcrumb\",\"itemListElement\":[{\"@type\":\"ListItem\",\"position\":1,\"name\":\"Home\",\"item\":\"https:\/\/huayuansh.com\/\"},{\"@type\":\"ListItem\",\"position\":2,\"name\":\"RFID Products\",\"item\":\"https:\/\/huayuansh.com\/products\/\"},{\"@type\":\"ListItem\",\"position\":3,\"name\":\"Industrial RFID Tags\",\"item\":\"https:\/\/huayuansh.com\/products\/industrial-rfid-tags\/\"},{\"@type\":\"ListItem\",\"position\":4,\"name\":\"Flexible On Metal RFID Tag\"}]},{\"@type\":\"WebSite\",\"@id\":\"https:\/\/huayuansh.com\/#website\",\"url\":\"https:\/\/huayuansh.com\/\",\"name\":\"HUAYUAN RFID Tag Manufacturer\",\"description\":\"HUAYUAN RFID Tag Manufacturer\",\"publisher\":{\"@id\":\"https:\/\/huayuansh.com\/#organization\"},\"potentialAction\":[{\"@type\":\"SearchAction\",\"target\":{\"@type\":\"EntryPoint\",\"urlTemplate\":\"https:\/\/huayuansh.com\/?s={search_term_string}\"},\"query-input\":{\"@type\":\"PropertyValueSpecification\",\"valueRequired\":true,\"valueName\":\"search_term_string\"}}],\"inLanguage\":\"it-IT\"},{\"@type\":\"Organization\",\"@id\":\"https:\/\/huayuansh.com\/#organization\",\"name\":\"HUAYUAN RFID Tag Manufacturer\",\"url\":\"https:\/\/huayuansh.com\/\",\"logo\":{\"@type\":\"ImageObject\",\"inLanguage\":\"it-IT\",\"@id\":\"https:\/\/huayuansh.com\/#\/schema\/logo\/image\/\",\"url\":\"https:\/\/huayuansh.com\/wp-content\/uploads\/2024\/09\/cropped-HUAYUAN.webp\",\"contentUrl\":\"https:\/\/huayuansh.com\/wp-content\/uploads\/2024\/09\/cropped-HUAYUAN.webp\",\"width\":895,\"height\":279,\"caption\":\"HUAYUAN RFID Tag Manufacturer\"},\"image\":{\"@id\":\"https:\/\/huayuansh.com\/#\/schema\/logo\/image\/\"}}]}<\/script>\n<!-- \/ Yoast SEO Premium plugin. -->","yoast_head_json":{"title":"Flessibile su metallo Tag RFID | HUAYUAN Tag RFID Fornitore","description":"Etichetta RFID passiva flessibile impermeabile su metallo UHF EPC GEN2, a lungo raggio fino a 6 metri, progettata appositamente per ambienti metallici difficili.","robots":{"index":"index","follow":"follow","max-snippet":"max-snippet:-1","max-image-preview":"max-image-preview:large","max-video-preview":"max-video-preview:-1"},"canonical":"https:\/\/huayuansh.com\/it\/prodotti\/tag-rfid-industriali\/etichetta-rfid-flessibile-per-metallo\/","og_locale":"it_IT","og_type":"article","og_title":"Flexible On Metal RFID Tag","og_description":"UHF EPC GEN2 passive flexible waterproof on metal RFID tag, long-range up to 6 meters, designed especially for harsh metal environment.","og_url":"https:\/\/huayuansh.com\/it\/prodotti\/tag-rfid-industriali\/etichetta-rfid-flessibile-per-metallo\/","og_site_name":"HUAYUAN RFID Tag Manufacturer","article_modified_time":"2024-08-19T05:46:43+00:00","og_image":[{"width":1920,"height":1080,"url":"https:\/\/huayuansh.com\/wp-content\/uploads\/2024\/08\/Printable-Flexible-On-Metal-RFID-Tag.webp","type":"image\/webp"}],"twitter_card":"summary_large_image","twitter_misc":{"Tempo di lettura stimato":"4 minuti"},"schema":{"@context":"https:\/\/schema.org","@graph":[{"@type":"WebPage","@id":"https:\/\/huayuansh.com\/products\/industrial-rfid-tags\/flexible-on-metal-rfid-tag\/","url":"https:\/\/huayuansh.com\/products\/industrial-rfid-tags\/flexible-on-metal-rfid-tag\/","name":"Flessibile su metallo Tag RFID | HUAYUAN Tag RFID Fornitore","isPartOf":{"@id":"https:\/\/huayuansh.com\/#website"},"primaryImageOfPage":{"@id":"https:\/\/huayuansh.com\/products\/industrial-rfid-tags\/flexible-on-metal-rfid-tag\/#primaryimage"},"image":{"@id":"https:\/\/huayuansh.com\/products\/industrial-rfid-tags\/flexible-on-metal-rfid-tag\/#primaryimage"},"thumbnailUrl":"https:\/\/huayuansh.com\/wp-content\/uploads\/2024\/08\/Printable-Flexible-On-Metal-RFID-Tag.webp","datePublished":"2024-07-15T05:47:33+00:00","dateModified":"2024-08-19T05:46:43+00:00","description":"Etichetta RFID passiva flessibile impermeabile su metallo UHF EPC GEN2, a lungo raggio fino a 6 metri, progettata appositamente per ambienti metallici difficili.","breadcrumb":{"@id":"https:\/\/huayuansh.com\/products\/industrial-rfid-tags\/flexible-on-metal-rfid-tag\/#breadcrumb"},"inLanguage":"it-IT","potentialAction":[{"@type":"ReadAction","target":["https:\/\/huayuansh.com\/products\/industrial-rfid-tags\/flexible-on-metal-rfid-tag\/"]}]},{"@type":"ImageObject","inLanguage":"it-IT","@id":"https:\/\/huayuansh.com\/products\/industrial-rfid-tags\/flexible-on-metal-rfid-tag\/#primaryimage","url":"https:\/\/huayuansh.com\/wp-content\/uploads\/2024\/08\/Printable-Flexible-On-Metal-RFID-Tag.webp","contentUrl":"https:\/\/huayuansh.com\/wp-content\/uploads\/2024\/08\/Printable-Flexible-On-Metal-RFID-Tag.webp","width":1920,"height":1080},{"@type":"BreadcrumbList","@id":"https:\/\/huayuansh.com\/products\/industrial-rfid-tags\/flexible-on-metal-rfid-tag\/#breadcrumb","itemListElement":[{"@type":"ListItem","position":1,"name":"Home","item":"https:\/\/huayuansh.com\/"},{"@type":"ListItem","position":2,"name":"RFID Products","item":"https:\/\/huayuansh.com\/products\/"},{"@type":"ListItem","position":3,"name":"Industrial RFID Tags","item":"https:\/\/huayuansh.com\/products\/industrial-rfid-tags\/"},{"@type":"ListItem","position":4,"name":"Flexible On Metal RFID Tag"}]},{"@type":"WebSite","@id":"https:\/\/huayuansh.com\/#website","url":"https:\/\/huayuansh.com\/","name":"HUAYUAN Tag RFID Fornitore","description":"HUAYUAN Tag RFID Fornitore","publisher":{"@id":"https:\/\/huayuansh.com\/#organization"},"potentialAction":[{"@type":"SearchAction","target":{"@type":"EntryPoint","urlTemplate":"https:\/\/huayuansh.com\/?s={search_term_string}"},"query-input":{"@type":"PropertyValueSpecification","valueRequired":true,"valueName":"search_term_string"}}],"inLanguage":"it-IT"},{"@type":"Organization","@id":"https:\/\/huayuansh.com\/#organization","name":"HUAYUAN Tag RFID Fornitore","url":"https:\/\/huayuansh.com\/","logo":{"@type":"ImageObject","inLanguage":"it-IT","@id":"https:\/\/huayuansh.com\/#\/schema\/logo\/image\/","url":"https:\/\/huayuansh.com\/wp-content\/uploads\/2024\/09\/cropped-HUAYUAN.webp","contentUrl":"https:\/\/huayuansh.com\/wp-content\/uploads\/2024\/09\/cropped-HUAYUAN.webp","width":895,"height":279,"caption":"HUAYUAN RFID Tag Manufacturer"},"image":{"@id":"https:\/\/huayuansh.com\/#\/schema\/logo\/image\/"}}]}},"taxonomy_info":[],"featured_image_src_large":["https:\/\/huayuansh.com\/wp-content\/uploads\/2024\/08\/Printable-Flexible-On-Metal-RFID-Tag-1024x576.webp",1024,576,true],"author_info":{"display_name":"HUAYUAN","author_link":"https:\/\/huayuansh.com\/it\/author\/shyec2024\/"},"comment_info":0,"_links":{"self":[{"href":"https:\/\/huayuansh.com\/it\/wp-json\/wp\/v2\/pages\/3384","targetHints":{"allow":["GET"]}}],"collection":[{"href":"https:\/\/huayuansh.com\/it\/wp-json\/wp\/v2\/pages"}],"about":[{"href":"https:\/\/huayuansh.com\/it\/wp-json\/wp\/v2\/types\/page"}],"author":[{"embeddable":true,"href":"https:\/\/huayuansh.com\/it\/wp-json\/wp\/v2\/users\/1"}],"replies":[{"embeddable":true,"href":"https:\/\/huayuansh.com\/it\/wp-json\/wp\/v2\/comments?post=3384"}],"version-history":[{"count":3,"href":"https:\/\/huayuansh.com\/it\/wp-json\/wp\/v2\/pages\/3384\/revisions"}],"predecessor-version":[{"id":3680,"href":"https:\/\/huayuansh.com\/it\/wp-json\/wp\/v2\/pages\/3384\/revisions\/3680"}],"up":[{"embeddable":true,"href":"https:\/\/huayuansh.com\/it\/wp-json\/wp\/v2\/pages\/854"}],"wp:featuredmedia":[{"embeddable":true,"href":"https:\/\/huayuansh.com\/it\/wp-json\/wp\/v2\/media\/3660"}],"wp:attachment":[{"href":"https:\/\/huayuansh.com\/it\/wp-json\/wp\/v2\/media?parent=3384"}],"curies":[{"name":"wp","href":"https:\/\/api.w.org\/{rel}","templated":true}]}}