{"id":3386,"date":"2024-07-15T13:51:06","date_gmt":"2024-07-15T05:51:06","guid":{"rendered":"https:\/\/huayuansh.com\/?page_id=3386"},"modified":"2024-08-08T14:09:48","modified_gmt":"2024-08-08T06:09:48","slug":"tag-rfid-uhf-versatile","status":"publish","type":"page","link":"https:\/\/huayuansh.com\/it\/prodotti\/tag-rfid-industriali\/tag-rfid-uhf-versatile\/","title":{"rendered":"Tag RFID UHF versatile"},"content":{"rendered":"<p>Il Versatile RFID UHF Tag \u00e8 un tag RFID UHF RAIN con un'eccezionale adattabilit\u00e0 estesa, che copre un'ampia banda (sia FCC che ETSI) e una lunga direzione di lettura, in particolare la tollerabilit\u00e0 della permittivit\u00e0 dell'ambiente. Il tag RFID UHF versatile funziona correttamente sia su superfici metalliche che non metalliche nelle applicazioni RFID.<\/p>\n\n\n\n<p>Come soluzione economica di tag RFID per interni, il tag RFID versatile \u00e8 un design creativo con tecnologia di accoppiamento capacitivo multiplo. \u00c8 una soluzione facile da usare per la tracciabilit\u00e0 dei beni, la tracciabilit\u00e0 dei contenitori in rotazione e l'identificazione di scaffali e rack.<\/p>\n\n\n\n<p>Il versatile tag RFID UHF \u00e8 facile da trovare con un aspetto cristallino e accattivante. La stampa digitale a colori pu\u00f2 includere qualsiasi dato variabile di codice a barre\/QR, l'ID di numerazione pu\u00f2 essere stampato sul tag, corrispondendo alla programmazione del chip RFID corrispondente. La copertura epossidica \u00e8 un'ottima protezione dell'etichetta.<\/p>\n\n\n\n<div class=\"wp-block-columns are-vertically-aligned-center is-layout-flex wp-container-core-columns-is-layout-9d6595d7 wp-block-columns-is-layout-flex\">\n<div class=\"wp-block-column is-vertically-aligned-center is-layout-flow wp-block-column-is-layout-flow\" style=\"flex-basis:60%\">\n<h2 class=\"wp-block-heading\" id=\"h-key-features\">Caratteristiche principali<\/h2>\n\n\n\n<ul class=\"wp-block-list\">\n<li>Transponder unico ad accoppiamento capacitivo creativo incorporato<\/li>\n\n\n\n<li>Prestazioni omnidirezionali design metallico o non metallico<\/li>\n\n\n\n<li>Tag RFID conveniente con ampia adattabilit\u00e0 per applicazioni in-door<\/li>\n\n\n\n<li>Stampa a colori e programmazione e stampa di dati variabili<\/li>\n<\/ul>\n<\/div>\n\n\n\n<div class=\"wp-block-column is-vertically-aligned-center is-layout-flow wp-block-column-is-layout-flow\" style=\"flex-basis:40%\">\n<figure class=\"wp-block-image size-full\"><img loading=\"lazy\" decoding=\"async\" width=\"600\" height=\"600\" src=\"https:\/\/huayuansh.com\/wp-content\/uploads\/2024\/08\/Epoxy-RFID-On-Metal-Tag.webp\" alt=\"\" class=\"wp-image-3608\" style=\"aspect-ratio:3\/2;object-fit:cover\" srcset=\"https:\/\/huayuansh.com\/wp-content\/uploads\/2024\/08\/Epoxy-RFID-On-Metal-Tag.webp 600w, https:\/\/huayuansh.com\/wp-content\/uploads\/2024\/08\/Epoxy-RFID-On-Metal-Tag-300x300.webp 300w, https:\/\/huayuansh.com\/wp-content\/uploads\/2024\/08\/Epoxy-RFID-On-Metal-Tag-150x150.webp 150w\" sizes=\"auto, (max-width: 600px) 100vw, 600px\" \/><\/figure>\n<\/div>\n<\/div>\n\n\n\n<h2 class=\"wp-block-heading\" id=\"h-specifications\">Specifiche tecniche<\/h2>\n\n\n\n<figure class=\"wp-block-table\"><table><tbody><tr><td colspan=\"2\"><strong>Prestazioni elettroniche<\/strong><\/td><\/tr><tr><td>Protocollo<\/td><td>ISO 18000-6C \/ EPC Global Class1 Gen2<\/td><\/tr><tr><td>Frequenza di lavoro<\/td><td>860~960MHz<\/td><\/tr><tr><td>Micro-chip \/ Memoria<\/td><td>NXP UCODE<sup>\u00ae<\/sup>&nbsp;8, EPC 128 bit, TID 96 bit<br>NXP UCODE<sup>\u00ae<\/sup>&nbsp;9, EPC 96 bit, TID 96 bit<\/td><\/tr><tr><td>Durata di vita del CI<\/td><td>100.000 cicli di programmazione, 50 anni di conservazione dei dati<\/td><\/tr><tr><td>Modalit\u00e0 operativa<\/td><td>Progettazione RFID ad accoppiamento passivo<\/td><\/tr><tr><td>Leggere la distanza<\/td><td>4-7 Mts sotto frequenza FCC e ETSI<\/td><\/tr><tr><td colspan=\"2\"><strong>Caratteristiche fisiche<\/strong><\/td><\/tr><tr><td>Dimensione<\/td><td>80\u00d723\u00d76,7mm \/ 80\u00d718\u00d76,7mm \uff08incluso il frontale epossidico e la colla adesiva\uff09.<\/td><\/tr><tr><td>Materiale<\/td><td>Acrilico + colla adesiva + finitura epossidica<\/td><\/tr><tr><td>Formato di consegna<\/td><td>In pezzo<\/td><\/tr><tr><td>Opzioni<\/td><td>Logo in CMYK stampabile<br>Dati variabili (ID, QR, numerazione) stampabili<br>Programmazione EPC<\/td><\/tr><\/tbody><\/table><\/figure>\n\n\n\n<h3 class=\"wp-block-heading\" id=\"h-get-in-touch\">Contattate<\/h3>\n\n\n\n<p>Per ulteriori informazioni sui tag RFID UHF versatili di Huayuan.<\/p>\n\n\n<style>.wp-block-kadence-advancedbtn.kb-btns3386_ef9c86-d5{gap:var(--global-kb-gap-xs, 0.5rem );justify-content:flex-start;align-items:center;}.kt-btns3386_ef9c86-d5 .kt-button{font-weight:normal;font-style:normal;}.kt-btns3386_ef9c86-d5 .kt-btn-wrap-0{margin-right:5px;}.wp-block-kadence-advancedbtn.kt-btns3386_ef9c86-d5 .kt-btn-wrap-0 .kt-button{color:#555555;border-color:#555555;}.wp-block-kadence-advancedbtn.kt-btns3386_ef9c86-d5 .kt-btn-wrap-0 .kt-button:hover, .wp-block-kadence-advancedbtn.kt-btns3386_ef9c86-d5 .kt-btn-wrap-0 .kt-button:focus{color:#ffffff;border-color:#444444;}.wp-block-kadence-advancedbtn.kt-btns3386_ef9c86-d5 .kt-btn-wrap-0 .kt-button::before{display:none;}.wp-block-kadence-advancedbtn.kt-btns3386_ef9c86-d5 .kt-btn-wrap-0 .kt-button:hover, .wp-block-kadence-advancedbtn.kt-btns3386_ef9c86-d5 .kt-btn-wrap-0 .kt-button:focus{background:#444444;}<\/style>\n<div class=\"wp-block-kadence-advancedbtn kb-buttons-wrap kb-btns3386_ef9c86-d5\"><style>ul.menu .wp-block-kadence-advancedbtn .kb-btn3386_fe2f00-ff.kb-button{width:initial;}<\/style><a class=\"kb-button kt-button button kb-btn3386_fe2f00-ff kt-btn-size-standard kt-btn-width-type-auto kb-btn-global-inherit  kt-btn-has-text-true kt-btn-has-svg-false  wp-block-button__link wp-block-kadence-singlebtn\" href=\"https:\/\/huayuansh.com\/contact-us\/\"><span class=\"kt-btn-inner-text\">Contatto<\/span><\/a><\/div>","protected":false},"excerpt":{"rendered":"<p>The Versatile RFID UHF Tag is an UHF RAIN RFID tag with outstanding extensive adaptability, cover wide broad band (both FCC and ETSI) and long reading direction, especially tolerability of permittivity of environment. So versatile RFID UHF tag would works properly both attached on metal or non-metal surface in RFID applications. As a cost-effective RFID&#8230;<\/p>","protected":false},"author":1,"featured_media":3609,"parent":854,"menu_order":0,"comment_status":"closed","ping_status":"closed","template":"","meta":{"_kad_blocks_custom_css":"","_kad_blocks_head_custom_js":"","_kad_blocks_body_custom_js":"","_kad_blocks_footer_custom_js":"","_kadence_starter_templates_imported_post":false,"_kad_post_transparent":"","_kad_post_title":"","_kad_post_layout":"","_kad_post_sidebar_id":"","_kad_post_content_style":"","_kad_post_vertical_padding":"","_kad_post_feature":"","_kad_post_feature_position":"","_kad_post_header":false,"_kad_post_footer":false,"footnotes":""},"class_list":["post-3386","page","type-page","status-publish","has-post-thumbnail","hentry"],"yoast_head":"<!-- This site is optimized with the Yoast SEO Premium plugin v23.0 (Yoast SEO v26.3) - https:\/\/yoast.com\/wordpress\/plugins\/seo\/ -->\n<title>Versatile RFID UHF Tag | HUAYUAN RFID Tag Manufacturer<\/title>\n<meta name=\"robots\" content=\"index, follow, max-snippet:-1, max-image-preview:large, max-video-preview:-1\" \/>\n<link rel=\"canonical\" href=\"https:\/\/huayuansh.com\/it\/prodotti\/tag-rfid-industriali\/tag-rfid-uhf-versatile\/\" \/>\n<meta property=\"og:locale\" content=\"it_IT\" \/>\n<meta property=\"og:type\" content=\"article\" \/>\n<meta property=\"og:title\" content=\"Versatile RFID UHF Tag\" \/>\n<meta property=\"og:description\" content=\"The Versatile RFID UHF Tag is an UHF RAIN RFID tag with outstanding extensive adaptability, cover wide broad band (both FCC and ETSI) and long reading direction, especially tolerability of permittivity of environment. So versatile RFID UHF tag would works properly both attached on metal or non-metal surface in RFID applications. As a cost-effective RFID...\" \/>\n<meta property=\"og:url\" content=\"https:\/\/huayuansh.com\/it\/prodotti\/tag-rfid-industriali\/tag-rfid-uhf-versatile\/\" \/>\n<meta property=\"og:site_name\" content=\"HUAYUAN RFID Tag Manufacturer\" \/>\n<meta property=\"article:modified_time\" content=\"2024-08-08T06:09:48+00:00\" \/>\n<meta property=\"og:image\" content=\"https:\/\/huayuansh.com\/wp-content\/uploads\/2024\/08\/HUAYUAN-Versatile-RFID-UHF-Tags.webp\" \/>\n\t<meta property=\"og:image:width\" content=\"1920\" \/>\n\t<meta property=\"og:image:height\" content=\"1080\" \/>\n\t<meta property=\"og:image:type\" content=\"image\/webp\" \/>\n<meta name=\"twitter:card\" content=\"summary_large_image\" \/>\n<meta name=\"twitter:label1\" content=\"Tempo di lettura stimato\" \/>\n\t<meta name=\"twitter:data1\" content=\"2 minuti\" \/>\n<script type=\"application\/ld+json\" class=\"yoast-schema-graph\">{\"@context\":\"https:\/\/schema.org\",\"@graph\":[{\"@type\":\"WebPage\",\"@id\":\"https:\/\/huayuansh.com\/products\/industrial-rfid-tags\/versatile-rfid-uhf-tag\/\",\"url\":\"https:\/\/huayuansh.com\/products\/industrial-rfid-tags\/versatile-rfid-uhf-tag\/\",\"name\":\"Versatile RFID UHF Tag | HUAYUAN RFID Tag Manufacturer\",\"isPartOf\":{\"@id\":\"https:\/\/huayuansh.com\/#website\"},\"primaryImageOfPage\":{\"@id\":\"https:\/\/huayuansh.com\/products\/industrial-rfid-tags\/versatile-rfid-uhf-tag\/#primaryimage\"},\"image\":{\"@id\":\"https:\/\/huayuansh.com\/products\/industrial-rfid-tags\/versatile-rfid-uhf-tag\/#primaryimage\"},\"thumbnailUrl\":\"https:\/\/huayuansh.com\/wp-content\/uploads\/2024\/08\/HUAYUAN-Versatile-RFID-UHF-Tags.webp\",\"datePublished\":\"2024-07-15T05:51:06+00:00\",\"dateModified\":\"2024-08-08T06:09:48+00:00\",\"breadcrumb\":{\"@id\":\"https:\/\/huayuansh.com\/products\/industrial-rfid-tags\/versatile-rfid-uhf-tag\/#breadcrumb\"},\"inLanguage\":\"it-IT\",\"potentialAction\":[{\"@type\":\"ReadAction\",\"target\":[\"https:\/\/huayuansh.com\/products\/industrial-rfid-tags\/versatile-rfid-uhf-tag\/\"]}]},{\"@type\":\"ImageObject\",\"inLanguage\":\"it-IT\",\"@id\":\"https:\/\/huayuansh.com\/products\/industrial-rfid-tags\/versatile-rfid-uhf-tag\/#primaryimage\",\"url\":\"https:\/\/huayuansh.com\/wp-content\/uploads\/2024\/08\/HUAYUAN-Versatile-RFID-UHF-Tags.webp\",\"contentUrl\":\"https:\/\/huayuansh.com\/wp-content\/uploads\/2024\/08\/HUAYUAN-Versatile-RFID-UHF-Tags.webp\",\"width\":1920,\"height\":1080},{\"@type\":\"BreadcrumbList\",\"@id\":\"https:\/\/huayuansh.com\/products\/industrial-rfid-tags\/versatile-rfid-uhf-tag\/#breadcrumb\",\"itemListElement\":[{\"@type\":\"ListItem\",\"position\":1,\"name\":\"Home\",\"item\":\"https:\/\/huayuansh.com\/\"},{\"@type\":\"ListItem\",\"position\":2,\"name\":\"RFID Products\",\"item\":\"https:\/\/huayuansh.com\/products\/\"},{\"@type\":\"ListItem\",\"position\":3,\"name\":\"Industrial RFID Tags\",\"item\":\"https:\/\/huayuansh.com\/products\/industrial-rfid-tags\/\"},{\"@type\":\"ListItem\",\"position\":4,\"name\":\"Versatile RFID UHF Tag\"}]},{\"@type\":\"WebSite\",\"@id\":\"https:\/\/huayuansh.com\/#website\",\"url\":\"https:\/\/huayuansh.com\/\",\"name\":\"HUAYUAN RFID Tag Manufacturer\",\"description\":\"HUAYUAN RFID Tag Manufacturer\",\"publisher\":{\"@id\":\"https:\/\/huayuansh.com\/#organization\"},\"potentialAction\":[{\"@type\":\"SearchAction\",\"target\":{\"@type\":\"EntryPoint\",\"urlTemplate\":\"https:\/\/huayuansh.com\/?s={search_term_string}\"},\"query-input\":{\"@type\":\"PropertyValueSpecification\",\"valueRequired\":true,\"valueName\":\"search_term_string\"}}],\"inLanguage\":\"it-IT\"},{\"@type\":\"Organization\",\"@id\":\"https:\/\/huayuansh.com\/#organization\",\"name\":\"HUAYUAN RFID Tag Manufacturer\",\"url\":\"https:\/\/huayuansh.com\/\",\"logo\":{\"@type\":\"ImageObject\",\"inLanguage\":\"it-IT\",\"@id\":\"https:\/\/huayuansh.com\/#\/schema\/logo\/image\/\",\"url\":\"https:\/\/huayuansh.com\/wp-content\/uploads\/2024\/09\/cropped-HUAYUAN.webp\",\"contentUrl\":\"https:\/\/huayuansh.com\/wp-content\/uploads\/2024\/09\/cropped-HUAYUAN.webp\",\"width\":895,\"height\":279,\"caption\":\"HUAYUAN RFID Tag Manufacturer\"},\"image\":{\"@id\":\"https:\/\/huayuansh.com\/#\/schema\/logo\/image\/\"}}]}<\/script>\n<!-- \/ Yoast SEO Premium plugin. -->","yoast_head_json":{"title":"Tag RFID UHF versatile | HUAYUAN Tag RFID Fornitore","robots":{"index":"index","follow":"follow","max-snippet":"max-snippet:-1","max-image-preview":"max-image-preview:large","max-video-preview":"max-video-preview:-1"},"canonical":"https:\/\/huayuansh.com\/it\/prodotti\/tag-rfid-industriali\/tag-rfid-uhf-versatile\/","og_locale":"it_IT","og_type":"article","og_title":"Versatile RFID UHF Tag","og_description":"The Versatile RFID UHF Tag is an UHF RAIN RFID tag with outstanding extensive adaptability, cover wide broad band (both FCC and ETSI) and long reading direction, especially tolerability of permittivity of environment. So versatile RFID UHF tag would works properly both attached on metal or non-metal surface in RFID applications. As a cost-effective RFID...","og_url":"https:\/\/huayuansh.com\/it\/prodotti\/tag-rfid-industriali\/tag-rfid-uhf-versatile\/","og_site_name":"HUAYUAN RFID Tag Manufacturer","article_modified_time":"2024-08-08T06:09:48+00:00","og_image":[{"width":1920,"height":1080,"url":"https:\/\/huayuansh.com\/wp-content\/uploads\/2024\/08\/HUAYUAN-Versatile-RFID-UHF-Tags.webp","type":"image\/webp"}],"twitter_card":"summary_large_image","twitter_misc":{"Tempo di lettura stimato":"2 minuti"},"schema":{"@context":"https:\/\/schema.org","@graph":[{"@type":"WebPage","@id":"https:\/\/huayuansh.com\/products\/industrial-rfid-tags\/versatile-rfid-uhf-tag\/","url":"https:\/\/huayuansh.com\/products\/industrial-rfid-tags\/versatile-rfid-uhf-tag\/","name":"Tag RFID UHF versatile | HUAYUAN Tag RFID Fornitore","isPartOf":{"@id":"https:\/\/huayuansh.com\/#website"},"primaryImageOfPage":{"@id":"https:\/\/huayuansh.com\/products\/industrial-rfid-tags\/versatile-rfid-uhf-tag\/#primaryimage"},"image":{"@id":"https:\/\/huayuansh.com\/products\/industrial-rfid-tags\/versatile-rfid-uhf-tag\/#primaryimage"},"thumbnailUrl":"https:\/\/huayuansh.com\/wp-content\/uploads\/2024\/08\/HUAYUAN-Versatile-RFID-UHF-Tags.webp","datePublished":"2024-07-15T05:51:06+00:00","dateModified":"2024-08-08T06:09:48+00:00","breadcrumb":{"@id":"https:\/\/huayuansh.com\/products\/industrial-rfid-tags\/versatile-rfid-uhf-tag\/#breadcrumb"},"inLanguage":"it-IT","potentialAction":[{"@type":"ReadAction","target":["https:\/\/huayuansh.com\/products\/industrial-rfid-tags\/versatile-rfid-uhf-tag\/"]}]},{"@type":"ImageObject","inLanguage":"it-IT","@id":"https:\/\/huayuansh.com\/products\/industrial-rfid-tags\/versatile-rfid-uhf-tag\/#primaryimage","url":"https:\/\/huayuansh.com\/wp-content\/uploads\/2024\/08\/HUAYUAN-Versatile-RFID-UHF-Tags.webp","contentUrl":"https:\/\/huayuansh.com\/wp-content\/uploads\/2024\/08\/HUAYUAN-Versatile-RFID-UHF-Tags.webp","width":1920,"height":1080},{"@type":"BreadcrumbList","@id":"https:\/\/huayuansh.com\/products\/industrial-rfid-tags\/versatile-rfid-uhf-tag\/#breadcrumb","itemListElement":[{"@type":"ListItem","position":1,"name":"Home","item":"https:\/\/huayuansh.com\/"},{"@type":"ListItem","position":2,"name":"RFID Products","item":"https:\/\/huayuansh.com\/products\/"},{"@type":"ListItem","position":3,"name":"Industrial RFID Tags","item":"https:\/\/huayuansh.com\/products\/industrial-rfid-tags\/"},{"@type":"ListItem","position":4,"name":"Versatile RFID UHF Tag"}]},{"@type":"WebSite","@id":"https:\/\/huayuansh.com\/#website","url":"https:\/\/huayuansh.com\/","name":"HUAYUAN Tag RFID Fornitore","description":"HUAYUAN Tag RFID Fornitore","publisher":{"@id":"https:\/\/huayuansh.com\/#organization"},"potentialAction":[{"@type":"SearchAction","target":{"@type":"EntryPoint","urlTemplate":"https:\/\/huayuansh.com\/?s={search_term_string}"},"query-input":{"@type":"PropertyValueSpecification","valueRequired":true,"valueName":"search_term_string"}}],"inLanguage":"it-IT"},{"@type":"Organization","@id":"https:\/\/huayuansh.com\/#organization","name":"HUAYUAN Tag RFID Fornitore","url":"https:\/\/huayuansh.com\/","logo":{"@type":"ImageObject","inLanguage":"it-IT","@id":"https:\/\/huayuansh.com\/#\/schema\/logo\/image\/","url":"https:\/\/huayuansh.com\/wp-content\/uploads\/2024\/09\/cropped-HUAYUAN.webp","contentUrl":"https:\/\/huayuansh.com\/wp-content\/uploads\/2024\/09\/cropped-HUAYUAN.webp","width":895,"height":279,"caption":"HUAYUAN RFID Tag Manufacturer"},"image":{"@id":"https:\/\/huayuansh.com\/#\/schema\/logo\/image\/"}}]}},"taxonomy_info":[],"featured_image_src_large":["https:\/\/huayuansh.com\/wp-content\/uploads\/2024\/08\/HUAYUAN-Versatile-RFID-UHF-Tags-1024x576.webp",1024,576,true],"author_info":{"display_name":"HUAYUAN","author_link":"https:\/\/huayuansh.com\/it\/author\/shyec2024\/"},"comment_info":0,"_links":{"self":[{"href":"https:\/\/huayuansh.com\/it\/wp-json\/wp\/v2\/pages\/3386","targetHints":{"allow":["GET"]}}],"collection":[{"href":"https:\/\/huayuansh.com\/it\/wp-json\/wp\/v2\/pages"}],"about":[{"href":"https:\/\/huayuansh.com\/it\/wp-json\/wp\/v2\/types\/page"}],"author":[{"embeddable":true,"href":"https:\/\/huayuansh.com\/it\/wp-json\/wp\/v2\/users\/1"}],"replies":[{"embeddable":true,"href":"https:\/\/huayuansh.com\/it\/wp-json\/wp\/v2\/comments?post=3386"}],"version-history":[{"count":3,"href":"https:\/\/huayuansh.com\/it\/wp-json\/wp\/v2\/pages\/3386\/revisions"}],"predecessor-version":[{"id":3610,"href":"https:\/\/huayuansh.com\/it\/wp-json\/wp\/v2\/pages\/3386\/revisions\/3610"}],"up":[{"embeddable":true,"href":"https:\/\/huayuansh.com\/it\/wp-json\/wp\/v2\/pages\/854"}],"wp:featuredmedia":[{"embeddable":true,"href":"https:\/\/huayuansh.com\/it\/wp-json\/wp\/v2\/media\/3609"}],"wp:attachment":[{"href":"https:\/\/huayuansh.com\/it\/wp-json\/wp\/v2\/media?parent=3386"}],"curies":[{"name":"wp","href":"https:\/\/api.w.org\/{rel}","templated":true}]}}