{"id":3398,"date":"2024-07-15T14:24:18","date_gmt":"2024-07-15T06:24:18","guid":{"rendered":"https:\/\/huayuansh.com\/?page_id=3398"},"modified":"2025-04-27T09:47:57","modified_gmt":"2025-04-27T01:47:57","slug":"bottone-rfid-lavanderia-hlb","status":"publish","type":"page","link":"https:\/\/huayuansh.com\/it\/prodotti\/etichette-lavanderia-rfid\/bottone-rfid-lavanderia-hlb\/","title":{"rendered":"HLB Pulsante RFID per lavanderia"},"content":{"rendered":"<p>Il pulsante della lavanderia RFID, noto anche come etichetta della lavanderia PPS RFID, \u00e8 stato appositamente progettato per le applicazioni che richiedono un'etichetta robusta in grado di resistere ad ambienti di lavoro difficili. Attualmente, sul mercato viene utilizzata la maggior parte dei transponder per lavanderia UHF, ma alcune scene richiedono anche l'utilizzo di etichette per lavanderia NFC che supportano le applicazioni dei telefoni cellulari. I transponder per lavanderia RFID a bottone sono in grado di soddisfare perfettamente le esigenze di cui sopra e sono ampiamente utilizzati per l'identificazione e la tracciabilit\u00e0 della biancheria industriale e dei tessuti in alberghi, ospedali e noleggi di biancheria.<\/p>\n\n\n\n<p>Il bottone industriale robusto di serie HLB per il sovrastampaggio RFID\/NFC \u00e8 una selezione di tag industriali RFID\/NFC per il tracciamento e la rintracciabilit\u00e0 del ciclo di vita dei prodotti tessili, presente nella categoria dei prodotti di HUAYUAN dal 2006. \u00c8 la struttura RFID\/NFC pi\u00f9 durevole con incapsulamento ultra-robusto, dimensioni ridotte, grande resistenza al calore, al detersivo liquido e all'alta pressione in ambienti industriali di lavanderia difficili e garanzia. <strong>200 cicli di lavanderia industriale o 2 anni di lavoro<\/strong>. <\/p>\n\n\n\n<h2 class=\"wp-block-heading\" id=\"h-advantages-at-a-glance-of-nfc-laundry-buttons\">I vantaggi in sintesi dei pulsanti NFC per lavanderia<\/h2>\n\n\n\n<p>L'uso dei pulsanti RFID NFC per la lavanderia offre una serie di vantaggi, tra cui:<\/p>\n\n\n\n<p><strong>1, Gestione accurata dell'inventario<\/strong>: L'uso dei pulsanti RFID NFC per la lavanderia aiuta a ottenere una gestione accurata dell'inventario. I pulsanti possono essere facilmente applicati ai capi di biancheria e possono essere tracciati tramite lettori RFID, che aiutano a identificare i capi e a tenere traccia dell'inventario. In questo modo si elimina la necessit\u00e0 di un conteggio manuale e si riducono le possibilit\u00e0 di errore.<\/p>\n\n\n\n<p><strong>2, efficienza migliorata<\/strong>: I pulsanti di lavanderia RFID NFC contribuiscono a migliorare l'efficienza delle operazioni di lavanderia. L'uso di questi pulsanti elimina la necessit\u00e0 del conteggio manuale, con conseguente risparmio di tempo e riduzione dei costi di manodopera. La tecnologia consente inoltre di gestire l'inventario in tempo reale, aiutando a prendere decisioni informate sul rifornimento e sulla gestione delle scorte.<\/p>\n\n\n\n<p><strong>3, un migliore controllo della qualit\u00e0<\/strong>: L'uso dei bottoni di lavanderia RFID NFC aiuta a ottenere un migliore controllo della qualit\u00e0. La tecnologia fornisce una cronologia dettagliata di ogni capo di biancheria, comprese le informazioni sull'ultimo lavaggio, che aiutano a mantenere gli standard igienici. La tracciabilit\u00e0 aiuta anche a identificare i capi danneggiati, che possono essere rimossi dalla circolazione per mantenere la qualit\u00e0.<\/p>\n\n\n\n<p><strong>4, Accesso mobile<\/strong>: La funzionalit\u00e0 NFC dei pulsanti RFID NFC per lavanderia consente l'accesso mobile. Ci\u00f2 significa che le operazioni di lavanderia possono essere monitorate e gestite con un telefono cellulare, rendendo pi\u00f9 facile il monitoraggio dell'inventario e la gestione delle operazioni a distanza.<\/p>\n\n\n\n<p><strong>5, resistente a temperature e pressioni elevate<\/strong>: I pulsanti RFID NFC per lavanderia sono progettati per resistere a temperature e pressioni elevate, il che li rende ideali per l'uso in ambienti di lavanderia industriali. Ci\u00f2 garantisce che il pulsante non venga danneggiato durante il processo di lavaggio.<\/p>\n\n\n\n<p>Nel complesso, i pulsanti RFID per lavanderia sono soluzioni eccellenti per i sistemi di lavanderia commerciale che richiedono un'accurata tracciabilit\u00e0 e documentazione dell'inventario. Queste tecnologie forniscono un controllo dell'inventario in tempo reale, eliminano il conteggio manuale e semplificano le operazioni di lavanderia, con conseguente maggiore efficienza e risparmio economico.<\/p>\n\n\n\n<h2 class=\"wp-block-heading\" id=\"h-specifications-of-hlb-rfid-laundry-button\">Specifiche di HLB RFID Laundry Button<\/h2>\n\n\n\n<figure class=\"wp-block-table\"><table><tbody><tr><td>Materiale<\/td><td>PPS<\/td><\/tr><tr><td>Dimensione<\/td><td>Dia. 24,5\/15 mm<br>HLB-P24,5 \/ HLB-P15<br>(Sono disponibili taglie su misura)<\/td><\/tr><tr><td>Colore<\/td><td>Nero predefinito; Se altri colori, MOQ \u00e8 10000pcs<\/td><\/tr><tr><td>Grado di protezione IP<\/td><td>IP68<\/td><\/tr><tr><td>Temperatura di esercizio<\/td><td>-30\u00b0C ~ +200\u00b0C<\/td><\/tr><tr><td>Temperatura di picco<\/td><td>160\u00b0C 3h, 220\u00b0C 30min<\/td><\/tr><tr><td>Applicazione<\/td><td>- Applicazione per la lavanderia<br>- Tracciamento della propriet\u00e0<br>- Identificazione dell'articolo<br>- Miglioramento del flusso di processo<\/td><\/tr><tr><td>Stabilit\u00e0 meccanica<\/td><td>Resistenza alla compressione assiale: 1000N<br>Resistenza alla compressione radiale: 500N<\/td><\/tr><tr><td>Resistenza chimica<\/td><td>Prodotti chimici tipici utilizzati nei processi di lavanderia e lavaggio a secco<\/td><\/tr><tr><td>Garanzia sui cicli di lavaggio<\/td><td>200 cicli<\/td><\/tr><tr><td>Chip<\/td><td>LF\/HF<\/td><\/tr><tr><td>Frequenza<\/td><td>125KHz\/13,56MHz<\/td><\/tr><tr><td>Leggi la gamma<\/td><td>LF: 3-10 CM<br>HF: 1-50 CM<\/td><\/tr><\/tbody><\/table><\/figure>\n\n\n\n<h5 class=\"wp-block-heading\" id=\"h-get-in-touch\"><strong>Contattate<\/strong><\/h5>\n\n\n\n<p>Per ulteriori informazioni sulle etichette RFID per lavanderia di Huayuan. Si prega di contattare il nostro team di vendita.<\/p>\n\n\n<style>.wp-block-kadence-advancedbtn.kb-btns3398_28d124-96{gap:var(--global-kb-gap-xs, 0.5rem );justify-content:flex-start;align-items:center;}.kt-btns3398_28d124-96 .kt-button{font-weight:normal;font-style:normal;}.kt-btns3398_28d124-96 .kt-btn-wrap-0{margin-right:5px;}.wp-block-kadence-advancedbtn.kt-btns3398_28d124-96 .kt-btn-wrap-0 .kt-button{color:#555555;border-color:#555555;}.wp-block-kadence-advancedbtn.kt-btns3398_28d124-96 .kt-btn-wrap-0 .kt-button:hover, .wp-block-kadence-advancedbtn.kt-btns3398_28d124-96 .kt-btn-wrap-0 .kt-button:focus{color:#ffffff;border-color:#444444;}.wp-block-kadence-advancedbtn.kt-btns3398_28d124-96 .kt-btn-wrap-0 .kt-button::before{display:none;}.wp-block-kadence-advancedbtn.kt-btns3398_28d124-96 .kt-btn-wrap-0 .kt-button:hover, .wp-block-kadence-advancedbtn.kt-btns3398_28d124-96 .kt-btn-wrap-0 .kt-button:focus{background:#444444;}<\/style>\n<div class=\"wp-block-kadence-advancedbtn kb-buttons-wrap kb-btns3398_28d124-96\"><style>ul.menu .wp-block-kadence-advancedbtn .kb-btn3398_8d4733-50.kb-button{width:initial;}<\/style><a class=\"kb-button kt-button button kb-btn3398_8d4733-50 kt-btn-size-standard kt-btn-width-type-auto kb-btn-global-inherit  kt-btn-has-text-true kt-btn-has-svg-false  wp-block-button__link wp-block-kadence-singlebtn\" href=\"https:\/\/huayuansh.com\/contact-us\/\"><span class=\"kt-btn-inner-text\">Contatto<\/span><\/a><\/div>","protected":false},"excerpt":{"rendered":"<p>Il pulsante della lavanderia RFID, noto anche come etichetta della lavanderia PPS RFID, \u00e8 stato appositamente progettato per le applicazioni che richiedono un'etichetta robusta in grado di resistere ad ambienti di lavoro difficili. Attualmente, sul mercato viene utilizzata la maggior parte dei transponder per lavanderia UHF, ma alcune scene richiedono anche l'utilizzo di etichette per lavanderia NFC che supportano le applicazioni dei telefoni cellulari. Il pulsante RFID...<\/p>","protected":false},"author":1,"featured_media":3689,"parent":1003,"menu_order":0,"comment_status":"closed","ping_status":"closed","template":"","meta":{"_kad_blocks_custom_css":"","_kad_blocks_head_custom_js":"","_kad_blocks_body_custom_js":"","_kad_blocks_footer_custom_js":"","_kadence_starter_templates_imported_post":false,"_kad_post_transparent":"","_kad_post_title":"","_kad_post_layout":"","_kad_post_sidebar_id":"","_kad_post_content_style":"","_kad_post_vertical_padding":"","_kad_post_feature":"","_kad_post_feature_position":"","_kad_post_header":false,"_kad_post_footer":false,"footnotes":""},"class_list":["post-3398","page","type-page","status-publish","has-post-thumbnail","hentry"],"yoast_head":"<!-- This site is optimized with the Yoast SEO Premium plugin v23.0 (Yoast SEO v26.3) - https:\/\/yoast.com\/wordpress\/plugins\/seo\/ -->\n<title>HLB RFID Laundry Button | HUAYUAN RFID Tag Manufacturer<\/title>\n<meta name=\"description\" content=\"HLB RFID laundry button is the most common one of the RFID laundry tags, which is small size and shaped in button, suit for workwears...\" \/>\n<meta name=\"robots\" content=\"index, follow, max-snippet:-1, max-image-preview:large, max-video-preview:-1\" \/>\n<link rel=\"canonical\" href=\"https:\/\/huayuansh.com\/it\/prodotti\/etichette-lavanderia-rfid\/bottone-rfid-lavanderia-hlb\/\" \/>\n<meta property=\"og:locale\" content=\"it_IT\" \/>\n<meta property=\"og:type\" content=\"article\" \/>\n<meta property=\"og:title\" content=\"HLB RFID Laundry Button\" \/>\n<meta property=\"og:description\" content=\"HLB RFID laundry button is the most common one of the RFID laundry tags, which is small size and shaped in button, suit for workwears...\" \/>\n<meta property=\"og:url\" content=\"https:\/\/huayuansh.com\/it\/prodotti\/etichette-lavanderia-rfid\/bottone-rfid-lavanderia-hlb\/\" \/>\n<meta property=\"og:site_name\" content=\"HUAYUAN RFID Tag Manufacturer\" \/>\n<meta property=\"article:modified_time\" content=\"2025-04-27T01:47:57+00:00\" \/>\n<meta property=\"og:image\" content=\"https:\/\/huayuansh.com\/wp-content\/uploads\/2024\/08\/HLB-RFID-Laundry-Button.webp\" \/>\n\t<meta property=\"og:image:width\" content=\"1920\" \/>\n\t<meta property=\"og:image:height\" content=\"1080\" \/>\n\t<meta property=\"og:image:type\" content=\"image\/webp\" \/>\n<meta name=\"twitter:card\" content=\"summary_large_image\" \/>\n<meta name=\"twitter:label1\" content=\"Tempo di lettura stimato\" \/>\n\t<meta name=\"twitter:data1\" content=\"3 minuti\" \/>\n<script type=\"application\/ld+json\" class=\"yoast-schema-graph\">{\"@context\":\"https:\/\/schema.org\",\"@graph\":[{\"@type\":\"WebPage\",\"@id\":\"https:\/\/huayuansh.com\/products\/rfid-laundry-tags\/hlb-rfid-laundry-button\/\",\"url\":\"https:\/\/huayuansh.com\/products\/rfid-laundry-tags\/hlb-rfid-laundry-button\/\",\"name\":\"HLB RFID Laundry Button | HUAYUAN RFID Tag Manufacturer\",\"isPartOf\":{\"@id\":\"https:\/\/huayuansh.com\/#website\"},\"primaryImageOfPage\":{\"@id\":\"https:\/\/huayuansh.com\/products\/rfid-laundry-tags\/hlb-rfid-laundry-button\/#primaryimage\"},\"image\":{\"@id\":\"https:\/\/huayuansh.com\/products\/rfid-laundry-tags\/hlb-rfid-laundry-button\/#primaryimage\"},\"thumbnailUrl\":\"https:\/\/huayuansh.com\/wp-content\/uploads\/2024\/08\/HLB-RFID-Laundry-Button.webp\",\"datePublished\":\"2024-07-15T06:24:18+00:00\",\"dateModified\":\"2025-04-27T01:47:57+00:00\",\"description\":\"HLB RFID laundry button is the most common one of the RFID laundry tags, which is small size and shaped in button, suit for workwears...\",\"breadcrumb\":{\"@id\":\"https:\/\/huayuansh.com\/products\/rfid-laundry-tags\/hlb-rfid-laundry-button\/#breadcrumb\"},\"inLanguage\":\"it-IT\",\"potentialAction\":[{\"@type\":\"ReadAction\",\"target\":[\"https:\/\/huayuansh.com\/products\/rfid-laundry-tags\/hlb-rfid-laundry-button\/\"]}]},{\"@type\":\"ImageObject\",\"inLanguage\":\"it-IT\",\"@id\":\"https:\/\/huayuansh.com\/products\/rfid-laundry-tags\/hlb-rfid-laundry-button\/#primaryimage\",\"url\":\"https:\/\/huayuansh.com\/wp-content\/uploads\/2024\/08\/HLB-RFID-Laundry-Button.webp\",\"contentUrl\":\"https:\/\/huayuansh.com\/wp-content\/uploads\/2024\/08\/HLB-RFID-Laundry-Button.webp\",\"width\":1920,\"height\":1080},{\"@type\":\"BreadcrumbList\",\"@id\":\"https:\/\/huayuansh.com\/products\/rfid-laundry-tags\/hlb-rfid-laundry-button\/#breadcrumb\",\"itemListElement\":[{\"@type\":\"ListItem\",\"position\":1,\"name\":\"Home\",\"item\":\"https:\/\/huayuansh.com\/\"},{\"@type\":\"ListItem\",\"position\":2,\"name\":\"RFID Products\",\"item\":\"https:\/\/huayuansh.com\/products\/\"},{\"@type\":\"ListItem\",\"position\":3,\"name\":\"RFID Laundry Tags\",\"item\":\"https:\/\/huayuansh.com\/products\/rfid-laundry-tags\/\"},{\"@type\":\"ListItem\",\"position\":4,\"name\":\"HLB RFID Laundry Button\"}]},{\"@type\":\"WebSite\",\"@id\":\"https:\/\/huayuansh.com\/#website\",\"url\":\"https:\/\/huayuansh.com\/\",\"name\":\"HUAYUAN RFID Tag Manufacturer\",\"description\":\"HUAYUAN RFID Tag Manufacturer\",\"publisher\":{\"@id\":\"https:\/\/huayuansh.com\/#organization\"},\"potentialAction\":[{\"@type\":\"SearchAction\",\"target\":{\"@type\":\"EntryPoint\",\"urlTemplate\":\"https:\/\/huayuansh.com\/?s={search_term_string}\"},\"query-input\":{\"@type\":\"PropertyValueSpecification\",\"valueRequired\":true,\"valueName\":\"search_term_string\"}}],\"inLanguage\":\"it-IT\"},{\"@type\":\"Organization\",\"@id\":\"https:\/\/huayuansh.com\/#organization\",\"name\":\"HUAYUAN RFID Tag Manufacturer\",\"url\":\"https:\/\/huayuansh.com\/\",\"logo\":{\"@type\":\"ImageObject\",\"inLanguage\":\"it-IT\",\"@id\":\"https:\/\/huayuansh.com\/#\/schema\/logo\/image\/\",\"url\":\"https:\/\/huayuansh.com\/wp-content\/uploads\/2024\/09\/cropped-HUAYUAN.webp\",\"contentUrl\":\"https:\/\/huayuansh.com\/wp-content\/uploads\/2024\/09\/cropped-HUAYUAN.webp\",\"width\":895,\"height\":279,\"caption\":\"HUAYUAN RFID Tag Manufacturer\"},\"image\":{\"@id\":\"https:\/\/huayuansh.com\/#\/schema\/logo\/image\/\"}}]}<\/script>\n<!-- \/ Yoast SEO Premium plugin. -->","yoast_head_json":{"title":"HLB RFID Laundry Button | HUAYUAN Tag RFID Fornitore","description":"Il bottone della lavanderia HLB RFID \u00e8 il pi\u00f9 comune dei tag della lavanderia RFID, di piccole dimensioni e a forma di bottone, adatto agli abiti da lavoro...","robots":{"index":"index","follow":"follow","max-snippet":"max-snippet:-1","max-image-preview":"max-image-preview:large","max-video-preview":"max-video-preview:-1"},"canonical":"https:\/\/huayuansh.com\/it\/prodotti\/etichette-lavanderia-rfid\/bottone-rfid-lavanderia-hlb\/","og_locale":"it_IT","og_type":"article","og_title":"HLB RFID Laundry Button","og_description":"HLB RFID laundry button is the most common one of the RFID laundry tags, which is small size and shaped in button, suit for workwears...","og_url":"https:\/\/huayuansh.com\/it\/prodotti\/etichette-lavanderia-rfid\/bottone-rfid-lavanderia-hlb\/","og_site_name":"HUAYUAN RFID Tag Manufacturer","article_modified_time":"2025-04-27T01:47:57+00:00","og_image":[{"width":1920,"height":1080,"url":"https:\/\/huayuansh.com\/wp-content\/uploads\/2024\/08\/HLB-RFID-Laundry-Button.webp","type":"image\/webp"}],"twitter_card":"summary_large_image","twitter_misc":{"Tempo di lettura stimato":"3 minuti"},"schema":{"@context":"https:\/\/schema.org","@graph":[{"@type":"WebPage","@id":"https:\/\/huayuansh.com\/products\/rfid-laundry-tags\/hlb-rfid-laundry-button\/","url":"https:\/\/huayuansh.com\/products\/rfid-laundry-tags\/hlb-rfid-laundry-button\/","name":"HLB RFID Laundry Button | HUAYUAN Tag RFID Fornitore","isPartOf":{"@id":"https:\/\/huayuansh.com\/#website"},"primaryImageOfPage":{"@id":"https:\/\/huayuansh.com\/products\/rfid-laundry-tags\/hlb-rfid-laundry-button\/#primaryimage"},"image":{"@id":"https:\/\/huayuansh.com\/products\/rfid-laundry-tags\/hlb-rfid-laundry-button\/#primaryimage"},"thumbnailUrl":"https:\/\/huayuansh.com\/wp-content\/uploads\/2024\/08\/HLB-RFID-Laundry-Button.webp","datePublished":"2024-07-15T06:24:18+00:00","dateModified":"2025-04-27T01:47:57+00:00","description":"Il bottone della lavanderia HLB RFID \u00e8 il pi\u00f9 comune dei tag della lavanderia RFID, di piccole dimensioni e a forma di bottone, adatto agli abiti da lavoro...","breadcrumb":{"@id":"https:\/\/huayuansh.com\/products\/rfid-laundry-tags\/hlb-rfid-laundry-button\/#breadcrumb"},"inLanguage":"it-IT","potentialAction":[{"@type":"ReadAction","target":["https:\/\/huayuansh.com\/products\/rfid-laundry-tags\/hlb-rfid-laundry-button\/"]}]},{"@type":"ImageObject","inLanguage":"it-IT","@id":"https:\/\/huayuansh.com\/products\/rfid-laundry-tags\/hlb-rfid-laundry-button\/#primaryimage","url":"https:\/\/huayuansh.com\/wp-content\/uploads\/2024\/08\/HLB-RFID-Laundry-Button.webp","contentUrl":"https:\/\/huayuansh.com\/wp-content\/uploads\/2024\/08\/HLB-RFID-Laundry-Button.webp","width":1920,"height":1080},{"@type":"BreadcrumbList","@id":"https:\/\/huayuansh.com\/products\/rfid-laundry-tags\/hlb-rfid-laundry-button\/#breadcrumb","itemListElement":[{"@type":"ListItem","position":1,"name":"Home","item":"https:\/\/huayuansh.com\/"},{"@type":"ListItem","position":2,"name":"RFID Products","item":"https:\/\/huayuansh.com\/products\/"},{"@type":"ListItem","position":3,"name":"RFID Laundry Tags","item":"https:\/\/huayuansh.com\/products\/rfid-laundry-tags\/"},{"@type":"ListItem","position":4,"name":"HLB RFID Laundry Button"}]},{"@type":"WebSite","@id":"https:\/\/huayuansh.com\/#website","url":"https:\/\/huayuansh.com\/","name":"HUAYUAN Tag RFID Fornitore","description":"HUAYUAN Tag RFID Fornitore","publisher":{"@id":"https:\/\/huayuansh.com\/#organization"},"potentialAction":[{"@type":"SearchAction","target":{"@type":"EntryPoint","urlTemplate":"https:\/\/huayuansh.com\/?s={search_term_string}"},"query-input":{"@type":"PropertyValueSpecification","valueRequired":true,"valueName":"search_term_string"}}],"inLanguage":"it-IT"},{"@type":"Organization","@id":"https:\/\/huayuansh.com\/#organization","name":"HUAYUAN Tag RFID Fornitore","url":"https:\/\/huayuansh.com\/","logo":{"@type":"ImageObject","inLanguage":"it-IT","@id":"https:\/\/huayuansh.com\/#\/schema\/logo\/image\/","url":"https:\/\/huayuansh.com\/wp-content\/uploads\/2024\/09\/cropped-HUAYUAN.webp","contentUrl":"https:\/\/huayuansh.com\/wp-content\/uploads\/2024\/09\/cropped-HUAYUAN.webp","width":895,"height":279,"caption":"HUAYUAN RFID Tag Manufacturer"},"image":{"@id":"https:\/\/huayuansh.com\/#\/schema\/logo\/image\/"}}]}},"taxonomy_info":[],"featured_image_src_large":["https:\/\/huayuansh.com\/wp-content\/uploads\/2024\/08\/HLB-RFID-Laundry-Button-1024x576.webp",1024,576,true],"author_info":{"display_name":"HUAYUAN","author_link":"https:\/\/huayuansh.com\/it\/author\/shyec2024\/"},"comment_info":0,"_links":{"self":[{"href":"https:\/\/huayuansh.com\/it\/wp-json\/wp\/v2\/pages\/3398","targetHints":{"allow":["GET"]}}],"collection":[{"href":"https:\/\/huayuansh.com\/it\/wp-json\/wp\/v2\/pages"}],"about":[{"href":"https:\/\/huayuansh.com\/it\/wp-json\/wp\/v2\/types\/page"}],"author":[{"embeddable":true,"href":"https:\/\/huayuansh.com\/it\/wp-json\/wp\/v2\/users\/1"}],"replies":[{"embeddable":true,"href":"https:\/\/huayuansh.com\/it\/wp-json\/wp\/v2\/comments?post=3398"}],"version-history":[{"count":4,"href":"https:\/\/huayuansh.com\/it\/wp-json\/wp\/v2\/pages\/3398\/revisions"}],"predecessor-version":[{"id":4157,"href":"https:\/\/huayuansh.com\/it\/wp-json\/wp\/v2\/pages\/3398\/revisions\/4157"}],"up":[{"embeddable":true,"href":"https:\/\/huayuansh.com\/it\/wp-json\/wp\/v2\/pages\/1003"}],"wp:featuredmedia":[{"embeddable":true,"href":"https:\/\/huayuansh.com\/it\/wp-json\/wp\/v2\/media\/3689"}],"wp:attachment":[{"href":"https:\/\/huayuansh.com\/it\/wp-json\/wp\/v2\/media?parent=3398"}],"curies":[{"name":"wp","href":"https:\/\/api.w.org\/{rel}","templated":true}]}}