{"id":4119,"date":"2025-03-03T15:47:10","date_gmt":"2025-03-03T07:47:10","guid":{"rendered":"https:\/\/huayuansh.com\/?page_id=4119"},"modified":"2025-03-06T09:11:57","modified_gmt":"2025-03-06T01:11:57","slug":"tag-micro-cube-uhf-tmc","status":"publish","type":"page","link":"https:\/\/huayuansh.com\/it\/prodotti\/tag-rfid-industriali\/tag-micro-cube-uhf-tmc\/","title":{"rendered":"Tag microcubo UHF TMC"},"content":{"rendered":"<p>Il tag TMC UHF Micro Cube \u00e8 progettato per operare in ambienti estremi e difficili, offrendo soluzioni RFID altamente affidabili e versatili. Incapsulato in un involucro di resina di alta qualit\u00e0, questo robusto micro tag \u00e8 ideale per le applicazioni in cui i tag RFID tradizionali non sono in grado di resistere alle condizioni pi\u00f9 difficili. Grazie alla sua capacit\u00e0 di integrarsi perfettamente nelle applicazioni industriali e mediche, il tag microcubo RFID di TMC \u00e8 una scelta comprovata per la tracciabilit\u00e0 delle risorse, la gestione dell'inventario e il monitoraggio delle apparecchiature.<\/p>\n\n\n\n<h2 class=\"wp-block-heading\" id=\"h-key-features\"><strong>Caratteristiche principali<\/strong><\/h2>\n\n\n\n<ul class=\"wp-block-list\">\n<li><strong>Design compatto e robusto<\/strong>: Il tag microcubo \u00e8 alloggiato in un involucro di resina durevole che offre un'elevata resistenza agli urti meccanici, alle sostanze chimiche e ai liquidi.<\/li>\n\n\n\n<li><strong>Intervallo di lettura versatile<\/strong>: Funziona in modalit\u00e0 RFID near-field per la lettura a brevissimo raggio (millimetri) e pu\u00f2 anche essere integrato in sistemi di antenne esterne per un raggio di lettura fino a 10 metri.<\/li>\n\n\n\n<li><strong>Ampia compatibilit\u00e0<\/strong>: Completamente compatibile con un'ampia gamma di lettori e sistemi RFID UHF, garantisce un'integrazione senza problemi nell'infrastruttura esistente.<\/li>\n<\/ul>\n\n\n\n<h2 class=\"wp-block-heading\" id=\"h-specifications-of-tmc-3030\">Specifiche di TMC-3030<\/h2>\n\n\n\n<ul class=\"wp-block-list\">\n<li><strong>Frequenza di lavoro<\/strong>865-928MHz (banda FCC di progettazione esistente)<\/li>\n\n\n\n<li><strong>Standard<\/strong>: Conformit\u00e0 a ISO\/IEC 18000-63 \/ EPC Global Gen2v2<\/li>\n\n\n\n<li><strong>Dimensione<\/strong>: 3,0 mm x 3,0 mm x 1,0 mm<\/li>\n\n\n\n<li><strong>Chip<\/strong>: Impinj M830 \/ M730<\/li>\n\n\n\n<li><strong>Resistenza al calore<\/strong>: Fino a 280\u00b0C per 10 minuti, 160-230\u00b0C per 2 ore<\/li>\n\n\n\n<li><strong>Resistenza alla compressione<\/strong>: 250N<\/li>\n\n\n\n<li><strong>Materiale dell'alloggiamento<\/strong>: Resina di alta qualit\u00e0, epossidica BT<\/li>\n\n\n\n<li><strong>Certificazioni<\/strong>: Conforme a REACH, RoHS<\/li>\n\n\n\n<li><strong>Pacchetto e consegna: <\/strong>L'etichetta pu\u00f2 essere consegnata in pezzi o confezionata su nastro in rotolo.<\/li>\n\n\n\n<li><strong>Prestazioni di lettura di riferimento<\/strong><\/li>\n<\/ul>\n\n\n\n<figure class=\"wp-block-image size-full\"><img loading=\"lazy\" decoding=\"async\" width=\"517\" height=\"227\" src=\"https:\/\/huayuansh.com\/wp-content\/uploads\/2025\/03\/Reading-performance-of-TMC-3030-M830.webp\" alt=\"Prestazioni di lettura di TMC-3030 M830\" class=\"wp-image-4121\" srcset=\"https:\/\/huayuansh.com\/wp-content\/uploads\/2025\/03\/Reading-performance-of-TMC-3030-M830.webp 517w, https:\/\/huayuansh.com\/wp-content\/uploads\/2025\/03\/Reading-performance-of-TMC-3030-M830-300x132.webp 300w\" sizes=\"auto, (max-width: 517px) 100vw, 517px\" \/><\/figure>\n\n\n\n<h2 class=\"wp-block-heading\" id=\"h-applications\">Applicazioni<\/h2>\n\n\n\n<p>Il tag microcubo RFID di TMC \u00e8 versatile e pu\u00f2 essere utilizzato in diversi settori e applicazioni, tra cui:<\/p>\n\n\n\n<ul class=\"wp-block-list\">\n<li><strong>Tracciamento del ciclo di vita dei tessuti<\/strong>: L'etichetta microcubo \u00e8 un componente essenziale delle etichette di lino RFID utilizzate nel settore della sicurezza alimentare. <a href=\"https:\/\/huayuansh.com\/industry-segments\/rfid-laundry-chain\/\">Tracciabilit\u00e0 e gestione dei prodotti tessili<\/a>. Dalla produzione alla gestione dell'inventario, fino alla pulizia e allo smaltimento, il tag consente di monitorare con precisione l'intero ciclo di vita di prodotti tessili quali biancheria ospedaliera, uniformi alberghiere e abbigliamento da lavoro industriale. La capacit\u00e0 di resistere a lavaggi frequenti e ad alte temperature garantisce prestazioni di lunga durata, ottimizzando la gestione dei tessuti e riducendo i costi operativi.<\/li>\n\n\n\n<li><strong>Occhiali e accessori<\/strong>: Con le sue dimensioni ultracompatte, il micro tag cube \u00e8 ideale per <strong><a href=\"https:\/\/huayuansh.com\/rfid-case-study-ultra-small-rfid-tag-for-eyeglass-frames\/\">montature per occhiali<\/a><\/strong> e altri accessori di alto valore. Rappresenta una soluzione discreta ed efficiente per il monitoraggio dell'inventario o la gestione dei resi in ambienti di vendita al dettaglio.<\/li>\n\n\n\n<li><strong>Apparecchiature mediche<\/strong>: Compatto e robusto, il tag microcubo \u00e8 adatto a strumenti medici, attrezzi chirurgici e processi di sterilizzazione delle apparecchiature. La sua resistenza alle alte temperature e ai prodotti chimici per la pulizia garantisce prestazioni affidabili a lungo termine nelle applicazioni sanitarie.<\/li>\n<\/ul>\n\n\n\n<h3 class=\"wp-block-heading\" id=\"h-get-in-touch\"><strong>Entrare in contatto<\/strong><\/h3>\n\n\n\n<p>Il tag microcubo RFID UHF di TMC \u00e8 uno strumento potente per la tracciabilit\u00e0 dei beni e la gestione dell'inventario in ambienti difficili. La sua versatilit\u00e0, la sua durata e le sue capacit\u00e0 di integrazione senza soluzione di continuit\u00e0 lo rendono la scelta migliore in una variet\u00e0 di settori, garantendo una maggiore efficienza e precisione operativa. Che sia incorporato in parti industriali, apparecchiature mediche o tessili, il tag RFID della serie TMC di HUAYUAN offre risultati comprovati anche nelle condizioni pi\u00f9 difficili.<\/p>\n\n\n<style>.wp-block-kadence-advancedbtn.kb-btns4119_197205-d3{gap:var(--global-kb-gap-xs, 0.5rem );justify-content:flex-start;align-items:center;}.kt-btns4119_197205-d3 .kt-button{font-weight:normal;font-style:normal;}.kt-btns4119_197205-d3 .kt-btn-wrap-0{margin-right:5px;}.wp-block-kadence-advancedbtn.kt-btns4119_197205-d3 .kt-btn-wrap-0 .kt-button{color:#555555;border-color:#555555;}.wp-block-kadence-advancedbtn.kt-btns4119_197205-d3 .kt-btn-wrap-0 .kt-button:hover, .wp-block-kadence-advancedbtn.kt-btns4119_197205-d3 .kt-btn-wrap-0 .kt-button:focus{color:#ffffff;border-color:#444444;}.wp-block-kadence-advancedbtn.kt-btns4119_197205-d3 .kt-btn-wrap-0 .kt-button::before{display:none;}.wp-block-kadence-advancedbtn.kt-btns4119_197205-d3 .kt-btn-wrap-0 .kt-button:hover, .wp-block-kadence-advancedbtn.kt-btns4119_197205-d3 .kt-btn-wrap-0 .kt-button:focus{background:#444444;}<\/style>\n<div class=\"wp-block-kadence-advancedbtn kb-buttons-wrap kb-btns4119_197205-d3\"><style>ul.menu .wp-block-kadence-advancedbtn .kb-btn4119_eca6e7-66.kb-button{width:initial;}<\/style><a class=\"kb-button kt-button button kb-btn4119_eca6e7-66 kt-btn-size-standard kt-btn-width-type-auto kb-btn-global-inherit  kt-btn-has-text-true kt-btn-has-svg-false  wp-block-button__link wp-block-kadence-singlebtn\" href=\"https:\/\/huayuansh.com\/contact-us\/\"><span class=\"kt-btn-inner-text\">Contatto<\/span><\/a><\/div>","protected":false},"excerpt":{"rendered":"<p>Il tag TMC UHF Micro Cube \u00e8 progettato per operare in ambienti estremi e difficili, offrendo soluzioni RFID altamente affidabili e versatili. Incapsulato in un involucro di resina di alta qualit\u00e0, questo robusto micro tag \u00e8 ideale per le applicazioni in cui i tag RFID tradizionali non sono in grado di resistere a condizioni difficili. Grazie alla sua capacit\u00e0 di integrarsi perfettamente in ambienti industriali e...<\/p>","protected":false},"author":1,"featured_media":4132,"parent":854,"menu_order":0,"comment_status":"closed","ping_status":"closed","template":"","meta":{"_kad_blocks_custom_css":"","_kad_blocks_head_custom_js":"","_kad_blocks_body_custom_js":"","_kad_blocks_footer_custom_js":"","_kadence_starter_templates_imported_post":false,"_kad_post_transparent":"","_kad_post_title":"","_kad_post_layout":"","_kad_post_sidebar_id":"","_kad_post_content_style":"","_kad_post_vertical_padding":"","_kad_post_feature":"","_kad_post_feature_position":"","_kad_post_header":false,"_kad_post_footer":false,"footnotes":""},"class_list":["post-4119","page","type-page","status-publish","has-post-thumbnail","hentry"],"yoast_head":"<!-- This site is optimized with the Yoast SEO Premium plugin v23.0 (Yoast SEO v26.3) - https:\/\/yoast.com\/wordpress\/plugins\/seo\/ -->\n<title>TMC UHF Micro Cube Tag | HUAYUAN RFID Tag Manufacturer<\/title>\n<meta name=\"description\" content=\"Discover the durable TMC UHF RFID Micro Cube Tag, ideal for asset tracking, industrial, and medical applications.\" \/>\n<meta name=\"robots\" content=\"index, follow, max-snippet:-1, max-image-preview:large, max-video-preview:-1\" \/>\n<link rel=\"canonical\" href=\"https:\/\/huayuansh.com\/it\/prodotti\/tag-rfid-industriali\/tag-micro-cube-uhf-tmc\/\" \/>\n<meta property=\"og:locale\" content=\"it_IT\" \/>\n<meta property=\"og:type\" content=\"article\" \/>\n<meta property=\"og:title\" content=\"TMC UHF Micro Cube Tag\" \/>\n<meta property=\"og:description\" content=\"Discover the durable TMC UHF RFID Micro Cube Tag, ideal for asset tracking, industrial, and medical applications.\" \/>\n<meta property=\"og:url\" content=\"https:\/\/huayuansh.com\/it\/prodotti\/tag-rfid-industriali\/tag-micro-cube-uhf-tmc\/\" \/>\n<meta property=\"og:site_name\" content=\"HUAYUAN RFID Tag Manufacturer\" \/>\n<meta property=\"article:modified_time\" content=\"2025-03-06T01:11:57+00:00\" \/>\n<meta property=\"og:image\" content=\"https:\/\/huayuansh.com\/wp-content\/uploads\/2025\/03\/TMC-UHF-RFID-Micro-Cube-Tags.webp\" \/>\n\t<meta property=\"og:image:width\" content=\"1920\" \/>\n\t<meta property=\"og:image:height\" content=\"1080\" \/>\n\t<meta property=\"og:image:type\" content=\"image\/webp\" \/>\n<meta name=\"twitter:card\" content=\"summary_large_image\" \/>\n<meta name=\"twitter:label1\" content=\"Tempo di lettura stimato\" \/>\n\t<meta name=\"twitter:data1\" content=\"3 minuti\" \/>\n<script type=\"application\/ld+json\" class=\"yoast-schema-graph\">{\"@context\":\"https:\/\/schema.org\",\"@graph\":[{\"@type\":\"WebPage\",\"@id\":\"https:\/\/huayuansh.com\/products\/industrial-rfid-tags\/tmc-uhf-micro-cube-tag\/\",\"url\":\"https:\/\/huayuansh.com\/products\/industrial-rfid-tags\/tmc-uhf-micro-cube-tag\/\",\"name\":\"TMC UHF Micro Cube Tag | HUAYUAN RFID Tag Manufacturer\",\"isPartOf\":{\"@id\":\"https:\/\/huayuansh.com\/#website\"},\"primaryImageOfPage\":{\"@id\":\"https:\/\/huayuansh.com\/products\/industrial-rfid-tags\/tmc-uhf-micro-cube-tag\/#primaryimage\"},\"image\":{\"@id\":\"https:\/\/huayuansh.com\/products\/industrial-rfid-tags\/tmc-uhf-micro-cube-tag\/#primaryimage\"},\"thumbnailUrl\":\"https:\/\/huayuansh.com\/wp-content\/uploads\/2025\/03\/TMC-UHF-RFID-Micro-Cube-Tags.webp\",\"datePublished\":\"2025-03-03T07:47:10+00:00\",\"dateModified\":\"2025-03-06T01:11:57+00:00\",\"description\":\"Discover the durable TMC UHF RFID Micro Cube Tag, ideal for asset tracking, industrial, and medical applications.\",\"breadcrumb\":{\"@id\":\"https:\/\/huayuansh.com\/products\/industrial-rfid-tags\/tmc-uhf-micro-cube-tag\/#breadcrumb\"},\"inLanguage\":\"it-IT\",\"potentialAction\":[{\"@type\":\"ReadAction\",\"target\":[\"https:\/\/huayuansh.com\/products\/industrial-rfid-tags\/tmc-uhf-micro-cube-tag\/\"]}]},{\"@type\":\"ImageObject\",\"inLanguage\":\"it-IT\",\"@id\":\"https:\/\/huayuansh.com\/products\/industrial-rfid-tags\/tmc-uhf-micro-cube-tag\/#primaryimage\",\"url\":\"https:\/\/huayuansh.com\/wp-content\/uploads\/2025\/03\/TMC-UHF-RFID-Micro-Cube-Tags.webp\",\"contentUrl\":\"https:\/\/huayuansh.com\/wp-content\/uploads\/2025\/03\/TMC-UHF-RFID-Micro-Cube-Tags.webp\",\"width\":1920,\"height\":1080,\"caption\":\"TMC UHF RFID Micro Cube Tags\"},{\"@type\":\"BreadcrumbList\",\"@id\":\"https:\/\/huayuansh.com\/products\/industrial-rfid-tags\/tmc-uhf-micro-cube-tag\/#breadcrumb\",\"itemListElement\":[{\"@type\":\"ListItem\",\"position\":1,\"name\":\"Home\",\"item\":\"https:\/\/huayuansh.com\/\"},{\"@type\":\"ListItem\",\"position\":2,\"name\":\"RFID Products\",\"item\":\"https:\/\/huayuansh.com\/products\/\"},{\"@type\":\"ListItem\",\"position\":3,\"name\":\"Industrial RFID Tags\",\"item\":\"https:\/\/huayuansh.com\/products\/industrial-rfid-tags\/\"},{\"@type\":\"ListItem\",\"position\":4,\"name\":\"TMC UHF Micro Cube Tag\"}]},{\"@type\":\"WebSite\",\"@id\":\"https:\/\/huayuansh.com\/#website\",\"url\":\"https:\/\/huayuansh.com\/\",\"name\":\"HUAYUAN RFID Tag Manufacturer\",\"description\":\"HUAYUAN RFID Tag Manufacturer\",\"publisher\":{\"@id\":\"https:\/\/huayuansh.com\/#organization\"},\"potentialAction\":[{\"@type\":\"SearchAction\",\"target\":{\"@type\":\"EntryPoint\",\"urlTemplate\":\"https:\/\/huayuansh.com\/?s={search_term_string}\"},\"query-input\":{\"@type\":\"PropertyValueSpecification\",\"valueRequired\":true,\"valueName\":\"search_term_string\"}}],\"inLanguage\":\"it-IT\"},{\"@type\":\"Organization\",\"@id\":\"https:\/\/huayuansh.com\/#organization\",\"name\":\"HUAYUAN RFID Tag Manufacturer\",\"url\":\"https:\/\/huayuansh.com\/\",\"logo\":{\"@type\":\"ImageObject\",\"inLanguage\":\"it-IT\",\"@id\":\"https:\/\/huayuansh.com\/#\/schema\/logo\/image\/\",\"url\":\"https:\/\/huayuansh.com\/wp-content\/uploads\/2024\/09\/cropped-HUAYUAN.webp\",\"contentUrl\":\"https:\/\/huayuansh.com\/wp-content\/uploads\/2024\/09\/cropped-HUAYUAN.webp\",\"width\":895,\"height\":279,\"caption\":\"HUAYUAN RFID Tag Manufacturer\"},\"image\":{\"@id\":\"https:\/\/huayuansh.com\/#\/schema\/logo\/image\/\"}}]}<\/script>\n<!-- \/ Yoast SEO Premium plugin. -->","yoast_head_json":{"title":"TMC UHF Micro Cube Tag | HUAYUAN Tag RFID Fornitore","description":"Scoprite il resistente tag microcubo RFID UHF di TMC, ideale per la tracciabilit\u00e0 dei beni, le applicazioni industriali e mediche.","robots":{"index":"index","follow":"follow","max-snippet":"max-snippet:-1","max-image-preview":"max-image-preview:large","max-video-preview":"max-video-preview:-1"},"canonical":"https:\/\/huayuansh.com\/it\/prodotti\/tag-rfid-industriali\/tag-micro-cube-uhf-tmc\/","og_locale":"it_IT","og_type":"article","og_title":"TMC UHF Micro Cube Tag","og_description":"Discover the durable TMC UHF RFID Micro Cube Tag, ideal for asset tracking, industrial, and medical applications.","og_url":"https:\/\/huayuansh.com\/it\/prodotti\/tag-rfid-industriali\/tag-micro-cube-uhf-tmc\/","og_site_name":"HUAYUAN RFID Tag Manufacturer","article_modified_time":"2025-03-06T01:11:57+00:00","og_image":[{"width":1920,"height":1080,"url":"https:\/\/huayuansh.com\/wp-content\/uploads\/2025\/03\/TMC-UHF-RFID-Micro-Cube-Tags.webp","type":"image\/webp"}],"twitter_card":"summary_large_image","twitter_misc":{"Tempo di lettura stimato":"3 minuti"},"schema":{"@context":"https:\/\/schema.org","@graph":[{"@type":"WebPage","@id":"https:\/\/huayuansh.com\/products\/industrial-rfid-tags\/tmc-uhf-micro-cube-tag\/","url":"https:\/\/huayuansh.com\/products\/industrial-rfid-tags\/tmc-uhf-micro-cube-tag\/","name":"TMC UHF Micro Cube Tag | HUAYUAN Tag RFID Fornitore","isPartOf":{"@id":"https:\/\/huayuansh.com\/#website"},"primaryImageOfPage":{"@id":"https:\/\/huayuansh.com\/products\/industrial-rfid-tags\/tmc-uhf-micro-cube-tag\/#primaryimage"},"image":{"@id":"https:\/\/huayuansh.com\/products\/industrial-rfid-tags\/tmc-uhf-micro-cube-tag\/#primaryimage"},"thumbnailUrl":"https:\/\/huayuansh.com\/wp-content\/uploads\/2025\/03\/TMC-UHF-RFID-Micro-Cube-Tags.webp","datePublished":"2025-03-03T07:47:10+00:00","dateModified":"2025-03-06T01:11:57+00:00","description":"Scoprite il resistente tag microcubo RFID UHF di TMC, ideale per la tracciabilit\u00e0 dei beni, le applicazioni industriali e mediche.","breadcrumb":{"@id":"https:\/\/huayuansh.com\/products\/industrial-rfid-tags\/tmc-uhf-micro-cube-tag\/#breadcrumb"},"inLanguage":"it-IT","potentialAction":[{"@type":"ReadAction","target":["https:\/\/huayuansh.com\/products\/industrial-rfid-tags\/tmc-uhf-micro-cube-tag\/"]}]},{"@type":"ImageObject","inLanguage":"it-IT","@id":"https:\/\/huayuansh.com\/products\/industrial-rfid-tags\/tmc-uhf-micro-cube-tag\/#primaryimage","url":"https:\/\/huayuansh.com\/wp-content\/uploads\/2025\/03\/TMC-UHF-RFID-Micro-Cube-Tags.webp","contentUrl":"https:\/\/huayuansh.com\/wp-content\/uploads\/2025\/03\/TMC-UHF-RFID-Micro-Cube-Tags.webp","width":1920,"height":1080,"caption":"TMC UHF RFID Micro Cube Tags"},{"@type":"BreadcrumbList","@id":"https:\/\/huayuansh.com\/products\/industrial-rfid-tags\/tmc-uhf-micro-cube-tag\/#breadcrumb","itemListElement":[{"@type":"ListItem","position":1,"name":"Home","item":"https:\/\/huayuansh.com\/"},{"@type":"ListItem","position":2,"name":"RFID Products","item":"https:\/\/huayuansh.com\/products\/"},{"@type":"ListItem","position":3,"name":"Industrial RFID Tags","item":"https:\/\/huayuansh.com\/products\/industrial-rfid-tags\/"},{"@type":"ListItem","position":4,"name":"TMC UHF Micro Cube Tag"}]},{"@type":"WebSite","@id":"https:\/\/huayuansh.com\/#website","url":"https:\/\/huayuansh.com\/","name":"HUAYUAN Tag RFID Fornitore","description":"HUAYUAN Tag RFID Fornitore","publisher":{"@id":"https:\/\/huayuansh.com\/#organization"},"potentialAction":[{"@type":"SearchAction","target":{"@type":"EntryPoint","urlTemplate":"https:\/\/huayuansh.com\/?s={search_term_string}"},"query-input":{"@type":"PropertyValueSpecification","valueRequired":true,"valueName":"search_term_string"}}],"inLanguage":"it-IT"},{"@type":"Organization","@id":"https:\/\/huayuansh.com\/#organization","name":"HUAYUAN Tag RFID Fornitore","url":"https:\/\/huayuansh.com\/","logo":{"@type":"ImageObject","inLanguage":"it-IT","@id":"https:\/\/huayuansh.com\/#\/schema\/logo\/image\/","url":"https:\/\/huayuansh.com\/wp-content\/uploads\/2024\/09\/cropped-HUAYUAN.webp","contentUrl":"https:\/\/huayuansh.com\/wp-content\/uploads\/2024\/09\/cropped-HUAYUAN.webp","width":895,"height":279,"caption":"HUAYUAN RFID Tag Manufacturer"},"image":{"@id":"https:\/\/huayuansh.com\/#\/schema\/logo\/image\/"}}]}},"taxonomy_info":[],"featured_image_src_large":["https:\/\/huayuansh.com\/wp-content\/uploads\/2025\/03\/TMC-UHF-RFID-Micro-Cube-Tags-1024x576.webp",1024,576,true],"author_info":{"display_name":"HUAYUAN","author_link":"https:\/\/huayuansh.com\/it\/author\/shyec2024\/"},"comment_info":0,"_links":{"self":[{"href":"https:\/\/huayuansh.com\/it\/wp-json\/wp\/v2\/pages\/4119","targetHints":{"allow":["GET"]}}],"collection":[{"href":"https:\/\/huayuansh.com\/it\/wp-json\/wp\/v2\/pages"}],"about":[{"href":"https:\/\/huayuansh.com\/it\/wp-json\/wp\/v2\/types\/page"}],"author":[{"embeddable":true,"href":"https:\/\/huayuansh.com\/it\/wp-json\/wp\/v2\/users\/1"}],"replies":[{"embeddable":true,"href":"https:\/\/huayuansh.com\/it\/wp-json\/wp\/v2\/comments?post=4119"}],"version-history":[{"count":4,"href":"https:\/\/huayuansh.com\/it\/wp-json\/wp\/v2\/pages\/4119\/revisions"}],"predecessor-version":[{"id":4143,"href":"https:\/\/huayuansh.com\/it\/wp-json\/wp\/v2\/pages\/4119\/revisions\/4143"}],"up":[{"embeddable":true,"href":"https:\/\/huayuansh.com\/it\/wp-json\/wp\/v2\/pages\/854"}],"wp:featuredmedia":[{"embeddable":true,"href":"https:\/\/huayuansh.com\/it\/wp-json\/wp\/v2\/media\/4132"}],"wp:attachment":[{"href":"https:\/\/huayuansh.com\/it\/wp-json\/wp\/v2\/media?parent=4119"}],"curies":[{"name":"wp","href":"https:\/\/api.w.org\/{rel}","templated":true}]}}