{"id":4205,"date":"2025-05-13T14:28:54","date_gmt":"2025-05-13T06:28:54","guid":{"rendered":"https:\/\/huayuansh.com\/?page_id=4205"},"modified":"2025-05-13T14:28:56","modified_gmt":"2025-05-13T06:28:56","slug":"rfid-per-occhiali","status":"publish","type":"page","link":"https:\/\/huayuansh.com\/it\/segmenti-industriali\/rfid-per-occhiali\/","title":{"rendered":"RFID per gli occhiali"},"content":{"rendered":"<p>Il settore dell'occhialeria, noto per la sua grande variet\u00e0 di prodotti e per il rapido turnover, deve affrontare sfide uniche per quanto riguarda il controllo delle scorte, la prevenzione delle perdite e l'efficienza della vendita al dettaglio. La tecnologia di identificazione a radiofrequenza (RFID) offre una soluzione innovativa ed efficace per la gestione dei prodotti dell'occhialeria durante l'intero ciclo di vendita al dettaglio. Dal miglioramento dell'accuratezza dell'inventario alla semplificazione delle operazioni, <strong>RFID<\/strong> sta trasformando il modo di operare dei rivenditori di ottica.<\/p>\n\n\n\n<h2 class=\"wp-block-heading\" id=\"h-rfid-for-eyewear-management\">RFID per la gestione degli occhiali<\/h2>\n\n\n\n<p>I rivenditori di occhiali e le catene di ottica gestiscono migliaia di SKU di montature, occhiali da sole e lenti. I sistemi di inventario tradizionali si affidano in larga misura a processi manuali, che richiedono tempo e sono soggetti a errori. Integrando l'RFID nella gestione degli occhiali, i rivenditori ottengono la capacit\u00e0 di tracciare ogni articolo individualmente e in tempo reale.<\/p>\n\n\n\n<p><strong>Tag RFID<\/strong> attaccati alle montature degli occhiali o alle confezioni, consentono un'identificazione e una tracciabilit\u00e0 senza soluzione di continuit\u00e0. In questo modo \u00e8 possibile accedere istantaneamente ai dati critici dei prodotti, come la posizione, la disponibilit\u00e0 e lo storico delle vendite, senza dover ricorrere alla scansione a vista o al conteggio manuale. In negozio, in magazzino o in transito, ogni prodotto \u00e8 tracciabile, riducendo gli errori di inventario e le inefficienze operative.<\/p>\n\n\n\n<h2 class=\"wp-block-heading\" id=\"h-benefits-of-rfid-technology-in-the-eyewear-industry\"><strong>I vantaggi della tecnologia RFID nel settore dell'occhialeria<\/strong><\/h2>\n\n\n\n<ol start=\"1\" class=\"wp-block-list\">\n<li><strong>Maggiore precisione dell'inventario<\/strong><br>La tecnologia RFID offre un monitoraggio in tempo reale delle scorte, aiutando i rivenditori a mantenere livelli di inventario accurati e a ridurre le differenze inventariali. Supporta l'inventario automatico e previene gli scenari di eccesso e di esaurimento delle scorte.<\/li>\n\n\n\n<li><strong>Miglioramento della prevenzione delle perdite<\/strong><br>Tracciando costantemente la posizione di ogni articolo, la tecnologia RFID contribuisce a ridurre le perdite dovute a furti o smarrimenti. Ci\u00f2 \u00e8 particolarmente prezioso per i prodotti di occhialeria di alto valore o di lusso.<\/li>\n\n\n\n<li><strong>Autenticazione del prodotto<\/strong><br>I tag RFID possono trasportare i dati di autenticazione del prodotto, garantendo la vendita di prodotti autentici e proteggendo i marchi di occhiali di alta gamma dai rischi di contraffazione.<\/li>\n\n\n\n<li><strong>Operazioni di negozio pi\u00f9 rapide<\/strong><br>Con l'RFID, operazioni come il ricevimento delle merci, il controllo dell'inventario e la localizzazione di prodotti specifici possono essere eseguite in pochi minuti anzich\u00e9 in ore, liberando il personale per le attivit\u00e0 incentrate sul cliente.<\/li>\n\n\n\n<li><strong>Migliore esperienza del cliente<\/strong><br>I clienti beneficiano di informazioni pi\u00f9 precise sulle scorte, di tempi di attesa ridotti e di esperienze di vendita al dettaglio interattive, come specchi intelligenti o stazioni di self-checkout che utilizzano la tecnologia RFID.<\/li>\n<\/ol>\n\n\n\n<h2 class=\"wp-block-heading\" id=\"h-huayuan-rfid-tags-for-eyewear\">Etichette RFID per occhiali HUAYUAN<\/h2>\n\n\n\n<p>HUAYUAN offre una gamma versatile di <a href=\"https:\/\/huayuansh.com\/products\/\">Soluzioni di tag RFID<\/a> per le diverse esigenze del settore dell'occhialeria, dalle tradizionali etichette cartacee alle avanzate microetichette RFID.<\/p>\n\n\n\n<div class=\"wp-block-columns are-vertically-aligned-center is-layout-flex wp-container-core-columns-is-layout-9d6595d7 wp-block-columns-is-layout-flex\">\n<div class=\"wp-block-column is-vertically-aligned-center is-layout-flow wp-block-column-is-layout-flow\" style=\"flex-basis:65%\">\n<p><strong>Soluzioni di tag RFID tradizionali per occhiali<\/strong><\/p>\n\n\n\n<p>Per molti rivenditori di occhiali, le classiche etichette RFID rimangono una scelta pratica. HUAYUAN fornisce etichette RFID standard in carta, PET o materiali sintetici che possono essere facilmente attaccate alle confezioni di occhiali o agli accessori. Queste etichette sono ideali per la tracciabilit\u00e0 delle scorte, l'immagazzinamento e la gestione del back-of-house.<\/p>\n\n\n\n<p>Le etichette tradizionali offrono:<\/p>\n\n\n\n<ul class=\"wp-block-list\">\n<li>Controllo dell'inventario efficiente dal punto di vista dei costi per grandi volumi di occhiali<\/li>\n\n\n\n<li>Facilit\u00e0 di applicazione con adesivi o etichette da appendere<\/li>\n<\/ul>\n\n\n\n<p>Queste soluzioni sono adatte a esigenze generali di vendita al dettaglio in cui l'integrazione visiva con il prodotto \u00e8 meno critica.<\/p>\n<\/div>\n\n\n\n<div class=\"wp-block-column is-vertically-aligned-center is-layout-flow wp-block-column-is-layout-flow\" style=\"flex-basis:35%\">\n<figure class=\"wp-block-image\"><img loading=\"lazy\" decoding=\"async\" width=\"600\" height=\"600\" src=\"https:\/\/huayuansh.com\/wp-content\/uploads\/2025\/03\/RFID-Paper-Tag-for-Eyeglass-Frames.webp\" alt=\"Etichetta di carta RFID per montature da vista\" class=\"wp-image-4134\" srcset=\"https:\/\/huayuansh.com\/wp-content\/uploads\/2025\/03\/RFID-Paper-Tag-for-Eyeglass-Frames.webp 600w, https:\/\/huayuansh.com\/wp-content\/uploads\/2025\/03\/RFID-Paper-Tag-for-Eyeglass-Frames-300x300.webp 300w, https:\/\/huayuansh.com\/wp-content\/uploads\/2025\/03\/RFID-Paper-Tag-for-Eyeglass-Frames-150x150.webp 150w\" sizes=\"auto, (max-width: 600px) 100vw, 600px\" \/><\/figure>\n<\/div>\n<\/div>\n\n\n\n<p><strong>Tag RFID avanzati ultra-piccoli per montature di occhiali da vista<\/strong><\/p>\n\n\n\n<p>Per i rivenditori e i marchi che cercano una soluzione pi\u00f9 discreta e integrata, HUAYUAN offre anche una soluzione ultra-piccola. <a href=\"https:\/\/huayuansh.com\/products\/industrial-rfid-tags\/tmc-uhf-micro-cube-tag\/\">Micro tag RFID UHF<\/a> (serie TMC) progettate appositamente per essere inserite nelle montature degli occhiali. Queste etichette sono progettate per ridurre al minimo l'impatto visivo e garantire prestazioni elevate, ideali per montature moderne, di lusso o con spazi limitati.<\/p>\n\n\n\n<p>I vantaggi principali includono:<\/p>\n\n\n\n<ul class=\"wp-block-list\">\n<li>Estremamente compatto e leggero<\/li>\n\n\n\n<li>Incorporati direttamente nei telai per resistere alle manomissioni<\/li>\n\n\n\n<li>Caratteristiche di durata e sicurezza dei dati migliorate<\/li>\n\n\n\n<li>Integrazione perfetta nei flussi di lavoro di produzione o confezionamento<\/li>\n<\/ul>\n\n\n<style>.kt-post-loop4205_65a0c4-5c .kadence-post-image{padding-top:0px;padding-right:30px;padding-bottom:10px;padding-left:0px;}.kt-post-loop4205_65a0c4-5c .kt-feat-image-align-left{grid-template-columns:40% auto;}.kt-post-loop4205_65a0c4-5c .kt-post-grid-wrap{gap:30px 30px;}.kt-post-loop4205_65a0c4-5c .kt-blocks-post-grid-item{border-top-left-radius:0px;border-top-right-radius:0px;border-bottom-right-radius:0px;border-bottom-left-radius:0px;overflow:hidden;}.kt-post-loop4205_65a0c4-5c .kt-blocks-post-grid-item .kt-blocks-post-grid-item-inner{padding-top:0px;padding-right:0px;padding-bottom:0px;padding-left:0px;}.kt-post-loop4205_65a0c4-5c .kt-blocks-post-grid-item .kt-blocks-post-grid-item-inner{text-align:left;}.kt-post-loop4205_65a0c4-5c .kt-blocks-post-grid-item header{padding-top:0px;padding-right:0px;padding-bottom:10px;padding-left:0px;margin-top:0px;margin-right:0px;margin-bottom:0px;margin-left:0px;}.kt-post-loop4205_65a0c4-5c .kt-blocks-post-grid-item .kt-blocks-above-categories{font-size:13px;line-height:20px;text-transform:uppercase;}.kt-post-loop4205_65a0c4-5c .kt-blocks-post-grid-item .entry-title{padding-top:5px;padding-right:0px;padding-bottom:0px;padding-left:0px;margin-top:0px;margin-right:0px;margin-bottom:0px;margin-left:0px;font-size:24px;line-height:30px;}.kt-post-loop4205_65a0c4-5c .entry-content{padding-top:0px;padding-right:0px;padding-bottom:0px;padding-left:0px;margin-top:0px;margin-right:0px;margin-bottom:0px;margin-left:0px;font-size:16px;line-height:28px;}.kt-post-loop4205_65a0c4-5c .kt-blocks-post-footer{border-top-width:0px;border-right-width:0px;border-bottom-width:0px;border-left-width:0px;padding-top:0px;padding-right:0px;padding-bottom:0px;padding-left:0px;margin-top:0px;margin-right:0px;margin-bottom:0px;margin-left:0px;font-size:12px;line-height:20px;text-transform:uppercase;}.kt-post-loop4205_65a0c4-5c .entry-content:after{height:0px;}.kt-post-loop4205_65a0c4-5c .kb-filter-item{border-top-width:0px;border-right-width:0px;border-bottom-width:2px;border-left-width:0px;padding-top:5px;padding-right:8px;padding-bottom:5px;padding-left:8px;margin-top:0px;margin-right:10px;margin-bottom:0px;margin-left:0px;}<\/style><div class=\"wp-block-kadence-postgrid kt-blocks-post-loop-block alignnone kt-post-loop4205_65a0c4-5c kt-post-grid-layout-grid\"><div class=\"kt-post-grid-layout-grid-wrap kt-post-grid-wrap\" data-columns-xxl=\"1\" data-columns-xl=\"1\" data-columns-md=\"1\" data-columns-sm=\"1\" data-columns-xs=\"1\" data-columns-ss=\"1\"data-item-selector=\".kt-post-masonry-item\" aria-label=\"Post Carousel\"><article class=\"kt-blocks-post-grid-item post-4133 post type-post status-publish format-standard has-post-thumbnail hentry category-case-studies tag-eyewear tag-micro-rfid-tags\"><div class=\"kt-blocks-post-grid-item-inner-wrap kt-feat-image-align-left kt-feat-image-mobile-align-top\"><div class=\"kadence-post-image\"><div class=\"kadence-post-image-intrisic kt-image-ratio-56-25\" style=\"padding-bottom:56.25%;\"><div class=\"kadence-post-image-inner-intrisic\"><a aria-hidden=\"true\" tabindex=\"-1\" role=\"presentation\" href=\"https:\/\/huayuansh.com\/it\/caso-di-studio-rfid-tag-rfid-ultra-piccolo-per-montature-di-occhiali\/\" aria-label=\"Caso di studio RFID: Tag RFID ultra piccolo per montature da occhiali\" class=\"kadence-post-image-inner-wrap\"><img loading=\"lazy\" decoding=\"async\" width=\"1024\" height=\"576\" src=\"https:\/\/huayuansh.com\/wp-content\/uploads\/2025\/03\/RFID-Case-Study-Ultra-Small-RFID-Tag-for-Eyeglass-Frames-1024x576.webp\" class=\"attachment-large size-large wp-post-image\" alt=\"Caso di studio RFID Tag RFID ultra piccolo per montature di occhiali da vista\" srcset=\"https:\/\/huayuansh.com\/wp-content\/uploads\/2025\/03\/RFID-Case-Study-Ultra-Small-RFID-Tag-for-Eyeglass-Frames-1024x576.webp 1024w, https:\/\/huayuansh.com\/wp-content\/uploads\/2025\/03\/RFID-Case-Study-Ultra-Small-RFID-Tag-for-Eyeglass-Frames-300x169.webp 300w, https:\/\/huayuansh.com\/wp-content\/uploads\/2025\/03\/RFID-Case-Study-Ultra-Small-RFID-Tag-for-Eyeglass-Frames-768x432.webp 768w, https:\/\/huayuansh.com\/wp-content\/uploads\/2025\/03\/RFID-Case-Study-Ultra-Small-RFID-Tag-for-Eyeglass-Frames-1536x864.webp 1536w, https:\/\/huayuansh.com\/wp-content\/uploads\/2025\/03\/RFID-Case-Study-Ultra-Small-RFID-Tag-for-Eyeglass-Frames.webp 1920w\" sizes=\"auto, (max-width: 1024px) 100vw, 1024px\" \/><\/a><\/div><\/div><\/div><div class=\"kt-blocks-post-grid-item-inner\"><header><h2 class=\"entry-title\"><a href=\"https:\/\/huayuansh.com\/it\/caso-di-studio-rfid-tag-rfid-ultra-piccolo-per-montature-di-occhiali\/\">Caso di studio RFID: Tag RFID ultra piccolo per montature da occhiali<\/a><\/h2><div class=\"kt-blocks-post-top-meta\"><\/div><\/header><div class=\"entry-content\">I tag RFID per le montature di occhiali sono emersi come uno strumento fondamentale, che offre un modo semplice per tracciare e gestire i prodotti ottici. HUAYUAN, produttore professionale di tag RFID passivi, dispone di tag RFID ultra piccoli ideali per la gestione delle montature degli occhiali. Questo caso di studio esplora il modo in cui questi tag innovativi affrontano le principali sfide operative, mantenendo l'integrit\u00e0 estetica dei moderni modelli di occhiali. Integrandosi perfettamente nelle montature, la soluzione di HUAYUAN offre un modo pratico ed efficace per migliorare la gestione dell'inventario e l'esperienza complessiva del cliente. Le sfide dell'industria dell'occhialeria L'industria dell'occhialeria deve affrontare diverse sfide che evidenziano la necessit\u00e0 dell'RFID per...<\/div><footer class=\"kt-blocks-post-footer\"><div class=\"kt-blocks-post-footer-left\"><\/div><div class=\"kt-blocks-post-footer-right\"><\/div><\/footer><\/div><\/div><\/article><\/div><\/div><!-- .wp-block-kadence-postgrid -->\n\n\n<h3 class=\"wp-block-heading\" id=\"h-get-in-touch\"><strong>Contattateci<\/strong><\/h3>\n\n\n\n<p>Se la vostra priorit\u00e0 \u00e8 l'efficienza dei costi, la durata, l'integrazione del design o la protezione del marchio, HUAYUAN ha la soluzione RFID adatta a voi. Il nostro team di esperti vi aiuter\u00e0 a scegliere e personalizzare il tag giusto, tradizionale o incorporato, per adattarlo alla vostra applicazione, ai vostri obiettivi operativi e all'immagine del vostro marchio.<\/p>\n\n\n<style>.wp-block-kadence-advancedbtn.kb-btns4205_5cf21c-ef{gap:var(--global-kb-gap-xs, 0.5rem );justify-content:flex-start;align-items:center;}.kt-btns4205_5cf21c-ef .kt-button{font-weight:normal;font-style:normal;}.kt-btns4205_5cf21c-ef .kt-btn-wrap-0{margin-right:5px;}.wp-block-kadence-advancedbtn.kt-btns4205_5cf21c-ef .kt-btn-wrap-0 .kt-button{color:#555555;border-color:#555555;}.wp-block-kadence-advancedbtn.kt-btns4205_5cf21c-ef .kt-btn-wrap-0 .kt-button:hover, .wp-block-kadence-advancedbtn.kt-btns4205_5cf21c-ef .kt-btn-wrap-0 .kt-button:focus{color:#ffffff;border-color:#444444;}.wp-block-kadence-advancedbtn.kt-btns4205_5cf21c-ef .kt-btn-wrap-0 .kt-button::before{display:none;}.wp-block-kadence-advancedbtn.kt-btns4205_5cf21c-ef .kt-btn-wrap-0 .kt-button:hover, .wp-block-kadence-advancedbtn.kt-btns4205_5cf21c-ef .kt-btn-wrap-0 .kt-button:focus{background:#444444;}<\/style>\n<div class=\"wp-block-kadence-advancedbtn kb-buttons-wrap kb-btns4205_5cf21c-ef\"><style>.wp-block-kadence-advancedbtn .kb-btn4205_7beb95-25.kb-button, ul.menu .wp-block-kadence-advancedbtn .kb-btn4205_7beb95-25.kb-button{width:200px;}<\/style><a class=\"kb-button kt-button button kb-btn4205_7beb95-25 kt-btn-size-small kt-btn-width-type-fixed kb-btn-global-inherit  kt-btn-has-text-true kt-btn-has-svg-false  wp-block-button__link wp-block-kadence-singlebtn\" href=\"https:\/\/huayuansh.com\/contact-us\/\"><span class=\"kt-btn-inner-text\">Contatto<\/span><\/a><\/div>\n\n\n\n<p><\/p>","protected":false},"excerpt":{"rendered":"<p>The eyewear industry, known for its vast product variety and rapid turnover, faces unique challenges in inventory control, loss prevention, and retail efficiency. Radio Frequency&#8230;<\/p>","protected":false},"author":1,"featured_media":4206,"parent":731,"menu_order":0,"comment_status":"closed","ping_status":"closed","template":"","meta":{"_kad_blocks_custom_css":"","_kad_blocks_head_custom_js":"","_kad_blocks_body_custom_js":"","_kad_blocks_footer_custom_js":"","_kadence_starter_templates_imported_post":false,"_kad_post_transparent":"","_kad_post_title":"","_kad_post_layout":"","_kad_post_sidebar_id":"","_kad_post_content_style":"","_kad_post_vertical_padding":"","_kad_post_feature":"","_kad_post_feature_position":"","_kad_post_header":false,"_kad_post_footer":false,"footnotes":""},"class_list":["post-4205","page","type-page","status-publish","has-post-thumbnail","hentry"],"yoast_head":"<!-- This site is optimized with the Yoast SEO Premium plugin v23.0 (Yoast SEO v26.3) - https:\/\/yoast.com\/wordpress\/plugins\/seo\/ -->\n<title>RFID for Eyewear | HUAYUAN RFID Tag Manufacturer<\/title>\n<meta name=\"description\" content=\"Boost efficiency in optical retail with HUAYUAN\u2019s RFID tags for eyewear. Track inventory in real time, reduce shrinkage, and enhance customer experiences with both traditional and embedded options.\" \/>\n<meta name=\"robots\" content=\"index, follow, max-snippet:-1, max-image-preview:large, max-video-preview:-1\" \/>\n<link rel=\"canonical\" href=\"https:\/\/huayuansh.com\/it\/segmenti-industriali\/rfid-per-occhiali\/\" \/>\n<meta property=\"og:locale\" content=\"it_IT\" \/>\n<meta property=\"og:type\" content=\"article\" \/>\n<meta property=\"og:title\" content=\"RFID for Eyewear\" \/>\n<meta property=\"og:description\" content=\"Boost efficiency in optical retail with HUAYUAN\u2019s RFID tags for eyewear. Track inventory in real time, reduce shrinkage, and enhance customer experiences with both traditional and embedded options.\" \/>\n<meta property=\"og:url\" content=\"https:\/\/huayuansh.com\/it\/segmenti-industriali\/rfid-per-occhiali\/\" \/>\n<meta property=\"og:site_name\" content=\"HUAYUAN RFID Tag Manufacturer\" \/>\n<meta property=\"article:modified_time\" content=\"2025-05-13T06:28:56+00:00\" \/>\n<meta property=\"og:image\" content=\"https:\/\/huayuansh.com\/wp-content\/uploads\/2025\/05\/RFID-for-Eyewear.webp\" \/>\n\t<meta property=\"og:image:width\" content=\"1920\" \/>\n\t<meta property=\"og:image:height\" content=\"1080\" \/>\n\t<meta property=\"og:image:type\" content=\"image\/webp\" \/>\n<meta name=\"twitter:card\" content=\"summary_large_image\" \/>\n<meta name=\"twitter:label1\" content=\"Tempo di lettura stimato\" \/>\n\t<meta name=\"twitter:data1\" content=\"3 minuti\" \/>\n<script type=\"application\/ld+json\" class=\"yoast-schema-graph\">{\"@context\":\"https:\/\/schema.org\",\"@graph\":[{\"@type\":\"WebPage\",\"@id\":\"https:\/\/huayuansh.com\/industry-segments\/rfid-for-eyewear\/\",\"url\":\"https:\/\/huayuansh.com\/industry-segments\/rfid-for-eyewear\/\",\"name\":\"RFID for Eyewear | HUAYUAN RFID Tag Manufacturer\",\"isPartOf\":{\"@id\":\"https:\/\/huayuansh.com\/#website\"},\"primaryImageOfPage\":{\"@id\":\"https:\/\/huayuansh.com\/industry-segments\/rfid-for-eyewear\/#primaryimage\"},\"image\":{\"@id\":\"https:\/\/huayuansh.com\/industry-segments\/rfid-for-eyewear\/#primaryimage\"},\"thumbnailUrl\":\"https:\/\/huayuansh.com\/wp-content\/uploads\/2025\/05\/RFID-for-Eyewear.webp\",\"datePublished\":\"2025-05-13T06:28:54+00:00\",\"dateModified\":\"2025-05-13T06:28:56+00:00\",\"description\":\"Boost efficiency in optical retail with HUAYUAN\u2019s RFID tags for eyewear. Track inventory in real time, reduce shrinkage, and enhance customer experiences with both traditional and embedded options.\",\"breadcrumb\":{\"@id\":\"https:\/\/huayuansh.com\/industry-segments\/rfid-for-eyewear\/#breadcrumb\"},\"inLanguage\":\"it-IT\",\"potentialAction\":[{\"@type\":\"ReadAction\",\"target\":[\"https:\/\/huayuansh.com\/industry-segments\/rfid-for-eyewear\/\"]}]},{\"@type\":\"ImageObject\",\"inLanguage\":\"it-IT\",\"@id\":\"https:\/\/huayuansh.com\/industry-segments\/rfid-for-eyewear\/#primaryimage\",\"url\":\"https:\/\/huayuansh.com\/wp-content\/uploads\/2025\/05\/RFID-for-Eyewear.webp\",\"contentUrl\":\"https:\/\/huayuansh.com\/wp-content\/uploads\/2025\/05\/RFID-for-Eyewear.webp\",\"width\":1920,\"height\":1080,\"caption\":\"RFID for Eyewear\"},{\"@type\":\"BreadcrumbList\",\"@id\":\"https:\/\/huayuansh.com\/industry-segments\/rfid-for-eyewear\/#breadcrumb\",\"itemListElement\":[{\"@type\":\"ListItem\",\"position\":1,\"name\":\"Home\",\"item\":\"https:\/\/huayuansh.com\/\"},{\"@type\":\"ListItem\",\"position\":2,\"name\":\"Industry Segments\",\"item\":\"https:\/\/huayuansh.com\/industry-segments\/\"},{\"@type\":\"ListItem\",\"position\":3,\"name\":\"RFID for Eyewear\"}]},{\"@type\":\"WebSite\",\"@id\":\"https:\/\/huayuansh.com\/#website\",\"url\":\"https:\/\/huayuansh.com\/\",\"name\":\"HUAYUAN RFID Tag Manufacturer\",\"description\":\"HUAYUAN RFID Tag Manufacturer\",\"publisher\":{\"@id\":\"https:\/\/huayuansh.com\/#organization\"},\"potentialAction\":[{\"@type\":\"SearchAction\",\"target\":{\"@type\":\"EntryPoint\",\"urlTemplate\":\"https:\/\/huayuansh.com\/?s={search_term_string}\"},\"query-input\":{\"@type\":\"PropertyValueSpecification\",\"valueRequired\":true,\"valueName\":\"search_term_string\"}}],\"inLanguage\":\"it-IT\"},{\"@type\":\"Organization\",\"@id\":\"https:\/\/huayuansh.com\/#organization\",\"name\":\"HUAYUAN RFID Tag Manufacturer\",\"url\":\"https:\/\/huayuansh.com\/\",\"logo\":{\"@type\":\"ImageObject\",\"inLanguage\":\"it-IT\",\"@id\":\"https:\/\/huayuansh.com\/#\/schema\/logo\/image\/\",\"url\":\"https:\/\/huayuansh.com\/wp-content\/uploads\/2024\/09\/cropped-HUAYUAN.webp\",\"contentUrl\":\"https:\/\/huayuansh.com\/wp-content\/uploads\/2024\/09\/cropped-HUAYUAN.webp\",\"width\":895,\"height\":279,\"caption\":\"HUAYUAN RFID Tag Manufacturer\"},\"image\":{\"@id\":\"https:\/\/huayuansh.com\/#\/schema\/logo\/image\/\"}}]}<\/script>\n<!-- \/ Yoast SEO Premium plugin. -->","yoast_head_json":{"title":"RFID per occhiali | HUAYUAN RFID Tag Manufacturer","description":"Aumentate l'efficienza nella vendita al dettaglio di occhiali con i tag RFID di HUAYUAN. Tracciano l'inventario in tempo reale, riducono le differenze inventariali e migliorano l'esperienza dei clienti con opzioni tradizionali e integrate.","robots":{"index":"index","follow":"follow","max-snippet":"max-snippet:-1","max-image-preview":"max-image-preview:large","max-video-preview":"max-video-preview:-1"},"canonical":"https:\/\/huayuansh.com\/it\/segmenti-industriali\/rfid-per-occhiali\/","og_locale":"it_IT","og_type":"article","og_title":"RFID for Eyewear","og_description":"Boost efficiency in optical retail with HUAYUAN\u2019s RFID tags for eyewear. Track inventory in real time, reduce shrinkage, and enhance customer experiences with both traditional and embedded options.","og_url":"https:\/\/huayuansh.com\/it\/segmenti-industriali\/rfid-per-occhiali\/","og_site_name":"HUAYUAN RFID Tag Manufacturer","article_modified_time":"2025-05-13T06:28:56+00:00","og_image":[{"width":1920,"height":1080,"url":"https:\/\/huayuansh.com\/wp-content\/uploads\/2025\/05\/RFID-for-Eyewear.webp","type":"image\/webp"}],"twitter_card":"summary_large_image","twitter_misc":{"Tempo di lettura stimato":"3 minuti"},"schema":{"@context":"https:\/\/schema.org","@graph":[{"@type":"WebPage","@id":"https:\/\/huayuansh.com\/industry-segments\/rfid-for-eyewear\/","url":"https:\/\/huayuansh.com\/industry-segments\/rfid-for-eyewear\/","name":"RFID per occhiali | HUAYUAN RFID Tag Manufacturer","isPartOf":{"@id":"https:\/\/huayuansh.com\/#website"},"primaryImageOfPage":{"@id":"https:\/\/huayuansh.com\/industry-segments\/rfid-for-eyewear\/#primaryimage"},"image":{"@id":"https:\/\/huayuansh.com\/industry-segments\/rfid-for-eyewear\/#primaryimage"},"thumbnailUrl":"https:\/\/huayuansh.com\/wp-content\/uploads\/2025\/05\/RFID-for-Eyewear.webp","datePublished":"2025-05-13T06:28:54+00:00","dateModified":"2025-05-13T06:28:56+00:00","description":"Aumentate l'efficienza nella vendita al dettaglio di occhiali con i tag RFID di HUAYUAN. Tracciano l'inventario in tempo reale, riducono le differenze inventariali e migliorano l'esperienza dei clienti con opzioni tradizionali e integrate.","breadcrumb":{"@id":"https:\/\/huayuansh.com\/industry-segments\/rfid-for-eyewear\/#breadcrumb"},"inLanguage":"it-IT","potentialAction":[{"@type":"ReadAction","target":["https:\/\/huayuansh.com\/industry-segments\/rfid-for-eyewear\/"]}]},{"@type":"ImageObject","inLanguage":"it-IT","@id":"https:\/\/huayuansh.com\/industry-segments\/rfid-for-eyewear\/#primaryimage","url":"https:\/\/huayuansh.com\/wp-content\/uploads\/2025\/05\/RFID-for-Eyewear.webp","contentUrl":"https:\/\/huayuansh.com\/wp-content\/uploads\/2025\/05\/RFID-for-Eyewear.webp","width":1920,"height":1080,"caption":"RFID for Eyewear"},{"@type":"BreadcrumbList","@id":"https:\/\/huayuansh.com\/industry-segments\/rfid-for-eyewear\/#breadcrumb","itemListElement":[{"@type":"ListItem","position":1,"name":"Home","item":"https:\/\/huayuansh.com\/"},{"@type":"ListItem","position":2,"name":"Industry Segments","item":"https:\/\/huayuansh.com\/industry-segments\/"},{"@type":"ListItem","position":3,"name":"RFID for Eyewear"}]},{"@type":"WebSite","@id":"https:\/\/huayuansh.com\/#website","url":"https:\/\/huayuansh.com\/","name":"HUAYUAN Tag RFID Fornitore","description":"HUAYUAN Tag RFID Fornitore","publisher":{"@id":"https:\/\/huayuansh.com\/#organization"},"potentialAction":[{"@type":"SearchAction","target":{"@type":"EntryPoint","urlTemplate":"https:\/\/huayuansh.com\/?s={search_term_string}"},"query-input":{"@type":"PropertyValueSpecification","valueRequired":true,"valueName":"search_term_string"}}],"inLanguage":"it-IT"},{"@type":"Organization","@id":"https:\/\/huayuansh.com\/#organization","name":"HUAYUAN Tag RFID Fornitore","url":"https:\/\/huayuansh.com\/","logo":{"@type":"ImageObject","inLanguage":"it-IT","@id":"https:\/\/huayuansh.com\/#\/schema\/logo\/image\/","url":"https:\/\/huayuansh.com\/wp-content\/uploads\/2024\/09\/cropped-HUAYUAN.webp","contentUrl":"https:\/\/huayuansh.com\/wp-content\/uploads\/2024\/09\/cropped-HUAYUAN.webp","width":895,"height":279,"caption":"HUAYUAN RFID Tag Manufacturer"},"image":{"@id":"https:\/\/huayuansh.com\/#\/schema\/logo\/image\/"}}]}},"taxonomy_info":[],"featured_image_src_large":["https:\/\/huayuansh.com\/wp-content\/uploads\/2025\/05\/RFID-for-Eyewear-1024x576.webp",1024,576,true],"author_info":{"display_name":"HUAYUAN","author_link":"https:\/\/huayuansh.com\/it\/author\/shyec2024\/"},"comment_info":0,"_links":{"self":[{"href":"https:\/\/huayuansh.com\/it\/wp-json\/wp\/v2\/pages\/4205","targetHints":{"allow":["GET"]}}],"collection":[{"href":"https:\/\/huayuansh.com\/it\/wp-json\/wp\/v2\/pages"}],"about":[{"href":"https:\/\/huayuansh.com\/it\/wp-json\/wp\/v2\/types\/page"}],"author":[{"embeddable":true,"href":"https:\/\/huayuansh.com\/it\/wp-json\/wp\/v2\/users\/1"}],"replies":[{"embeddable":true,"href":"https:\/\/huayuansh.com\/it\/wp-json\/wp\/v2\/comments?post=4205"}],"version-history":[{"count":1,"href":"https:\/\/huayuansh.com\/it\/wp-json\/wp\/v2\/pages\/4205\/revisions"}],"predecessor-version":[{"id":4207,"href":"https:\/\/huayuansh.com\/it\/wp-json\/wp\/v2\/pages\/4205\/revisions\/4207"}],"up":[{"embeddable":true,"href":"https:\/\/huayuansh.com\/it\/wp-json\/wp\/v2\/pages\/731"}],"wp:featuredmedia":[{"embeddable":true,"href":"https:\/\/huayuansh.com\/it\/wp-json\/wp\/v2\/media\/4206"}],"wp:attachment":[{"href":"https:\/\/huayuansh.com\/it\/wp-json\/wp\/v2\/media?parent=4205"}],"curies":[{"name":"wp","href":"https:\/\/api.w.org\/{rel}","templated":true}]}}