{"id":991,"date":"2024-06-28T16:18:48","date_gmt":"2024-06-28T08:18:48","guid":{"rendered":"https:\/\/test.huayuansh.com\/?page_id=991"},"modified":"2025-12-23T10:39:12","modified_gmt":"2025-12-23T02:39:12","slug":"moduli-lettori-rfid","status":"publish","type":"page","link":"https:\/\/huayuansh.com\/it\/prodotti\/moduli-lettori-rfid\/","title":{"rendered":"Dispositivi di lettura RFID"},"content":{"rendered":"<p>HUAYUAN offre una vasta gamma di lettori RFID UHF per soddisfare le vostre esigenze di identificazione degli articoli etichettati. I nostri lettori RFID sono progettati per essere conformi agli attuali standard di frequenza globali e sono disponibili con diverse caratteristiche, che li rendono facilmente compatibili con molti dispositivi di identificazione. <a href=\"https:\/\/huayuansh.com\/products\/industrial-rfid-tags\/\">Tag RFID<\/a>. Questi lettori trovano ampia applicazione nella gestione dell'inventario, nella gestione logistica, nel sistema di parcheggio, nella gestione automatica della produzione, nel sistema bibliotecario, ecc.<\/p>\n\n\n\n<p>Disponiamo di lettori RFID con caratteristiche diverse, ideali per le vostre esigenze. <a href=\"https:\/\/huayuansh.com\/applications\/\">applicazione diversa<\/a>. Un sistema RFID pu\u00f2 richiedere lettori da tavolo, lettori integrati e persino dispositivi palmari dotati di Bluetooth. Molti sistemi hanno bisogno di utilizzare lo stesso lettore per identificare sia i tag RFID che i codici a barre.<\/p>\n\n\n\n<div class=\"wp-block-columns are-vertically-aligned-center is-layout-flex wp-container-core-columns-is-layout-9d6595d7 wp-block-columns-is-layout-flex\">\n<div class=\"wp-block-column is-vertically-aligned-center is-layout-flow wp-block-column-is-layout-flow\" style=\"flex-basis:60%\">\n<h2 class=\"wp-block-heading\" id=\"h-uhf-handheld-reader-data-terminal\"><a href=\"https:\/\/huayuansh.com\/products\/rfid-readers-modules\/uhf-handheld-reader-data-terminal\/\">Terminale dati lettore portatile UHF<\/a><\/h2>\n\n\n\n<p>HUAYUAN ORCA-50 \u00e8 un lettore RFID portatile UHF ad alte prestazioni dotato di chip Impinj Indy R2000. Il suo design robusto e la protezione IP64 ne garantiscono la durata in ambienti industriali. Con sistema operativo Android 6.0, supporta un'ampia quantit\u00e0 di dati e una batteria da 6000 mAh sostituibile a caldo per un utilizzo continuo. Ideale per la gestione dell'inventario e la logistica, eccelle nell'identificazione multi-tag.<\/p>\n\n\n<style>.wp-block-kadence-advancedbtn.kb-btns991_267175-fe{gap:var(--global-kb-gap-xs, 0.5rem );justify-content:flex-end;align-items:center;}.kt-btns991_267175-fe .kt-button{font-weight:normal;font-style:normal;}.kt-btns991_267175-fe .kt-btn-wrap-0{margin-right:5px;}.wp-block-kadence-advancedbtn.kt-btns991_267175-fe .kt-btn-wrap-0 .kt-button{color:#555555;border-color:#555555;}.wp-block-kadence-advancedbtn.kt-btns991_267175-fe .kt-btn-wrap-0 .kt-button:hover, .wp-block-kadence-advancedbtn.kt-btns991_267175-fe .kt-btn-wrap-0 .kt-button:focus{color:#ffffff;border-color:#444444;}.wp-block-kadence-advancedbtn.kt-btns991_267175-fe .kt-btn-wrap-0 .kt-button::before{display:none;}.wp-block-kadence-advancedbtn.kt-btns991_267175-fe .kt-btn-wrap-0 .kt-button:hover, .wp-block-kadence-advancedbtn.kt-btns991_267175-fe .kt-btn-wrap-0 .kt-button:focus{background:#444444;}<\/style>\n<div class=\"wp-block-kadence-advancedbtn kb-buttons-wrap kb-btns991_267175-fe\"><style>ul.menu .wp-block-kadence-advancedbtn .kb-btn991_ee86ca-68.kb-button{width:initial;}<\/style><a class=\"kb-button kt-button button kb-btn991_ee86ca-68 kt-btn-size-small kt-btn-width-type-auto kb-btn-global-inherit  kt-btn-has-text-true kt-btn-has-svg-false  wp-block-button__link wp-block-kadence-singlebtn\" href=\"https:\/\/huayuansh.com\/products\/rfid-readers-modules\/uhf-handheld-reader-data-terminal\/\"><span class=\"kt-btn-inner-text\">SAPERNE DI PI\u00d9<\/span><\/a><\/div>\n<\/div>\n\n\n\n<div class=\"wp-block-column is-vertically-aligned-center is-layout-flow wp-block-column-is-layout-flow\" style=\"flex-basis:40%\">\n<figure class=\"wp-block-image size-large\"><a href=\"https:\/\/huayuansh.com\/products\/rfid-readers-modules\/uhf-handheld-reader-data-terminal\/\"><img loading=\"lazy\" decoding=\"async\" width=\"1024\" height=\"576\" src=\"https:\/\/huayuansh.com\/wp-content\/uploads\/2024\/08\/UHF-Handheld-Reader-Data-Terminal-1024x576.webp\" alt=\"Terminale dati lettore portatile UHF\" class=\"wp-image-3548\" srcset=\"https:\/\/huayuansh.com\/wp-content\/uploads\/2024\/08\/UHF-Handheld-Reader-Data-Terminal-1024x576.webp 1024w, https:\/\/huayuansh.com\/wp-content\/uploads\/2024\/08\/UHF-Handheld-Reader-Data-Terminal-300x169.webp 300w, https:\/\/huayuansh.com\/wp-content\/uploads\/2024\/08\/UHF-Handheld-Reader-Data-Terminal-768x432.webp 768w, https:\/\/huayuansh.com\/wp-content\/uploads\/2024\/08\/UHF-Handheld-Reader-Data-Terminal-1536x864.webp 1536w, https:\/\/huayuansh.com\/wp-content\/uploads\/2024\/08\/UHF-Handheld-Reader-Data-Terminal.webp 1920w\" sizes=\"auto, (max-width: 1024px) 100vw, 1024px\" \/><\/a><\/figure>\n<\/div>\n<\/div>\n\n\n\n<div class=\"wp-block-columns are-vertically-aligned-center is-layout-flex wp-container-core-columns-is-layout-9d6595d7 wp-block-columns-is-layout-flex\">\n<div class=\"wp-block-column is-vertically-aligned-center is-layout-flow wp-block-column-is-layout-flow\" style=\"flex-basis:60%\">\n<h2 class=\"wp-block-heading\" id=\"h-uhf-rfid-fixed-reader\"><a href=\"https:\/\/huayuansh.com\/products\/rfid-readers-modules\/uhf-rfid-fixed-reader\/\">Lettore fisso UHF RFID<\/a><\/h2>\n\n\n\n<p>Il lettore fisso RFID UHF di HUAYUAN \u00e8 progettato per garantire prestazioni affidabili e robuste in ambienti industriali. Dotato di funzionalit\u00e0 avanzate di lettura multi-tag, supporta diversi protocolli e offre opzioni di configurazione flessibili. Il lettore \u00e8 adatto ad applicazioni come la gestione del magazzino, il monitoraggio della linea di produzione e la tracciabilit\u00e0 delle risorse, garantendo un'acquisizione efficiente e accurata dei dati.<\/p>\n\n\n<style>.wp-block-kadence-advancedbtn.kb-btns991_7ec2d4-30{gap:var(--global-kb-gap-xs, 0.5rem );justify-content:flex-end;align-items:center;}.kt-btns991_7ec2d4-30 .kt-button{font-weight:normal;font-style:normal;}.kt-btns991_7ec2d4-30 .kt-btn-wrap-0{margin-right:5px;}.wp-block-kadence-advancedbtn.kt-btns991_7ec2d4-30 .kt-btn-wrap-0 .kt-button{color:#555555;border-color:#555555;}.wp-block-kadence-advancedbtn.kt-btns991_7ec2d4-30 .kt-btn-wrap-0 .kt-button:hover, .wp-block-kadence-advancedbtn.kt-btns991_7ec2d4-30 .kt-btn-wrap-0 .kt-button:focus{color:#ffffff;border-color:#444444;}.wp-block-kadence-advancedbtn.kt-btns991_7ec2d4-30 .kt-btn-wrap-0 .kt-button::before{display:none;}.wp-block-kadence-advancedbtn.kt-btns991_7ec2d4-30 .kt-btn-wrap-0 .kt-button:hover, .wp-block-kadence-advancedbtn.kt-btns991_7ec2d4-30 .kt-btn-wrap-0 .kt-button:focus{background:#444444;}<\/style>\n<div class=\"wp-block-kadence-advancedbtn kb-buttons-wrap kb-btns991_7ec2d4-30\"><style>ul.menu .wp-block-kadence-advancedbtn .kb-btn991_3e2851-5f.kb-button{width:initial;}<\/style><a class=\"kb-button kt-button button kb-btn991_3e2851-5f kt-btn-size-small kt-btn-width-type-auto kb-btn-global-inherit  kt-btn-has-text-true kt-btn-has-svg-false  wp-block-button__link wp-block-kadence-singlebtn\" href=\"https:\/\/huayuansh.com\/products\/rfid-readers-modules\/uhf-rfid-fixed-reader\/\"><span class=\"kt-btn-inner-text\">SAPERNE DI PI\u00d9<\/span><\/a><\/div>\n<\/div>\n\n\n\n<div class=\"wp-block-column is-vertically-aligned-center is-layout-flow wp-block-column-is-layout-flow\" style=\"flex-basis:40%\">\n<figure class=\"wp-block-image size-large\"><a href=\"https:\/\/huayuansh.com\/products\/rfid-readers-modules\/uhf-rfid-fixed-reader\/\"><img loading=\"lazy\" decoding=\"async\" width=\"1024\" height=\"576\" src=\"https:\/\/huayuansh.com\/wp-content\/uploads\/2024\/08\/HUAYUAN-UHF-RFID-Fixed-Readers-1024x576.webp\" alt=\"Lettori fissi UHF RFID di HUAYUAN\" class=\"wp-image-3566\" srcset=\"https:\/\/huayuansh.com\/wp-content\/uploads\/2024\/08\/HUAYUAN-UHF-RFID-Fixed-Readers-1024x576.webp 1024w, https:\/\/huayuansh.com\/wp-content\/uploads\/2024\/08\/HUAYUAN-UHF-RFID-Fixed-Readers-300x169.webp 300w, https:\/\/huayuansh.com\/wp-content\/uploads\/2024\/08\/HUAYUAN-UHF-RFID-Fixed-Readers-768x432.webp 768w, https:\/\/huayuansh.com\/wp-content\/uploads\/2024\/08\/HUAYUAN-UHF-RFID-Fixed-Readers-1536x864.webp 1536w, https:\/\/huayuansh.com\/wp-content\/uploads\/2024\/08\/HUAYUAN-UHF-RFID-Fixed-Readers.webp 1920w\" sizes=\"auto, (max-width: 1024px) 100vw, 1024px\" \/><\/a><\/figure>\n<\/div>\n<\/div>\n\n\n\n<div class=\"wp-block-columns are-vertically-aligned-center is-layout-flex wp-container-core-columns-is-layout-9d6595d7 wp-block-columns-is-layout-flex\">\n<div class=\"wp-block-column is-vertically-aligned-center is-layout-flow wp-block-column-is-layout-flow\" style=\"flex-basis:60%\">\n<h2 class=\"wp-block-heading\" id=\"h-rain-rfid-reader-antenna\"><a href=\"https:\/\/huayuansh.com\/products\/rfid-readers-modules\/rain-rfid-reader-antenna\/\">Antenna per lettore RFID RAIN<\/a><\/h2>\n\n\n\n<p>L'antenna per lettori RFID HUAYUAN RAIN offre un elevato guadagno e un basso rapporto di onde stazionarie per prestazioni superiori in ambienti difficili. Disponibile nelle opzioni di polarizzazione circolare e lineare, supporta applicazioni a lungo raggio fino a 20 metri. La sua struttura con grado di protezione IP66 la rende adatta a condizioni difficili, ideale per l'inventario, la logistica, la tracciabilit\u00e0 dei veicoli e la gestione intelligente del traffico.<\/p>\n\n\n<style>.wp-block-kadence-advancedbtn.kb-btns991_c863e7-33{gap:var(--global-kb-gap-xs, 0.5rem );justify-content:flex-end;align-items:center;}.kt-btns991_c863e7-33 .kt-button{font-weight:normal;font-style:normal;}.kt-btns991_c863e7-33 .kt-btn-wrap-0{margin-right:5px;}.wp-block-kadence-advancedbtn.kt-btns991_c863e7-33 .kt-btn-wrap-0 .kt-button{color:#555555;border-color:#555555;}.wp-block-kadence-advancedbtn.kt-btns991_c863e7-33 .kt-btn-wrap-0 .kt-button:hover, .wp-block-kadence-advancedbtn.kt-btns991_c863e7-33 .kt-btn-wrap-0 .kt-button:focus{color:#ffffff;border-color:#444444;}.wp-block-kadence-advancedbtn.kt-btns991_c863e7-33 .kt-btn-wrap-0 .kt-button::before{display:none;}.wp-block-kadence-advancedbtn.kt-btns991_c863e7-33 .kt-btn-wrap-0 .kt-button:hover, .wp-block-kadence-advancedbtn.kt-btns991_c863e7-33 .kt-btn-wrap-0 .kt-button:focus{background:#444444;}<\/style>\n<div class=\"wp-block-kadence-advancedbtn kb-buttons-wrap kb-btns991_c863e7-33\"><style>ul.menu .wp-block-kadence-advancedbtn .kb-btn991_7418f3-e9.kb-button{width:initial;}<\/style><a class=\"kb-button kt-button button kb-btn991_7418f3-e9 kt-btn-size-small kt-btn-width-type-auto kb-btn-global-inherit  kt-btn-has-text-true kt-btn-has-svg-false  wp-block-button__link wp-block-kadence-singlebtn\" href=\"https:\/\/huayuansh.com\/products\/rfid-readers-modules\/rain-rfid-reader-antenna\/\"><span class=\"kt-btn-inner-text\">SAPERNE DI PI\u00d9<\/span><\/a><\/div>\n<\/div>\n\n\n\n<div class=\"wp-block-column is-vertically-aligned-center is-layout-flow wp-block-column-is-layout-flow\" style=\"flex-basis:40%\">\n<figure class=\"wp-block-image size-large\"><a href=\"https:\/\/huayuansh.com\/products\/rfid-readers-modules\/rain-rfid-reader-antenna\/\"><img loading=\"lazy\" decoding=\"async\" width=\"1024\" height=\"576\" src=\"https:\/\/huayuansh.com\/wp-content\/uploads\/2024\/08\/RFID-Reader-Antenna-1024x576.webp\" alt=\"Antenna del lettore RFID\" class=\"wp-image-3568\" srcset=\"https:\/\/huayuansh.com\/wp-content\/uploads\/2024\/08\/RFID-Reader-Antenna-1024x576.webp 1024w, https:\/\/huayuansh.com\/wp-content\/uploads\/2024\/08\/RFID-Reader-Antenna-300x169.webp 300w, https:\/\/huayuansh.com\/wp-content\/uploads\/2024\/08\/RFID-Reader-Antenna-768x432.webp 768w, https:\/\/huayuansh.com\/wp-content\/uploads\/2024\/08\/RFID-Reader-Antenna-1536x864.webp 1536w, https:\/\/huayuansh.com\/wp-content\/uploads\/2024\/08\/RFID-Reader-Antenna.webp 1920w\" sizes=\"auto, (max-width: 1024px) 100vw, 1024px\" \/><\/a><\/figure>\n<\/div>\n<\/div>\n\n\n\n<h3 class=\"wp-block-heading\" id=\"h-get-in-touch\">Contattateci<\/h3>\n\n\n\n<p>Questi dispositivi di lettura RFID di HUAYUAN soddisfano la maggior parte delle esigenze del settore, garantendo prestazioni affidabili e un'efficiente elaborazione dei dati in una variet\u00e0 di ambienti operativi.<\/p>\n\n\n<style>.wp-block-kadence-advancedbtn.kb-btns991_e6a928-b5{gap:var(--global-kb-gap-xs, 0.5rem );justify-content:flex-start;align-items:center;}.kt-btns991_e6a928-b5 .kt-button{font-weight:normal;font-style:normal;}.kt-btns991_e6a928-b5 .kt-btn-wrap-0{margin-right:5px;}.wp-block-kadence-advancedbtn.kt-btns991_e6a928-b5 .kt-btn-wrap-0 .kt-button{color:#555555;border-color:#555555;}.wp-block-kadence-advancedbtn.kt-btns991_e6a928-b5 .kt-btn-wrap-0 .kt-button:hover, .wp-block-kadence-advancedbtn.kt-btns991_e6a928-b5 .kt-btn-wrap-0 .kt-button:focus{color:#ffffff;border-color:#444444;}.wp-block-kadence-advancedbtn.kt-btns991_e6a928-b5 .kt-btn-wrap-0 .kt-button::before{display:none;}.wp-block-kadence-advancedbtn.kt-btns991_e6a928-b5 .kt-btn-wrap-0 .kt-button:hover, .wp-block-kadence-advancedbtn.kt-btns991_e6a928-b5 .kt-btn-wrap-0 .kt-button:focus{background:#444444;}<\/style>\n<div class=\"wp-block-kadence-advancedbtn kb-buttons-wrap kb-btns991_e6a928-b5\"><style>ul.menu .wp-block-kadence-advancedbtn .kb-btn991_71dddd-30.kb-button{width:initial;}<\/style><a class=\"kb-button kt-button button kb-btn991_71dddd-30 kt-btn-size-standard kt-btn-width-type-auto kb-btn-global-inherit  kt-btn-has-text-true kt-btn-has-svg-false  wp-block-button__link wp-block-kadence-singlebtn\" href=\"https:\/\/huayuansh.com\/contact-us\/\"><span class=\"kt-btn-inner-text\">Contattateci<\/span><\/a><\/div>","protected":false},"excerpt":{"rendered":"<p>HUAYUAN offre una vasta gamma di lettori RFID UHF per soddisfare le vostre esigenze di identificazione degli articoli etichettati. I nostri lettori RFID sono progettati per essere conformi agli attuali standard di frequenza globali e sono disponibili con diverse caratteristiche che li rendono facilmente compatibili con molti tag RFID. Questi lettori trovano ampia applicazione nella gestione dell'inventario, nella gestione logistica,...<\/p>","protected":false},"author":1,"featured_media":4298,"parent":2104,"menu_order":36,"comment_status":"closed","ping_status":"closed","template":"","meta":{"_kad_blocks_custom_css":"","_kad_blocks_head_custom_js":"","_kad_blocks_body_custom_js":"","_kad_blocks_footer_custom_js":"","_kadence_starter_templates_imported_post":false,"_kad_post_transparent":"","_kad_post_title":"","_kad_post_layout":"","_kad_post_sidebar_id":"","_kad_post_content_style":"","_kad_post_vertical_padding":"","_kad_post_feature":"","_kad_post_feature_position":"","_kad_post_header":false,"_kad_post_footer":false,"footnotes":""},"class_list":["post-991","page","type-page","status-publish","has-post-thumbnail","hentry"],"yoast_head":"<!-- This site is optimized with the Yoast SEO Premium plugin v23.0 (Yoast SEO v26.3) - https:\/\/yoast.com\/wordpress\/plugins\/seo\/ -->\n<title>RFID Reader Devices | HUAYUAN RFID Tag Manufacturer<\/title>\n<meta name=\"robots\" content=\"index, follow, max-snippet:-1, max-image-preview:large, max-video-preview:-1\" \/>\n<link rel=\"canonical\" href=\"https:\/\/huayuansh.com\/it\/prodotti\/moduli-lettori-rfid\/\" \/>\n<meta property=\"og:locale\" content=\"it_IT\" \/>\n<meta property=\"og:type\" content=\"article\" \/>\n<meta property=\"og:title\" content=\"RFID Reader Devices\" \/>\n<meta property=\"og:description\" content=\"HUAYUAN offers an extensive range of UHF RFID reader device to meet your demands to identify your tagged items. Our RFID readers are designed to comply with today\u2019s global frequency standards and are available with different features, making them easily compatible with many RFID tags. These readers are widely applied in inventory management, logistic management,...\" \/>\n<meta property=\"og:url\" content=\"https:\/\/huayuansh.com\/it\/prodotti\/moduli-lettori-rfid\/\" \/>\n<meta property=\"og:site_name\" content=\"HUAYUAN RFID Tag Manufacturer\" \/>\n<meta property=\"article:modified_time\" content=\"2025-12-23T02:39:12+00:00\" \/>\n<meta property=\"og:image\" content=\"https:\/\/huayuansh.com\/wp-content\/uploads\/2025\/12\/HUAYUAN-RFID-Reader-Devices.webp\" \/>\n\t<meta property=\"og:image:width\" content=\"1920\" \/>\n\t<meta property=\"og:image:height\" content=\"1080\" \/>\n\t<meta property=\"og:image:type\" content=\"image\/webp\" \/>\n<meta name=\"twitter:card\" content=\"summary_large_image\" \/>\n<meta name=\"twitter:label1\" content=\"Tempo di lettura stimato\" \/>\n\t<meta name=\"twitter:data1\" content=\"3 minuti\" \/>\n<script type=\"application\/ld+json\" class=\"yoast-schema-graph\">{\"@context\":\"https:\/\/schema.org\",\"@graph\":[{\"@type\":\"WebPage\",\"@id\":\"https:\/\/huayuansh.com\/products\/rfid-readers-modules\/\",\"url\":\"https:\/\/huayuansh.com\/products\/rfid-readers-modules\/\",\"name\":\"RFID Reader Devices | HUAYUAN RFID Tag Manufacturer\",\"isPartOf\":{\"@id\":\"https:\/\/huayuansh.com\/#website\"},\"primaryImageOfPage\":{\"@id\":\"https:\/\/huayuansh.com\/products\/rfid-readers-modules\/#primaryimage\"},\"image\":{\"@id\":\"https:\/\/huayuansh.com\/products\/rfid-readers-modules\/#primaryimage\"},\"thumbnailUrl\":\"https:\/\/huayuansh.com\/wp-content\/uploads\/2025\/12\/HUAYUAN-RFID-Reader-Devices.webp\",\"datePublished\":\"2024-06-28T08:18:48+00:00\",\"dateModified\":\"2025-12-23T02:39:12+00:00\",\"breadcrumb\":{\"@id\":\"https:\/\/huayuansh.com\/products\/rfid-readers-modules\/#breadcrumb\"},\"inLanguage\":\"it-IT\",\"potentialAction\":[{\"@type\":\"ReadAction\",\"target\":[\"https:\/\/huayuansh.com\/products\/rfid-readers-modules\/\"]}]},{\"@type\":\"ImageObject\",\"inLanguage\":\"it-IT\",\"@id\":\"https:\/\/huayuansh.com\/products\/rfid-readers-modules\/#primaryimage\",\"url\":\"https:\/\/huayuansh.com\/wp-content\/uploads\/2025\/12\/HUAYUAN-RFID-Reader-Devices.webp\",\"contentUrl\":\"https:\/\/huayuansh.com\/wp-content\/uploads\/2025\/12\/HUAYUAN-RFID-Reader-Devices.webp\",\"width\":1920,\"height\":1080,\"caption\":\"HUAYUAN RFID Reader Devices\"},{\"@type\":\"BreadcrumbList\",\"@id\":\"https:\/\/huayuansh.com\/products\/rfid-readers-modules\/#breadcrumb\",\"itemListElement\":[{\"@type\":\"ListItem\",\"position\":1,\"name\":\"Home\",\"item\":\"https:\/\/huayuansh.com\/\"},{\"@type\":\"ListItem\",\"position\":2,\"name\":\"RFID Products\",\"item\":\"https:\/\/huayuansh.com\/products\/\"},{\"@type\":\"ListItem\",\"position\":3,\"name\":\"RFID Reader Devices\"}]},{\"@type\":\"WebSite\",\"@id\":\"https:\/\/huayuansh.com\/#website\",\"url\":\"https:\/\/huayuansh.com\/\",\"name\":\"HUAYUAN RFID Tag Manufacturer\",\"description\":\"HUAYUAN RFID Tag Manufacturer\",\"publisher\":{\"@id\":\"https:\/\/huayuansh.com\/#organization\"},\"potentialAction\":[{\"@type\":\"SearchAction\",\"target\":{\"@type\":\"EntryPoint\",\"urlTemplate\":\"https:\/\/huayuansh.com\/?s={search_term_string}\"},\"query-input\":{\"@type\":\"PropertyValueSpecification\",\"valueRequired\":true,\"valueName\":\"search_term_string\"}}],\"inLanguage\":\"it-IT\"},{\"@type\":\"Organization\",\"@id\":\"https:\/\/huayuansh.com\/#organization\",\"name\":\"HUAYUAN RFID Tag Manufacturer\",\"url\":\"https:\/\/huayuansh.com\/\",\"logo\":{\"@type\":\"ImageObject\",\"inLanguage\":\"it-IT\",\"@id\":\"https:\/\/huayuansh.com\/#\/schema\/logo\/image\/\",\"url\":\"https:\/\/huayuansh.com\/wp-content\/uploads\/2024\/09\/cropped-HUAYUAN.webp\",\"contentUrl\":\"https:\/\/huayuansh.com\/wp-content\/uploads\/2024\/09\/cropped-HUAYUAN.webp\",\"width\":895,\"height\":279,\"caption\":\"HUAYUAN RFID Tag Manufacturer\"},\"image\":{\"@id\":\"https:\/\/huayuansh.com\/#\/schema\/logo\/image\/\"}}]}<\/script>\n<!-- \/ Yoast SEO Premium plugin. -->","yoast_head_json":{"title":"Dispositivi di lettura RFID | HUAYUAN Tag RFID Fornitore","robots":{"index":"index","follow":"follow","max-snippet":"max-snippet:-1","max-image-preview":"max-image-preview:large","max-video-preview":"max-video-preview:-1"},"canonical":"https:\/\/huayuansh.com\/it\/prodotti\/moduli-lettori-rfid\/","og_locale":"it_IT","og_type":"article","og_title":"RFID Reader Devices","og_description":"HUAYUAN offers an extensive range of UHF RFID reader device to meet your demands to identify your tagged items. Our RFID readers are designed to comply with today\u2019s global frequency standards and are available with different features, making them easily compatible with many RFID tags. These readers are widely applied in inventory management, logistic management,...","og_url":"https:\/\/huayuansh.com\/it\/prodotti\/moduli-lettori-rfid\/","og_site_name":"HUAYUAN RFID Tag Manufacturer","article_modified_time":"2025-12-23T02:39:12+00:00","og_image":[{"width":1920,"height":1080,"url":"https:\/\/huayuansh.com\/wp-content\/uploads\/2025\/12\/HUAYUAN-RFID-Reader-Devices.webp","type":"image\/webp"}],"twitter_card":"summary_large_image","twitter_misc":{"Tempo di lettura stimato":"3 minuti"},"schema":{"@context":"https:\/\/schema.org","@graph":[{"@type":"WebPage","@id":"https:\/\/huayuansh.com\/products\/rfid-readers-modules\/","url":"https:\/\/huayuansh.com\/products\/rfid-readers-modules\/","name":"Dispositivi di lettura RFID | HUAYUAN Tag RFID Fornitore","isPartOf":{"@id":"https:\/\/huayuansh.com\/#website"},"primaryImageOfPage":{"@id":"https:\/\/huayuansh.com\/products\/rfid-readers-modules\/#primaryimage"},"image":{"@id":"https:\/\/huayuansh.com\/products\/rfid-readers-modules\/#primaryimage"},"thumbnailUrl":"https:\/\/huayuansh.com\/wp-content\/uploads\/2025\/12\/HUAYUAN-RFID-Reader-Devices.webp","datePublished":"2024-06-28T08:18:48+00:00","dateModified":"2025-12-23T02:39:12+00:00","breadcrumb":{"@id":"https:\/\/huayuansh.com\/products\/rfid-readers-modules\/#breadcrumb"},"inLanguage":"it-IT","potentialAction":[{"@type":"ReadAction","target":["https:\/\/huayuansh.com\/products\/rfid-readers-modules\/"]}]},{"@type":"ImageObject","inLanguage":"it-IT","@id":"https:\/\/huayuansh.com\/products\/rfid-readers-modules\/#primaryimage","url":"https:\/\/huayuansh.com\/wp-content\/uploads\/2025\/12\/HUAYUAN-RFID-Reader-Devices.webp","contentUrl":"https:\/\/huayuansh.com\/wp-content\/uploads\/2025\/12\/HUAYUAN-RFID-Reader-Devices.webp","width":1920,"height":1080,"caption":"HUAYUAN RFID Reader Devices"},{"@type":"BreadcrumbList","@id":"https:\/\/huayuansh.com\/products\/rfid-readers-modules\/#breadcrumb","itemListElement":[{"@type":"ListItem","position":1,"name":"Home","item":"https:\/\/huayuansh.com\/"},{"@type":"ListItem","position":2,"name":"RFID Products","item":"https:\/\/huayuansh.com\/products\/"},{"@type":"ListItem","position":3,"name":"RFID Reader Devices"}]},{"@type":"WebSite","@id":"https:\/\/huayuansh.com\/#website","url":"https:\/\/huayuansh.com\/","name":"HUAYUAN Tag RFID Fornitore","description":"HUAYUAN Tag RFID Fornitore","publisher":{"@id":"https:\/\/huayuansh.com\/#organization"},"potentialAction":[{"@type":"SearchAction","target":{"@type":"EntryPoint","urlTemplate":"https:\/\/huayuansh.com\/?s={search_term_string}"},"query-input":{"@type":"PropertyValueSpecification","valueRequired":true,"valueName":"search_term_string"}}],"inLanguage":"it-IT"},{"@type":"Organization","@id":"https:\/\/huayuansh.com\/#organization","name":"HUAYUAN Tag RFID Fornitore","url":"https:\/\/huayuansh.com\/","logo":{"@type":"ImageObject","inLanguage":"it-IT","@id":"https:\/\/huayuansh.com\/#\/schema\/logo\/image\/","url":"https:\/\/huayuansh.com\/wp-content\/uploads\/2024\/09\/cropped-HUAYUAN.webp","contentUrl":"https:\/\/huayuansh.com\/wp-content\/uploads\/2024\/09\/cropped-HUAYUAN.webp","width":895,"height":279,"caption":"HUAYUAN RFID Tag Manufacturer"},"image":{"@id":"https:\/\/huayuansh.com\/#\/schema\/logo\/image\/"}}]}},"taxonomy_info":[],"featured_image_src_large":["https:\/\/huayuansh.com\/wp-content\/uploads\/2025\/12\/HUAYUAN-RFID-Reader-Devices-1024x576.webp",1024,576,true],"author_info":{"display_name":"HUAYUAN","author_link":"https:\/\/huayuansh.com\/it\/author\/shyec2024\/"},"comment_info":0,"_links":{"self":[{"href":"https:\/\/huayuansh.com\/it\/wp-json\/wp\/v2\/pages\/991","targetHints":{"allow":["GET"]}}],"collection":[{"href":"https:\/\/huayuansh.com\/it\/wp-json\/wp\/v2\/pages"}],"about":[{"href":"https:\/\/huayuansh.com\/it\/wp-json\/wp\/v2\/types\/page"}],"author":[{"embeddable":true,"href":"https:\/\/huayuansh.com\/it\/wp-json\/wp\/v2\/users\/1"}],"replies":[{"embeddable":true,"href":"https:\/\/huayuansh.com\/it\/wp-json\/wp\/v2\/comments?post=991"}],"version-history":[{"count":5,"href":"https:\/\/huayuansh.com\/it\/wp-json\/wp\/v2\/pages\/991\/revisions"}],"predecessor-version":[{"id":4297,"href":"https:\/\/huayuansh.com\/it\/wp-json\/wp\/v2\/pages\/991\/revisions\/4297"}],"up":[{"embeddable":true,"href":"https:\/\/huayuansh.com\/it\/wp-json\/wp\/v2\/pages\/2104"}],"wp:featuredmedia":[{"embeddable":true,"href":"https:\/\/huayuansh.com\/it\/wp-json\/wp\/v2\/media\/4298"}],"wp:attachment":[{"href":"https:\/\/huayuansh.com\/it\/wp-json\/wp\/v2\/media?parent=991"}],"curies":[{"name":"wp","href":"https:\/\/api.w.org\/{rel}","templated":true}]}}