{"id":993,"date":"2024-08-22T18:22:28","date_gmt":"2024-08-22T10:22:28","guid":{"rendered":"https:\/\/test.huayuansh.com\/?page_id=993"},"modified":"2024-08-22T18:36:40","modified_gmt":"2024-08-22T10:36:40","slug":"tag-rfid-eco-sostenibile","status":"publish","type":"page","link":"https:\/\/huayuansh.com\/it\/prodotti\/tag-rfid-eco-sostenibile\/","title":{"rendered":"Tag Eco RFID sostenibili"},"content":{"rendered":"<p>Le etichette RFID tradizionali sono tipicamente composte da antenne in alluminio (AL) incise su substrati in PET, la maggior parte delle quali sono monouso e contribuiscono all'inquinamento ambientale. Il PET, un tipo di plastica, impiega centinaia di anni per degradarsi naturalmente, rappresentando una minaccia significativa per l'ambiente. Solo nel 2019, l'utilizzo globale di etichette RFID ha raggiunto circa 15 miliardi di unit\u00e0, causando un notevole danno ambientale. Con l'aumento della consapevolezza della sostenibilit\u00e0 da parte dell'opinione pubblica e l'applicazione di normative ambientali pi\u00f9 severe da parte dei governi, la domanda di etichette RFID ecologiche \u00e8 aumentata tra i marchi che vogliono ridurre la loro impronta di plastica.<\/p>\n\n\n\n<h2 class=\"wp-block-heading\" id=\"h-huayuan-s-breakthrough-in-eco-friendly-rfid-tags\">L'innovazione di HUAYUAN nel campo delle etichette RFID ecologiche<\/h2>\n\n\n\n<div class=\"wp-block-columns are-vertically-aligned-center is-layout-flex wp-container-core-columns-is-layout-9d6595d7 wp-block-columns-is-layout-flex\">\n<div class=\"wp-block-column is-vertically-aligned-center is-layout-flow wp-block-column-is-layout-flow\" style=\"flex-basis:60%\">\n<p>In risposta a questa crescente domanda, HUAYUAN ha sviluppato un innovativo sistema di <strong>Etichetta Eco RFID<\/strong> per applicazioni retail e industriali. Questa nuova generazione di tag RFID elimina la necessit\u00e0 di componenti in plastica e di materiali nocivi, diventando cos\u00ec un'alternativa veramente sostenibile. L'intarsio RFID senza plastica presenta un design privo di solventi e di effluenti, senza emissione di composti organici volatili (VOC) durante la produzione. L'antenna \u00e8 modellata con precisione grazie a tecniche di fustellatura che garantiscono curve e bordi uniformi, migliorando la sicurezza e riducendo l'impatto ambientale. HUAYUAN ritiene che questa tecnologia stabilir\u00e0 un nuovo standard per l'industria RFID nei prossimi anni.<\/p>\n<\/div>\n\n\n\n<div class=\"wp-block-column is-vertically-aligned-center is-layout-flow wp-block-column-is-layout-flow\" style=\"flex-basis:40%\">\n<figure class=\"wp-block-image size-large\"><img loading=\"lazy\" decoding=\"async\" width=\"1024\" height=\"683\" src=\"https:\/\/huayuansh.com\/wp-content\/uploads\/2024\/08\/HY301m7-Eco-RFID-Tag-1024x683.webp\" alt=\"\" class=\"wp-image-3733\" srcset=\"https:\/\/huayuansh.com\/wp-content\/uploads\/2024\/08\/HY301m7-Eco-RFID-Tag-1024x683.webp 1024w, https:\/\/huayuansh.com\/wp-content\/uploads\/2024\/08\/HY301m7-Eco-RFID-Tag-300x200.webp 300w, https:\/\/huayuansh.com\/wp-content\/uploads\/2024\/08\/HY301m7-Eco-RFID-Tag-768x512.webp 768w, https:\/\/huayuansh.com\/wp-content\/uploads\/2024\/08\/HY301m7-Eco-RFID-Tag.webp 1200w\" sizes=\"auto, (max-width: 1024px) 100vw, 1024px\" \/><\/figure>\n<\/div>\n<\/div>\n\n\n\n<h2 class=\"wp-block-heading\" id=\"h-key-features\">Caratteristiche principali<\/h2>\n\n\n\n<ul class=\"wp-block-list\">\n<li>Costruzione senza plastica: Le etichette Eco RFID sono completamente prive di componenti in plastica, riducendo in modo significativo l'inquinamento ambientale. Tutti i materiali utilizzati sono approvati dalla FDA e garantiscono sicurezza e sostenibilit\u00e0.<\/li>\n\n\n\n<li>Struttura semplificata: Il tradizionale substrato di plastica \u00e8 sostituito dalla carta, che funge da supporto per il transponder RFID, riducendo cos\u00ec la complessit\u00e0 e l'impatto ambientale del tag.<\/li>\n\n\n\n<li>Prestazioni elevate: Nonostante il loro design ecologico, i tag RFID sostenibili offrono prestazioni superiori senza un aumento significativo dei costi, il che li rende una scelta pratica per le aziende.<\/li>\n<\/ul>\n\n\n\n<h2 class=\"wp-block-heading\" id=\"h-eco-rfid-tags-for-retail\">Tag Eco RFID per la vendita al dettaglio<\/h2>\n\n\n\n<p>Le etichette Eco RFID sono particolarmente vantaggiose per il settore della vendita al dettaglio, dove la sostenibilit\u00e0 sta diventando un elemento di differenziazione fondamentale per i marchi. Adottando questi tag RFID ecologici, i rivenditori possono non solo migliorare l'efficienza della loro catena di approvvigionamento, ma anche dimostrare il loro impegno verso la responsabilit\u00e0 ambientale. La durata, le elevate prestazioni e l'economicit\u00e0 dei tag li rendono la scelta ideale per diverse applicazioni di vendita al dettaglio, dalla gestione dell'inventario alla prevenzione delle perdite.<\/p>\n\n\n\n<h3 class=\"wp-block-heading\" id=\"h-get-in-touch\">Contattateci<\/h3>\n\n\n\n<p>Mentre il mondo si sposta verso pratiche pi\u00f9 sostenibili, la tecnologia Eco RFID rappresenta un significativo passo avanti nella riduzione dell'impatto ambientale dei tag RFID. Le etichette Eco RFID di HUAYUAN offrono una soluzione pratica e scalabile che si allinea agli obiettivi globali di sostenibilit\u00e0. Eliminando i materiali nocivi e semplificando il processo di produzione, questi tag aprono la strada a un futuro pi\u00f9 sostenibile nella tecnologia RFID.<\/p>\n\n\n<style>.wp-block-kadence-advancedbtn.kb-btns993_1e0761-d9{gap:var(--global-kb-gap-xs, 0.5rem );justify-content:flex-start;align-items:center;}.kt-btns993_1e0761-d9 .kt-button{font-weight:normal;font-style:normal;}.kt-btns993_1e0761-d9 .kt-btn-wrap-0{margin-right:5px;}.wp-block-kadence-advancedbtn.kt-btns993_1e0761-d9 .kt-btn-wrap-0 .kt-button{color:#555555;border-color:#555555;}.wp-block-kadence-advancedbtn.kt-btns993_1e0761-d9 .kt-btn-wrap-0 .kt-button:hover, .wp-block-kadence-advancedbtn.kt-btns993_1e0761-d9 .kt-btn-wrap-0 .kt-button:focus{color:#ffffff;border-color:#444444;}.wp-block-kadence-advancedbtn.kt-btns993_1e0761-d9 .kt-btn-wrap-0 .kt-button::before{display:none;}.wp-block-kadence-advancedbtn.kt-btns993_1e0761-d9 .kt-btn-wrap-0 .kt-button:hover, .wp-block-kadence-advancedbtn.kt-btns993_1e0761-d9 .kt-btn-wrap-0 .kt-button:focus{background:#444444;}<\/style>\n<div class=\"wp-block-kadence-advancedbtn kb-buttons-wrap kb-btns993_1e0761-d9\"><style>ul.menu .wp-block-kadence-advancedbtn .kb-btn993_014686-80.kb-button{width:initial;}<\/style><a class=\"kb-button kt-button button kb-btn993_014686-80 kt-btn-size-standard kt-btn-width-type-auto kb-btn-global-inherit  kt-btn-has-text-true kt-btn-has-svg-false  wp-block-button__link wp-block-kadence-singlebtn\" href=\"https:\/\/huayuansh.com\/contact-us\/\"><span class=\"kt-btn-inner-text\">Contatto<\/span><\/a><\/div>","protected":false},"excerpt":{"rendered":"<p>Le etichette RFID tradizionali sono tipicamente composte da antenne in alluminio (AL) incise su substrati in PET, la maggior parte delle quali sono monouso e contribuiscono all'inquinamento ambientale. Il PET, un tipo di plastica, impiega centinaia di anni per degradarsi naturalmente, rappresentando una minaccia significativa per l'ambiente. Solo nel 2019, l'utilizzo globale di etichette RFID ha raggiunto circa 15 miliardi di...<\/p>","protected":false},"author":1,"featured_media":3734,"parent":2104,"menu_order":31,"comment_status":"closed","ping_status":"closed","template":"","meta":{"_kad_blocks_custom_css":"","_kad_blocks_head_custom_js":"","_kad_blocks_body_custom_js":"","_kad_blocks_footer_custom_js":"","_kadence_starter_templates_imported_post":false,"_kad_post_transparent":"","_kad_post_title":"","_kad_post_layout":"","_kad_post_sidebar_id":"","_kad_post_content_style":"","_kad_post_vertical_padding":"","_kad_post_feature":"","_kad_post_feature_position":"","_kad_post_header":false,"_kad_post_footer":false,"footnotes":""},"class_list":["post-993","page","type-page","status-publish","has-post-thumbnail","hentry"],"yoast_head":"<!-- This site is optimized with the Yoast SEO Premium plugin v23.0 (Yoast SEO v26.3) - https:\/\/yoast.com\/wordpress\/plugins\/seo\/ -->\n<title>Eco RFID Sustainable Tags | HUAYUAN RFID Tag Manufacturer<\/title>\n<meta name=\"description\" content=\"Discover Eco RFID technology: sustainable, plastic-free tags with high performance for retail. Learn how eco-friendly RFID solutions are revolutionizing the industry.\" \/>\n<meta name=\"robots\" content=\"index, follow, max-snippet:-1, max-image-preview:large, max-video-preview:-1\" \/>\n<link rel=\"canonical\" href=\"https:\/\/huayuansh.com\/it\/prodotti\/tag-rfid-eco-sostenibile\/\" \/>\n<meta property=\"og:locale\" content=\"it_IT\" \/>\n<meta property=\"og:type\" content=\"article\" \/>\n<meta property=\"og:title\" content=\"Eco RFID Sustainable Tags\" \/>\n<meta property=\"og:description\" content=\"Discover Eco RFID technology: sustainable, plastic-free tags with high performance for retail. Learn how eco-friendly RFID solutions are revolutionizing the industry.\" \/>\n<meta property=\"og:url\" content=\"https:\/\/huayuansh.com\/it\/prodotti\/tag-rfid-eco-sostenibile\/\" \/>\n<meta property=\"og:site_name\" content=\"HUAYUAN RFID Tag Manufacturer\" \/>\n<meta property=\"article:modified_time\" content=\"2024-08-22T10:36:40+00:00\" \/>\n<meta property=\"og:image\" content=\"https:\/\/huayuansh.com\/wp-content\/uploads\/2024\/08\/Eco-RFID-Technology-Sustainable-Tags.webp\" \/>\n\t<meta property=\"og:image:width\" content=\"1920\" \/>\n\t<meta property=\"og:image:height\" content=\"1080\" \/>\n\t<meta property=\"og:image:type\" content=\"image\/webp\" \/>\n<meta name=\"twitter:card\" content=\"summary_large_image\" \/>\n<meta name=\"twitter:label1\" content=\"Tempo di lettura stimato\" \/>\n\t<meta name=\"twitter:data1\" content=\"3 minuti\" \/>\n<script type=\"application\/ld+json\" class=\"yoast-schema-graph\">{\"@context\":\"https:\/\/schema.org\",\"@graph\":[{\"@type\":\"WebPage\",\"@id\":\"https:\/\/huayuansh.com\/products\/eco-rfid-sustainable-tags\/\",\"url\":\"https:\/\/huayuansh.com\/products\/eco-rfid-sustainable-tags\/\",\"name\":\"Eco RFID Sustainable Tags | HUAYUAN RFID Tag Manufacturer\",\"isPartOf\":{\"@id\":\"https:\/\/huayuansh.com\/#website\"},\"primaryImageOfPage\":{\"@id\":\"https:\/\/huayuansh.com\/products\/eco-rfid-sustainable-tags\/#primaryimage\"},\"image\":{\"@id\":\"https:\/\/huayuansh.com\/products\/eco-rfid-sustainable-tags\/#primaryimage\"},\"thumbnailUrl\":\"https:\/\/huayuansh.com\/wp-content\/uploads\/2024\/08\/Eco-RFID-Technology-Sustainable-Tags.webp\",\"datePublished\":\"2024-08-22T10:22:28+00:00\",\"dateModified\":\"2024-08-22T10:36:40+00:00\",\"description\":\"Discover Eco RFID technology: sustainable, plastic-free tags with high performance for retail. Learn how eco-friendly RFID solutions are revolutionizing the industry.\",\"breadcrumb\":{\"@id\":\"https:\/\/huayuansh.com\/products\/eco-rfid-sustainable-tags\/#breadcrumb\"},\"inLanguage\":\"it-IT\",\"potentialAction\":[{\"@type\":\"ReadAction\",\"target\":[\"https:\/\/huayuansh.com\/products\/eco-rfid-sustainable-tags\/\"]}]},{\"@type\":\"ImageObject\",\"inLanguage\":\"it-IT\",\"@id\":\"https:\/\/huayuansh.com\/products\/eco-rfid-sustainable-tags\/#primaryimage\",\"url\":\"https:\/\/huayuansh.com\/wp-content\/uploads\/2024\/08\/Eco-RFID-Technology-Sustainable-Tags.webp\",\"contentUrl\":\"https:\/\/huayuansh.com\/wp-content\/uploads\/2024\/08\/Eco-RFID-Technology-Sustainable-Tags.webp\",\"width\":1920,\"height\":1080},{\"@type\":\"BreadcrumbList\",\"@id\":\"https:\/\/huayuansh.com\/products\/eco-rfid-sustainable-tags\/#breadcrumb\",\"itemListElement\":[{\"@type\":\"ListItem\",\"position\":1,\"name\":\"Home\",\"item\":\"https:\/\/huayuansh.com\/\"},{\"@type\":\"ListItem\",\"position\":2,\"name\":\"RFID Products\",\"item\":\"https:\/\/huayuansh.com\/products\/\"},{\"@type\":\"ListItem\",\"position\":3,\"name\":\"Eco RFID Sustainable Tags\"}]},{\"@type\":\"WebSite\",\"@id\":\"https:\/\/huayuansh.com\/#website\",\"url\":\"https:\/\/huayuansh.com\/\",\"name\":\"HUAYUAN RFID Tag Manufacturer\",\"description\":\"HUAYUAN RFID Tag Manufacturer\",\"publisher\":{\"@id\":\"https:\/\/huayuansh.com\/#organization\"},\"potentialAction\":[{\"@type\":\"SearchAction\",\"target\":{\"@type\":\"EntryPoint\",\"urlTemplate\":\"https:\/\/huayuansh.com\/?s={search_term_string}\"},\"query-input\":{\"@type\":\"PropertyValueSpecification\",\"valueRequired\":true,\"valueName\":\"search_term_string\"}}],\"inLanguage\":\"it-IT\"},{\"@type\":\"Organization\",\"@id\":\"https:\/\/huayuansh.com\/#organization\",\"name\":\"HUAYUAN RFID Tag Manufacturer\",\"url\":\"https:\/\/huayuansh.com\/\",\"logo\":{\"@type\":\"ImageObject\",\"inLanguage\":\"it-IT\",\"@id\":\"https:\/\/huayuansh.com\/#\/schema\/logo\/image\/\",\"url\":\"https:\/\/huayuansh.com\/wp-content\/uploads\/2024\/09\/cropped-HUAYUAN.webp\",\"contentUrl\":\"https:\/\/huayuansh.com\/wp-content\/uploads\/2024\/09\/cropped-HUAYUAN.webp\",\"width\":895,\"height\":279,\"caption\":\"HUAYUAN RFID Tag Manufacturer\"},\"image\":{\"@id\":\"https:\/\/huayuansh.com\/#\/schema\/logo\/image\/\"}}]}<\/script>\n<!-- \/ Yoast SEO Premium plugin. -->","yoast_head_json":{"title":"Eco RFID Tag sostenibili | HUAYUAN Tag RFID Produttore","description":"Scoprite la tecnologia Eco RFID: tag sostenibili, privi di plastica e ad alte prestazioni per la vendita al dettaglio. Scoprite come le soluzioni RFID ecologiche stanno rivoluzionando il settore.","robots":{"index":"index","follow":"follow","max-snippet":"max-snippet:-1","max-image-preview":"max-image-preview:large","max-video-preview":"max-video-preview:-1"},"canonical":"https:\/\/huayuansh.com\/it\/prodotti\/tag-rfid-eco-sostenibile\/","og_locale":"it_IT","og_type":"article","og_title":"Eco RFID Sustainable Tags","og_description":"Discover Eco RFID technology: sustainable, plastic-free tags with high performance for retail. Learn how eco-friendly RFID solutions are revolutionizing the industry.","og_url":"https:\/\/huayuansh.com\/it\/prodotti\/tag-rfid-eco-sostenibile\/","og_site_name":"HUAYUAN RFID Tag Manufacturer","article_modified_time":"2024-08-22T10:36:40+00:00","og_image":[{"width":1920,"height":1080,"url":"https:\/\/huayuansh.com\/wp-content\/uploads\/2024\/08\/Eco-RFID-Technology-Sustainable-Tags.webp","type":"image\/webp"}],"twitter_card":"summary_large_image","twitter_misc":{"Tempo di lettura stimato":"3 minuti"},"schema":{"@context":"https:\/\/schema.org","@graph":[{"@type":"WebPage","@id":"https:\/\/huayuansh.com\/products\/eco-rfid-sustainable-tags\/","url":"https:\/\/huayuansh.com\/products\/eco-rfid-sustainable-tags\/","name":"Eco RFID Tag sostenibili | HUAYUAN Tag RFID Produttore","isPartOf":{"@id":"https:\/\/huayuansh.com\/#website"},"primaryImageOfPage":{"@id":"https:\/\/huayuansh.com\/products\/eco-rfid-sustainable-tags\/#primaryimage"},"image":{"@id":"https:\/\/huayuansh.com\/products\/eco-rfid-sustainable-tags\/#primaryimage"},"thumbnailUrl":"https:\/\/huayuansh.com\/wp-content\/uploads\/2024\/08\/Eco-RFID-Technology-Sustainable-Tags.webp","datePublished":"2024-08-22T10:22:28+00:00","dateModified":"2024-08-22T10:36:40+00:00","description":"Scoprite la tecnologia Eco RFID: tag sostenibili, privi di plastica e ad alte prestazioni per la vendita al dettaglio. Scoprite come le soluzioni RFID ecologiche stanno rivoluzionando il settore.","breadcrumb":{"@id":"https:\/\/huayuansh.com\/products\/eco-rfid-sustainable-tags\/#breadcrumb"},"inLanguage":"it-IT","potentialAction":[{"@type":"ReadAction","target":["https:\/\/huayuansh.com\/products\/eco-rfid-sustainable-tags\/"]}]},{"@type":"ImageObject","inLanguage":"it-IT","@id":"https:\/\/huayuansh.com\/products\/eco-rfid-sustainable-tags\/#primaryimage","url":"https:\/\/huayuansh.com\/wp-content\/uploads\/2024\/08\/Eco-RFID-Technology-Sustainable-Tags.webp","contentUrl":"https:\/\/huayuansh.com\/wp-content\/uploads\/2024\/08\/Eco-RFID-Technology-Sustainable-Tags.webp","width":1920,"height":1080},{"@type":"BreadcrumbList","@id":"https:\/\/huayuansh.com\/products\/eco-rfid-sustainable-tags\/#breadcrumb","itemListElement":[{"@type":"ListItem","position":1,"name":"Home","item":"https:\/\/huayuansh.com\/"},{"@type":"ListItem","position":2,"name":"RFID Products","item":"https:\/\/huayuansh.com\/products\/"},{"@type":"ListItem","position":3,"name":"Eco RFID Sustainable Tags"}]},{"@type":"WebSite","@id":"https:\/\/huayuansh.com\/#website","url":"https:\/\/huayuansh.com\/","name":"HUAYUAN Tag RFID Fornitore","description":"HUAYUAN Tag RFID Fornitore","publisher":{"@id":"https:\/\/huayuansh.com\/#organization"},"potentialAction":[{"@type":"SearchAction","target":{"@type":"EntryPoint","urlTemplate":"https:\/\/huayuansh.com\/?s={search_term_string}"},"query-input":{"@type":"PropertyValueSpecification","valueRequired":true,"valueName":"search_term_string"}}],"inLanguage":"it-IT"},{"@type":"Organization","@id":"https:\/\/huayuansh.com\/#organization","name":"HUAYUAN Tag RFID Fornitore","url":"https:\/\/huayuansh.com\/","logo":{"@type":"ImageObject","inLanguage":"it-IT","@id":"https:\/\/huayuansh.com\/#\/schema\/logo\/image\/","url":"https:\/\/huayuansh.com\/wp-content\/uploads\/2024\/09\/cropped-HUAYUAN.webp","contentUrl":"https:\/\/huayuansh.com\/wp-content\/uploads\/2024\/09\/cropped-HUAYUAN.webp","width":895,"height":279,"caption":"HUAYUAN RFID Tag Manufacturer"},"image":{"@id":"https:\/\/huayuansh.com\/#\/schema\/logo\/image\/"}}]}},"taxonomy_info":[],"featured_image_src_large":["https:\/\/huayuansh.com\/wp-content\/uploads\/2024\/08\/Eco-RFID-Technology-Sustainable-Tags-1024x576.webp",1024,576,true],"author_info":{"display_name":"HUAYUAN","author_link":"https:\/\/huayuansh.com\/it\/author\/shyec2024\/"},"comment_info":0,"_links":{"self":[{"href":"https:\/\/huayuansh.com\/it\/wp-json\/wp\/v2\/pages\/993","targetHints":{"allow":["GET"]}}],"collection":[{"href":"https:\/\/huayuansh.com\/it\/wp-json\/wp\/v2\/pages"}],"about":[{"href":"https:\/\/huayuansh.com\/it\/wp-json\/wp\/v2\/types\/page"}],"author":[{"embeddable":true,"href":"https:\/\/huayuansh.com\/it\/wp-json\/wp\/v2\/users\/1"}],"replies":[{"embeddable":true,"href":"https:\/\/huayuansh.com\/it\/wp-json\/wp\/v2\/comments?post=993"}],"version-history":[{"count":5,"href":"https:\/\/huayuansh.com\/it\/wp-json\/wp\/v2\/pages\/993\/revisions"}],"predecessor-version":[{"id":3737,"href":"https:\/\/huayuansh.com\/it\/wp-json\/wp\/v2\/pages\/993\/revisions\/3737"}],"up":[{"embeddable":true,"href":"https:\/\/huayuansh.com\/it\/wp-json\/wp\/v2\/pages\/2104"}],"wp:featuredmedia":[{"embeddable":true,"href":"https:\/\/huayuansh.com\/it\/wp-json\/wp\/v2\/media\/3734"}],"wp:attachment":[{"href":"https:\/\/huayuansh.com\/it\/wp-json\/wp\/v2\/media?parent=993"}],"curies":[{"name":"wp","href":"https:\/\/api.w.org\/{rel}","templated":true}]}}