{"id":1003,"date":"2024-06-28T16:30:02","date_gmt":"2024-06-28T08:30:02","guid":{"rendered":"https:\/\/test.huayuansh.com\/?page_id=1003"},"modified":"2024-08-21T10:29:56","modified_gmt":"2024-08-21T02:29:56","slug":"etiquetas-de-lavanderia-rfid","status":"publish","type":"page","link":"https:\/\/huayuansh.com\/pt\/produtos\/etiquetas-de-lavanderia-rfid\/","title":{"rendered":"Etiquetas RFID para roupa suja"},"content":{"rendered":"<p>No mundo da gest\u00e3o t\u00eaxtil, a tecnologia RFID est\u00e1 a transformar a forma como as empresas controlam e gerem as suas roupas de cama e vestu\u00e1rio. Quer se trate de um hotel, de uma unidade de cuidados de sa\u00fade ou de um servi\u00e7o de lavandaria, as etiquetas RFID para lavandaria oferecem uma solu\u00e7\u00e3o perfeita e eficiente para monitorizar os bens, minimizar as perdas e simplificar as opera\u00e7\u00f5es.<\/p>\n\n\n\n<p>Desde 2008, a HUAYUAN tem-se concentrado em melhorar a etiqueta RFID para roupa de cama. \u00c0 medida que as ind\u00fastrias de roupa de cama, aluguer e lavandaria evoluem, mais empresas est\u00e3o a adotar a tecnologia RFID para modernizar as suas opera\u00e7\u00f5es. A HUAYUAN oferece uma gama abrangente de etiquetas RFID concebidas para se integrarem perfeitamente na roupa de cama utilizada em hot\u00e9is, instala\u00e7\u00f5es de cuidados de sa\u00fade e vestu\u00e1rio de trabalho. Atualmente, milh\u00f5es das nossas etiquetas RFID para lavandaria est\u00e3o instaladas em todo o mundo, proporcionando um acompanhamento permanente de roupa de cama e vestu\u00e1rio.<\/p>\n\n\n\n<h2 class=\"wp-block-heading\" id=\"h-hlt-rfid-linen-tag\"><a href=\"https:\/\/huayuansh.com\/products\/rfid-laundry-tags\/hlt-uhf-rfid-laundry-tag\/\">Etiqueta RFID HLT para roupa de cama<\/a><\/h2>\n\n\n\n<div class=\"wp-block-columns are-vertically-aligned-center is-layout-flex wp-container-core-columns-is-layout-9d6595d7 wp-block-columns-is-layout-flex\">\n<div class=\"wp-block-column is-vertically-aligned-center is-layout-flow wp-block-column-is-layout-flow\" style=\"flex-basis:60%\">\n<p>Desde 2018, a HUAYUAN tem-se concentrado no avan\u00e7o da etiqueta RFID para lavandaria HLT RAIN. Fizemos melhorias significativas nos materiais e processos de produ\u00e7\u00e3o, incorporando designs propriet\u00e1rios que garantem que a antena e o chip permane\u00e7am robustos, mesmo nos ambientes industriais mais adversos. A etiqueta de lavandaria HLT RAIN possui um transponder flex\u00edvel, dur\u00e1vel e resistente ao calor, incorporado numa tira t\u00eaxtil. Oferece um rastreio fi\u00e1vel para uma vasta gama de bens t\u00eaxteis, incluindo roupa de cama, vestu\u00e1rio e uniformes. A etiqueta permite a transpar\u00eancia digital e a gest\u00e3o da roupa sem contacto ao longo de todo o processo - desde a recolha da roupa suja at\u00e9 \u00e0 lavagem e distribui\u00e7\u00e3o. O seu design fino, estreito e suave permite-lhe ser inserida mesmo nos t\u00eaxteis mais finos sem comprometer o conforto ou a est\u00e9tica.<\/p>\n<\/div>\n\n\n\n<div class=\"wp-block-column is-vertically-aligned-center is-layout-flow wp-block-column-is-layout-flow\" style=\"flex-basis:40%\"><div class=\"wp-block-image\">\n<figure class=\"aligncenter size-large\"><a href=\"https:\/\/huayuansh.com\/products\/rfid-laundry-tags\/hlt-uhf-rfid-laundry-tag\/\"><img loading=\"lazy\" decoding=\"async\" width=\"1024\" height=\"576\" src=\"https:\/\/huayuansh.com\/wp-content\/uploads\/2024\/08\/HLT-UHF-RFID-Laundry-Tag-1024x576.webp\" alt=\"\" class=\"wp-image-3699\" srcset=\"https:\/\/huayuansh.com\/wp-content\/uploads\/2024\/08\/HLT-UHF-RFID-Laundry-Tag-1024x576.webp 1024w, https:\/\/huayuansh.com\/wp-content\/uploads\/2024\/08\/HLT-UHF-RFID-Laundry-Tag-300x169.webp 300w, https:\/\/huayuansh.com\/wp-content\/uploads\/2024\/08\/HLT-UHF-RFID-Laundry-Tag-768x432.webp 768w, https:\/\/huayuansh.com\/wp-content\/uploads\/2024\/08\/HLT-UHF-RFID-Laundry-Tag-1536x864.webp 1536w, https:\/\/huayuansh.com\/wp-content\/uploads\/2024\/08\/HLT-UHF-RFID-Laundry-Tag.webp 1920w\" sizes=\"auto, (max-width: 1024px) 100vw, 1024px\" \/><\/a><\/figure><\/div><\/div>\n<\/div>\n\n\n\n<h2 class=\"wp-block-heading\" id=\"h-hst-silicone-rfid-laundry-tag\"><a href=\"https:\/\/huayuansh.com\/products\/rfid-laundry-tags\/hst-silicone-uhf-laundry-tag\/\">Etiqueta de silicone RFID para roupa suja HST<\/a><\/h2>\n\n\n\n<div class=\"wp-block-columns are-vertically-aligned-center is-layout-flex wp-container-core-columns-is-layout-9d6595d7 wp-block-columns-is-layout-flex\">\n<div class=\"wp-block-column is-vertically-aligned-center is-layout-flow wp-block-column-is-layout-flow\" style=\"flex-basis:60%\">\n<p>As etiquetas RFID para lavandaria em silicone da HST foram concebidas para utiliza\u00e7\u00e3o em ambientes exigentes de lavandaria industrial. Estas etiquetas pequenas e flex\u00edveis podem ser perfeitamente integradas em v\u00e1rios t\u00eaxteis, incluindo blusas, toalhas e uniformes m\u00e9dicos, proporcionando solu\u00e7\u00f5es de localiza\u00e7\u00e3o duradouras. Envolvidas em silicone suave e resistente, suportam mais de 200 ciclos de lavandaria industrial, resistindo a detergentes agressivos, esteriliza\u00e7\u00e3o, temperaturas elevadas at\u00e9 200\u00b0C e press\u00e3o at\u00e9 3 bar. Com um transponder RFID robusto alojado de forma segura no interior, estas etiquetas garantem um desempenho fi\u00e1vel durante toda a vida \u00fatil do t\u00eaxtil.<\/p>\n<\/div>\n\n\n\n<div class=\"wp-block-column is-vertically-aligned-center is-layout-flow wp-block-column-is-layout-flow\" style=\"flex-basis:40%\"><div class=\"wp-block-image\">\n<figure class=\"aligncenter size-large\"><a href=\"https:\/\/huayuansh.com\/products\/rfid-laundry-tags\/hst-silicone-uhf-laundry-tag\/\"><img loading=\"lazy\" decoding=\"async\" width=\"1024\" height=\"576\" src=\"https:\/\/huayuansh.com\/wp-content\/uploads\/2024\/08\/HST-Silicone-UHF-Laundry-Tag-1024x576.webp\" alt=\"\" class=\"wp-image-3692\" srcset=\"https:\/\/huayuansh.com\/wp-content\/uploads\/2024\/08\/HST-Silicone-UHF-Laundry-Tag-1024x576.webp 1024w, https:\/\/huayuansh.com\/wp-content\/uploads\/2024\/08\/HST-Silicone-UHF-Laundry-Tag-300x169.webp 300w, https:\/\/huayuansh.com\/wp-content\/uploads\/2024\/08\/HST-Silicone-UHF-Laundry-Tag-768x432.webp 768w, https:\/\/huayuansh.com\/wp-content\/uploads\/2024\/08\/HST-Silicone-UHF-Laundry-Tag-1536x864.webp 1536w, https:\/\/huayuansh.com\/wp-content\/uploads\/2024\/08\/HST-Silicone-UHF-Laundry-Tag.webp 1920w\" sizes=\"auto, (max-width: 1024px) 100vw, 1024px\" \/><\/a><\/figure><\/div><\/div>\n<\/div>\n\n\n\n<h2 class=\"wp-block-heading\" id=\"h-hlb-rfid-laundry-button\"><a href=\"https:\/\/huayuansh.com\/products\/rfid-laundry-tags\/hlb-rfid-laundry-button\/\">Bot\u00e3o de lavagem de roupa RFID HLB<\/a><\/h2>\n\n\n\n<div class=\"wp-block-columns are-vertically-aligned-center is-layout-flex wp-container-core-columns-is-layout-9d6595d7 wp-block-columns-is-layout-flex\">\n<div class=\"wp-block-column is-vertically-aligned-center is-layout-flow wp-block-column-is-layout-flow\" style=\"flex-basis:60%\">\n<p>O HLB RFID Laundry Button \u00e9 uma etiqueta NFC robusta fabricada atrav\u00e9s de um processo de moldagem por inje\u00e7\u00e3o dupla. Esta etiqueta \u00e9 \u00e0 prova de \u00e1gua, altamente resistente a l\u00edquidos agressivos e funciona de forma fi\u00e1vel numa vasta gama de temperaturas. Embora os transponders UHF para lavandaria dominem o mercado, h\u00e1 cen\u00e1rios em que as etiquetas NFC s\u00e3o necess\u00e1rias, especialmente para aplica\u00e7\u00f5es de telem\u00f3veis. O bot\u00e3o RFID para lavandaria HLB PPS satisfaz estas necessidades, tornando-o a escolha ideal para identificar e rastrear t\u00eaxteis em lavandarias industriais, hot\u00e9is, hospitais e servi\u00e7os de aluguer de roupa.<\/p>\n<\/div>\n\n\n\n<div class=\"wp-block-column is-vertically-aligned-center is-layout-flow wp-block-column-is-layout-flow\" style=\"flex-basis:40%\"><div class=\"wp-block-image\">\n<figure class=\"aligncenter size-large\"><a href=\"https:\/\/huayuansh.com\/products\/rfid-laundry-tags\/hlb-rfid-laundry-button\/\"><img loading=\"lazy\" decoding=\"async\" width=\"1024\" height=\"576\" src=\"https:\/\/huayuansh.com\/wp-content\/uploads\/2024\/08\/HLB-RFID-Laundry-Button-1024x576.webp\" alt=\"\" class=\"wp-image-3689\" srcset=\"https:\/\/huayuansh.com\/wp-content\/uploads\/2024\/08\/HLB-RFID-Laundry-Button-1024x576.webp 1024w, https:\/\/huayuansh.com\/wp-content\/uploads\/2024\/08\/HLB-RFID-Laundry-Button-300x169.webp 300w, https:\/\/huayuansh.com\/wp-content\/uploads\/2024\/08\/HLB-RFID-Laundry-Button-768x432.webp 768w, https:\/\/huayuansh.com\/wp-content\/uploads\/2024\/08\/HLB-RFID-Laundry-Button-1536x864.webp 1536w, https:\/\/huayuansh.com\/wp-content\/uploads\/2024\/08\/HLB-RFID-Laundry-Button.webp 1920w\" sizes=\"auto, (max-width: 1024px) 100vw, 1024px\" \/><\/a><\/figure><\/div><\/div>\n<\/div>\n\n\n\n<h3 class=\"wp-block-heading\" id=\"h-get-in-touch\">Entrar em contacto<\/h3>\n\n\n\n<p>Pronto para melhorar as suas opera\u00e7\u00f5es de gest\u00e3o t\u00eaxtil? Descubra as etiquetas RFID para lavandaria da HUAYUAN e encontre a solu\u00e7\u00e3o perfeita para as suas necessidades comerciais.<\/p>\n\n\n<style>.wp-block-kadence-advancedbtn.kb-btns1003_de222f-e4{gap:var(--global-kb-gap-xs, 0.5rem );justify-content:flex-start;align-items:center;}.kt-btns1003_de222f-e4 .kt-button{font-weight:normal;font-style:normal;}.kt-btns1003_de222f-e4 .kt-btn-wrap-0{margin-right:5px;}.wp-block-kadence-advancedbtn.kt-btns1003_de222f-e4 .kt-btn-wrap-0 .kt-button{color:#555555;border-color:#555555;}.wp-block-kadence-advancedbtn.kt-btns1003_de222f-e4 .kt-btn-wrap-0 .kt-button:hover, .wp-block-kadence-advancedbtn.kt-btns1003_de222f-e4 .kt-btn-wrap-0 .kt-button:focus{color:#ffffff;border-color:#444444;}.wp-block-kadence-advancedbtn.kt-btns1003_de222f-e4 .kt-btn-wrap-0 .kt-button::before{display:none;}.wp-block-kadence-advancedbtn.kt-btns1003_de222f-e4 .kt-btn-wrap-0 .kt-button:hover, .wp-block-kadence-advancedbtn.kt-btns1003_de222f-e4 .kt-btn-wrap-0 .kt-button:focus{background:#444444;}<\/style>\n<div class=\"wp-block-kadence-advancedbtn kb-buttons-wrap kb-btns1003_de222f-e4\"><style>ul.menu .wp-block-kadence-advancedbtn .kb-btn1003_8828c4-07.kb-button{width:initial;}<\/style><a class=\"kb-button kt-button button kb-btn1003_8828c4-07 kt-btn-size-standard kt-btn-width-type-auto kb-btn-global-inherit  kt-btn-has-text-true kt-btn-has-svg-false  wp-block-button__link wp-block-kadence-singlebtn\" href=\"https:\/\/huayuansh.com\/contact-us\/\"><span class=\"kt-btn-inner-text\">Contactar-nos<\/span><\/a><\/div>","protected":false},"excerpt":{"rendered":"<p>No mundo da gest\u00e3o t\u00eaxtil, a tecnologia RFID est\u00e1 a transformar a forma como as empresas controlam e gerem as suas roupas de cama e vestu\u00e1rio. Quer se trate de um hotel, de uma unidade de cuidados de sa\u00fade ou de um servi\u00e7o de lavandaria, as etiquetas RFID para lavandaria oferecem uma solu\u00e7\u00e3o perfeita e eficiente para monitorizar os bens, minimizar as perdas e simplificar as opera\u00e7\u00f5es. Desde 2008, a HUAYUAN tem-se concentrado em melhorar a...<\/p>","protected":false},"author":1,"featured_media":3706,"parent":2104,"menu_order":34,"comment_status":"closed","ping_status":"closed","template":"","meta":{"_kad_blocks_custom_css":"","_kad_blocks_head_custom_js":"","_kad_blocks_body_custom_js":"","_kad_blocks_footer_custom_js":"","_kadence_starter_templates_imported_post":false,"_kad_post_transparent":"","_kad_post_title":"","_kad_post_layout":"","_kad_post_sidebar_id":"","_kad_post_content_style":"","_kad_post_vertical_padding":"","_kad_post_feature":"","_kad_post_feature_position":"","_kad_post_header":false,"_kad_post_footer":false,"footnotes":""},"class_list":["post-1003","page","type-page","status-publish","has-post-thumbnail","hentry"],"yoast_head":"<!-- This site is optimized with the Yoast SEO Premium plugin v23.0 (Yoast SEO v26.3) - https:\/\/yoast.com\/wordpress\/plugins\/seo\/ -->\n<title>RFID Laundry Tags | HUAYUAN RFID Tag Manufacturer<\/title>\n<meta name=\"robots\" content=\"index, follow, max-snippet:-1, max-image-preview:large, max-video-preview:-1\" \/>\n<link rel=\"canonical\" href=\"https:\/\/huayuansh.com\/pt\/produtos\/etiquetas-de-lavanderia-rfid\/\" \/>\n<meta property=\"og:locale\" content=\"pt_PT\" \/>\n<meta property=\"og:type\" content=\"article\" \/>\n<meta property=\"og:title\" content=\"RFID Laundry Tags\" \/>\n<meta property=\"og:description\" content=\"In the world of textile management, RFID technology is transforming the way businesses track and manage their linens and garments. Whether you operate a hotel, healthcare facility, or laundry service, RFID laundry tags offer a seamless and efficient solution to monitor assets, minimize losses, and streamline operations. Since 2008, HUAYUAN has focused on enhancing the...\" \/>\n<meta property=\"og:url\" content=\"https:\/\/huayuansh.com\/pt\/produtos\/etiquetas-de-lavanderia-rfid\/\" \/>\n<meta property=\"og:site_name\" content=\"HUAYUAN RFID Tag Manufacturer\" \/>\n<meta property=\"article:modified_time\" content=\"2024-08-21T02:29:56+00:00\" \/>\n<meta property=\"og:image\" content=\"https:\/\/huayuansh.com\/wp-content\/uploads\/2024\/08\/HUAYUAN-RFID-Laundry-Tag-Product-Collection.webp\" \/>\n\t<meta property=\"og:image:width\" content=\"1920\" \/>\n\t<meta property=\"og:image:height\" content=\"1080\" \/>\n\t<meta property=\"og:image:type\" content=\"image\/webp\" \/>\n<meta name=\"twitter:card\" content=\"summary_large_image\" \/>\n<meta name=\"twitter:label1\" content=\"Tempo estimado de leitura\" \/>\n\t<meta name=\"twitter:data1\" content=\"3 minutos\" \/>\n<script type=\"application\/ld+json\" class=\"yoast-schema-graph\">{\"@context\":\"https:\/\/schema.org\",\"@graph\":[{\"@type\":\"WebPage\",\"@id\":\"https:\/\/huayuansh.com\/products\/rfid-laundry-tags\/\",\"url\":\"https:\/\/huayuansh.com\/products\/rfid-laundry-tags\/\",\"name\":\"RFID Laundry Tags | HUAYUAN RFID Tag Manufacturer\",\"isPartOf\":{\"@id\":\"https:\/\/huayuansh.com\/#website\"},\"primaryImageOfPage\":{\"@id\":\"https:\/\/huayuansh.com\/products\/rfid-laundry-tags\/#primaryimage\"},\"image\":{\"@id\":\"https:\/\/huayuansh.com\/products\/rfid-laundry-tags\/#primaryimage\"},\"thumbnailUrl\":\"https:\/\/huayuansh.com\/wp-content\/uploads\/2024\/08\/HUAYUAN-RFID-Laundry-Tag-Product-Collection.webp\",\"datePublished\":\"2024-06-28T08:30:02+00:00\",\"dateModified\":\"2024-08-21T02:29:56+00:00\",\"breadcrumb\":{\"@id\":\"https:\/\/huayuansh.com\/products\/rfid-laundry-tags\/#breadcrumb\"},\"inLanguage\":\"pt-PT\",\"potentialAction\":[{\"@type\":\"ReadAction\",\"target\":[\"https:\/\/huayuansh.com\/products\/rfid-laundry-tags\/\"]}]},{\"@type\":\"ImageObject\",\"inLanguage\":\"pt-PT\",\"@id\":\"https:\/\/huayuansh.com\/products\/rfid-laundry-tags\/#primaryimage\",\"url\":\"https:\/\/huayuansh.com\/wp-content\/uploads\/2024\/08\/HUAYUAN-RFID-Laundry-Tag-Product-Collection.webp\",\"contentUrl\":\"https:\/\/huayuansh.com\/wp-content\/uploads\/2024\/08\/HUAYUAN-RFID-Laundry-Tag-Product-Collection.webp\",\"width\":1920,\"height\":1080},{\"@type\":\"BreadcrumbList\",\"@id\":\"https:\/\/huayuansh.com\/products\/rfid-laundry-tags\/#breadcrumb\",\"itemListElement\":[{\"@type\":\"ListItem\",\"position\":1,\"name\":\"Home\",\"item\":\"https:\/\/huayuansh.com\/\"},{\"@type\":\"ListItem\",\"position\":2,\"name\":\"RFID Products\",\"item\":\"https:\/\/huayuansh.com\/products\/\"},{\"@type\":\"ListItem\",\"position\":3,\"name\":\"RFID Laundry Tags\"}]},{\"@type\":\"WebSite\",\"@id\":\"https:\/\/huayuansh.com\/#website\",\"url\":\"https:\/\/huayuansh.com\/\",\"name\":\"HUAYUAN RFID Tag Manufacturer\",\"description\":\"HUAYUAN RFID Tag Manufacturer\",\"publisher\":{\"@id\":\"https:\/\/huayuansh.com\/#organization\"},\"potentialAction\":[{\"@type\":\"SearchAction\",\"target\":{\"@type\":\"EntryPoint\",\"urlTemplate\":\"https:\/\/huayuansh.com\/?s={search_term_string}\"},\"query-input\":{\"@type\":\"PropertyValueSpecification\",\"valueRequired\":true,\"valueName\":\"search_term_string\"}}],\"inLanguage\":\"pt-PT\"},{\"@type\":\"Organization\",\"@id\":\"https:\/\/huayuansh.com\/#organization\",\"name\":\"HUAYUAN RFID Tag Manufacturer\",\"url\":\"https:\/\/huayuansh.com\/\",\"logo\":{\"@type\":\"ImageObject\",\"inLanguage\":\"pt-PT\",\"@id\":\"https:\/\/huayuansh.com\/#\/schema\/logo\/image\/\",\"url\":\"https:\/\/huayuansh.com\/wp-content\/uploads\/2024\/09\/cropped-HUAYUAN.webp\",\"contentUrl\":\"https:\/\/huayuansh.com\/wp-content\/uploads\/2024\/09\/cropped-HUAYUAN.webp\",\"width\":895,\"height\":279,\"caption\":\"HUAYUAN RFID Tag Manufacturer\"},\"image\":{\"@id\":\"https:\/\/huayuansh.com\/#\/schema\/logo\/image\/\"}}]}<\/script>\n<!-- \/ Yoast SEO Premium plugin. -->","yoast_head_json":{"title":"Etiquetas RFID para Lavandaria | HUAYUAN RFID Tag Fabricante","robots":{"index":"index","follow":"follow","max-snippet":"max-snippet:-1","max-image-preview":"max-image-preview:large","max-video-preview":"max-video-preview:-1"},"canonical":"https:\/\/huayuansh.com\/pt\/produtos\/etiquetas-de-lavanderia-rfid\/","og_locale":"pt_PT","og_type":"article","og_title":"RFID Laundry Tags","og_description":"In the world of textile management, RFID technology is transforming the way businesses track and manage their linens and garments. Whether you operate a hotel, healthcare facility, or laundry service, RFID laundry tags offer a seamless and efficient solution to monitor assets, minimize losses, and streamline operations. Since 2008, HUAYUAN has focused on enhancing the...","og_url":"https:\/\/huayuansh.com\/pt\/produtos\/etiquetas-de-lavanderia-rfid\/","og_site_name":"HUAYUAN RFID Tag Manufacturer","article_modified_time":"2024-08-21T02:29:56+00:00","og_image":[{"width":1920,"height":1080,"url":"https:\/\/huayuansh.com\/wp-content\/uploads\/2024\/08\/HUAYUAN-RFID-Laundry-Tag-Product-Collection.webp","type":"image\/webp"}],"twitter_card":"summary_large_image","twitter_misc":{"Tempo estimado de leitura":"3 minutos"},"schema":{"@context":"https:\/\/schema.org","@graph":[{"@type":"WebPage","@id":"https:\/\/huayuansh.com\/products\/rfid-laundry-tags\/","url":"https:\/\/huayuansh.com\/products\/rfid-laundry-tags\/","name":"Etiquetas RFID para Lavandaria | HUAYUAN RFID Tag Fabricante","isPartOf":{"@id":"https:\/\/huayuansh.com\/#website"},"primaryImageOfPage":{"@id":"https:\/\/huayuansh.com\/products\/rfid-laundry-tags\/#primaryimage"},"image":{"@id":"https:\/\/huayuansh.com\/products\/rfid-laundry-tags\/#primaryimage"},"thumbnailUrl":"https:\/\/huayuansh.com\/wp-content\/uploads\/2024\/08\/HUAYUAN-RFID-Laundry-Tag-Product-Collection.webp","datePublished":"2024-06-28T08:30:02+00:00","dateModified":"2024-08-21T02:29:56+00:00","breadcrumb":{"@id":"https:\/\/huayuansh.com\/products\/rfid-laundry-tags\/#breadcrumb"},"inLanguage":"pt-PT","potentialAction":[{"@type":"ReadAction","target":["https:\/\/huayuansh.com\/products\/rfid-laundry-tags\/"]}]},{"@type":"ImageObject","inLanguage":"pt-PT","@id":"https:\/\/huayuansh.com\/products\/rfid-laundry-tags\/#primaryimage","url":"https:\/\/huayuansh.com\/wp-content\/uploads\/2024\/08\/HUAYUAN-RFID-Laundry-Tag-Product-Collection.webp","contentUrl":"https:\/\/huayuansh.com\/wp-content\/uploads\/2024\/08\/HUAYUAN-RFID-Laundry-Tag-Product-Collection.webp","width":1920,"height":1080},{"@type":"BreadcrumbList","@id":"https:\/\/huayuansh.com\/products\/rfid-laundry-tags\/#breadcrumb","itemListElement":[{"@type":"ListItem","position":1,"name":"Home","item":"https:\/\/huayuansh.com\/"},{"@type":"ListItem","position":2,"name":"RFID Products","item":"https:\/\/huayuansh.com\/products\/"},{"@type":"ListItem","position":3,"name":"RFID Laundry Tags"}]},{"@type":"WebSite","@id":"https:\/\/huayuansh.com\/#website","url":"https:\/\/huayuansh.com\/","name":"Fabricante de etiquetas RFID HUAYUAN","description":"Fabricante de etiquetas RFID HUAYUAN","publisher":{"@id":"https:\/\/huayuansh.com\/#organization"},"potentialAction":[{"@type":"SearchAction","target":{"@type":"EntryPoint","urlTemplate":"https:\/\/huayuansh.com\/?s={search_term_string}"},"query-input":{"@type":"PropertyValueSpecification","valueRequired":true,"valueName":"search_term_string"}}],"inLanguage":"pt-PT"},{"@type":"Organization","@id":"https:\/\/huayuansh.com\/#organization","name":"Fabricante de etiquetas RFID HUAYUAN","url":"https:\/\/huayuansh.com\/","logo":{"@type":"ImageObject","inLanguage":"pt-PT","@id":"https:\/\/huayuansh.com\/#\/schema\/logo\/image\/","url":"https:\/\/huayuansh.com\/wp-content\/uploads\/2024\/09\/cropped-HUAYUAN.webp","contentUrl":"https:\/\/huayuansh.com\/wp-content\/uploads\/2024\/09\/cropped-HUAYUAN.webp","width":895,"height":279,"caption":"HUAYUAN RFID Tag Manufacturer"},"image":{"@id":"https:\/\/huayuansh.com\/#\/schema\/logo\/image\/"}}]}},"taxonomy_info":[],"featured_image_src_large":["https:\/\/huayuansh.com\/wp-content\/uploads\/2024\/08\/HUAYUAN-RFID-Laundry-Tag-Product-Collection-1024x576.webp",1024,576,true],"author_info":{"display_name":"HUAYUAN","author_link":"https:\/\/huayuansh.com\/pt\/author\/shyec2024\/"},"comment_info":0,"_links":{"self":[{"href":"https:\/\/huayuansh.com\/pt\/wp-json\/wp\/v2\/pages\/1003","targetHints":{"allow":["GET"]}}],"collection":[{"href":"https:\/\/huayuansh.com\/pt\/wp-json\/wp\/v2\/pages"}],"about":[{"href":"https:\/\/huayuansh.com\/pt\/wp-json\/wp\/v2\/types\/page"}],"author":[{"embeddable":true,"href":"https:\/\/huayuansh.com\/pt\/wp-json\/wp\/v2\/users\/1"}],"replies":[{"embeddable":true,"href":"https:\/\/huayuansh.com\/pt\/wp-json\/wp\/v2\/comments?post=1003"}],"version-history":[{"count":5,"href":"https:\/\/huayuansh.com\/pt\/wp-json\/wp\/v2\/pages\/1003\/revisions"}],"predecessor-version":[{"id":3708,"href":"https:\/\/huayuansh.com\/pt\/wp-json\/wp\/v2\/pages\/1003\/revisions\/3708"}],"up":[{"embeddable":true,"href":"https:\/\/huayuansh.com\/pt\/wp-json\/wp\/v2\/pages\/2104"}],"wp:featuredmedia":[{"embeddable":true,"href":"https:\/\/huayuansh.com\/pt\/wp-json\/wp\/v2\/media\/3706"}],"wp:attachment":[{"href":"https:\/\/huayuansh.com\/pt\/wp-json\/wp\/v2\/media?parent=1003"}],"curies":[{"name":"wp","href":"https:\/\/api.w.org\/{rel}","templated":true}]}}