{"id":3,"date":"2024-01-08T08:57:46","date_gmt":"2024-01-08T08:57:46","guid":{"rendered":"https:\/\/test.huayuansh.com\/?page_id=3"},"modified":"2024-07-22T16:29:08","modified_gmt":"2024-07-22T08:29:08","slug":"politica-de-privacidade","status":"publish","type":"page","link":"https:\/\/huayuansh.com\/pt\/politica-de-privacidade\/","title":{"rendered":"Pol\u00edtica de privacidade"},"content":{"rendered":"<p><strong>\u00daltima atualiza\u00e7\u00e3o: julho de 2024<\/strong><\/p>\n\n\n\n<p>A presente pol\u00edtica de privacidade descreve as pol\u00edticas da Shanghai HUAYUAN Electronic Co., Ltd, 517, B-Bld, No. 399 Hengnan Rd, Shanghai 201112, China, e-mail: contact@huayuansh.com, telefone: +86 21 54246151 sobre a recolha, utiliza\u00e7\u00e3o e divulga\u00e7\u00e3o das suas informa\u00e7\u00f5es que recolhemos quando utiliza o nosso s\u00edtio Web ( https:\/\/huayuansh.com ). (o \"Servi\u00e7o\"). Ao aceder ou utilizar o Servi\u00e7o, est\u00e1 a consentir a recolha, utiliza\u00e7\u00e3o e divulga\u00e7\u00e3o das suas informa\u00e7\u00f5es de acordo com esta Pol\u00edtica de Privacidade. Se n\u00e3o concordar com o mesmo, por favor n\u00e3o aceda ou utilize o Servi\u00e7o.<br>Podemos modificar esta Pol\u00edtica de Privacidade em qualquer altura sem qualquer aviso pr\u00e9vio ao utilizador e publicaremos a Pol\u00edtica de Privacidade revista no Servi\u00e7o. A Pol\u00edtica revista entrar\u00e1 em vigor 180 dias ap\u00f3s a publica\u00e7\u00e3o da Pol\u00edtica revista no Servi\u00e7o e o seu acesso ou utiliza\u00e7\u00e3o continuada do Servi\u00e7o ap\u00f3s esse per\u00edodo constituir\u00e1 a sua aceita\u00e7\u00e3o da Pol\u00edtica de Privacidade revista. Por conseguinte, recomendamos que reveja periodicamente esta p\u00e1gina.<\/p>\n\n\n\n<hr class=\"wp-block-separator has-text-color has-theme-palette-7-color has-alpha-channel-opacity has-theme-palette-7-background-color has-background is-style-wide\"\/>\n\n\n<style>.kb-table-of-content-nav.kb-table-of-content-id3_b4c6ca-9d .kb-table-of-content-wrap{padding-top:var(--global-kb-spacing-sm, 1.5rem);padding-right:var(--global-kb-spacing-sm, 1.5rem);padding-bottom:var(--global-kb-spacing-sm, 1.5rem);padding-left:var(--global-kb-spacing-sm, 1.5rem);}.kb-table-of-content-nav.kb-table-of-content-id3_b4c6ca-9d .kb-table-of-contents-title-wrap{padding-top:0px;padding-right:0px;padding-bottom:0px;padding-left:0px;}.kb-table-of-content-nav.kb-table-of-content-id3_b4c6ca-9d .kb-table-of-contents-title{font-weight:regular;font-style:normal;}.kb-table-of-content-nav.kb-table-of-content-id3_b4c6ca-9d .kb-table-of-content-wrap .kb-table-of-content-list{font-weight:regular;font-style:normal;margin-top:var(--global-kb-spacing-sm, 1.5rem);margin-right:0px;margin-bottom:0px;margin-left:0px;}<\/style>\n\n\n<h2 class=\"wp-block-heading\" id=\"information-we-collect\">Informa\u00e7\u00f5es que recolhemos:<\/h2>\n\n\n\n<p>Iremos recolher e processar as seguintes informa\u00e7\u00f5es pessoais sobre o utilizador:<\/p>\n\n\n\n<ul class=\"wp-block-list\">\n<li>G\u00e9nero<\/li>\n\n\n\n<li>Nome<\/li>\n\n\n\n<li>Correio eletr\u00f3nico<\/li>\n\n\n\n<li>Telefone<\/li>\n\n\n\n<li>Nome da empresa<\/li>\n\n\n\n<li>S\u00edtio Web<\/li>\n\n\n\n<li>Endere\u00e7o profissional<\/li>\n\n\n\n<li>Segmento de neg\u00f3cio<\/li>\n\n\n\n<li>Tipo de cliente<\/li>\n\n\n\n<li>Volume potencial<\/li>\n\n\n\n<li>Viagem do utilizador<\/li>\n<\/ul>\n\n\n\n<h2 class=\"wp-block-heading\" id=\"how-we-use-your-information\">Como utilizamos as suas informa\u00e7\u00f5es:<\/h2>\n\n\n\n<p>Utilizaremos as informa\u00e7\u00f5es que recolhemos sobre o utilizador para os seguintes fins<\/p>\n\n\n\n<ul class=\"wp-block-list\">\n<li>Marketing\/Promocional<\/li>\n\n\n\n<li>Apoio<\/li>\n\n\n\n<li>Gerir a encomenda do cliente<\/li>\n<\/ul>\n\n\n\n<p>Se pretendermos utilizar as suas informa\u00e7\u00f5es para qualquer outro fim, solicitaremos o seu consentimento e utilizaremos as suas informa\u00e7\u00f5es apenas depois de recebermos o seu consentimento e, em seguida, apenas para o(s) fim(ns) para o(s) qual(is) concedeu o seu consentimento, a menos que sejamos obrigados por lei a fazer o contr\u00e1rio.<\/p>\n\n\n\n<h2 class=\"wp-block-heading\" id=\"how-we-share-your-information\">Como partilhamos as suas informa\u00e7\u00f5es:<\/h2>\n\n\n\n<p>N\u00e3o transferiremos as suas informa\u00e7\u00f5es pessoais para terceiros sem o seu consentimento, exceto em circunst\u00e2ncias limitadas, conforme descrito abaixo:<\/p>\n\n\n\n<ul class=\"wp-block-list\">\n<li>Servi\u00e7o de an\u00fancios<\/li>\n\n\n\n<li>Anal\u00edtica<\/li>\n\n\n\n<li>Recolha e tratamento de dados<\/li>\n<\/ul>\n\n\n\n<p>Exigimos que esses terceiros utilizem as informa\u00e7\u00f5es pessoais que lhes transferimos apenas para os fins para os quais foram transferidas e que n\u00e3o as conservem por mais tempo do que o necess\u00e1rio para cumprir os referidos fins.<br>Tamb\u00e9m podemos divulgar as suas informa\u00e7\u00f5es pessoais para o seguinte: (1) para cumprir a lei aplic\u00e1vel, regulamento, ordem judicial ou outro processo legal; (2) para fazer cumprir os seus acordos connosco, incluindo esta Pol\u00edtica de Privacidade; ou (3) para responder a reclama\u00e7\u00f5es de que a sua utiliza\u00e7\u00e3o do Servi\u00e7o viola quaisquer direitos de terceiros. Se o Servi\u00e7o ou a nossa empresa for fundido ou adquirido por outra empresa, as suas informa\u00e7\u00f5es ser\u00e3o um dos activos transferidos para o novo propriet\u00e1rio.<\/p>\n\n\n\n<h2 class=\"wp-block-heading\" id=\"retention-of-your-information\">Reten\u00e7\u00e3o das informa\u00e7\u00f5es do utilizador:<\/h2>\n\n\n\n<p>Conservaremos as suas informa\u00e7\u00f5es pessoais connosco durante 90 dias ou durante o tempo necess\u00e1rio para cumprir os objectivos para os quais foram recolhidas, conforme descrito na presente Pol\u00edtica de Privacidade. Poderemos ter de conservar determinadas informa\u00e7\u00f5es durante per\u00edodos mais longos, como a manuten\u00e7\u00e3o de registos\/relat\u00f3rios de acordo com a legisla\u00e7\u00e3o aplic\u00e1vel ou por outros motivos leg\u00edtimos, como a aplica\u00e7\u00e3o de direitos legais, a preven\u00e7\u00e3o de fraudes, etc. As informa\u00e7\u00f5es an\u00f3nimas residuais e as informa\u00e7\u00f5es agregadas, nenhuma das quais o identifica (direta ou indiretamente), podem ser armazenadas indefinidamente.<\/p>\n\n\n\n<h2 class=\"wp-block-heading\" id=\"your-rights\">Os seus direitos:<\/h2>\n\n\n\n<p>Dependendo da lei aplic\u00e1vel, pode ter o direito de aceder e retificar ou apagar os seus dados pessoais ou receber uma c\u00f3pia dos seus dados pessoais, restringir ou opor-se ao processamento ativo dos seus dados, pedir-nos para partilhar (portar) as suas informa\u00e7\u00f5es pessoais com outra entidade, retirar qualquer consentimento que nos tenha dado para processar os seus dados, o direito de apresentar uma queixa junto de uma autoridade estatut\u00e1ria e outros direitos que possam ser relevantes ao abrigo da legisla\u00e7\u00e3o aplic\u00e1vel. Para exercer estes direitos, pode escrever-nos para info@tex-bit.com. Responderemos ao seu pedido em conformidade com a legisla\u00e7\u00e3o aplic\u00e1vel.<br>Tenha em aten\u00e7\u00e3o que, se n\u00e3o nos autorizar a recolher ou processar as informa\u00e7\u00f5es pessoais necess\u00e1rias ou se retirar o consentimento para o processamento das mesmas para os fins pretendidos, poder\u00e1 n\u00e3o conseguir aceder ou utilizar os servi\u00e7os para os quais as suas informa\u00e7\u00f5es foram solicitadas.<\/p>\n\n\n\n<h2 class=\"wp-block-heading\" id=\"cookies-etc\">Cookies Etc.<\/h2>\n\n\n\n<p>Para saber mais sobre a forma como as utilizamos e as suas escolhas em rela\u00e7\u00e3o a estas tecnologias de rastreio, consulte a nossa Pol\u00edtica de Cookies.<\/p>\n\n\n\n<h2 class=\"wp-block-heading\" id=\"security\">Seguran\u00e7a:<\/h2>\n\n\n\n<p>A seguran\u00e7a das suas informa\u00e7\u00f5es \u00e9 importante para n\u00f3s e utilizaremos medidas de seguran\u00e7a razo\u00e1veis para evitar a perda, utiliza\u00e7\u00e3o indevida ou altera\u00e7\u00e3o n\u00e3o autorizada das suas informa\u00e7\u00f5es sob o nosso controlo. No entanto, tendo em conta os riscos inerentes, n\u00e3o podemos garantir uma seguran\u00e7a absoluta e, consequentemente, n\u00e3o podemos assegurar ou garantir a seguran\u00e7a de quaisquer informa\u00e7\u00f5es que nos transmita e f\u00e1-lo-\u00e1 por sua conta e risco.<\/p>\n\n\n\n<h2 class=\"wp-block-heading\" id=\"third-party-links--use-of-your-information\">Liga\u00e7\u00f5es de terceiros e utiliza\u00e7\u00e3o das suas informa\u00e7\u00f5es:<\/h2>\n\n\n\n<p>O nosso Servi\u00e7o pode conter liga\u00e7\u00f5es a outros s\u00edtios Web que n\u00e3o s\u00e3o operados por n\u00f3s. Esta Pol\u00edtica de Privacidade n\u00e3o aborda a pol\u00edtica de privacidade e outras pr\u00e1ticas de terceiros, incluindo terceiros que operem qualquer s\u00edtio Web ou servi\u00e7o que possa ser acedido atrav\u00e9s de uma liga\u00e7\u00e3o no Servi\u00e7o. Aconselhamos vivamente o utilizador a rever a pol\u00edtica de privacidade de todos os sites que visita. N\u00e3o temos qualquer controlo e n\u00e3o assumimos qualquer responsabilidade pelo conte\u00fado, pol\u00edticas de privacidade ou pr\u00e1ticas de quaisquer sites ou servi\u00e7os de terceiros.<\/p>\n\n\n\n<h2 class=\"wp-block-heading\" id=\"grievance--data-protection-officer\">Respons\u00e1vel pelas queixas \/ prote\u00e7\u00e3o de dados:<\/h2>\n\n\n\n<p>Se tiver alguma d\u00favida ou preocupa\u00e7\u00e3o sobre o tratamento das suas informa\u00e7\u00f5es que nos s\u00e3o disponibilizadas, pode enviar uma mensagem de correio eletr\u00f3nico ao nosso respons\u00e1vel pelas reclama\u00e7\u00f5es para Shanghai HUAYUAN Electronic Co., Ltd, 517, B-Bld, No. 399 Hengnan Rd, email:\u00a0<a href=\"mailto:contact@huayuansh.com\">contact@huayuansh.com<\/a>. Trataremos das suas preocupa\u00e7\u00f5es em conformidade com a legisla\u00e7\u00e3o aplic\u00e1vel.<\/p>","protected":false},"excerpt":{"rendered":"<p>Last updated: July 2024 This Privacy Policy describes the policies of Shanghai HUAYUAN Electronic Co., Ltd, 517, B-Bld, No. 399 Hengnan Rd, Shanghai 201112, China, email: contact@huayuansh.com, phone: +86 21 54246151 on the collection, use and disclosure of your information that we collect when you use our website ( https:\/\/huayuansh.com ). (the \u201cService\u201d). By accessing&#8230;<\/p>","protected":false},"author":1,"featured_media":0,"parent":0,"menu_order":9,"comment_status":"closed","ping_status":"closed","template":"","meta":{"_kad_blocks_custom_css":"","_kad_blocks_head_custom_js":"","_kad_blocks_body_custom_js":"","_kad_blocks_footer_custom_js":"","_kadence_starter_templates_imported_post":false,"_kad_post_transparent":"","_kad_post_title":"","_kad_post_layout":"","_kad_post_sidebar_id":"","_kad_post_content_style":"","_kad_post_vertical_padding":"","_kad_post_feature":"","_kad_post_feature_position":"","_kad_post_header":false,"_kad_post_footer":false,"footnotes":""},"class_list":["post-3","page","type-page","status-publish","hentry"],"yoast_head":"<!-- This site is optimized with the Yoast SEO Premium plugin v23.0 (Yoast SEO v26.3) - https:\/\/yoast.com\/wordpress\/plugins\/seo\/ -->\n<title>Privacy Policy | HUAYUAN RFID Tag Manufacturer<\/title>\n<meta name=\"robots\" content=\"noindex, follow\" \/>\n<meta property=\"og:locale\" content=\"pt_PT\" \/>\n<meta property=\"og:type\" content=\"article\" \/>\n<meta property=\"og:title\" content=\"Privacy Policy\" \/>\n<meta property=\"og:description\" content=\"Last updated: July 2024 This Privacy Policy describes the policies of Shanghai HUAYUAN Electronic Co., Ltd, 517, B-Bld, No. 399 Hengnan Rd, Shanghai 201112, China, email: contact@huayuansh.com, phone: +86 21 54246151 on the collection, use and disclosure of your information that we collect when you use our website ( https:\/\/huayuansh.com ). (the \u201cService\u201d). By accessing...\" \/>\n<meta property=\"og:url\" content=\"https:\/\/huayuansh.com\/pt\/politica-de-privacidade\/\" \/>\n<meta property=\"og:site_name\" content=\"HUAYUAN RFID Tag Manufacturer\" \/>\n<meta property=\"article:modified_time\" content=\"2024-07-22T08:29:08+00:00\" \/>\n<meta name=\"twitter:card\" content=\"summary_large_image\" \/>\n<meta name=\"twitter:label1\" content=\"Tempo estimado de leitura\" \/>\n\t<meta name=\"twitter:data1\" content=\"4 minutos\" \/>\n<script type=\"application\/ld+json\" class=\"yoast-schema-graph\">{\"@context\":\"https:\/\/schema.org\",\"@graph\":[{\"@type\":\"WebPage\",\"@id\":\"https:\/\/huayuansh.com\/privacy-policy\/\",\"url\":\"https:\/\/huayuansh.com\/privacy-policy\/\",\"name\":\"Privacy Policy | HUAYUAN RFID Tag Manufacturer\",\"isPartOf\":{\"@id\":\"https:\/\/huayuansh.com\/#website\"},\"datePublished\":\"2024-01-08T08:57:46+00:00\",\"dateModified\":\"2024-07-22T08:29:08+00:00\",\"breadcrumb\":{\"@id\":\"https:\/\/huayuansh.com\/privacy-policy\/#breadcrumb\"},\"inLanguage\":\"pt-PT\",\"potentialAction\":[{\"@type\":\"ReadAction\",\"target\":[\"https:\/\/huayuansh.com\/privacy-policy\/\"]}]},{\"@type\":\"BreadcrumbList\",\"@id\":\"https:\/\/huayuansh.com\/privacy-policy\/#breadcrumb\",\"itemListElement\":[{\"@type\":\"ListItem\",\"position\":1,\"name\":\"Home\",\"item\":\"https:\/\/huayuansh.com\/\"},{\"@type\":\"ListItem\",\"position\":2,\"name\":\"Privacy Policy\"}]},{\"@type\":\"WebSite\",\"@id\":\"https:\/\/huayuansh.com\/#website\",\"url\":\"https:\/\/huayuansh.com\/\",\"name\":\"HUAYUAN RFID Tag Manufacturer\",\"description\":\"HUAYUAN RFID Tag Manufacturer\",\"publisher\":{\"@id\":\"https:\/\/huayuansh.com\/#organization\"},\"potentialAction\":[{\"@type\":\"SearchAction\",\"target\":{\"@type\":\"EntryPoint\",\"urlTemplate\":\"https:\/\/huayuansh.com\/?s={search_term_string}\"},\"query-input\":{\"@type\":\"PropertyValueSpecification\",\"valueRequired\":true,\"valueName\":\"search_term_string\"}}],\"inLanguage\":\"pt-PT\"},{\"@type\":\"Organization\",\"@id\":\"https:\/\/huayuansh.com\/#organization\",\"name\":\"HUAYUAN RFID Tag Manufacturer\",\"url\":\"https:\/\/huayuansh.com\/\",\"logo\":{\"@type\":\"ImageObject\",\"inLanguage\":\"pt-PT\",\"@id\":\"https:\/\/huayuansh.com\/#\/schema\/logo\/image\/\",\"url\":\"https:\/\/huayuansh.com\/wp-content\/uploads\/2024\/09\/cropped-HUAYUAN.webp\",\"contentUrl\":\"https:\/\/huayuansh.com\/wp-content\/uploads\/2024\/09\/cropped-HUAYUAN.webp\",\"width\":895,\"height\":279,\"caption\":\"HUAYUAN RFID Tag Manufacturer\"},\"image\":{\"@id\":\"https:\/\/huayuansh.com\/#\/schema\/logo\/image\/\"}}]}<\/script>\n<!-- \/ Yoast SEO Premium plugin. -->","yoast_head_json":{"title":"Pol\u00edtica de Privacidade | HUAYUAN RFID Tag Fabricante","robots":{"index":"noindex","follow":"follow"},"og_locale":"pt_PT","og_type":"article","og_title":"Privacy Policy","og_description":"Last updated: July 2024 This Privacy Policy describes the policies of Shanghai HUAYUAN Electronic Co., Ltd, 517, B-Bld, No. 399 Hengnan Rd, Shanghai 201112, China, email: contact@huayuansh.com, phone: +86 21 54246151 on the collection, use and disclosure of your information that we collect when you use our website ( https:\/\/huayuansh.com ). (the \u201cService\u201d). By accessing...","og_url":"https:\/\/huayuansh.com\/pt\/politica-de-privacidade\/","og_site_name":"HUAYUAN RFID Tag Manufacturer","article_modified_time":"2024-07-22T08:29:08+00:00","twitter_card":"summary_large_image","twitter_misc":{"Tempo estimado de leitura":"4 minutos"},"schema":{"@context":"https:\/\/schema.org","@graph":[{"@type":"WebPage","@id":"https:\/\/huayuansh.com\/privacy-policy\/","url":"https:\/\/huayuansh.com\/privacy-policy\/","name":"Pol\u00edtica de Privacidade | HUAYUAN RFID Tag Fabricante","isPartOf":{"@id":"https:\/\/huayuansh.com\/#website"},"datePublished":"2024-01-08T08:57:46+00:00","dateModified":"2024-07-22T08:29:08+00:00","breadcrumb":{"@id":"https:\/\/huayuansh.com\/privacy-policy\/#breadcrumb"},"inLanguage":"pt-PT","potentialAction":[{"@type":"ReadAction","target":["https:\/\/huayuansh.com\/privacy-policy\/"]}]},{"@type":"BreadcrumbList","@id":"https:\/\/huayuansh.com\/privacy-policy\/#breadcrumb","itemListElement":[{"@type":"ListItem","position":1,"name":"Home","item":"https:\/\/huayuansh.com\/"},{"@type":"ListItem","position":2,"name":"Privacy Policy"}]},{"@type":"WebSite","@id":"https:\/\/huayuansh.com\/#website","url":"https:\/\/huayuansh.com\/","name":"Fabricante de etiquetas RFID HUAYUAN","description":"Fabricante de etiquetas RFID HUAYUAN","publisher":{"@id":"https:\/\/huayuansh.com\/#organization"},"potentialAction":[{"@type":"SearchAction","target":{"@type":"EntryPoint","urlTemplate":"https:\/\/huayuansh.com\/?s={search_term_string}"},"query-input":{"@type":"PropertyValueSpecification","valueRequired":true,"valueName":"search_term_string"}}],"inLanguage":"pt-PT"},{"@type":"Organization","@id":"https:\/\/huayuansh.com\/#organization","name":"Fabricante de etiquetas RFID HUAYUAN","url":"https:\/\/huayuansh.com\/","logo":{"@type":"ImageObject","inLanguage":"pt-PT","@id":"https:\/\/huayuansh.com\/#\/schema\/logo\/image\/","url":"https:\/\/huayuansh.com\/wp-content\/uploads\/2024\/09\/cropped-HUAYUAN.webp","contentUrl":"https:\/\/huayuansh.com\/wp-content\/uploads\/2024\/09\/cropped-HUAYUAN.webp","width":895,"height":279,"caption":"HUAYUAN RFID Tag Manufacturer"},"image":{"@id":"https:\/\/huayuansh.com\/#\/schema\/logo\/image\/"}}]}},"taxonomy_info":[],"featured_image_src_large":false,"author_info":{"display_name":"HUAYUAN","author_link":"https:\/\/huayuansh.com\/pt\/author\/shyec2024\/"},"comment_info":0,"_links":{"self":[{"href":"https:\/\/huayuansh.com\/pt\/wp-json\/wp\/v2\/pages\/3","targetHints":{"allow":["GET"]}}],"collection":[{"href":"https:\/\/huayuansh.com\/pt\/wp-json\/wp\/v2\/pages"}],"about":[{"href":"https:\/\/huayuansh.com\/pt\/wp-json\/wp\/v2\/types\/page"}],"author":[{"embeddable":true,"href":"https:\/\/huayuansh.com\/pt\/wp-json\/wp\/v2\/users\/1"}],"replies":[{"embeddable":true,"href":"https:\/\/huayuansh.com\/pt\/wp-json\/wp\/v2\/comments?post=3"}],"version-history":[{"count":2,"href":"https:\/\/huayuansh.com\/pt\/wp-json\/wp\/v2\/pages\/3\/revisions"}],"predecessor-version":[{"id":3448,"href":"https:\/\/huayuansh.com\/pt\/wp-json\/wp\/v2\/pages\/3\/revisions\/3448"}],"wp:attachment":[{"href":"https:\/\/huayuansh.com\/pt\/wp-json\/wp\/v2\/media?parent=3"}],"curies":[{"name":"wp","href":"https:\/\/api.w.org\/{rel}","templated":true}]}}