{"id":3343,"date":"2024-07-30T19:47:11","date_gmt":"2024-07-30T11:47:11","guid":{"rendered":"https:\/\/huayuansh.com\/?page_id=3343"},"modified":"2024-10-30T15:24:05","modified_gmt":"2024-10-30T07:24:05","slug":"linha-de-negocio","status":"publish","type":"page","link":"https:\/\/huayuansh.com\/pt\/produtos\/linha-de-negocio\/","title":{"rendered":"Linha de neg\u00f3cio"},"content":{"rendered":"<div class=\"wp-block-cover alignwide has-aspect-ratio wp-duotone-unset-1\" style=\"padding-top:0;padding-bottom:0;aspect-ratio:16\/9;min-height:unset;\"><span aria-hidden=\"true\" class=\"wp-block-cover__background has-background-dim\"><\/span><img loading=\"lazy\" decoding=\"async\" width=\"1024\" height=\"576\" class=\"wp-block-cover__image-background wp-image-3520\" alt=\"Hub de etiquetas RFID HUAYUAN\" src=\"https:\/\/huayuansh.com\/wp-content\/uploads\/2024\/07\/HUAYUAN-RFID-Tag-Hub-1024x576.webp\" data-object-fit=\"cover\" srcset=\"https:\/\/huayuansh.com\/wp-content\/uploads\/2024\/07\/HUAYUAN-RFID-Tag-Hub-1024x576.webp 1024w, https:\/\/huayuansh.com\/wp-content\/uploads\/2024\/07\/HUAYUAN-RFID-Tag-Hub-300x169.webp 300w, https:\/\/huayuansh.com\/wp-content\/uploads\/2024\/07\/HUAYUAN-RFID-Tag-Hub-768x432.webp 768w, https:\/\/huayuansh.com\/wp-content\/uploads\/2024\/07\/HUAYUAN-RFID-Tag-Hub-1536x864.webp 1536w, https:\/\/huayuansh.com\/wp-content\/uploads\/2024\/07\/HUAYUAN-RFID-Tag-Hub.webp 1920w\" sizes=\"auto, (max-width: 1024px) 100vw, 1024px\" \/><div class=\"wp-block-cover__inner-container is-layout-flow wp-block-cover-is-layout-flow\">\n<h2 class=\"wp-block-heading has-text-align-center\" id=\"h-rfid-tags\">Etiquetas RFID<\/h2>\n\n\n\n<p class=\"has-text-align-center\">Com uma vasta experi\u00eancia em I&amp;D RFID, desenvolvemos uma gama abrangente de etiquetas RFID concebidas para os sectores de automa\u00e7\u00e3o industrial, retalhista, m\u00e9dico e de prote\u00e7\u00e3o ambiental. Os nossos projectos abrangem quase todos os sectores, demonstrando a nossa versatilidade e experi\u00eancia. Na era da Ind\u00fastria 4.0, as nossas etiquetas RFID s\u00e3o fundamentais para impulsionar a transforma\u00e7\u00e3o digital e o fabrico inteligente. Estas etiquetas avan\u00e7adas oferecem captura e automatiza\u00e7\u00e3o de dados em tempo real, melhorando significativamente a efici\u00eancia da cadeia de abastecimento, reduzindo as perdas e permitindo opera\u00e7\u00f5es inteligentes e conectadas. Ao integrar as nossas etiquetas RFID com sistemas IoT, as empresas podem alcan\u00e7ar n\u00edveis sem precedentes de transpar\u00eancia e controlo sobre os seus processos. Descubra como as nossas etiquetas RFID podem revolucionar as suas opera\u00e7\u00f5es industriais e impulsionar a sua empresa para um futuro mais inteligente.<\/p>\n\n\n<style>.wp-block-kadence-advancedbtn.kb-btns3343_3834dc-c4{gap:var(--global-kb-gap-xs, 0.5rem );justify-content:center;align-items:center;}.kt-btns3343_3834dc-c4 .kt-button{font-weight:normal;font-style:normal;}.kt-btns3343_3834dc-c4 .kt-btn-wrap-0{margin-right:5px;}.wp-block-kadence-advancedbtn.kt-btns3343_3834dc-c4 .kt-btn-wrap-0 .kt-button{color:#555555;border-color:#555555;}.wp-block-kadence-advancedbtn.kt-btns3343_3834dc-c4 .kt-btn-wrap-0 .kt-button:hover, .wp-block-kadence-advancedbtn.kt-btns3343_3834dc-c4 .kt-btn-wrap-0 .kt-button:focus{color:#ffffff;border-color:#444444;}.wp-block-kadence-advancedbtn.kt-btns3343_3834dc-c4 .kt-btn-wrap-0 .kt-button::before{display:none;}.wp-block-kadence-advancedbtn.kt-btns3343_3834dc-c4 .kt-btn-wrap-0 .kt-button:hover, .wp-block-kadence-advancedbtn.kt-btns3343_3834dc-c4 .kt-btn-wrap-0 .kt-button:focus{background:#444444;}<\/style>\n<div class=\"wp-block-kadence-advancedbtn kb-buttons-wrap kb-btns3343_3834dc-c4\"><style>ul.menu .wp-block-kadence-advancedbtn .kb-btn3343_4c2c2f-84.kb-button{width:initial;}<\/style><a class=\"kb-button kt-button button kb-btn3343_4c2c2f-84 kt-btn-size-standard kt-btn-width-type-auto kb-btn-global-inherit  kt-btn-has-text-true kt-btn-has-svg-false  wp-block-button__link wp-block-kadence-singlebtn\" href=\"https:\/\/huayuansh.com\/\" target=\"_blank\" rel=\"noreferrer noopener\"><span class=\"kt-btn-inner-text\">Saiba mais<\/span><\/a><\/div>\n<\/div><\/div>\n\n\n\n<div style=\"aspect-ratio:16\/9;min-height:unset;\" class=\"wp-block-cover alignwide has-aspect-ratio\"><span aria-hidden=\"true\" class=\"wp-block-cover__background has-background-dim\"><\/span><img loading=\"lazy\" decoding=\"async\" width=\"1024\" height=\"576\" class=\"wp-block-cover__image-background wp-image-3522\" alt=\"\" src=\"https:\/\/huayuansh.com\/wp-content\/uploads\/2024\/07\/RFID-Textile-Solutions-TEXBIT-1024x576.webp\" data-object-fit=\"cover\" srcset=\"https:\/\/huayuansh.com\/wp-content\/uploads\/2024\/07\/RFID-Textile-Solutions-TEXBIT-1024x576.webp 1024w, https:\/\/huayuansh.com\/wp-content\/uploads\/2024\/07\/RFID-Textile-Solutions-TEXBIT-300x169.webp 300w, https:\/\/huayuansh.com\/wp-content\/uploads\/2024\/07\/RFID-Textile-Solutions-TEXBIT-768x432.webp 768w, https:\/\/huayuansh.com\/wp-content\/uploads\/2024\/07\/RFID-Textile-Solutions-TEXBIT-1536x864.webp 1536w, https:\/\/huayuansh.com\/wp-content\/uploads\/2024\/07\/RFID-Textile-Solutions-TEXBIT.webp 1920w\" sizes=\"auto, (max-width: 1024px) 100vw, 1024px\" \/><div class=\"wp-block-cover__inner-container is-layout-flow wp-block-cover-is-layout-flow\">\n<h2 class=\"wp-block-heading has-text-align-center\" id=\"h-rfid-textile-solutions\">Solu\u00e7\u00f5es t\u00eaxteis RFID<\/h2>\n\n\n\n<p class=\"has-text-align-center\">As nossas etiquetas RFID est\u00e3o a revolucionar a gest\u00e3o t\u00eaxtil ao longo de todo o ciclo de vida. Desenvolvemos e produzimos continuamente etiquetas RFID fi\u00e1veis e duradouras para lavandaria, que cumprem os requisitos rigorosos dos sistemas transparentes de rastreio e seguimento na ind\u00fastria de lavandaria t\u00eaxtil e no seguimento do ciclo de vida do vestu\u00e1rio. A nossa vasta gama de produtos RFID para t\u00eaxteis \u00e9 utilizada globalmente, com milh\u00f5es de etiquetas aplicadas mensalmente em v\u00e1rias aplica\u00e7\u00f5es, incluindo vestu\u00e1rio, cal\u00e7ado, uniformes, EPI, cuidados de sa\u00fade, hotelaria e limpeza. As nossas solu\u00e7\u00f5es garantem um rastreio eficiente e preciso, melhorando a efici\u00eancia operacional e reduzindo as perdas.<\/p>\n\n\n<style>.wp-block-kadence-advancedbtn.kb-btns3343_c97642-8b{gap:var(--global-kb-gap-xs, 0.5rem );justify-content:center;align-items:center;}.kt-btns3343_c97642-8b .kt-button{font-weight:normal;font-style:normal;}.kt-btns3343_c97642-8b .kt-btn-wrap-0{margin-right:5px;}.wp-block-kadence-advancedbtn.kt-btns3343_c97642-8b .kt-btn-wrap-0 .kt-button{color:#555555;border-color:#555555;}.wp-block-kadence-advancedbtn.kt-btns3343_c97642-8b .kt-btn-wrap-0 .kt-button:hover, .wp-block-kadence-advancedbtn.kt-btns3343_c97642-8b .kt-btn-wrap-0 .kt-button:focus{color:#ffffff;border-color:#444444;}.wp-block-kadence-advancedbtn.kt-btns3343_c97642-8b .kt-btn-wrap-0 .kt-button::before{display:none;}.wp-block-kadence-advancedbtn.kt-btns3343_c97642-8b .kt-btn-wrap-0 .kt-button:hover, .wp-block-kadence-advancedbtn.kt-btns3343_c97642-8b .kt-btn-wrap-0 .kt-button:focus{background:#444444;}<\/style>\n<div class=\"wp-block-kadence-advancedbtn kb-buttons-wrap kb-btns3343_c97642-8b\"><style>ul.menu .wp-block-kadence-advancedbtn .kb-btn3343_4ac188-4a.kb-button{width:initial;}<\/style><a class=\"kb-button kt-button button kb-btn3343_4ac188-4a kt-btn-size-standard kt-btn-width-type-auto kb-btn-global-inherit  kt-btn-has-text-true kt-btn-has-svg-false  wp-block-button__link wp-block-kadence-singlebtn\" href=\"https:\/\/www.tex-bit.com\/\" target=\"_blank\" rel=\"noreferrer noopener\"><span class=\"kt-btn-inner-text\">Saiba mais<\/span><\/a><\/div>\n<\/div><\/div>\n\n\n\n<div style=\"aspect-ratio:16\/9;min-height:unset;\" class=\"wp-block-cover alignwide has-aspect-ratio\"><span aria-hidden=\"true\" class=\"wp-block-cover__background has-background-dim\"><\/span><img loading=\"lazy\" decoding=\"async\" width=\"1024\" height=\"576\" class=\"wp-block-cover__image-background wp-image-3521\" alt=\"HUAYUAN Pulseiras RFID Hub\" src=\"https:\/\/huayuansh.com\/wp-content\/uploads\/2024\/07\/HUAYUAN-RFID-Wristbands-Hub-1024x576.webp\" data-object-fit=\"cover\" srcset=\"https:\/\/huayuansh.com\/wp-content\/uploads\/2024\/07\/HUAYUAN-RFID-Wristbands-Hub-1024x576.webp 1024w, https:\/\/huayuansh.com\/wp-content\/uploads\/2024\/07\/HUAYUAN-RFID-Wristbands-Hub-300x169.webp 300w, https:\/\/huayuansh.com\/wp-content\/uploads\/2024\/07\/HUAYUAN-RFID-Wristbands-Hub-768x432.webp 768w, https:\/\/huayuansh.com\/wp-content\/uploads\/2024\/07\/HUAYUAN-RFID-Wristbands-Hub-1536x864.webp 1536w, https:\/\/huayuansh.com\/wp-content\/uploads\/2024\/07\/HUAYUAN-RFID-Wristbands-Hub.webp 1920w\" sizes=\"auto, (max-width: 1024px) 100vw, 1024px\" \/><div class=\"wp-block-cover__inner-container is-layout-flow wp-block-cover-is-layout-flow\">\n<h2 class=\"wp-block-heading has-text-align-center\" id=\"h-rfid-wristbands-amp-cards\">Pulseiras e cart\u00f5es RFID<\/h2>\n\n\n\n<p class=\"has-text-align-center\">As pulseiras, os cart\u00f5es e os porta-chaves RFID est\u00e3o a transformar a seguran\u00e7a, o controlo de acesso e os sistemas de identifica\u00e7\u00e3o. Estes dispositivos fornecem solu\u00e7\u00f5es sem contacto e sem falhas em v\u00e1rias ind\u00fastrias, aumentando a conveni\u00eancia e a seguran\u00e7a. \u00c0 medida que o mercado evolui, a nossa tecnologia RFID inovadora promove uma maior ado\u00e7\u00e3o e integra\u00e7\u00e3o em aplica\u00e7\u00f5es quotidianas, garantindo uma gest\u00e3o de identidade segura e sem esfor\u00e7o. Descubra como as nossas pulseiras, cart\u00f5es e porta-chaves RFID podem transformar as suas opera\u00e7\u00f5es comerciais, fornecendo uma solu\u00e7\u00e3o segura e eficiente para todas as suas necessidades de identifica\u00e7\u00e3o.<\/p>\n\n\n<style>.wp-block-kadence-advancedbtn.kb-btns3343_3d0e76-05{gap:var(--global-kb-gap-xs, 0.5rem );justify-content:center;align-items:center;}.kt-btns3343_3d0e76-05 .kt-button{font-weight:normal;font-style:normal;}.kt-btns3343_3d0e76-05 .kt-btn-wrap-0{margin-right:5px;}.wp-block-kadence-advancedbtn.kt-btns3343_3d0e76-05 .kt-btn-wrap-0 .kt-button{color:#555555;border-color:#555555;}.wp-block-kadence-advancedbtn.kt-btns3343_3d0e76-05 .kt-btn-wrap-0 .kt-button:hover, .wp-block-kadence-advancedbtn.kt-btns3343_3d0e76-05 .kt-btn-wrap-0 .kt-button:focus{color:#ffffff;border-color:#444444;}.wp-block-kadence-advancedbtn.kt-btns3343_3d0e76-05 .kt-btn-wrap-0 .kt-button::before{display:none;}.wp-block-kadence-advancedbtn.kt-btns3343_3d0e76-05 .kt-btn-wrap-0 .kt-button:hover, .wp-block-kadence-advancedbtn.kt-btns3343_3d0e76-05 .kt-btn-wrap-0 .kt-button:focus{background:#444444;}<\/style>\n<div class=\"wp-block-kadence-advancedbtn kb-buttons-wrap kb-btns3343_3d0e76-05\"><style>ul.menu .wp-block-kadence-advancedbtn .kb-btn3343_f7bed5-71.kb-button{width:initial;}<\/style><a class=\"kb-button kt-button button kb-btn3343_f7bed5-71 kt-btn-size-standard kt-btn-width-type-auto kb-btn-global-inherit  kt-btn-has-text-true kt-btn-has-svg-false  wp-block-button__link wp-block-kadence-singlebtn\" href=\"https:\/\/yourfid.top\/\" target=\"_blank\" rel=\"noreferrer noopener\"><span class=\"kt-btn-inner-text\">Saiba mais<\/span><\/a><\/div>\n<\/div><\/div>","protected":false},"excerpt":{"rendered":"","protected":false},"author":1,"featured_media":0,"parent":2104,"menu_order":0,"comment_status":"closed","ping_status":"closed","template":"","meta":{"_kad_blocks_custom_css":"","_kad_blocks_head_custom_js":"","_kad_blocks_body_custom_js":"","_kad_blocks_footer_custom_js":"","_kadence_starter_templates_imported_post":false,"_kad_post_transparent":"","_kad_post_title":"","_kad_post_layout":"default","_kad_post_sidebar_id":"","_kad_post_content_style":"default","_kad_post_vertical_padding":"default","_kad_post_feature":"","_kad_post_feature_position":"","_kad_post_header":false,"_kad_post_footer":false,"footnotes":""},"class_list":["post-3343","page","type-page","status-publish","hentry"],"yoast_head":"<!-- This site is optimized with the Yoast SEO Premium plugin v23.0 (Yoast SEO v26.3) - https:\/\/yoast.com\/wordpress\/plugins\/seo\/ -->\n<title>Line of Business | HUAYUAN RFID Tag Manufacturer<\/title>\n<meta name=\"description\" content=\"Discover our line of business, offering RFID technology for industrial, textile, and access control, driving automation and smart operations.\" \/>\n<meta name=\"robots\" content=\"index, follow, max-snippet:-1, max-image-preview:large, max-video-preview:-1\" \/>\n<link rel=\"canonical\" href=\"https:\/\/huayuansh.com\/pt\/produtos\/linha-de-negocio\/\" \/>\n<meta property=\"og:locale\" content=\"pt_PT\" \/>\n<meta property=\"og:type\" content=\"article\" \/>\n<meta property=\"og:title\" content=\"Line of Business\" \/>\n<meta property=\"og:description\" content=\"Discover our line of business, offering RFID technology for industrial, textile, and access control, driving automation and smart operations.\" \/>\n<meta property=\"og:url\" content=\"https:\/\/huayuansh.com\/pt\/produtos\/linha-de-negocio\/\" \/>\n<meta property=\"og:site_name\" content=\"HUAYUAN RFID Tag Manufacturer\" \/>\n<meta property=\"article:modified_time\" content=\"2024-10-30T07:24:05+00:00\" \/>\n<meta property=\"og:image\" content=\"https:\/\/huayuansh.com\/wp-content\/uploads\/2024\/07\/HUAYUAN-RFID-Tag-Hub-1024x576.webp\" \/>\n<meta name=\"twitter:card\" content=\"summary_large_image\" \/>\n<meta name=\"twitter:label1\" content=\"Tempo estimado de leitura\" \/>\n\t<meta name=\"twitter:data1\" content=\"2 minutos\" \/>\n<script type=\"application\/ld+json\" class=\"yoast-schema-graph\">{\"@context\":\"https:\/\/schema.org\",\"@graph\":[{\"@type\":\"WebPage\",\"@id\":\"https:\/\/huayuansh.com\/products\/line-of-business\/\",\"url\":\"https:\/\/huayuansh.com\/products\/line-of-business\/\",\"name\":\"Line of Business | HUAYUAN RFID Tag Manufacturer\",\"isPartOf\":{\"@id\":\"https:\/\/huayuansh.com\/#website\"},\"primaryImageOfPage\":{\"@id\":\"https:\/\/huayuansh.com\/products\/line-of-business\/#primaryimage\"},\"image\":{\"@id\":\"https:\/\/huayuansh.com\/products\/line-of-business\/#primaryimage\"},\"thumbnailUrl\":\"https:\/\/huayuansh.com\/wp-content\/uploads\/2024\/07\/HUAYUAN-RFID-Tag-Hub-1024x576.webp\",\"datePublished\":\"2024-07-30T11:47:11+00:00\",\"dateModified\":\"2024-10-30T07:24:05+00:00\",\"description\":\"Discover our line of business, offering RFID technology for industrial, textile, and access control, driving automation and smart operations.\",\"breadcrumb\":{\"@id\":\"https:\/\/huayuansh.com\/products\/line-of-business\/#breadcrumb\"},\"inLanguage\":\"pt-PT\",\"potentialAction\":[{\"@type\":\"ReadAction\",\"target\":[\"https:\/\/huayuansh.com\/products\/line-of-business\/\"]}]},{\"@type\":\"ImageObject\",\"inLanguage\":\"pt-PT\",\"@id\":\"https:\/\/huayuansh.com\/products\/line-of-business\/#primaryimage\",\"url\":\"https:\/\/huayuansh.com\/wp-content\/uploads\/2024\/07\/HUAYUAN-RFID-Tag-Hub-1024x576.webp\",\"contentUrl\":\"https:\/\/huayuansh.com\/wp-content\/uploads\/2024\/07\/HUAYUAN-RFID-Tag-Hub-1024x576.webp\"},{\"@type\":\"BreadcrumbList\",\"@id\":\"https:\/\/huayuansh.com\/products\/line-of-business\/#breadcrumb\",\"itemListElement\":[{\"@type\":\"ListItem\",\"position\":1,\"name\":\"Home\",\"item\":\"https:\/\/huayuansh.com\/\"},{\"@type\":\"ListItem\",\"position\":2,\"name\":\"RFID Products\",\"item\":\"https:\/\/huayuansh.com\/products\/\"},{\"@type\":\"ListItem\",\"position\":3,\"name\":\"Line of Business\"}]},{\"@type\":\"WebSite\",\"@id\":\"https:\/\/huayuansh.com\/#website\",\"url\":\"https:\/\/huayuansh.com\/\",\"name\":\"HUAYUAN RFID Tag Manufacturer\",\"description\":\"HUAYUAN RFID Tag Manufacturer\",\"publisher\":{\"@id\":\"https:\/\/huayuansh.com\/#organization\"},\"potentialAction\":[{\"@type\":\"SearchAction\",\"target\":{\"@type\":\"EntryPoint\",\"urlTemplate\":\"https:\/\/huayuansh.com\/?s={search_term_string}\"},\"query-input\":{\"@type\":\"PropertyValueSpecification\",\"valueRequired\":true,\"valueName\":\"search_term_string\"}}],\"inLanguage\":\"pt-PT\"},{\"@type\":\"Organization\",\"@id\":\"https:\/\/huayuansh.com\/#organization\",\"name\":\"HUAYUAN RFID Tag Manufacturer\",\"url\":\"https:\/\/huayuansh.com\/\",\"logo\":{\"@type\":\"ImageObject\",\"inLanguage\":\"pt-PT\",\"@id\":\"https:\/\/huayuansh.com\/#\/schema\/logo\/image\/\",\"url\":\"https:\/\/huayuansh.com\/wp-content\/uploads\/2024\/09\/cropped-HUAYUAN.webp\",\"contentUrl\":\"https:\/\/huayuansh.com\/wp-content\/uploads\/2024\/09\/cropped-HUAYUAN.webp\",\"width\":895,\"height\":279,\"caption\":\"HUAYUAN RFID Tag Manufacturer\"},\"image\":{\"@id\":\"https:\/\/huayuansh.com\/#\/schema\/logo\/image\/\"}}]}<\/script>\n<!-- \/ Yoast SEO Premium plugin. -->","yoast_head_json":{"title":"Linha de neg\u00f3cio | HUAYUAN RFID Tag Manufacturer","description":"Descubra a nossa linha de neg\u00f3cio, que oferece tecnologia RFID para o controlo industrial, t\u00eaxtil e de acesso, impulsionando a automatiza\u00e7\u00e3o e as opera\u00e7\u00f5es inteligentes.","robots":{"index":"index","follow":"follow","max-snippet":"max-snippet:-1","max-image-preview":"max-image-preview:large","max-video-preview":"max-video-preview:-1"},"canonical":"https:\/\/huayuansh.com\/pt\/produtos\/linha-de-negocio\/","og_locale":"pt_PT","og_type":"article","og_title":"Line of Business","og_description":"Discover our line of business, offering RFID technology for industrial, textile, and access control, driving automation and smart operations.","og_url":"https:\/\/huayuansh.com\/pt\/produtos\/linha-de-negocio\/","og_site_name":"HUAYUAN RFID Tag Manufacturer","article_modified_time":"2024-10-30T07:24:05+00:00","og_image":[{"url":"https:\/\/huayuansh.com\/wp-content\/uploads\/2024\/07\/HUAYUAN-RFID-Tag-Hub-1024x576.webp","type":"","width":"","height":""}],"twitter_card":"summary_large_image","twitter_misc":{"Tempo estimado de leitura":"2 minutos"},"schema":{"@context":"https:\/\/schema.org","@graph":[{"@type":"WebPage","@id":"https:\/\/huayuansh.com\/products\/line-of-business\/","url":"https:\/\/huayuansh.com\/products\/line-of-business\/","name":"Linha de neg\u00f3cio | HUAYUAN RFID Tag Manufacturer","isPartOf":{"@id":"https:\/\/huayuansh.com\/#website"},"primaryImageOfPage":{"@id":"https:\/\/huayuansh.com\/products\/line-of-business\/#primaryimage"},"image":{"@id":"https:\/\/huayuansh.com\/products\/line-of-business\/#primaryimage"},"thumbnailUrl":"https:\/\/huayuansh.com\/wp-content\/uploads\/2024\/07\/HUAYUAN-RFID-Tag-Hub-1024x576.webp","datePublished":"2024-07-30T11:47:11+00:00","dateModified":"2024-10-30T07:24:05+00:00","description":"Descubra a nossa linha de neg\u00f3cio, que oferece tecnologia RFID para o controlo industrial, t\u00eaxtil e de acesso, impulsionando a automatiza\u00e7\u00e3o e as opera\u00e7\u00f5es inteligentes.","breadcrumb":{"@id":"https:\/\/huayuansh.com\/products\/line-of-business\/#breadcrumb"},"inLanguage":"pt-PT","potentialAction":[{"@type":"ReadAction","target":["https:\/\/huayuansh.com\/products\/line-of-business\/"]}]},{"@type":"ImageObject","inLanguage":"pt-PT","@id":"https:\/\/huayuansh.com\/products\/line-of-business\/#primaryimage","url":"https:\/\/huayuansh.com\/wp-content\/uploads\/2024\/07\/HUAYUAN-RFID-Tag-Hub-1024x576.webp","contentUrl":"https:\/\/huayuansh.com\/wp-content\/uploads\/2024\/07\/HUAYUAN-RFID-Tag-Hub-1024x576.webp"},{"@type":"BreadcrumbList","@id":"https:\/\/huayuansh.com\/products\/line-of-business\/#breadcrumb","itemListElement":[{"@type":"ListItem","position":1,"name":"Home","item":"https:\/\/huayuansh.com\/"},{"@type":"ListItem","position":2,"name":"RFID Products","item":"https:\/\/huayuansh.com\/products\/"},{"@type":"ListItem","position":3,"name":"Line of Business"}]},{"@type":"WebSite","@id":"https:\/\/huayuansh.com\/#website","url":"https:\/\/huayuansh.com\/","name":"Fabricante de etiquetas RFID HUAYUAN","description":"Fabricante de etiquetas RFID HUAYUAN","publisher":{"@id":"https:\/\/huayuansh.com\/#organization"},"potentialAction":[{"@type":"SearchAction","target":{"@type":"EntryPoint","urlTemplate":"https:\/\/huayuansh.com\/?s={search_term_string}"},"query-input":{"@type":"PropertyValueSpecification","valueRequired":true,"valueName":"search_term_string"}}],"inLanguage":"pt-PT"},{"@type":"Organization","@id":"https:\/\/huayuansh.com\/#organization","name":"Fabricante de etiquetas RFID HUAYUAN","url":"https:\/\/huayuansh.com\/","logo":{"@type":"ImageObject","inLanguage":"pt-PT","@id":"https:\/\/huayuansh.com\/#\/schema\/logo\/image\/","url":"https:\/\/huayuansh.com\/wp-content\/uploads\/2024\/09\/cropped-HUAYUAN.webp","contentUrl":"https:\/\/huayuansh.com\/wp-content\/uploads\/2024\/09\/cropped-HUAYUAN.webp","width":895,"height":279,"caption":"HUAYUAN RFID Tag Manufacturer"},"image":{"@id":"https:\/\/huayuansh.com\/#\/schema\/logo\/image\/"}}]}},"taxonomy_info":[],"featured_image_src_large":false,"author_info":{"display_name":"HUAYUAN","author_link":"https:\/\/huayuansh.com\/pt\/author\/shyec2024\/"},"comment_info":0,"_links":{"self":[{"href":"https:\/\/huayuansh.com\/pt\/wp-json\/wp\/v2\/pages\/3343","targetHints":{"allow":["GET"]}}],"collection":[{"href":"https:\/\/huayuansh.com\/pt\/wp-json\/wp\/v2\/pages"}],"about":[{"href":"https:\/\/huayuansh.com\/pt\/wp-json\/wp\/v2\/types\/page"}],"author":[{"embeddable":true,"href":"https:\/\/huayuansh.com\/pt\/wp-json\/wp\/v2\/users\/1"}],"replies":[{"embeddable":true,"href":"https:\/\/huayuansh.com\/pt\/wp-json\/wp\/v2\/comments?post=3343"}],"version-history":[{"count":7,"href":"https:\/\/huayuansh.com\/pt\/wp-json\/wp\/v2\/pages\/3343\/revisions"}],"predecessor-version":[{"id":4057,"href":"https:\/\/huayuansh.com\/pt\/wp-json\/wp\/v2\/pages\/3343\/revisions\/4057"}],"up":[{"embeddable":true,"href":"https:\/\/huayuansh.com\/pt\/wp-json\/wp\/v2\/pages\/2104"}],"wp:attachment":[{"href":"https:\/\/huayuansh.com\/pt\/wp-json\/wp\/v2\/media?parent=3343"}],"curies":[{"name":"wp","href":"https:\/\/api.w.org\/{rel}","templated":true}]}}