{"id":3364,"date":"2024-07-15T10:41:18","date_gmt":"2024-07-15T02:41:18","guid":{"rendered":"https:\/\/huayuansh.com\/?page_id=3364"},"modified":"2024-08-02T14:35:53","modified_gmt":"2024-08-02T06:35:53","slug":"terminal-de-dados-leitor-uhf-portatil","status":"publish","type":"page","link":"https:\/\/huayuansh.com\/pt\/produtos\/modulos-leitores-rfid\/terminal-de-dados-leitor-uhf-portatil\/","title":{"rendered":"Terminal de dados de leitor port\u00e1til UHF"},"content":{"rendered":"<p><strong>Leitor de m\u00e3o RFID UHF ORCA-50 RAIN<\/strong>&nbsp;<strong>Terminal de dados<\/strong>&nbsp;adopta um m\u00f3dulo desenvolvido pelo pr\u00f3prio com base no chip Impinj Indy R2000, com excelente estabilidade e um desempenho de identifica\u00e7\u00e3o multi-tag extremamente forte. O design inspirado na baleia assassina, a apar\u00eancia de destreza e eleg\u00e2ncia, simples e bem proporcionada, todos os detalhes foram repetidos, o senso de propor\u00e7\u00e3o para lidar adequadamente, para criar uma tens\u00e3o muito visual da fuselagem. O terminal de leitura de dados port\u00e1til ORCA-50 UHF \u00e9 uma poderosa configura\u00e7\u00e3o de hardware para garantir o bom funcionamento de opera\u00e7\u00f5es de dados massivas, exibi\u00e7\u00e3o em tempo real em 3D e assim por diante. \u00c9 uma bateria de pol\u00edmero de l\u00edtio de alta capacidade de 6000mAh, sistema de troca a quente de bateria tipo cartucho, f\u00e1cil de substituir, duas baterias padr\u00e3o. O tempo de vida \u00fatil j\u00e1 n\u00e3o \u00e9 limitado.<\/p>\n\n\n\n<p>O terminal de dados do leitor port\u00e1til ORCA-50 UHF resiste ao impacto da queda numa superf\u00edcie de bet\u00e3o a uma altura de 2 metros. Prote\u00e7\u00e3o IP64, pode resistir eficazmente a poeiras e salpicos de l\u00edquidos.<\/p>\n\n\n\n<h2 class=\"wp-block-heading\" id=\"h-uhf-rfid-handheld-reader-products-advantages\">Vantagens dos produtos de leitor port\u00e1til RFID UHF<\/h2>\n\n\n\n<ul class=\"wp-block-list\">\n<li>Utiliza\u00e7\u00e3o do chip Impinj Indy R2000<\/li>\n\n\n\n<li>Utilizando alum\u00ednio de avia\u00e7\u00e3o CNC + material de nylon Bayer alem\u00e3o<\/li>\n\n\n\n<li>Configura\u00e7\u00e3o de hardware potente<\/li>\n\n\n\n<li>Bateria carreg\u00e1vel de pol\u00edmero de l\u00edtio de 6000mAh<\/li>\n\n\n\n<li>Resistir ao impacto de uma queda numa superf\u00edcie de bet\u00e3o a uma altura de 2 metros<\/li>\n\n\n\n<li>Amostra gr\u00e1tis na Zona Euro<\/li>\n<\/ul>\n\n\n\n<h3 class=\"wp-block-heading\" id=\"h-huayuan-uhf-rfid-handheld-reader-features\">Carater\u00edsticas do leitor port\u00e1til RFID UHF HUAYUAN<\/h3>\n\n\n\n<ul class=\"wp-block-list\">\n<li>Plataforma de computa\u00e7\u00e3o de alto desempenho<br>Aplica\u00e7\u00f5es pesadas, como a recolha maci\u00e7a de dados. O ecr\u00e3 3D em tempo real pode ser operado sem problemas.<\/li>\n\n\n\n<li>Android 6.0<br>O sistema Android 6.0 est\u00e1 instalado, a vers\u00e3o optimizada \u00e9 continuamente actualizada.<\/li>\n\n\n\n<li>Materiais de primeira classe<br>O alum\u00ednio CNC, o nylon (Bayer) e o vidro temperado com 1,1 mm de espessura oferecem uma excelente resist\u00eancia, dissipa\u00e7\u00e3o de calor e prote\u00e7\u00e3o electromagn\u00e9tica. O material macio \u00e0 volta da pega proporciona conforto.<\/li>\n\n\n\n<li>Componentes de n\u00edvel industrial<br>Os componentes de n\u00edvel industrial e militar garantem estabilidade e resist\u00eancia em ambientes agressivos.<\/li>\n\n\n\n<li>Tempo de funcionamento ultra longo<br>O sistema de bateria de troca a quente tipo pistola torna a bateria de reserva mais conveniente para ser restaurada. Assim, o tempo de funcionamento \u00e9 ilimitado. Uma embalagem padr\u00e3o do produto inclui duas baterias de 6000mAh.<\/li>\n\n\n\n<li>Motor RFID UHF topo de gama<br>O m\u00f3dulo M-2600 \u00e9 baseado no chip Impinj Indy R2000. Oferece o melhor desempenho e uma excelente capacidade de identifica\u00e7\u00e3o multi-tag na ind\u00fastria.<\/li>\n\n\n\n<li>Design industrial excecional<br>A ideia foi inspirada na orca, e cada pormenor foi bem refinado. O aspeto \u00e9 compacto, elegante e equilibrado, o que torna o produto apelativo e impressionante.<\/li>\n\n\n\n<li>Excelente prote\u00e7\u00e3o mec\u00e2nica, IP64<br>A altura de queda de seguran\u00e7a \u00e9 de 2m \/ 656 p\u00e9s, o grau de prote\u00e7\u00e3o IP64 pode resistir eficazmente a poeiras e salpicos.<\/li>\n<\/ul>\n\n\n\n<h4 class=\"wp-block-heading\" id=\"h-uhf-handheld-reader-data-terminal-specifications\">Especifica\u00e7\u00f5es do terminal de dados do leitor port\u00e1til UHF<\/h4>\n\n\n\n<figure class=\"wp-block-table\"><table><tbody><tr><td colspan=\"2\"><strong>Par\u00e2metros mec\u00e2nicos<\/strong><\/td><\/tr><tr><td>Materiais<\/td><td>Alum\u00ednio CNC + nylon (Bayer)<\/td><\/tr><tr><td>Dimens\u00f5es<\/td><td>Perfil 160x82x129mm<\/td><\/tr><tr><td>&nbsp;<\/td><td>Punho 111*38*47mm<\/td><\/tr><tr><td>Peso<\/td><td>640g (inclui bateria \/ vers\u00e3o standard)<\/td><\/tr><tr><td colspan=\"2\"><strong>Carater\u00edsticas do sistema<\/strong><\/td><\/tr><tr><td>Sistema operativo<\/td><td>Android 6.0<\/td><\/tr><tr><td>CPU<\/td><td>Quad-core Cortex-A17\/1.8GHz<\/td><\/tr><tr><td>GPU<\/td><td>ARM Mali-T764\/ Motor3D de elevado desempenho<\/td><\/tr><tr><td>Chip<\/td><td>Impinj INDY R2000<\/td><\/tr><tr><td>RAM<\/td><td>2G\/4G LPDDR3<\/td><\/tr><tr><td>ROM<\/td><td>32G\/64G EMMC 5.0<\/td><\/tr><tr><td>LCD<\/td><td>5,0 polegadas \/1280\u00b0720\/ IPS \/180 \u00e2ngulo de visualiza\u00e7\u00e3o<\/td><\/tr><tr><td>Ecr\u00e3 t\u00e1til<\/td><td>Vidro temperado com 1,1 mm de espessura \/ Toque de lO-dot \/ Pode ser utilizado com luvas<\/td><\/tr><tr><td>Bateria de troca a quente<\/td><td>Sistema de bateria de troca a quente tipo pistola<\/td><\/tr><tr><td>PSAM<\/td><td>PSAM02 \/ TI TCA5013 (Opcional)<\/td><\/tr><tr><td>Bot\u00f5es<\/td><td>&nbsp;<\/td><\/tr><tr><td>Pot\u00eancia I Volume*2<\/td><td>3 bot\u00f5es ALPS\/ For\u00e7a de acionamento 2,2N\/Vida \u00fatil 600.000 ciclos<\/td><\/tr><tr><td>Teclas de fun\u00e7\u00e3o<\/td><td>3 bot\u00f5es ALPS\/ For\u00e7a de acionamento 2,2N\/Vida \u00fatil 600.000 ciclos<\/td><\/tr><tr><td>Disparador de varrimento<\/td><td>Bot\u00e3o OMRON\/for\u00e7a de funcionamento 127N\/vida \u00fatil 10.000.000 ciclos<\/td><\/tr><tr><td>Pot\u00eancia<\/td><td>Bateria de pol\u00edmero de l\u00edtio carreg\u00e1vel de 6.000mAh<\/td><\/tr><tr><td>Ranhuras para cart\u00f5es<\/td><td>Ranhura para cart\u00e3o Micro SIMI Ranhura para cart\u00e3o PSAM-z<\/td><\/tr><tr><td>Interface USB<\/td><td>Conector Micro USB \/ MOlEX\/Vida \u00fatil 10.000 ciclos<\/td><\/tr><tr><td>\u00c1udio<\/td><td>Sistema est\u00e9reo com grandes altifalantes<\/td><\/tr><tr><td>Vibrador<\/td><td>Estilo bot\u00e3o\/10 mm de di\u00e2metro<\/td><\/tr><tr><td>Indicador de carga<\/td><td>BicolorLED<\/td><\/tr><tr><td colspan=\"2\"><strong>Comunica\u00e7\u00f5es sem fios<\/strong><\/td><\/tr><tr><td>WIFI<\/td><td>IEEE 802.11 b\/g\/n<\/td><\/tr><tr><td>Bluetooth<\/td><td>61uetooth 4.0<\/td><\/tr><tr><td>3G<\/td><td>Huawei MU609\/ grau ve\u00edculo (opcional)<\/td><\/tr><tr><td>4G<\/td><td>Huawei ME 909s \/Modelo para ve\u00edculos (opcional)<\/td><\/tr><tr><td colspan=\"2\"><strong>Ambiente de aplica\u00e7\u00e3o<\/strong><\/td><\/tr><tr><td>Temp. de funcionamento<\/td><td>-20\u00b0C a 60\u00b0C<\/td><\/tr><tr><td>Temp. de armazenamento<\/td><td>-40\u00b0C a 70\u00b0C<\/td><\/tr><tr><td>Humidade<\/td><td>5%RH a 95%RH (sem condensa\u00e7\u00e3o)<\/td><\/tr><tr><td>Grau de prote\u00e7\u00e3o<\/td><td>IP64<\/td><\/tr><tr><td>Altura da queda de seguran\u00e7a<\/td><td>2m \/6.56ft.<\/td><\/tr><tr><td colspan=\"2\"><strong>Colec\u00e7\u00f5es de dados<\/strong><\/td><\/tr><tr><td colspan=\"2\">C\u00f3digo de barras 1D (opcional)<\/td><\/tr><tr><td>Motor<\/td><td>S\u00edmbolo SE955<\/td><\/tr><tr><td>Apoio<\/td><td>S\u00edmbolo UPC\/EA SE955N \/ Code128 \/ Code39 \/ Cadell \/ Interleaved 2 of 5 \/ Discrete 2 of 5 \/ Chinese 2 of 5 \/ Codabar \/ MSI \/ RSS. etc.<\/td><\/tr><tr><td colspan=\"2\">C\u00f3digo de barras 2D (opcional)<\/td><\/tr><tr><td>Motor<\/td><td>S\u00edmbolo SE4750<\/td><\/tr><tr><td>Apoio<\/td><td>Matriz de dados\/c\u00f3digo QR\/PDF417\/US Planet \/UK Postal, etc.<\/td><\/tr><tr><td>RFID UHF<\/td><td>&nbsp;<\/td><\/tr><tr><td>Motor<\/td><td>M\u00f3dulo Rodinbell M-2600 baseado no chip Impinj Indy R2000<\/td><\/tr><tr><td>Buzina<\/td><td>112\u00b09,5mm 12300\u00b1300Hz<\/td><\/tr><tr><td>Protocolo<\/td><td>EPC Global UHF Classe 1Gen2 \/ISO 18000-6C\/ ISO16000-66<\/td><\/tr><tr><td>Frequ\u00eancia de trabalho<\/td><td>840-960MHz<\/td><\/tr><tr><td>Pot\u00eancia de sa\u00edda<\/td><td>0-33d6m<\/td><\/tr><tr><td>Velocidade de pico do invent\u00e1rio<\/td><td>&gt; 500 marcas\/s<\/td><\/tr><tr><td>UHFAntenna<\/td><td>Antena circularmente polarizada de 3dBi<\/td><\/tr><tr><td>Ler a dist\u00e2ncia<\/td><td>6-7m(Etiqueta testada: Impinj E41b)<\/td><\/tr><tr><td>Regi\u00f5es suportadas<\/td><td>EUA, Canad\u00e1 e outras regi\u00f5es que nos seguem. FCC Europa e outras regi\u00f5es seguindo ETSI \/EN 302 208\/China \/Jap\u00e3o\/Coreia\/Mal\u00e1sia.<\/td><\/tr><tr><td>C\u00e2mara (opcional)<\/td><td>13 megapix\u00e9is\/focagem autom\u00e1tica\/lanterna<\/td><\/tr><tr><td>Sistema de posicionamento global<\/td><td>GPS&amp;GLONASS<\/td><\/tr><tr><td colspan=\"2\"><strong>Acess\u00f3rios<\/strong><\/td><\/tr><tr><td colspan=\"2\">Duas baterias Carregador de bateria e cabo de dados USB Suporte para pendurar<\/td><\/tr><\/tbody><\/table><\/figure>\n\n\n\n<h5 class=\"wp-block-heading\" id=\"h-get-in-touch\"><strong>Entrar em contacto<\/strong><\/h5>\n\n\n\n<p>Para mais informa\u00e7\u00f5es sobre a tecnologia RFID da Huayuan <a href=\"https:\/\/huayuansh.com\/products\/\">produtos<\/a>\u00a0e IoT\u00a0<a href=\"https:\/\/huayuansh.com\/applications\/\">aplica\u00e7\u00f5es<\/a>.<\/p>\n\n\n<style>.wp-block-kadence-advancedbtn.kb-btns3364_819742-9e{gap:var(--global-kb-gap-xs, 0.5rem );justify-content:flex-start;align-items:center;}.kt-btns3364_819742-9e .kt-button{font-weight:normal;font-style:normal;}.kt-btns3364_819742-9e .kt-btn-wrap-0{margin-right:5px;}.wp-block-kadence-advancedbtn.kt-btns3364_819742-9e .kt-btn-wrap-0 .kt-button{color:#555555;border-color:#555555;}.wp-block-kadence-advancedbtn.kt-btns3364_819742-9e .kt-btn-wrap-0 .kt-button:hover, .wp-block-kadence-advancedbtn.kt-btns3364_819742-9e .kt-btn-wrap-0 .kt-button:focus{color:#ffffff;border-color:#444444;}.wp-block-kadence-advancedbtn.kt-btns3364_819742-9e .kt-btn-wrap-0 .kt-button::before{display:none;}.wp-block-kadence-advancedbtn.kt-btns3364_819742-9e .kt-btn-wrap-0 .kt-button:hover, .wp-block-kadence-advancedbtn.kt-btns3364_819742-9e .kt-btn-wrap-0 .kt-button:focus{background:#444444;}<\/style>\n<div class=\"wp-block-kadence-advancedbtn kb-buttons-wrap kb-btns3364_819742-9e\"><style>ul.menu .wp-block-kadence-advancedbtn .kb-btn3364_048a49-80.kb-button{width:initial;}<\/style><a class=\"kb-button kt-button button kb-btn3364_048a49-80 kt-btn-size-standard kt-btn-width-type-auto kb-btn-global-inherit  kt-btn-has-text-true kt-btn-has-svg-false  wp-block-button__link wp-block-kadence-singlebtn\" href=\"https:\/\/huayuansh.com\/contact-us\/\"><span class=\"kt-btn-inner-text\">Contactar-nos<\/span><\/a><\/div>","protected":false},"excerpt":{"rendered":"<p>ORCA-50 RAIN UHF RFID Handheld Reader&nbsp;Data Terminal&nbsp;is adopt self-developed module based on Impinj Indy R2000 chip, with excellent stability and extremely strong multi-tag identification performance. It\u2019s from the killer whale inspired design, the appearance of dexterous and elegant, simple and well-proportioned, every detail has been repeated scrutiny, sense of proportion to handle properly, to create&#8230;<\/p>","protected":false},"author":1,"featured_media":3548,"parent":991,"menu_order":0,"comment_status":"closed","ping_status":"closed","template":"","meta":{"_kad_blocks_custom_css":"","_kad_blocks_head_custom_js":"","_kad_blocks_body_custom_js":"","_kad_blocks_footer_custom_js":"","_kadence_starter_templates_imported_post":false,"_kad_post_transparent":"","_kad_post_title":"","_kad_post_layout":"","_kad_post_sidebar_id":"","_kad_post_content_style":"","_kad_post_vertical_padding":"","_kad_post_feature":"","_kad_post_feature_position":"","_kad_post_header":false,"_kad_post_footer":false,"footnotes":""},"class_list":["post-3364","page","type-page","status-publish","has-post-thumbnail","hentry"],"yoast_head":"<!-- This site is optimized with the Yoast SEO Premium plugin v23.0 (Yoast SEO v26.3) - https:\/\/yoast.com\/wordpress\/plugins\/seo\/ -->\n<title>UHF Handheld Reader Data Terminal | HUAYUAN RFID Tag Manufacturer<\/title>\n<meta name=\"description\" content=\"ORCA-50 RAIN UHF Handheld Reader is adopt self-developed module based on Impinj Indy R2000 chip, with excellent stability and extremely strong multi-tag.\" \/>\n<meta name=\"robots\" content=\"index, follow, max-snippet:-1, max-image-preview:large, max-video-preview:-1\" \/>\n<link rel=\"canonical\" href=\"https:\/\/huayuansh.com\/pt\/produtos\/modulos-leitores-rfid\/terminal-de-dados-leitor-uhf-portatil\/\" \/>\n<meta property=\"og:locale\" content=\"pt_PT\" \/>\n<meta property=\"og:type\" content=\"article\" \/>\n<meta property=\"og:title\" content=\"UHF Handheld Reader Data Terminal\" \/>\n<meta property=\"og:description\" content=\"ORCA-50 RAIN UHF Handheld Reader is adopt self-developed module based on Impinj Indy R2000 chip, with excellent stability and extremely strong multi-tag.\" \/>\n<meta property=\"og:url\" content=\"https:\/\/huayuansh.com\/pt\/produtos\/modulos-leitores-rfid\/terminal-de-dados-leitor-uhf-portatil\/\" \/>\n<meta property=\"og:site_name\" content=\"HUAYUAN RFID Tag Manufacturer\" \/>\n<meta property=\"article:modified_time\" content=\"2024-08-02T06:35:53+00:00\" \/>\n<meta property=\"og:image\" content=\"https:\/\/huayuansh.com\/wp-content\/uploads\/2024\/08\/UHF-Handheld-Reader-Data-Terminal.webp\" \/>\n\t<meta property=\"og:image:width\" content=\"1920\" \/>\n\t<meta property=\"og:image:height\" content=\"1080\" \/>\n\t<meta property=\"og:image:type\" content=\"image\/webp\" \/>\n<meta name=\"twitter:card\" content=\"summary_large_image\" \/>\n<meta name=\"twitter:label1\" content=\"Tempo estimado de leitura\" \/>\n\t<meta name=\"twitter:data1\" content=\"4 minutos\" \/>\n<script type=\"application\/ld+json\" class=\"yoast-schema-graph\">{\"@context\":\"https:\/\/schema.org\",\"@graph\":[{\"@type\":\"WebPage\",\"@id\":\"https:\/\/huayuansh.com\/products\/rfid-readers-modules\/uhf-handheld-reader-data-terminal\/\",\"url\":\"https:\/\/huayuansh.com\/products\/rfid-readers-modules\/uhf-handheld-reader-data-terminal\/\",\"name\":\"UHF Handheld Reader Data Terminal | HUAYUAN RFID Tag Manufacturer\",\"isPartOf\":{\"@id\":\"https:\/\/huayuansh.com\/#website\"},\"primaryImageOfPage\":{\"@id\":\"https:\/\/huayuansh.com\/products\/rfid-readers-modules\/uhf-handheld-reader-data-terminal\/#primaryimage\"},\"image\":{\"@id\":\"https:\/\/huayuansh.com\/products\/rfid-readers-modules\/uhf-handheld-reader-data-terminal\/#primaryimage\"},\"thumbnailUrl\":\"https:\/\/huayuansh.com\/wp-content\/uploads\/2024\/08\/UHF-Handheld-Reader-Data-Terminal.webp\",\"datePublished\":\"2024-07-15T02:41:18+00:00\",\"dateModified\":\"2024-08-02T06:35:53+00:00\",\"description\":\"ORCA-50 RAIN UHF Handheld Reader is adopt self-developed module based on Impinj Indy R2000 chip, with excellent stability and extremely strong multi-tag.\",\"breadcrumb\":{\"@id\":\"https:\/\/huayuansh.com\/products\/rfid-readers-modules\/uhf-handheld-reader-data-terminal\/#breadcrumb\"},\"inLanguage\":\"pt-PT\",\"potentialAction\":[{\"@type\":\"ReadAction\",\"target\":[\"https:\/\/huayuansh.com\/products\/rfid-readers-modules\/uhf-handheld-reader-data-terminal\/\"]}]},{\"@type\":\"ImageObject\",\"inLanguage\":\"pt-PT\",\"@id\":\"https:\/\/huayuansh.com\/products\/rfid-readers-modules\/uhf-handheld-reader-data-terminal\/#primaryimage\",\"url\":\"https:\/\/huayuansh.com\/wp-content\/uploads\/2024\/08\/UHF-Handheld-Reader-Data-Terminal.webp\",\"contentUrl\":\"https:\/\/huayuansh.com\/wp-content\/uploads\/2024\/08\/UHF-Handheld-Reader-Data-Terminal.webp\",\"width\":1920,\"height\":1080,\"caption\":\"UHF Handheld Reader Data Terminal\"},{\"@type\":\"BreadcrumbList\",\"@id\":\"https:\/\/huayuansh.com\/products\/rfid-readers-modules\/uhf-handheld-reader-data-terminal\/#breadcrumb\",\"itemListElement\":[{\"@type\":\"ListItem\",\"position\":1,\"name\":\"Home\",\"item\":\"https:\/\/huayuansh.com\/\"},{\"@type\":\"ListItem\",\"position\":2,\"name\":\"RFID Products\",\"item\":\"https:\/\/huayuansh.com\/products\/\"},{\"@type\":\"ListItem\",\"position\":3,\"name\":\"RFID Reader Devices\",\"item\":\"https:\/\/huayuansh.com\/products\/rfid-readers-modules\/\"},{\"@type\":\"ListItem\",\"position\":4,\"name\":\"UHF Handheld Reader Data Terminal\"}]},{\"@type\":\"WebSite\",\"@id\":\"https:\/\/huayuansh.com\/#website\",\"url\":\"https:\/\/huayuansh.com\/\",\"name\":\"HUAYUAN RFID Tag Manufacturer\",\"description\":\"HUAYUAN RFID Tag Manufacturer\",\"publisher\":{\"@id\":\"https:\/\/huayuansh.com\/#organization\"},\"potentialAction\":[{\"@type\":\"SearchAction\",\"target\":{\"@type\":\"EntryPoint\",\"urlTemplate\":\"https:\/\/huayuansh.com\/?s={search_term_string}\"},\"query-input\":{\"@type\":\"PropertyValueSpecification\",\"valueRequired\":true,\"valueName\":\"search_term_string\"}}],\"inLanguage\":\"pt-PT\"},{\"@type\":\"Organization\",\"@id\":\"https:\/\/huayuansh.com\/#organization\",\"name\":\"HUAYUAN RFID Tag Manufacturer\",\"url\":\"https:\/\/huayuansh.com\/\",\"logo\":{\"@type\":\"ImageObject\",\"inLanguage\":\"pt-PT\",\"@id\":\"https:\/\/huayuansh.com\/#\/schema\/logo\/image\/\",\"url\":\"https:\/\/huayuansh.com\/wp-content\/uploads\/2024\/09\/cropped-HUAYUAN.webp\",\"contentUrl\":\"https:\/\/huayuansh.com\/wp-content\/uploads\/2024\/09\/cropped-HUAYUAN.webp\",\"width\":895,\"height\":279,\"caption\":\"HUAYUAN RFID Tag Manufacturer\"},\"image\":{\"@id\":\"https:\/\/huayuansh.com\/#\/schema\/logo\/image\/\"}}]}<\/script>\n<!-- \/ Yoast SEO Premium plugin. -->","yoast_head_json":{"title":"Terminal de dados de leitor port\u00e1til UHF | Fabricante de etiquetas RFID HUAYUAN","description":"O leitor port\u00e1til ORCA-50 RAIN UHF adopta um m\u00f3dulo desenvolvido pela pr\u00f3pria empresa com base no chip Impinj Indy R2000, com excelente estabilidade e multi-tag extremamente forte.","robots":{"index":"index","follow":"follow","max-snippet":"max-snippet:-1","max-image-preview":"max-image-preview:large","max-video-preview":"max-video-preview:-1"},"canonical":"https:\/\/huayuansh.com\/pt\/produtos\/modulos-leitores-rfid\/terminal-de-dados-leitor-uhf-portatil\/","og_locale":"pt_PT","og_type":"article","og_title":"UHF Handheld Reader Data Terminal","og_description":"ORCA-50 RAIN UHF Handheld Reader is adopt self-developed module based on Impinj Indy R2000 chip, with excellent stability and extremely strong multi-tag.","og_url":"https:\/\/huayuansh.com\/pt\/produtos\/modulos-leitores-rfid\/terminal-de-dados-leitor-uhf-portatil\/","og_site_name":"HUAYUAN RFID Tag Manufacturer","article_modified_time":"2024-08-02T06:35:53+00:00","og_image":[{"width":1920,"height":1080,"url":"https:\/\/huayuansh.com\/wp-content\/uploads\/2024\/08\/UHF-Handheld-Reader-Data-Terminal.webp","type":"image\/webp"}],"twitter_card":"summary_large_image","twitter_misc":{"Tempo estimado de leitura":"4 minutos"},"schema":{"@context":"https:\/\/schema.org","@graph":[{"@type":"WebPage","@id":"https:\/\/huayuansh.com\/products\/rfid-readers-modules\/uhf-handheld-reader-data-terminal\/","url":"https:\/\/huayuansh.com\/products\/rfid-readers-modules\/uhf-handheld-reader-data-terminal\/","name":"Terminal de dados de leitor port\u00e1til UHF | Fabricante de etiquetas RFID HUAYUAN","isPartOf":{"@id":"https:\/\/huayuansh.com\/#website"},"primaryImageOfPage":{"@id":"https:\/\/huayuansh.com\/products\/rfid-readers-modules\/uhf-handheld-reader-data-terminal\/#primaryimage"},"image":{"@id":"https:\/\/huayuansh.com\/products\/rfid-readers-modules\/uhf-handheld-reader-data-terminal\/#primaryimage"},"thumbnailUrl":"https:\/\/huayuansh.com\/wp-content\/uploads\/2024\/08\/UHF-Handheld-Reader-Data-Terminal.webp","datePublished":"2024-07-15T02:41:18+00:00","dateModified":"2024-08-02T06:35:53+00:00","description":"O leitor port\u00e1til ORCA-50 RAIN UHF adopta um m\u00f3dulo desenvolvido pela pr\u00f3pria empresa com base no chip Impinj Indy R2000, com excelente estabilidade e multi-tag extremamente forte.","breadcrumb":{"@id":"https:\/\/huayuansh.com\/products\/rfid-readers-modules\/uhf-handheld-reader-data-terminal\/#breadcrumb"},"inLanguage":"pt-PT","potentialAction":[{"@type":"ReadAction","target":["https:\/\/huayuansh.com\/products\/rfid-readers-modules\/uhf-handheld-reader-data-terminal\/"]}]},{"@type":"ImageObject","inLanguage":"pt-PT","@id":"https:\/\/huayuansh.com\/products\/rfid-readers-modules\/uhf-handheld-reader-data-terminal\/#primaryimage","url":"https:\/\/huayuansh.com\/wp-content\/uploads\/2024\/08\/UHF-Handheld-Reader-Data-Terminal.webp","contentUrl":"https:\/\/huayuansh.com\/wp-content\/uploads\/2024\/08\/UHF-Handheld-Reader-Data-Terminal.webp","width":1920,"height":1080,"caption":"UHF Handheld Reader Data Terminal"},{"@type":"BreadcrumbList","@id":"https:\/\/huayuansh.com\/products\/rfid-readers-modules\/uhf-handheld-reader-data-terminal\/#breadcrumb","itemListElement":[{"@type":"ListItem","position":1,"name":"Home","item":"https:\/\/huayuansh.com\/"},{"@type":"ListItem","position":2,"name":"RFID Products","item":"https:\/\/huayuansh.com\/products\/"},{"@type":"ListItem","position":3,"name":"RFID Reader Devices","item":"https:\/\/huayuansh.com\/products\/rfid-readers-modules\/"},{"@type":"ListItem","position":4,"name":"UHF Handheld Reader Data Terminal"}]},{"@type":"WebSite","@id":"https:\/\/huayuansh.com\/#website","url":"https:\/\/huayuansh.com\/","name":"Fabricante de etiquetas RFID HUAYUAN","description":"Fabricante de etiquetas RFID HUAYUAN","publisher":{"@id":"https:\/\/huayuansh.com\/#organization"},"potentialAction":[{"@type":"SearchAction","target":{"@type":"EntryPoint","urlTemplate":"https:\/\/huayuansh.com\/?s={search_term_string}"},"query-input":{"@type":"PropertyValueSpecification","valueRequired":true,"valueName":"search_term_string"}}],"inLanguage":"pt-PT"},{"@type":"Organization","@id":"https:\/\/huayuansh.com\/#organization","name":"Fabricante de etiquetas RFID HUAYUAN","url":"https:\/\/huayuansh.com\/","logo":{"@type":"ImageObject","inLanguage":"pt-PT","@id":"https:\/\/huayuansh.com\/#\/schema\/logo\/image\/","url":"https:\/\/huayuansh.com\/wp-content\/uploads\/2024\/09\/cropped-HUAYUAN.webp","contentUrl":"https:\/\/huayuansh.com\/wp-content\/uploads\/2024\/09\/cropped-HUAYUAN.webp","width":895,"height":279,"caption":"HUAYUAN RFID Tag Manufacturer"},"image":{"@id":"https:\/\/huayuansh.com\/#\/schema\/logo\/image\/"}}]}},"taxonomy_info":[],"featured_image_src_large":["https:\/\/huayuansh.com\/wp-content\/uploads\/2024\/08\/UHF-Handheld-Reader-Data-Terminal-1024x576.webp",1024,576,true],"author_info":{"display_name":"HUAYUAN","author_link":"https:\/\/huayuansh.com\/pt\/author\/shyec2024\/"},"comment_info":0,"_links":{"self":[{"href":"https:\/\/huayuansh.com\/pt\/wp-json\/wp\/v2\/pages\/3364","targetHints":{"allow":["GET"]}}],"collection":[{"href":"https:\/\/huayuansh.com\/pt\/wp-json\/wp\/v2\/pages"}],"about":[{"href":"https:\/\/huayuansh.com\/pt\/wp-json\/wp\/v2\/types\/page"}],"author":[{"embeddable":true,"href":"https:\/\/huayuansh.com\/pt\/wp-json\/wp\/v2\/users\/1"}],"replies":[{"embeddable":true,"href":"https:\/\/huayuansh.com\/pt\/wp-json\/wp\/v2\/comments?post=3364"}],"version-history":[{"count":2,"href":"https:\/\/huayuansh.com\/pt\/wp-json\/wp\/v2\/pages\/3364\/revisions"}],"predecessor-version":[{"id":3546,"href":"https:\/\/huayuansh.com\/pt\/wp-json\/wp\/v2\/pages\/3364\/revisions\/3546"}],"up":[{"embeddable":true,"href":"https:\/\/huayuansh.com\/pt\/wp-json\/wp\/v2\/pages\/991"}],"wp:featuredmedia":[{"embeddable":true,"href":"https:\/\/huayuansh.com\/pt\/wp-json\/wp\/v2\/media\/3548"}],"wp:attachment":[{"href":"https:\/\/huayuansh.com\/pt\/wp-json\/wp\/v2\/media?parent=3364"}],"curies":[{"name":"wp","href":"https:\/\/api.w.org\/{rel}","templated":true}]}}