{"id":3368,"date":"2024-07-15T11:07:50","date_gmt":"2024-07-15T03:07:50","guid":{"rendered":"https:\/\/huayuansh.com\/?page_id=3368"},"modified":"2024-08-02T16:18:26","modified_gmt":"2024-08-02T08:18:26","slug":"antena-de-leitor-rain-rfid","status":"publish","type":"page","link":"https:\/\/huayuansh.com\/pt\/produtos\/modulos-leitores-rfid\/antena-de-leitor-rain-rfid\/","title":{"rendered":"Antena do leitor RFID RAIN"},"content":{"rendered":"<p><strong>Antena de leitor UHF RFID HUAYUAN RAIN&nbsp;<\/strong>transmite uma onda que tem propriedades el\u00e9ctricas e magn\u00e9ticas e \u00e9 conhecida como uma onda electromagn\u00e9tica. Existem 2 tipos diferentes de antenas RFID<strong>, Polariza\u00e7\u00e3o circular<\/strong>&nbsp;ou<strong>&nbsp;Polariza\u00e7\u00e3o linear<\/strong>:<\/p>\n\n\n\n<p><strong>Polariza\u00e7\u00e3o linear (antenas dipolo)<\/strong>\u00a0- a onda electromagn\u00e9tica propaga-se inteiramente num plano (Vertical ou Horizontal) na dire\u00e7\u00e3o da propaga\u00e7\u00e3o do sinal. Esta \u00e9 a melhor propaga\u00e7\u00e3o de ondas quando a orienta\u00e7\u00e3o da etiqueta \u00e9 conhecida e fixa. A antena RFID e o\u00a0<a href=\"https:\/\/huayuansh.com\/products\/industrial-rfid-tags\/\">Etiqueta RFID<\/a>\u00a0devem ser combinados em termos de polariza\u00e7\u00e3o para obter as melhores taxas de leitura.<\/p>\n\n\n\n<p><strong>Polariza\u00e7\u00e3o circular (h\u00e9lice, dipolos cruzados e patch)<\/strong>&nbsp;- a onda electromagn\u00e9tica propaga-se em dois planos, criando um efeito circular (como um saca-rolhas) que d\u00e1 uma volta completa num per\u00edodo de tempo de um \u00fanico comprimento de onda. Uma vez que a antena RFID emite continuamente um comprimento de onda, o campo rotacional acabar\u00e1 por cobrir qualquer etiqueta que esteja no seu caminho. Esta \u00e9 a melhor forma de utilizar quando a orienta\u00e7\u00e3o da etiqueta \u00e9 desconhecida, mas perde-se pelo menos 3 dB quando comparada com uma antena polarizada linearmente. A polariza\u00e7\u00e3o circular pode ser direita ou esquerda, da\u00ed as op\u00e7\u00f5es RHCP e LHCP para a antena polarizada circular.<\/p>\n\n\n\n<p>A antena para leitor RFID UHF HUAYUAN RAIN foi concebida para ser uma antena RFID UHF topo de gama, com um elevado ganho mas com um baixo r\u00e1cio de onda estacion\u00e1ria, proporcionando o melhor desempenho. Caixa de pl\u00e1stico de engenharia, constru\u00e7\u00e3o robusta IP66, alto n\u00edvel de prote\u00e7\u00e3o para uma ampla utiliza\u00e7\u00e3o com o nosso S-8600, S-8800 <a href=\"https:\/\/huayuansh.com\/products\/rfid-readers-modules\/fixed-rfid-readers\/\">Leitor fixo UHF<\/a>como o rastreio de activos,\u00a0<a href=\"https:\/\/huayuansh.com\/the-reasons-for-rfid-technology-in-warehouse-management\/\">gest\u00e3o de armaz\u00e9ns<\/a>gest\u00e3o inteligente do tr\u00e1fego, seguimento de ve\u00edculos, gest\u00e3o de linhas de produ\u00e7\u00e3o, medi\u00e7\u00e3o inteligente do peso, etc.<\/p>\n\n\n\n<h2 class=\"wp-block-heading\" id=\"h-uhf-rfid-reader-antenna-features\">Carater\u00edsticas da antena do leitor RFID UHF<\/h2>\n\n\n\n<p>- Potente: Desempenho m\u00e1ximo de RFID, dist\u00e2ncia de leitura at\u00e9 15m (9dBi) \/ 20m (12dBi) (m\u00e1x. 10-30m)<br>- Avan\u00e7ado: Excelente fun\u00e7\u00e3o de leitura de etiquetas m\u00faltiplas, &gt;400 vezes por segundo<br>- Industrial: IP66 robusto, aplic\u00e1vel a tipos de ambiente severo<br>- Utiliza\u00e7\u00e3o alargada: Ideal para aplica\u00e7\u00f5es de longa dist\u00e2ncia de leitura, tais como armazenagem, log\u00edstica, produ\u00e7\u00e3o, estaleiro<\/p>\n\n\n<div class=\"wp-block-image\">\n<figure class=\"aligncenter size-large\"><img loading=\"lazy\" decoding=\"async\" width=\"1024\" height=\"576\" src=\"https:\/\/huayuansh.com\/wp-content\/uploads\/2024\/08\/RAIN-RFID-Reader-Antenna-Features-1024x576.webp\" alt=\"Carater\u00edsticas da antena do leitor RFID RAIN\" class=\"wp-image-3550\" srcset=\"https:\/\/huayuansh.com\/wp-content\/uploads\/2024\/08\/RAIN-RFID-Reader-Antenna-Features-1024x576.webp 1024w, https:\/\/huayuansh.com\/wp-content\/uploads\/2024\/08\/RAIN-RFID-Reader-Antenna-Features-300x169.webp 300w, https:\/\/huayuansh.com\/wp-content\/uploads\/2024\/08\/RAIN-RFID-Reader-Antenna-Features-768x432.webp 768w, https:\/\/huayuansh.com\/wp-content\/uploads\/2024\/08\/RAIN-RFID-Reader-Antenna-Features.webp 1280w\" sizes=\"auto, (max-width: 1024px) 100vw, 1024px\" \/><\/figure><\/div>\n\n\n<h2 class=\"wp-block-heading\" id=\"h-rain-rfid-reader-antenna-specification\">Especifica\u00e7\u00e3o da antena do leitor RFID RAIN<strong><\/strong><\/h2>\n\n\n\n<figure class=\"wp-block-table\"><table><tbody><tr><td colspan=\"3\"><strong>Par\u00e2metros t\u00e9cnicos<\/strong><\/td><\/tr><tr><td>Frequ\u00eancia<\/td><td>860~928MHz<\/td><td>860~928MHz<\/td><\/tr><tr><td>Ganho<\/td><td><strong>9dBi<\/strong><\/td><td><strong>12dBi<\/strong><\/td><\/tr><tr><td>Largura do feixe<\/td><td>Hor: 70\u00b0 Ver: 70\u00b0<\/td><td>Hor: 45 Ver: 45\u00b0<\/td><\/tr><tr><td>Polariza\u00e7\u00e3o<\/td><td>Circular<\/td><td>Circular<\/td><\/tr><tr><td>VSWR<\/td><td>\u22641.4<\/td><td>\u22641.3<\/td><\/tr><tr><td>R\u00e1cio F\/B<\/td><td>\u226520<\/td><td>\u226525<\/td><\/tr><tr><td>Imped\u00e2ncia<\/td><td>50\u03a9<\/td><td>50\u03a9<\/td><\/tr><tr><td>Pot\u00eancia m\u00e1xima<\/td><td>50W<\/td><td>100W<\/td><\/tr><tr><td>Prote\u00e7\u00e3o contra raios<\/td><td>Terra DC<\/td><td>Terra DC<\/td><\/tr><tr><td>Conector<\/td><td>SMA-Feminino<\/td><td>SMA-Feminino<\/td><\/tr><tr><td colspan=\"3\"><strong>Especifica\u00e7\u00f5es f\u00edsicas<\/strong><\/td><\/tr><tr><td>Dimens\u00e3o<\/td><td>260*260*45mm<\/td><td>445*445*40mm<\/td><\/tr><tr><td>Peso l\u00edquido<\/td><td>1,75 kg<\/td><td>2,3 kg<\/td><\/tr><tr><td>Tamanho da embalagem<\/td><td>45*35*14,5cm<\/td><td>60*48*11cm<\/td><\/tr><tr><td>Peso bruto<\/td><td>2kg<\/td><td>4,25 kg<\/td><\/tr><tr><td>Material do radome<\/td><td>ABS<\/td><td>ABS<\/td><\/tr><tr><td>Cor do radome<\/td><td>Branco<\/td><td>Branco<\/td><\/tr><tr><td>Di\u00e2metro do poste<\/td><td>\u03a640-60mm<\/td><td>\u03a640-80mm<\/td><\/tr><tr><td>Velocidade do vento<\/td><td>60m\/s<\/td><td>60m\/s<\/td><\/tr><tr><td>Temperatura de funcionamento<\/td><td>-40~70\u00b0C<\/td><td>-40~70\u00b0C<\/td><\/tr><\/tbody><\/table><\/figure>\n\n\n\n<h5 class=\"wp-block-heading\" id=\"h-get-in-touch\"><strong>Entrar em contacto<\/strong><\/h5>\n\n\n\n<p>Para mais informa\u00e7\u00f5es sobre os leitores e etiquetas RFID e as aplica\u00e7\u00f5es IoT da Huayuan.<\/p>\n\n\n<style>.wp-block-kadence-advancedbtn.kb-btns3368_881ca8-b1{gap:var(--global-kb-gap-xs, 0.5rem );justify-content:flex-start;align-items:center;}.kt-btns3368_881ca8-b1 .kt-button{font-weight:normal;font-style:normal;}.kt-btns3368_881ca8-b1 .kt-btn-wrap-0{margin-right:5px;}.wp-block-kadence-advancedbtn.kt-btns3368_881ca8-b1 .kt-btn-wrap-0 .kt-button{color:#555555;border-color:#555555;}.wp-block-kadence-advancedbtn.kt-btns3368_881ca8-b1 .kt-btn-wrap-0 .kt-button:hover, .wp-block-kadence-advancedbtn.kt-btns3368_881ca8-b1 .kt-btn-wrap-0 .kt-button:focus{color:#ffffff;border-color:#444444;}.wp-block-kadence-advancedbtn.kt-btns3368_881ca8-b1 .kt-btn-wrap-0 .kt-button::before{display:none;}.wp-block-kadence-advancedbtn.kt-btns3368_881ca8-b1 .kt-btn-wrap-0 .kt-button:hover, .wp-block-kadence-advancedbtn.kt-btns3368_881ca8-b1 .kt-btn-wrap-0 .kt-button:focus{background:#444444;}<\/style>\n<div class=\"wp-block-kadence-advancedbtn kb-buttons-wrap kb-btns3368_881ca8-b1\"><style>ul.menu .wp-block-kadence-advancedbtn .kb-btn3368_565bef-99.kb-button{width:initial;}<\/style><a class=\"kb-button kt-button button kb-btn3368_565bef-99 kt-btn-size-standard kt-btn-width-type-auto kb-btn-global-inherit  kt-btn-has-text-true kt-btn-has-svg-false  wp-block-button__link wp-block-kadence-singlebtn\" href=\"https:\/\/huayuansh.com\/contact-us\/\"><span class=\"kt-btn-inner-text\">Contactar-nos<\/span><\/a><\/div>","protected":false},"excerpt":{"rendered":"<p>HUAYUAN RAIN RFID&nbsp;UHF&nbsp;Reader Antenna&nbsp;transmits a wave that has both electrical and magnetic properties and is known as an electromagnetic wave. There are 2 different types of&nbsp;RFID antennas, Circular Polarization&nbsp;or&nbsp;Linear Polarization: Linear Polarization (dipole antennas)\u00a0\u2013 the electromagnetic wave propagates entirely in one plane (Vertical or Horizontal) in the direction of the signal propagation. This is the&#8230;<\/p>","protected":false},"author":1,"featured_media":3568,"parent":991,"menu_order":0,"comment_status":"closed","ping_status":"closed","template":"","meta":{"_kad_blocks_custom_css":"","_kad_blocks_head_custom_js":"","_kad_blocks_body_custom_js":"","_kad_blocks_footer_custom_js":"","_kadence_starter_templates_imported_post":false,"_kad_post_transparent":"","_kad_post_title":"","_kad_post_layout":"","_kad_post_sidebar_id":"","_kad_post_content_style":"","_kad_post_vertical_padding":"","_kad_post_feature":"","_kad_post_feature_position":"","_kad_post_header":false,"_kad_post_footer":false,"footnotes":""},"class_list":["post-3368","page","type-page","status-publish","has-post-thumbnail","hentry"],"yoast_head":"<!-- This site is optimized with the Yoast SEO Premium plugin v23.0 (Yoast SEO v26.3) - https:\/\/yoast.com\/wordpress\/plugins\/seo\/ -->\n<title>RAIN RFID Reader Antenna | HUAYUAN RFID Tag Manufacturer<\/title>\n<meta name=\"description\" content=\"HUAYUAN RAIN UHF Reader Antenna is designed high-end UHF RFID Antenna, high gain but low standing-wave ratio brings best performance.\" \/>\n<meta name=\"robots\" content=\"index, follow, max-snippet:-1, max-image-preview:large, max-video-preview:-1\" \/>\n<link rel=\"canonical\" href=\"https:\/\/huayuansh.com\/pt\/produtos\/modulos-leitores-rfid\/antena-de-leitor-rain-rfid\/\" \/>\n<meta property=\"og:locale\" content=\"pt_PT\" \/>\n<meta property=\"og:type\" content=\"article\" \/>\n<meta property=\"og:title\" content=\"RAIN RFID Reader Antenna\" \/>\n<meta property=\"og:description\" content=\"HUAYUAN RAIN UHF Reader Antenna is designed high-end UHF RFID Antenna, high gain but low standing-wave ratio brings best performance.\" \/>\n<meta property=\"og:url\" content=\"https:\/\/huayuansh.com\/pt\/produtos\/modulos-leitores-rfid\/antena-de-leitor-rain-rfid\/\" \/>\n<meta property=\"og:site_name\" content=\"HUAYUAN RFID Tag Manufacturer\" \/>\n<meta property=\"article:modified_time\" content=\"2024-08-02T08:18:26+00:00\" \/>\n<meta property=\"og:image\" content=\"https:\/\/huayuansh.com\/wp-content\/uploads\/2024\/08\/RFID-Reader-Antenna.webp\" \/>\n\t<meta property=\"og:image:width\" content=\"1920\" \/>\n\t<meta property=\"og:image:height\" content=\"1080\" \/>\n\t<meta property=\"og:image:type\" content=\"image\/webp\" \/>\n<meta name=\"twitter:card\" content=\"summary_large_image\" \/>\n<meta name=\"twitter:label1\" content=\"Tempo estimado de leitura\" \/>\n\t<meta name=\"twitter:data1\" content=\"3 minutos\" \/>\n<script type=\"application\/ld+json\" class=\"yoast-schema-graph\">{\"@context\":\"https:\/\/schema.org\",\"@graph\":[{\"@type\":\"WebPage\",\"@id\":\"https:\/\/huayuansh.com\/products\/rfid-readers-modules\/rain-rfid-reader-antenna\/\",\"url\":\"https:\/\/huayuansh.com\/products\/rfid-readers-modules\/rain-rfid-reader-antenna\/\",\"name\":\"RAIN RFID Reader Antenna | HUAYUAN RFID Tag Manufacturer\",\"isPartOf\":{\"@id\":\"https:\/\/huayuansh.com\/#website\"},\"primaryImageOfPage\":{\"@id\":\"https:\/\/huayuansh.com\/products\/rfid-readers-modules\/rain-rfid-reader-antenna\/#primaryimage\"},\"image\":{\"@id\":\"https:\/\/huayuansh.com\/products\/rfid-readers-modules\/rain-rfid-reader-antenna\/#primaryimage\"},\"thumbnailUrl\":\"https:\/\/huayuansh.com\/wp-content\/uploads\/2024\/08\/RFID-Reader-Antenna.webp\",\"datePublished\":\"2024-07-15T03:07:50+00:00\",\"dateModified\":\"2024-08-02T08:18:26+00:00\",\"description\":\"HUAYUAN RAIN UHF Reader Antenna is designed high-end UHF RFID Antenna, high gain but low standing-wave ratio brings best performance.\",\"breadcrumb\":{\"@id\":\"https:\/\/huayuansh.com\/products\/rfid-readers-modules\/rain-rfid-reader-antenna\/#breadcrumb\"},\"inLanguage\":\"pt-PT\",\"potentialAction\":[{\"@type\":\"ReadAction\",\"target\":[\"https:\/\/huayuansh.com\/products\/rfid-readers-modules\/rain-rfid-reader-antenna\/\"]}]},{\"@type\":\"ImageObject\",\"inLanguage\":\"pt-PT\",\"@id\":\"https:\/\/huayuansh.com\/products\/rfid-readers-modules\/rain-rfid-reader-antenna\/#primaryimage\",\"url\":\"https:\/\/huayuansh.com\/wp-content\/uploads\/2024\/08\/RFID-Reader-Antenna.webp\",\"contentUrl\":\"https:\/\/huayuansh.com\/wp-content\/uploads\/2024\/08\/RFID-Reader-Antenna.webp\",\"width\":1920,\"height\":1080,\"caption\":\"RFID Reader Antenna\"},{\"@type\":\"BreadcrumbList\",\"@id\":\"https:\/\/huayuansh.com\/products\/rfid-readers-modules\/rain-rfid-reader-antenna\/#breadcrumb\",\"itemListElement\":[{\"@type\":\"ListItem\",\"position\":1,\"name\":\"Home\",\"item\":\"https:\/\/huayuansh.com\/\"},{\"@type\":\"ListItem\",\"position\":2,\"name\":\"RFID Products\",\"item\":\"https:\/\/huayuansh.com\/products\/\"},{\"@type\":\"ListItem\",\"position\":3,\"name\":\"RFID Reader Devices\",\"item\":\"https:\/\/huayuansh.com\/products\/rfid-readers-modules\/\"},{\"@type\":\"ListItem\",\"position\":4,\"name\":\"RAIN RFID Reader Antenna\"}]},{\"@type\":\"WebSite\",\"@id\":\"https:\/\/huayuansh.com\/#website\",\"url\":\"https:\/\/huayuansh.com\/\",\"name\":\"HUAYUAN RFID Tag Manufacturer\",\"description\":\"HUAYUAN RFID Tag Manufacturer\",\"publisher\":{\"@id\":\"https:\/\/huayuansh.com\/#organization\"},\"potentialAction\":[{\"@type\":\"SearchAction\",\"target\":{\"@type\":\"EntryPoint\",\"urlTemplate\":\"https:\/\/huayuansh.com\/?s={search_term_string}\"},\"query-input\":{\"@type\":\"PropertyValueSpecification\",\"valueRequired\":true,\"valueName\":\"search_term_string\"}}],\"inLanguage\":\"pt-PT\"},{\"@type\":\"Organization\",\"@id\":\"https:\/\/huayuansh.com\/#organization\",\"name\":\"HUAYUAN RFID Tag Manufacturer\",\"url\":\"https:\/\/huayuansh.com\/\",\"logo\":{\"@type\":\"ImageObject\",\"inLanguage\":\"pt-PT\",\"@id\":\"https:\/\/huayuansh.com\/#\/schema\/logo\/image\/\",\"url\":\"https:\/\/huayuansh.com\/wp-content\/uploads\/2024\/09\/cropped-HUAYUAN.webp\",\"contentUrl\":\"https:\/\/huayuansh.com\/wp-content\/uploads\/2024\/09\/cropped-HUAYUAN.webp\",\"width\":895,\"height\":279,\"caption\":\"HUAYUAN RFID Tag Manufacturer\"},\"image\":{\"@id\":\"https:\/\/huayuansh.com\/#\/schema\/logo\/image\/\"}}]}<\/script>\n<!-- \/ Yoast SEO Premium plugin. -->","yoast_head_json":{"title":"Antena para leitor RFID RAIN | Fabricante de etiquetas RFID HUAYUAN","description":"A antena para leitor UHF HUAYUAN RAIN foi concebida como uma antena RFID UHF topo de gama, com um elevado ganho mas com um baixo r\u00e1cio de ondas estacion\u00e1rias, proporcionando o melhor desempenho.","robots":{"index":"index","follow":"follow","max-snippet":"max-snippet:-1","max-image-preview":"max-image-preview:large","max-video-preview":"max-video-preview:-1"},"canonical":"https:\/\/huayuansh.com\/pt\/produtos\/modulos-leitores-rfid\/antena-de-leitor-rain-rfid\/","og_locale":"pt_PT","og_type":"article","og_title":"RAIN RFID Reader Antenna","og_description":"HUAYUAN RAIN UHF Reader Antenna is designed high-end UHF RFID Antenna, high gain but low standing-wave ratio brings best performance.","og_url":"https:\/\/huayuansh.com\/pt\/produtos\/modulos-leitores-rfid\/antena-de-leitor-rain-rfid\/","og_site_name":"HUAYUAN RFID Tag Manufacturer","article_modified_time":"2024-08-02T08:18:26+00:00","og_image":[{"width":1920,"height":1080,"url":"https:\/\/huayuansh.com\/wp-content\/uploads\/2024\/08\/RFID-Reader-Antenna.webp","type":"image\/webp"}],"twitter_card":"summary_large_image","twitter_misc":{"Tempo estimado de leitura":"3 minutos"},"schema":{"@context":"https:\/\/schema.org","@graph":[{"@type":"WebPage","@id":"https:\/\/huayuansh.com\/products\/rfid-readers-modules\/rain-rfid-reader-antenna\/","url":"https:\/\/huayuansh.com\/products\/rfid-readers-modules\/rain-rfid-reader-antenna\/","name":"Antena para leitor RFID RAIN | Fabricante de etiquetas RFID HUAYUAN","isPartOf":{"@id":"https:\/\/huayuansh.com\/#website"},"primaryImageOfPage":{"@id":"https:\/\/huayuansh.com\/products\/rfid-readers-modules\/rain-rfid-reader-antenna\/#primaryimage"},"image":{"@id":"https:\/\/huayuansh.com\/products\/rfid-readers-modules\/rain-rfid-reader-antenna\/#primaryimage"},"thumbnailUrl":"https:\/\/huayuansh.com\/wp-content\/uploads\/2024\/08\/RFID-Reader-Antenna.webp","datePublished":"2024-07-15T03:07:50+00:00","dateModified":"2024-08-02T08:18:26+00:00","description":"A antena para leitor UHF HUAYUAN RAIN foi concebida como uma antena RFID UHF topo de gama, com um elevado ganho mas com um baixo r\u00e1cio de ondas estacion\u00e1rias, proporcionando o melhor desempenho.","breadcrumb":{"@id":"https:\/\/huayuansh.com\/products\/rfid-readers-modules\/rain-rfid-reader-antenna\/#breadcrumb"},"inLanguage":"pt-PT","potentialAction":[{"@type":"ReadAction","target":["https:\/\/huayuansh.com\/products\/rfid-readers-modules\/rain-rfid-reader-antenna\/"]}]},{"@type":"ImageObject","inLanguage":"pt-PT","@id":"https:\/\/huayuansh.com\/products\/rfid-readers-modules\/rain-rfid-reader-antenna\/#primaryimage","url":"https:\/\/huayuansh.com\/wp-content\/uploads\/2024\/08\/RFID-Reader-Antenna.webp","contentUrl":"https:\/\/huayuansh.com\/wp-content\/uploads\/2024\/08\/RFID-Reader-Antenna.webp","width":1920,"height":1080,"caption":"RFID Reader Antenna"},{"@type":"BreadcrumbList","@id":"https:\/\/huayuansh.com\/products\/rfid-readers-modules\/rain-rfid-reader-antenna\/#breadcrumb","itemListElement":[{"@type":"ListItem","position":1,"name":"Home","item":"https:\/\/huayuansh.com\/"},{"@type":"ListItem","position":2,"name":"RFID Products","item":"https:\/\/huayuansh.com\/products\/"},{"@type":"ListItem","position":3,"name":"RFID Reader Devices","item":"https:\/\/huayuansh.com\/products\/rfid-readers-modules\/"},{"@type":"ListItem","position":4,"name":"RAIN RFID Reader Antenna"}]},{"@type":"WebSite","@id":"https:\/\/huayuansh.com\/#website","url":"https:\/\/huayuansh.com\/","name":"Fabricante de etiquetas RFID HUAYUAN","description":"Fabricante de etiquetas RFID HUAYUAN","publisher":{"@id":"https:\/\/huayuansh.com\/#organization"},"potentialAction":[{"@type":"SearchAction","target":{"@type":"EntryPoint","urlTemplate":"https:\/\/huayuansh.com\/?s={search_term_string}"},"query-input":{"@type":"PropertyValueSpecification","valueRequired":true,"valueName":"search_term_string"}}],"inLanguage":"pt-PT"},{"@type":"Organization","@id":"https:\/\/huayuansh.com\/#organization","name":"Fabricante de etiquetas RFID HUAYUAN","url":"https:\/\/huayuansh.com\/","logo":{"@type":"ImageObject","inLanguage":"pt-PT","@id":"https:\/\/huayuansh.com\/#\/schema\/logo\/image\/","url":"https:\/\/huayuansh.com\/wp-content\/uploads\/2024\/09\/cropped-HUAYUAN.webp","contentUrl":"https:\/\/huayuansh.com\/wp-content\/uploads\/2024\/09\/cropped-HUAYUAN.webp","width":895,"height":279,"caption":"HUAYUAN RFID Tag Manufacturer"},"image":{"@id":"https:\/\/huayuansh.com\/#\/schema\/logo\/image\/"}}]}},"taxonomy_info":[],"featured_image_src_large":["https:\/\/huayuansh.com\/wp-content\/uploads\/2024\/08\/RFID-Reader-Antenna-1024x576.webp",1024,576,true],"author_info":{"display_name":"HUAYUAN","author_link":"https:\/\/huayuansh.com\/pt\/author\/shyec2024\/"},"comment_info":0,"_links":{"self":[{"href":"https:\/\/huayuansh.com\/pt\/wp-json\/wp\/v2\/pages\/3368","targetHints":{"allow":["GET"]}}],"collection":[{"href":"https:\/\/huayuansh.com\/pt\/wp-json\/wp\/v2\/pages"}],"about":[{"href":"https:\/\/huayuansh.com\/pt\/wp-json\/wp\/v2\/types\/page"}],"author":[{"embeddable":true,"href":"https:\/\/huayuansh.com\/pt\/wp-json\/wp\/v2\/users\/1"}],"replies":[{"embeddable":true,"href":"https:\/\/huayuansh.com\/pt\/wp-json\/wp\/v2\/comments?post=3368"}],"version-history":[{"count":2,"href":"https:\/\/huayuansh.com\/pt\/wp-json\/wp\/v2\/pages\/3368\/revisions"}],"predecessor-version":[{"id":3552,"href":"https:\/\/huayuansh.com\/pt\/wp-json\/wp\/v2\/pages\/3368\/revisions\/3552"}],"up":[{"embeddable":true,"href":"https:\/\/huayuansh.com\/pt\/wp-json\/wp\/v2\/pages\/991"}],"wp:featuredmedia":[{"embeddable":true,"href":"https:\/\/huayuansh.com\/pt\/wp-json\/wp\/v2\/media\/3568"}],"wp:attachment":[{"href":"https:\/\/huayuansh.com\/pt\/wp-json\/wp\/v2\/media?parent=3368"}],"curies":[{"name":"wp","href":"https:\/\/api.w.org\/{rel}","templated":true}]}}