{"id":3372,"date":"2024-07-15T13:25:43","date_gmt":"2024-07-15T05:25:43","guid":{"rendered":"https:\/\/huayuansh.com\/?page_id=3372"},"modified":"2024-08-08T15:03:28","modified_gmt":"2024-08-08T07:03:28","slug":"etiqueta-rfid-de-ceramica-uhf","status":"publish","type":"page","link":"https:\/\/huayuansh.com\/pt\/produtos\/etiquetas-rfid-industriais\/etiqueta-rfid-de-ceramica-uhf\/","title":{"rendered":"Etiqueta cer\u00e2mica RFID UHF"},"content":{"rendered":"<p>As etiquetas de cer\u00e2mica UHF s\u00e3o especificamente concebidas para o rastreio de activos em ambientes complexos, como os metais. A etiqueta RFID anti-metal de cer\u00e2mica tem as carater\u00edsticas de anti-desmontagem, fragilidade, super anti-interfer\u00eancia, resist\u00eancia a altas temperaturas, resist\u00eancia \u00e0 corros\u00e3o, imperme\u00e1vel e \u00e0 prova de poeira, alta sensibilidade, qualidade est\u00e1vel da mini etiqueta RFID, etc. A etiqueta RFID de cer\u00e2mica pode ser incorporada em v\u00e1rios activos met\u00e1licos, proporcionando uma vasta gama de solu\u00e7\u00f5es inteligentes de gest\u00e3o de activos para dispositivos m\u00e9dicos, fabrico industrial, desenvolvimento aeroespacial e energ\u00e9tico.<\/p>\n\n\n\n<div class=\"wp-block-columns are-vertically-aligned-center is-layout-flex wp-container-core-columns-is-layout-9d6595d7 wp-block-columns-is-layout-flex\">\n<div class=\"wp-block-column is-vertically-aligned-center is-layout-flow wp-block-column-is-layout-flow\" style=\"flex-basis:60%\">\n<h2 class=\"wp-block-heading\" id=\"h-key-features\">Carater\u00edsticas principais<\/h2>\n\n\n\n<div class=\"wp-block-group is-nowrap is-layout-flex wp-container-core-group-is-layout-ad2f72ca wp-block-group-is-layout-flex\">\n<ul class=\"wp-block-list\">\n<li>Anti-demoli\u00e7\u00e3o, fr\u00e1gil, super anti-interfer\u00eancia, resiste a alta temperatura a 160 \u2103.<\/li>\n\n\n\n<li>A melhor solu\u00e7\u00e3o para a pequena mini etiqueta RFID com longa dist\u00e2ncia de leitura.<\/li>\n\n\n\n<li>Suporta v\u00e1rios m\u00e9todos de instala\u00e7\u00e3o, tais como instala\u00e7\u00e3o embutida e adesiva.<\/li>\n\n\n\n<li>Frequ\u00eancia personalizada com o melhor desempenho para apoiar o projeto.<\/li>\n<\/ul>\n<\/div>\n<\/div>\n\n\n\n<div class=\"wp-block-column is-vertically-aligned-center is-layout-flow wp-block-column-is-layout-flow\" style=\"flex-basis:40%\">\n<figure class=\"wp-block-image size-full\"><img loading=\"lazy\" decoding=\"async\" width=\"600\" height=\"600\" src=\"https:\/\/huayuansh.com\/wp-content\/uploads\/2024\/08\/UHF-RFID-Ceramic-Tag.webp\" alt=\"\" class=\"wp-image-3616\" style=\"aspect-ratio:3\/2;object-fit:cover\" srcset=\"https:\/\/huayuansh.com\/wp-content\/uploads\/2024\/08\/UHF-RFID-Ceramic-Tag.webp 600w, https:\/\/huayuansh.com\/wp-content\/uploads\/2024\/08\/UHF-RFID-Ceramic-Tag-300x300.webp 300w, https:\/\/huayuansh.com\/wp-content\/uploads\/2024\/08\/UHF-RFID-Ceramic-Tag-150x150.webp 150w\" sizes=\"auto, (max-width: 600px) 100vw, 600px\" \/><\/figure>\n<\/div>\n<\/div>\n\n\n\n<h2 class=\"wp-block-heading\" id=\"h-specifications\">Especifica\u00e7\u00f5es<\/h2>\n\n\n\n<p>A HUAYUAN pode fornecer uma variedade de mini etiquetas RFID de cer\u00e2mica com tamanho pequeno e longa dist\u00e2ncia de leitura. Ao mesmo tempo, tamb\u00e9m pode personalizar o melhor desempenho de acordo com o objeto incorporado.<\/p>\n\n\n\n<p>Aqui, pode encontrar cinco modelos de etiquetas RFID anti-metal de cer\u00e2mica existentes a seguir:<\/p>\n\n\n\n<figure class=\"wp-block-table\"><table><tbody><tr><td>Item<\/td><td>MinTag-1005<\/td><td>UltraTag-1313<\/td><td>AllTag-2525<\/td><td>MinTag-1005<\/td><td>MinTag-0505<\/td><\/tr><tr><td>Cor<\/td><td colspan=\"2\">Preto ou personalizado<\/td><td colspan=\"3\">Branco ou personalizado<\/td><\/tr><tr><td>Dimens\u00e3o<\/td><td>10*5*3mm<\/td><td>13*13*3mm<\/td><td>25*25*2,7mm<\/td><td>10*5*3mm<\/td><td>5*5*3mm<\/td><\/tr><tr><td>Anexado a<\/td><td>Em metal<\/td><td>Metal ligado\/embutido<\/td><td>Em metal<\/td><td>Em metal<\/td><td>Ligar\/desligar Metal<\/td><\/tr><tr><td>Frequ\u00eancia<\/td><td>920~925MHz<br>Personalizado<\/td><td>865-867MHz<br>Personalizado<\/td><td>920~925MHz<br>Personalizado<\/td><td>920~925MHz<br>Personalizado<\/td><td>920~925MHz<br>Personalizado<\/td><\/tr><tr><td>Dist\u00e2ncia de leitura<\/td><td><strong>Leitor port\u00e1til<\/strong>:<br>\u2265 0,6m a 28dBm.<br><strong>Leitor fixo:<\/strong><br>\u22651,2m a 30dBm<\/td><td><strong>Leitor port\u00e1til:<\/strong><br>\u22651,8m a 28dBm.<br><strong>Leitor fixo:<\/strong><br>\u22653m a 30dBm<\/td><td><strong>Leitor port\u00e1til:<\/strong><br>\u22653m a 28dBm.<br><strong>Leitor fixo:<\/strong><br>\u22654,5m a 30dBm<\/td><td><strong>Leitor port\u00e1til:<\/strong><br>\u2265 0,6m a 28dBm.<br><strong>Leitor fixo:<\/strong><br>\u22651,2m a 30dBm<\/td><td><strong>Leitor port\u00e1til:<\/strong><br>\u22650,3m a 28dBm.<br><strong>Leitor fixo:<\/strong><br>\u22650,6m a 30dBm<\/td><\/tr><tr><td>Aplica\u00e7\u00e3o<\/td><td>Arma, ferramenta, gest\u00e3o de activos inform\u00e1ticos;<br>Instrumentos m\u00e9dicos<\/td><td>Arma, ferramenta, gest\u00e3o de activos inform\u00e1ticos;<br>Instrumentos m\u00e9dicos<\/td><td>Seguimento de pe\u00e7as;<br>Gest\u00e3o de mercadorias perigosas;<br>Gest\u00e3o de grandes equipamentos e activos;<\/td><td>Arma, ferramenta, gest\u00e3o de activos inform\u00e1ticos;<br>Instrumentos m\u00e9dicos<\/td><td>Arma, ferramenta, gest\u00e3o de activos inform\u00e1ticos;<br>Instrumentos m\u00e9dicos<\/td><\/tr><tr><td>Protocolo<\/td><td colspan=\"5\">UHF EPC Global Class1 Gen2, ISO 18000-6C<\/td><\/tr><tr><td>Mem\u00f3ria<\/td><td colspan=\"5\">EPC 96bits, mem\u00f3ria expandida 512bits<\/td><\/tr><tr><td>Instala\u00e7\u00e3o<\/td><td colspan=\"5\">Incorporado, autoadesivo<\/td><\/tr><tr><td>Funcionamento<\/td><td colspan=\"5\">-30~85\u2103 \/ -22~185\u2109<\/td><\/tr><tr><td>Armazenamento<\/td><td colspan=\"5\">-40~160\u2103 \/ -40~320\u2109<\/td><\/tr><tr><td>Ler\/escrever<\/td><td colspan=\"5\">100.000 ciclos<\/td><\/tr><tr><td>IP<\/td><td colspan=\"5\">IP65~IP68<\/td><\/tr><\/tbody><\/table><\/figure>\n\n\n\n<h3 class=\"wp-block-heading\" id=\"h-get-in-touch\">Entrar em contacto<\/h3>\n\n\n\n<p>Exceto para a etiqueta RFID de metal cer\u00e2mico listada acima, a HUAYUAN tem mais de v\u00e1rias dezenas de etiquetas RFID anti-metal existentes para a sua sele\u00e7\u00e3o. Al\u00e9m disso, a frequ\u00eancia da etiqueta com o melhor desempenho pode ser personalizada para apoiar o projeto.<\/p>\n\n\n<style>.wp-block-kadence-advancedbtn.kb-btns3372_0738cf-d3{gap:var(--global-kb-gap-xs, 0.5rem );justify-content:flex-start;align-items:center;}.kt-btns3372_0738cf-d3 .kt-button{font-weight:normal;font-style:normal;}.kt-btns3372_0738cf-d3 .kt-btn-wrap-0{margin-right:5px;}.wp-block-kadence-advancedbtn.kt-btns3372_0738cf-d3 .kt-btn-wrap-0 .kt-button{color:#555555;border-color:#555555;}.wp-block-kadence-advancedbtn.kt-btns3372_0738cf-d3 .kt-btn-wrap-0 .kt-button:hover, .wp-block-kadence-advancedbtn.kt-btns3372_0738cf-d3 .kt-btn-wrap-0 .kt-button:focus{color:#ffffff;border-color:#444444;}.wp-block-kadence-advancedbtn.kt-btns3372_0738cf-d3 .kt-btn-wrap-0 .kt-button::before{display:none;}.wp-block-kadence-advancedbtn.kt-btns3372_0738cf-d3 .kt-btn-wrap-0 .kt-button:hover, .wp-block-kadence-advancedbtn.kt-btns3372_0738cf-d3 .kt-btn-wrap-0 .kt-button:focus{background:#444444;}<\/style>\n<div class=\"wp-block-kadence-advancedbtn kb-buttons-wrap kb-btns3372_0738cf-d3\"><style>ul.menu .wp-block-kadence-advancedbtn .kb-btn3372_1617df-44.kb-button{width:initial;}<\/style><a class=\"kb-button kt-button button kb-btn3372_1617df-44 kt-btn-size-standard kt-btn-width-type-auto kb-btn-global-inherit  kt-btn-has-text-true kt-btn-has-svg-false  wp-block-button__link wp-block-kadence-singlebtn\" href=\"https:\/\/huayuansh.com\/contact-us\/\"><span class=\"kt-btn-inner-text\">Contactar-nos<\/span><\/a><\/div>","protected":false},"excerpt":{"rendered":"<p>As etiquetas de cer\u00e2mica UHF s\u00e3o especificamente concebidas para o rastreio de activos em ambientes complexos, como os metais. A etiqueta de cer\u00e2mica RFID anti-metal tem as carater\u00edsticas de anti-desmontagem, fragilidade, super anti-interfer\u00eancia, resist\u00eancia a altas temperaturas, resist\u00eancia \u00e0 corros\u00e3o, imperme\u00e1vel e \u00e0 prova de poeira, alta sensibilidade, qualidade de etiqueta mini RFID est\u00e1vel, etc. A etiqueta RFID de cer\u00e2mica pode ser incorporada em v\u00e1rios activos met\u00e1licos,...<\/p>","protected":false},"author":1,"featured_media":3617,"parent":854,"menu_order":0,"comment_status":"closed","ping_status":"closed","template":"","meta":{"_kad_blocks_custom_css":"","_kad_blocks_head_custom_js":"","_kad_blocks_body_custom_js":"","_kad_blocks_footer_custom_js":"","_kadence_starter_templates_imported_post":false,"_kad_post_transparent":"","_kad_post_title":"","_kad_post_layout":"","_kad_post_sidebar_id":"","_kad_post_content_style":"","_kad_post_vertical_padding":"","_kad_post_feature":"","_kad_post_feature_position":"","_kad_post_header":false,"_kad_post_footer":false,"footnotes":""},"class_list":["post-3372","page","type-page","status-publish","has-post-thumbnail","hentry"],"yoast_head":"<!-- This site is optimized with the Yoast SEO Premium plugin v23.0 (Yoast SEO v26.3) - https:\/\/yoast.com\/wordpress\/plugins\/seo\/ -->\n<title>UHF RFID Ceramic Tag | HUAYUAN RFID Tag Manufacturer<\/title>\n<meta name=\"description\" content=\"UHF RFID Ceramic Tag is specialized for complex metallic environment, whose dimension could be ultra-small and perfect performance.\" \/>\n<meta name=\"robots\" content=\"index, follow, max-snippet:-1, max-image-preview:large, max-video-preview:-1\" \/>\n<link rel=\"canonical\" href=\"https:\/\/huayuansh.com\/pt\/produtos\/etiquetas-rfid-industriais\/etiqueta-rfid-de-ceramica-uhf\/\" \/>\n<meta property=\"og:locale\" content=\"pt_PT\" \/>\n<meta property=\"og:type\" content=\"article\" \/>\n<meta property=\"og:title\" content=\"UHF RFID Ceramic Tag\" \/>\n<meta property=\"og:description\" content=\"UHF RFID Ceramic Tag is specialized for complex metallic environment, whose dimension could be ultra-small and perfect performance.\" \/>\n<meta property=\"og:url\" content=\"https:\/\/huayuansh.com\/pt\/produtos\/etiquetas-rfid-industriais\/etiqueta-rfid-de-ceramica-uhf\/\" \/>\n<meta property=\"og:site_name\" content=\"HUAYUAN RFID Tag Manufacturer\" \/>\n<meta property=\"article:modified_time\" content=\"2024-08-08T07:03:28+00:00\" \/>\n<meta property=\"og:image\" content=\"https:\/\/huayuansh.com\/wp-content\/uploads\/2024\/08\/UHF-RFID-Ceramic-Tag-for-Identification.webp\" \/>\n\t<meta property=\"og:image:width\" content=\"1920\" \/>\n\t<meta property=\"og:image:height\" content=\"1080\" \/>\n\t<meta property=\"og:image:type\" content=\"image\/webp\" \/>\n<meta name=\"twitter:card\" content=\"summary_large_image\" \/>\n<meta name=\"twitter:label1\" content=\"Tempo estimado de leitura\" \/>\n\t<meta name=\"twitter:data1\" content=\"3 minutos\" \/>\n<script type=\"application\/ld+json\" class=\"yoast-schema-graph\">{\"@context\":\"https:\/\/schema.org\",\"@graph\":[{\"@type\":\"WebPage\",\"@id\":\"https:\/\/huayuansh.com\/products\/industrial-rfid-tags\/uhf-rfid-ceramic-tag\/\",\"url\":\"https:\/\/huayuansh.com\/products\/industrial-rfid-tags\/uhf-rfid-ceramic-tag\/\",\"name\":\"UHF RFID Ceramic Tag | HUAYUAN RFID Tag Manufacturer\",\"isPartOf\":{\"@id\":\"https:\/\/huayuansh.com\/#website\"},\"primaryImageOfPage\":{\"@id\":\"https:\/\/huayuansh.com\/products\/industrial-rfid-tags\/uhf-rfid-ceramic-tag\/#primaryimage\"},\"image\":{\"@id\":\"https:\/\/huayuansh.com\/products\/industrial-rfid-tags\/uhf-rfid-ceramic-tag\/#primaryimage\"},\"thumbnailUrl\":\"https:\/\/huayuansh.com\/wp-content\/uploads\/2024\/08\/UHF-RFID-Ceramic-Tag-for-Identification.webp\",\"datePublished\":\"2024-07-15T05:25:43+00:00\",\"dateModified\":\"2024-08-08T07:03:28+00:00\",\"description\":\"UHF RFID Ceramic Tag is specialized for complex metallic environment, whose dimension could be ultra-small and perfect performance.\",\"breadcrumb\":{\"@id\":\"https:\/\/huayuansh.com\/products\/industrial-rfid-tags\/uhf-rfid-ceramic-tag\/#breadcrumb\"},\"inLanguage\":\"pt-PT\",\"potentialAction\":[{\"@type\":\"ReadAction\",\"target\":[\"https:\/\/huayuansh.com\/products\/industrial-rfid-tags\/uhf-rfid-ceramic-tag\/\"]}]},{\"@type\":\"ImageObject\",\"inLanguage\":\"pt-PT\",\"@id\":\"https:\/\/huayuansh.com\/products\/industrial-rfid-tags\/uhf-rfid-ceramic-tag\/#primaryimage\",\"url\":\"https:\/\/huayuansh.com\/wp-content\/uploads\/2024\/08\/UHF-RFID-Ceramic-Tag-for-Identification.webp\",\"contentUrl\":\"https:\/\/huayuansh.com\/wp-content\/uploads\/2024\/08\/UHF-RFID-Ceramic-Tag-for-Identification.webp\",\"width\":1920,\"height\":1080},{\"@type\":\"BreadcrumbList\",\"@id\":\"https:\/\/huayuansh.com\/products\/industrial-rfid-tags\/uhf-rfid-ceramic-tag\/#breadcrumb\",\"itemListElement\":[{\"@type\":\"ListItem\",\"position\":1,\"name\":\"Home\",\"item\":\"https:\/\/huayuansh.com\/\"},{\"@type\":\"ListItem\",\"position\":2,\"name\":\"RFID Products\",\"item\":\"https:\/\/huayuansh.com\/products\/\"},{\"@type\":\"ListItem\",\"position\":3,\"name\":\"Industrial RFID Tags\",\"item\":\"https:\/\/huayuansh.com\/products\/industrial-rfid-tags\/\"},{\"@type\":\"ListItem\",\"position\":4,\"name\":\"UHF RFID Ceramic Tag\"}]},{\"@type\":\"WebSite\",\"@id\":\"https:\/\/huayuansh.com\/#website\",\"url\":\"https:\/\/huayuansh.com\/\",\"name\":\"HUAYUAN RFID Tag Manufacturer\",\"description\":\"HUAYUAN RFID Tag Manufacturer\",\"publisher\":{\"@id\":\"https:\/\/huayuansh.com\/#organization\"},\"potentialAction\":[{\"@type\":\"SearchAction\",\"target\":{\"@type\":\"EntryPoint\",\"urlTemplate\":\"https:\/\/huayuansh.com\/?s={search_term_string}\"},\"query-input\":{\"@type\":\"PropertyValueSpecification\",\"valueRequired\":true,\"valueName\":\"search_term_string\"}}],\"inLanguage\":\"pt-PT\"},{\"@type\":\"Organization\",\"@id\":\"https:\/\/huayuansh.com\/#organization\",\"name\":\"HUAYUAN RFID Tag Manufacturer\",\"url\":\"https:\/\/huayuansh.com\/\",\"logo\":{\"@type\":\"ImageObject\",\"inLanguage\":\"pt-PT\",\"@id\":\"https:\/\/huayuansh.com\/#\/schema\/logo\/image\/\",\"url\":\"https:\/\/huayuansh.com\/wp-content\/uploads\/2024\/09\/cropped-HUAYUAN.webp\",\"contentUrl\":\"https:\/\/huayuansh.com\/wp-content\/uploads\/2024\/09\/cropped-HUAYUAN.webp\",\"width\":895,\"height\":279,\"caption\":\"HUAYUAN RFID Tag Manufacturer\"},\"image\":{\"@id\":\"https:\/\/huayuansh.com\/#\/schema\/logo\/image\/\"}}]}<\/script>\n<!-- \/ Yoast SEO Premium plugin. -->","yoast_head_json":{"title":"Etiqueta cer\u00e2mica RFID UHF | Fabricante de etiquetas RFID HUAYUAN","description":"A etiqueta cer\u00e2mica RFID UHF \u00e9 especializada para ambientes met\u00e1licos complexos, cuja dimens\u00e3o pode ser ultra-pequena e de desempenho perfeito.","robots":{"index":"index","follow":"follow","max-snippet":"max-snippet:-1","max-image-preview":"max-image-preview:large","max-video-preview":"max-video-preview:-1"},"canonical":"https:\/\/huayuansh.com\/pt\/produtos\/etiquetas-rfid-industriais\/etiqueta-rfid-de-ceramica-uhf\/","og_locale":"pt_PT","og_type":"article","og_title":"UHF RFID Ceramic Tag","og_description":"UHF RFID Ceramic Tag is specialized for complex metallic environment, whose dimension could be ultra-small and perfect performance.","og_url":"https:\/\/huayuansh.com\/pt\/produtos\/etiquetas-rfid-industriais\/etiqueta-rfid-de-ceramica-uhf\/","og_site_name":"HUAYUAN RFID Tag Manufacturer","article_modified_time":"2024-08-08T07:03:28+00:00","og_image":[{"width":1920,"height":1080,"url":"https:\/\/huayuansh.com\/wp-content\/uploads\/2024\/08\/UHF-RFID-Ceramic-Tag-for-Identification.webp","type":"image\/webp"}],"twitter_card":"summary_large_image","twitter_misc":{"Tempo estimado de leitura":"3 minutos"},"schema":{"@context":"https:\/\/schema.org","@graph":[{"@type":"WebPage","@id":"https:\/\/huayuansh.com\/products\/industrial-rfid-tags\/uhf-rfid-ceramic-tag\/","url":"https:\/\/huayuansh.com\/products\/industrial-rfid-tags\/uhf-rfid-ceramic-tag\/","name":"Etiqueta cer\u00e2mica RFID UHF | Fabricante de etiquetas RFID HUAYUAN","isPartOf":{"@id":"https:\/\/huayuansh.com\/#website"},"primaryImageOfPage":{"@id":"https:\/\/huayuansh.com\/products\/industrial-rfid-tags\/uhf-rfid-ceramic-tag\/#primaryimage"},"image":{"@id":"https:\/\/huayuansh.com\/products\/industrial-rfid-tags\/uhf-rfid-ceramic-tag\/#primaryimage"},"thumbnailUrl":"https:\/\/huayuansh.com\/wp-content\/uploads\/2024\/08\/UHF-RFID-Ceramic-Tag-for-Identification.webp","datePublished":"2024-07-15T05:25:43+00:00","dateModified":"2024-08-08T07:03:28+00:00","description":"A etiqueta cer\u00e2mica RFID UHF \u00e9 especializada para ambientes met\u00e1licos complexos, cuja dimens\u00e3o pode ser ultra-pequena e de desempenho perfeito.","breadcrumb":{"@id":"https:\/\/huayuansh.com\/products\/industrial-rfid-tags\/uhf-rfid-ceramic-tag\/#breadcrumb"},"inLanguage":"pt-PT","potentialAction":[{"@type":"ReadAction","target":["https:\/\/huayuansh.com\/products\/industrial-rfid-tags\/uhf-rfid-ceramic-tag\/"]}]},{"@type":"ImageObject","inLanguage":"pt-PT","@id":"https:\/\/huayuansh.com\/products\/industrial-rfid-tags\/uhf-rfid-ceramic-tag\/#primaryimage","url":"https:\/\/huayuansh.com\/wp-content\/uploads\/2024\/08\/UHF-RFID-Ceramic-Tag-for-Identification.webp","contentUrl":"https:\/\/huayuansh.com\/wp-content\/uploads\/2024\/08\/UHF-RFID-Ceramic-Tag-for-Identification.webp","width":1920,"height":1080},{"@type":"BreadcrumbList","@id":"https:\/\/huayuansh.com\/products\/industrial-rfid-tags\/uhf-rfid-ceramic-tag\/#breadcrumb","itemListElement":[{"@type":"ListItem","position":1,"name":"Home","item":"https:\/\/huayuansh.com\/"},{"@type":"ListItem","position":2,"name":"RFID Products","item":"https:\/\/huayuansh.com\/products\/"},{"@type":"ListItem","position":3,"name":"Industrial RFID Tags","item":"https:\/\/huayuansh.com\/products\/industrial-rfid-tags\/"},{"@type":"ListItem","position":4,"name":"UHF RFID Ceramic Tag"}]},{"@type":"WebSite","@id":"https:\/\/huayuansh.com\/#website","url":"https:\/\/huayuansh.com\/","name":"Fabricante de etiquetas RFID HUAYUAN","description":"Fabricante de etiquetas RFID HUAYUAN","publisher":{"@id":"https:\/\/huayuansh.com\/#organization"},"potentialAction":[{"@type":"SearchAction","target":{"@type":"EntryPoint","urlTemplate":"https:\/\/huayuansh.com\/?s={search_term_string}"},"query-input":{"@type":"PropertyValueSpecification","valueRequired":true,"valueName":"search_term_string"}}],"inLanguage":"pt-PT"},{"@type":"Organization","@id":"https:\/\/huayuansh.com\/#organization","name":"Fabricante de etiquetas RFID HUAYUAN","url":"https:\/\/huayuansh.com\/","logo":{"@type":"ImageObject","inLanguage":"pt-PT","@id":"https:\/\/huayuansh.com\/#\/schema\/logo\/image\/","url":"https:\/\/huayuansh.com\/wp-content\/uploads\/2024\/09\/cropped-HUAYUAN.webp","contentUrl":"https:\/\/huayuansh.com\/wp-content\/uploads\/2024\/09\/cropped-HUAYUAN.webp","width":895,"height":279,"caption":"HUAYUAN RFID Tag Manufacturer"},"image":{"@id":"https:\/\/huayuansh.com\/#\/schema\/logo\/image\/"}}]}},"taxonomy_info":[],"featured_image_src_large":["https:\/\/huayuansh.com\/wp-content\/uploads\/2024\/08\/UHF-RFID-Ceramic-Tag-for-Identification-1024x576.webp",1024,576,true],"author_info":{"display_name":"HUAYUAN","author_link":"https:\/\/huayuansh.com\/pt\/author\/shyec2024\/"},"comment_info":0,"_links":{"self":[{"href":"https:\/\/huayuansh.com\/pt\/wp-json\/wp\/v2\/pages\/3372","targetHints":{"allow":["GET"]}}],"collection":[{"href":"https:\/\/huayuansh.com\/pt\/wp-json\/wp\/v2\/pages"}],"about":[{"href":"https:\/\/huayuansh.com\/pt\/wp-json\/wp\/v2\/types\/page"}],"author":[{"embeddable":true,"href":"https:\/\/huayuansh.com\/pt\/wp-json\/wp\/v2\/users\/1"}],"replies":[{"embeddable":true,"href":"https:\/\/huayuansh.com\/pt\/wp-json\/wp\/v2\/comments?post=3372"}],"version-history":[{"count":2,"href":"https:\/\/huayuansh.com\/pt\/wp-json\/wp\/v2\/pages\/3372\/revisions"}],"predecessor-version":[{"id":3618,"href":"https:\/\/huayuansh.com\/pt\/wp-json\/wp\/v2\/pages\/3372\/revisions\/3618"}],"up":[{"embeddable":true,"href":"https:\/\/huayuansh.com\/pt\/wp-json\/wp\/v2\/pages\/854"}],"wp:featuredmedia":[{"embeddable":true,"href":"https:\/\/huayuansh.com\/pt\/wp-json\/wp\/v2\/media\/3617"}],"wp:attachment":[{"href":"https:\/\/huayuansh.com\/pt\/wp-json\/wp\/v2\/media?parent=3372"}],"curies":[{"name":"wp","href":"https:\/\/api.w.org\/{rel}","templated":true}]}}