{"id":3380,"date":"2024-07-15T13:42:10","date_gmt":"2024-07-15T05:42:10","guid":{"rendered":"https:\/\/huayuansh.com\/?page_id=3380"},"modified":"2024-08-07T09:13:12","modified_gmt":"2024-08-07T01:13:12","slug":"etiqueta-inteligente-ecotrack-para-contentores","status":"publish","type":"page","link":"https:\/\/huayuansh.com\/pt\/produtos\/etiquetas-rfid-industriais\/etiqueta-inteligente-ecotrack-para-contentores\/","title":{"rendered":"EcoTrack Smart Bin Tag"},"content":{"rendered":"<p>O EcoTrack Smart Bin Tag foi concebido para oferecer uma solu\u00e7\u00e3o flex\u00edvel e inteligente para a gest\u00e3o de res\u00edduos. Constru\u00edda em pl\u00e1stico dur\u00e1vel, esta etiqueta foi concebida para suportar as condi\u00e7\u00f5es mais dif\u00edceis, garantindo longevidade e fiabilidade. Pode ser facilmente afixada nos caixotes do lixo utilizando fita adesiva 3M ou rebites seguros, proporcionando flexibilidade na instala\u00e7\u00e3o.<\/p>\n\n\n\n<p>A nossa etiqueta de contentor inteligente est\u00e1 equipada com tecnologia RFID (UHF), permitindo uma verifica\u00e7\u00e3o de servi\u00e7o precisa e sem esfor\u00e7o. Quando um leitor RFID est\u00e1 pr\u00f3ximo, o contentor \u00e9 imediatamente reconhecido, facilitando a recupera\u00e7\u00e3o eficiente de dados. Isto inclui n\u00fameros de identifica\u00e7\u00e3o, informa\u00e7\u00f5es do propriet\u00e1rio, localiza\u00e7\u00f5es do contentor e hor\u00e1rios de recolha, tudo gerido atrav\u00e9s do sistema RFID de gest\u00e3o de res\u00edduos inteligente.<\/p>\n\n\n\n<p>Para uma leitura r\u00e1pida e um acesso conveniente do p\u00fablico a informa\u00e7\u00f5es importantes sobre o contentor, as etiquetas podem ser pr\u00e9-impressas com c\u00f3digos num\u00e9ricos, c\u00f3digos de barras e c\u00f3digos QR. Temos uma vasta experi\u00eancia no processamento de dados, garantindo que os dados impressos s\u00e3o corretos e f\u00e1ceis de ler.<\/p>\n\n\n\n<h2 class=\"wp-block-heading\" id=\"h-key-features\">Carater\u00edsticas principais<\/h2>\n\n\n\n<ul class=\"wp-block-list\">\n<li><strong>Constru\u00e7\u00e3o duradoura<\/strong>: Fabricado em pl\u00e1stico resistente e duradouro para resistir a ambientes agressivos.<\/li>\n\n\n\n<li><strong>Instala\u00e7\u00e3o flex\u00edvel<\/strong>: Op\u00e7\u00f5es de fixa\u00e7\u00e3o com fita adesiva 3M ou rebites para uma coloca\u00e7\u00e3o segura.<\/li>\n\n\n\n<li><strong>Verifica\u00e7\u00e3o fi\u00e1vel de RFID<\/strong>: Tecnologia RFID (UHF) integrada para uma verifica\u00e7\u00e3o fi\u00e1vel do servi\u00e7o.<\/li>\n\n\n\n<li><strong>Identifica\u00e7\u00e3o vis\u00edvel<\/strong>: C\u00f3digos num\u00e9ricos, de barras e QR de alta visibilidade para uma identifica\u00e7\u00e3o r\u00e1pida e f\u00e1cil.<\/li>\n<\/ul>\n\n\n\n<h2 class=\"wp-block-heading\" id=\"h-specifications\">Especifica\u00e7\u00f5es<\/h2>\n\n\n\n<ul class=\"wp-block-list\">\n<li>Material: PVC laminado<\/li>\n\n\n\n<li>Dimens\u00e3o: 65mm x 25mm; 100mm x 25mm, ou Personalizado<\/li>\n\n\n\n<li>Espessura: 1mm ~ 1,5mm<\/li>\n\n\n\n<li>Di\u00e2metro do furo: 3,5 mm<\/li>\n\n\n\n<li>Classe IP: IP67<\/li>\n\n\n\n<li>Dist\u00e2ncia de leitura: 2m ~ 3m (UHF)<\/li>\n<\/ul>\n\n\n\n<h3 class=\"wp-block-heading\" id=\"h-get-in-touch\">Entrar em contacto<\/h3>\n\n\n\n<p>Escolha o nosso EcoTrack Smart Bin Tag para melhorar a sua <a href=\"https:\/\/huayuansh.com\/applications\/waste-management\/\">gest\u00e3o de res\u00edduos<\/a> com uma solu\u00e7\u00e3o duradoura, inteligente e eficiente. Contacte-nos hoje para saber mais sobre como os nossos produtos podem satisfazer as suas necessidades.<\/p>\n\n\n<style>.wp-block-kadence-advancedbtn.kb-btns3380_fff710-40{gap:var(--global-kb-gap-xs, 0.5rem );justify-content:flex-start;align-items:center;}.kt-btns3380_fff710-40 .kt-button{font-weight:normal;font-style:normal;}.kt-btns3380_fff710-40 .kt-btn-wrap-0{margin-right:5px;}.wp-block-kadence-advancedbtn.kt-btns3380_fff710-40 .kt-btn-wrap-0 .kt-button{color:#555555;border-color:#555555;}.wp-block-kadence-advancedbtn.kt-btns3380_fff710-40 .kt-btn-wrap-0 .kt-button:hover, .wp-block-kadence-advancedbtn.kt-btns3380_fff710-40 .kt-btn-wrap-0 .kt-button:focus{color:#ffffff;border-color:#444444;}.wp-block-kadence-advancedbtn.kt-btns3380_fff710-40 .kt-btn-wrap-0 .kt-button::before{display:none;}.wp-block-kadence-advancedbtn.kt-btns3380_fff710-40 .kt-btn-wrap-0 .kt-button:hover, .wp-block-kadence-advancedbtn.kt-btns3380_fff710-40 .kt-btn-wrap-0 .kt-button:focus{background:#444444;}<\/style>\n<div class=\"wp-block-kadence-advancedbtn kb-buttons-wrap kb-btns3380_fff710-40\"><style>ul.menu .wp-block-kadence-advancedbtn .kb-btn3380_1be6bf-44.kb-button{width:initial;}<\/style><a class=\"kb-button kt-button button kb-btn3380_1be6bf-44 kt-btn-size-standard kt-btn-width-type-auto kb-btn-global-inherit  kt-btn-has-text-true kt-btn-has-svg-false  wp-block-button__link wp-block-kadence-singlebtn\" href=\"https:\/\/huayuansh.com\/contact-us\/\"><span class=\"kt-btn-inner-text\">Contactar-nos<\/span><\/a><\/div>","protected":false},"excerpt":{"rendered":"<p>The EcoTrack Smart Bin Tag is designed to offer a flexible and intelligent solution for waste management. Constructed from durable plastic, this tag is engineered to withstand the toughest conditions, ensuring longevity and reliability. It can be easily affixed to waste bins using 3M adhesive tape or secure rivets, providing flexibility in installation. Our Smart&#8230;<\/p>","protected":false},"author":1,"featured_media":3585,"parent":854,"menu_order":0,"comment_status":"closed","ping_status":"closed","template":"","meta":{"_kad_blocks_custom_css":"","_kad_blocks_head_custom_js":"","_kad_blocks_body_custom_js":"","_kad_blocks_footer_custom_js":"","_kadence_starter_templates_imported_post":false,"_kad_post_transparent":"","_kad_post_title":"","_kad_post_layout":"","_kad_post_sidebar_id":"","_kad_post_content_style":"","_kad_post_vertical_padding":"","_kad_post_feature":"","_kad_post_feature_position":"","_kad_post_header":false,"_kad_post_footer":false,"footnotes":""},"class_list":["post-3380","page","type-page","status-publish","has-post-thumbnail","hentry"],"yoast_head":"<!-- This site is optimized with the Yoast SEO Premium plugin v23.0 (Yoast SEO v26.3) - https:\/\/yoast.com\/wordpress\/plugins\/seo\/ -->\n<title>EcoTrack Smart Bin Tag | HUAYUAN RFID Tag Manufacturer<\/title>\n<meta name=\"robots\" content=\"index, follow, max-snippet:-1, max-image-preview:large, max-video-preview:-1\" \/>\n<link rel=\"canonical\" href=\"https:\/\/huayuansh.com\/pt\/produtos\/etiquetas-rfid-industriais\/etiqueta-inteligente-ecotrack-para-contentores\/\" \/>\n<meta property=\"og:locale\" content=\"pt_PT\" \/>\n<meta property=\"og:type\" content=\"article\" \/>\n<meta property=\"og:title\" content=\"EcoTrack Smart Bin Tag\" \/>\n<meta property=\"og:description\" content=\"The EcoTrack Smart Bin Tag is designed to offer a flexible and intelligent solution for waste management. Constructed from durable plastic, this tag is engineered to withstand the toughest conditions, ensuring longevity and reliability. It can be easily affixed to waste bins using 3M adhesive tape or secure rivets, providing flexibility in installation. Our Smart...\" \/>\n<meta property=\"og:url\" content=\"https:\/\/huayuansh.com\/pt\/produtos\/etiquetas-rfid-industriais\/etiqueta-inteligente-ecotrack-para-contentores\/\" \/>\n<meta property=\"og:site_name\" content=\"HUAYUAN RFID Tag Manufacturer\" \/>\n<meta property=\"article:modified_time\" content=\"2024-08-07T01:13:12+00:00\" \/>\n<meta property=\"og:image\" content=\"https:\/\/huayuansh.com\/wp-content\/uploads\/2024\/08\/EcoTrack-Smart-Bin-Tag.webp\" \/>\n\t<meta property=\"og:image:width\" content=\"1920\" \/>\n\t<meta property=\"og:image:height\" content=\"1080\" \/>\n\t<meta property=\"og:image:type\" content=\"image\/webp\" \/>\n<meta name=\"twitter:card\" content=\"summary_large_image\" \/>\n<meta name=\"twitter:label1\" content=\"Tempo estimado de leitura\" \/>\n\t<meta name=\"twitter:data1\" content=\"2 minutos\" \/>\n<script type=\"application\/ld+json\" class=\"yoast-schema-graph\">{\"@context\":\"https:\/\/schema.org\",\"@graph\":[{\"@type\":\"WebPage\",\"@id\":\"https:\/\/huayuansh.com\/products\/industrial-rfid-tags\/ecotrack-smart-bin-tag\/\",\"url\":\"https:\/\/huayuansh.com\/products\/industrial-rfid-tags\/ecotrack-smart-bin-tag\/\",\"name\":\"EcoTrack Smart Bin Tag | HUAYUAN RFID Tag Manufacturer\",\"isPartOf\":{\"@id\":\"https:\/\/huayuansh.com\/#website\"},\"primaryImageOfPage\":{\"@id\":\"https:\/\/huayuansh.com\/products\/industrial-rfid-tags\/ecotrack-smart-bin-tag\/#primaryimage\"},\"image\":{\"@id\":\"https:\/\/huayuansh.com\/products\/industrial-rfid-tags\/ecotrack-smart-bin-tag\/#primaryimage\"},\"thumbnailUrl\":\"https:\/\/huayuansh.com\/wp-content\/uploads\/2024\/08\/EcoTrack-Smart-Bin-Tag.webp\",\"datePublished\":\"2024-07-15T05:42:10+00:00\",\"dateModified\":\"2024-08-07T01:13:12+00:00\",\"breadcrumb\":{\"@id\":\"https:\/\/huayuansh.com\/products\/industrial-rfid-tags\/ecotrack-smart-bin-tag\/#breadcrumb\"},\"inLanguage\":\"pt-PT\",\"potentialAction\":[{\"@type\":\"ReadAction\",\"target\":[\"https:\/\/huayuansh.com\/products\/industrial-rfid-tags\/ecotrack-smart-bin-tag\/\"]}]},{\"@type\":\"ImageObject\",\"inLanguage\":\"pt-PT\",\"@id\":\"https:\/\/huayuansh.com\/products\/industrial-rfid-tags\/ecotrack-smart-bin-tag\/#primaryimage\",\"url\":\"https:\/\/huayuansh.com\/wp-content\/uploads\/2024\/08\/EcoTrack-Smart-Bin-Tag.webp\",\"contentUrl\":\"https:\/\/huayuansh.com\/wp-content\/uploads\/2024\/08\/EcoTrack-Smart-Bin-Tag.webp\",\"width\":1920,\"height\":1080},{\"@type\":\"BreadcrumbList\",\"@id\":\"https:\/\/huayuansh.com\/products\/industrial-rfid-tags\/ecotrack-smart-bin-tag\/#breadcrumb\",\"itemListElement\":[{\"@type\":\"ListItem\",\"position\":1,\"name\":\"Home\",\"item\":\"https:\/\/huayuansh.com\/\"},{\"@type\":\"ListItem\",\"position\":2,\"name\":\"RFID Products\",\"item\":\"https:\/\/huayuansh.com\/products\/\"},{\"@type\":\"ListItem\",\"position\":3,\"name\":\"Industrial RFID Tags\",\"item\":\"https:\/\/huayuansh.com\/products\/industrial-rfid-tags\/\"},{\"@type\":\"ListItem\",\"position\":4,\"name\":\"EcoTrack Smart Bin Tag\"}]},{\"@type\":\"WebSite\",\"@id\":\"https:\/\/huayuansh.com\/#website\",\"url\":\"https:\/\/huayuansh.com\/\",\"name\":\"HUAYUAN RFID Tag Manufacturer\",\"description\":\"HUAYUAN RFID Tag Manufacturer\",\"publisher\":{\"@id\":\"https:\/\/huayuansh.com\/#organization\"},\"potentialAction\":[{\"@type\":\"SearchAction\",\"target\":{\"@type\":\"EntryPoint\",\"urlTemplate\":\"https:\/\/huayuansh.com\/?s={search_term_string}\"},\"query-input\":{\"@type\":\"PropertyValueSpecification\",\"valueRequired\":true,\"valueName\":\"search_term_string\"}}],\"inLanguage\":\"pt-PT\"},{\"@type\":\"Organization\",\"@id\":\"https:\/\/huayuansh.com\/#organization\",\"name\":\"HUAYUAN RFID Tag Manufacturer\",\"url\":\"https:\/\/huayuansh.com\/\",\"logo\":{\"@type\":\"ImageObject\",\"inLanguage\":\"pt-PT\",\"@id\":\"https:\/\/huayuansh.com\/#\/schema\/logo\/image\/\",\"url\":\"https:\/\/huayuansh.com\/wp-content\/uploads\/2024\/09\/cropped-HUAYUAN.webp\",\"contentUrl\":\"https:\/\/huayuansh.com\/wp-content\/uploads\/2024\/09\/cropped-HUAYUAN.webp\",\"width\":895,\"height\":279,\"caption\":\"HUAYUAN RFID Tag Manufacturer\"},\"image\":{\"@id\":\"https:\/\/huayuansh.com\/#\/schema\/logo\/image\/\"}}]}<\/script>\n<!-- \/ Yoast SEO Premium plugin. -->","yoast_head_json":{"title":"EcoTrack Smart Bin Tag | HUAYUAN RFID Tag Fabricante","robots":{"index":"index","follow":"follow","max-snippet":"max-snippet:-1","max-image-preview":"max-image-preview:large","max-video-preview":"max-video-preview:-1"},"canonical":"https:\/\/huayuansh.com\/pt\/produtos\/etiquetas-rfid-industriais\/etiqueta-inteligente-ecotrack-para-contentores\/","og_locale":"pt_PT","og_type":"article","og_title":"EcoTrack Smart Bin Tag","og_description":"The EcoTrack Smart Bin Tag is designed to offer a flexible and intelligent solution for waste management. Constructed from durable plastic, this tag is engineered to withstand the toughest conditions, ensuring longevity and reliability. It can be easily affixed to waste bins using 3M adhesive tape or secure rivets, providing flexibility in installation. Our Smart...","og_url":"https:\/\/huayuansh.com\/pt\/produtos\/etiquetas-rfid-industriais\/etiqueta-inteligente-ecotrack-para-contentores\/","og_site_name":"HUAYUAN RFID Tag Manufacturer","article_modified_time":"2024-08-07T01:13:12+00:00","og_image":[{"width":1920,"height":1080,"url":"https:\/\/huayuansh.com\/wp-content\/uploads\/2024\/08\/EcoTrack-Smart-Bin-Tag.webp","type":"image\/webp"}],"twitter_card":"summary_large_image","twitter_misc":{"Tempo estimado de leitura":"2 minutos"},"schema":{"@context":"https:\/\/schema.org","@graph":[{"@type":"WebPage","@id":"https:\/\/huayuansh.com\/products\/industrial-rfid-tags\/ecotrack-smart-bin-tag\/","url":"https:\/\/huayuansh.com\/products\/industrial-rfid-tags\/ecotrack-smart-bin-tag\/","name":"EcoTrack Smart Bin Tag | HUAYUAN RFID Tag Fabricante","isPartOf":{"@id":"https:\/\/huayuansh.com\/#website"},"primaryImageOfPage":{"@id":"https:\/\/huayuansh.com\/products\/industrial-rfid-tags\/ecotrack-smart-bin-tag\/#primaryimage"},"image":{"@id":"https:\/\/huayuansh.com\/products\/industrial-rfid-tags\/ecotrack-smart-bin-tag\/#primaryimage"},"thumbnailUrl":"https:\/\/huayuansh.com\/wp-content\/uploads\/2024\/08\/EcoTrack-Smart-Bin-Tag.webp","datePublished":"2024-07-15T05:42:10+00:00","dateModified":"2024-08-07T01:13:12+00:00","breadcrumb":{"@id":"https:\/\/huayuansh.com\/products\/industrial-rfid-tags\/ecotrack-smart-bin-tag\/#breadcrumb"},"inLanguage":"pt-PT","potentialAction":[{"@type":"ReadAction","target":["https:\/\/huayuansh.com\/products\/industrial-rfid-tags\/ecotrack-smart-bin-tag\/"]}]},{"@type":"ImageObject","inLanguage":"pt-PT","@id":"https:\/\/huayuansh.com\/products\/industrial-rfid-tags\/ecotrack-smart-bin-tag\/#primaryimage","url":"https:\/\/huayuansh.com\/wp-content\/uploads\/2024\/08\/EcoTrack-Smart-Bin-Tag.webp","contentUrl":"https:\/\/huayuansh.com\/wp-content\/uploads\/2024\/08\/EcoTrack-Smart-Bin-Tag.webp","width":1920,"height":1080},{"@type":"BreadcrumbList","@id":"https:\/\/huayuansh.com\/products\/industrial-rfid-tags\/ecotrack-smart-bin-tag\/#breadcrumb","itemListElement":[{"@type":"ListItem","position":1,"name":"Home","item":"https:\/\/huayuansh.com\/"},{"@type":"ListItem","position":2,"name":"RFID Products","item":"https:\/\/huayuansh.com\/products\/"},{"@type":"ListItem","position":3,"name":"Industrial RFID Tags","item":"https:\/\/huayuansh.com\/products\/industrial-rfid-tags\/"},{"@type":"ListItem","position":4,"name":"EcoTrack Smart Bin Tag"}]},{"@type":"WebSite","@id":"https:\/\/huayuansh.com\/#website","url":"https:\/\/huayuansh.com\/","name":"Fabricante de etiquetas RFID HUAYUAN","description":"Fabricante de etiquetas RFID HUAYUAN","publisher":{"@id":"https:\/\/huayuansh.com\/#organization"},"potentialAction":[{"@type":"SearchAction","target":{"@type":"EntryPoint","urlTemplate":"https:\/\/huayuansh.com\/?s={search_term_string}"},"query-input":{"@type":"PropertyValueSpecification","valueRequired":true,"valueName":"search_term_string"}}],"inLanguage":"pt-PT"},{"@type":"Organization","@id":"https:\/\/huayuansh.com\/#organization","name":"Fabricante de etiquetas RFID HUAYUAN","url":"https:\/\/huayuansh.com\/","logo":{"@type":"ImageObject","inLanguage":"pt-PT","@id":"https:\/\/huayuansh.com\/#\/schema\/logo\/image\/","url":"https:\/\/huayuansh.com\/wp-content\/uploads\/2024\/09\/cropped-HUAYUAN.webp","contentUrl":"https:\/\/huayuansh.com\/wp-content\/uploads\/2024\/09\/cropped-HUAYUAN.webp","width":895,"height":279,"caption":"HUAYUAN RFID Tag Manufacturer"},"image":{"@id":"https:\/\/huayuansh.com\/#\/schema\/logo\/image\/"}}]}},"taxonomy_info":[],"featured_image_src_large":["https:\/\/huayuansh.com\/wp-content\/uploads\/2024\/08\/EcoTrack-Smart-Bin-Tag-1024x576.webp",1024,576,true],"author_info":{"display_name":"HUAYUAN","author_link":"https:\/\/huayuansh.com\/pt\/author\/shyec2024\/"},"comment_info":0,"_links":{"self":[{"href":"https:\/\/huayuansh.com\/pt\/wp-json\/wp\/v2\/pages\/3380","targetHints":{"allow":["GET"]}}],"collection":[{"href":"https:\/\/huayuansh.com\/pt\/wp-json\/wp\/v2\/pages"}],"about":[{"href":"https:\/\/huayuansh.com\/pt\/wp-json\/wp\/v2\/types\/page"}],"author":[{"embeddable":true,"href":"https:\/\/huayuansh.com\/pt\/wp-json\/wp\/v2\/users\/1"}],"replies":[{"embeddable":true,"href":"https:\/\/huayuansh.com\/pt\/wp-json\/wp\/v2\/comments?post=3380"}],"version-history":[{"count":3,"href":"https:\/\/huayuansh.com\/pt\/wp-json\/wp\/v2\/pages\/3380\/revisions"}],"predecessor-version":[{"id":3588,"href":"https:\/\/huayuansh.com\/pt\/wp-json\/wp\/v2\/pages\/3380\/revisions\/3588"}],"up":[{"embeddable":true,"href":"https:\/\/huayuansh.com\/pt\/wp-json\/wp\/v2\/pages\/854"}],"wp:featuredmedia":[{"embeddable":true,"href":"https:\/\/huayuansh.com\/pt\/wp-json\/wp\/v2\/media\/3585"}],"wp:attachment":[{"href":"https:\/\/huayuansh.com\/pt\/wp-json\/wp\/v2\/media?parent=3380"}],"curies":[{"name":"wp","href":"https:\/\/api.w.org\/{rel}","templated":true}]}}