{"id":3392,"date":"2024-07-15T14:02:23","date_gmt":"2024-07-15T06:02:23","guid":{"rendered":"https:\/\/huayuansh.com\/?page_id=3392"},"modified":"2024-08-08T15:26:09","modified_gmt":"2024-08-08T07:26:09","slug":"etiqueta-rfid-de-posicao-de-navegacao-para-agv","status":"publish","type":"page","link":"https:\/\/huayuansh.com\/pt\/produtos\/etiquetas-rfid-industriais\/etiqueta-rfid-de-posicao-de-navegacao-para-agv\/","title":{"rendered":"Etiqueta de posi\u00e7\u00e3o de navega\u00e7\u00e3o RFID AGV"},"content":{"rendered":"<p>O ve\u00edculo guiado automaticamente (AGV) pode conduzir com precis\u00e3o num determinado caminho para evitar obst\u00e1culos num ambiente n\u00e3o tripulado atrav\u00e9s de navega\u00e7\u00e3o e localiza\u00e7\u00e3o aut\u00f3nomas. Atualmente, a etiqueta RFID para AGV \u00e9 amplamente aplicada em armaz\u00e9ns autom\u00e1ticos, sistemas de transfer\u00eancia de materiais de f\u00e1brica, sistemas de recolha log\u00edstica, sistemas de montagem flex\u00edveis e outros locais de transporte inteligentes.<\/p>\n\n\n\n<p>A ideia \u00e9 utilizar a etiqueta de navega\u00e7\u00e3o RFID do rob\u00f4 colocada num padr\u00e3o de grelha no solo. O robot cont\u00e9m um \"mapa\" dos n\u00fameros de identifica\u00e7\u00e3o das etiquetas RFID da Modex e, utilizando este n\u00famero, sabe onde se encontra no mapa.<\/p>\n\n\n\n<figure class=\"wp-block-embed is-type-video is-provider-youtube wp-block-embed-youtube wp-embed-aspect-16-9 wp-has-aspect-ratio\"><div class=\"wp-block-embed__wrapper\">\n<iframe loading=\"lazy\" title=\"HUAYUAN HDX Ve\u00edculo guiado automaticamente AGV Etiquetas RFID para localiza\u00e7\u00e3o e rastreamento de posi\u00e7\u00e3o\" width=\"720\" height=\"405\" src=\"https:\/\/www.youtube.com\/embed\/MV2LNbdswjU?feature=oembed\" frameborder=\"0\" allow=\"accelerometer; autoplay; clipboard-write; encrypted-media; gyroscope; picture-in-picture; web-share\" referrerpolicy=\"strict-origin-when-cross-origin\" allowfullscreen><\/iframe>\n<\/div><\/figure>\n\n\n\n<div class=\"wp-block-columns is-layout-flex wp-container-core-columns-is-layout-9d6595d7 wp-block-columns-is-layout-flex\">\n<div class=\"wp-block-column is-layout-flow wp-block-column-is-layout-flow\" style=\"flex-basis:70%\">\n<h2 class=\"wp-block-heading\" id=\"h-key-feature-of-rfid-hdx-glass-tag\">Carater\u00edsticas principais da etiqueta de vidro RFID HDX<\/h2>\n\n\n\n<ul class=\"wp-block-list\">\n<li>Desempenho excecional em ambientes dif\u00edceis<\/li>\n\n\n\n<li>Precis\u00e3o, Capacidade de repeti\u00e7\u00e3o, Flexibilidade, Empilhamento de blocos, Sub-estrutura do pavimento, Padr\u00e3o de tr\u00e1fego<\/li>\n\n\n\n<li>Dados de identifica\u00e7\u00e3o completos ISO 11784\/11785 program\u00e1veis, formato BDE<\/li>\n\n\n\n<li>2 kHz, 192 Bits, Multifun\u00e7\u00f5es R\/W HDX RFID IC<\/li>\n\n\n\n<li>Etiquetas de transponder RFID R\/W animais standard e avan\u00e7adas<\/li>\n\n\n\n<li>Transponder de longo alcance de leitura<\/li>\n\n\n\n<li>Half duplex (HDX) 134,2 kHz dados de leitura\/escrita sem contacto<\/li>\n\n\n\n<li>Compat\u00edvel com o leitor RFID TI<\/li>\n\n\n\n<li>Escrever o ID animal padr\u00e3o ou escrever um valor hexadecimal de 64 bits (atrav\u00e9s do nosso leitor com firmware e software especificados)<\/li>\n\n\n\n<li>Condensador ressonante sintoniz\u00e1vel em chip controlado por interrutor de mem\u00f3ria n\u00e3o vol\u00e1til<\/li>\n\n\n\n<li>Dispon\u00edvel em formato HDFN, totalmente compat\u00edvel com o seu antecessor<\/li>\n<\/ul>\n<\/div>\n\n\n\n<div class=\"wp-block-column is-layout-flow wp-block-column-is-layout-flow\" style=\"flex-basis:30%\">\n<figure class=\"wp-block-image size-full\"><img loading=\"lazy\" decoding=\"async\" width=\"600\" height=\"840\" src=\"https:\/\/huayuansh.com\/wp-content\/uploads\/2024\/08\/HUAYUAN-AGV-RFID-Tags.webp\" alt=\"\" class=\"wp-image-3620\" srcset=\"https:\/\/huayuansh.com\/wp-content\/uploads\/2024\/08\/HUAYUAN-AGV-RFID-Tags.webp 600w, https:\/\/huayuansh.com\/wp-content\/uploads\/2024\/08\/HUAYUAN-AGV-RFID-Tags-214x300.webp 214w\" sizes=\"auto, (max-width: 600px) 100vw, 600px\" \/><\/figure>\n<\/div>\n<\/div>\n\n\n\n<div class=\"wp-block-columns is-layout-flex wp-container-core-columns-is-layout-9d6595d7 wp-block-columns-is-layout-flex\">\n<div class=\"wp-block-column is-layout-flow wp-block-column-is-layout-flow\" style=\"flex-basis:70%\">\n<h2 class=\"wp-block-heading\" id=\"h-applications-of-rfid-agv-tag\">Aplica\u00e7\u00f5es da etiqueta RFID AGV<\/h2>\n\n\n\n<ul class=\"wp-block-list\">\n<li>Elevador rob\u00f3tico, seguimento do percurso do elevador de contentores<\/li>\n\n\n\n<li>Armazenagem automatizada<\/li>\n\n\n\n<li>Sistemas de transfer\u00eancia de material de f\u00e1brica<\/li>\n\n\n\n<li>Sistemas de recolha log\u00edstica e de montagem flex\u00edvel<\/li>\n\n\n\n<li>S\u00edtios de transportes inteligentes<\/li>\n<\/ul>\n<\/div>\n\n\n\n<div class=\"wp-block-column is-layout-flow wp-block-column-is-layout-flow\" style=\"flex-basis:30%\">\n<figure class=\"wp-block-image size-full\"><img loading=\"lazy\" decoding=\"async\" width=\"352\" height=\"228\" src=\"https:\/\/huayuansh.com\/wp-content\/uploads\/2024\/08\/Robust-HDX-RFID-AGV-Navigation-Position-Tag-HUAYUAN-RFID.webp\" alt=\"\" class=\"wp-image-3621\" srcset=\"https:\/\/huayuansh.com\/wp-content\/uploads\/2024\/08\/Robust-HDX-RFID-AGV-Navigation-Position-Tag-HUAYUAN-RFID.webp 352w, https:\/\/huayuansh.com\/wp-content\/uploads\/2024\/08\/Robust-HDX-RFID-AGV-Navigation-Position-Tag-HUAYUAN-RFID-300x194.webp 300w\" sizes=\"auto, (max-width: 352px) 100vw, 352px\" \/><\/figure>\n<\/div>\n<\/div>\n\n\n\n<h2 class=\"wp-block-heading\" id=\"h-specification-of-robust-agv-rfid-tag\">Especifica\u00e7\u00e3o da etiqueta RFID robusta para AGV<\/h2>\n\n\n\n<figure class=\"wp-block-table\"><table><tbody><tr><td>Nome do item<\/td><td>Etiqueta RFID AGV<\/td><\/tr><tr><td>Norma de protocolo<\/td><td>HDX ISO 11784\/11785, conformidade ICAR<\/td><\/tr><tr><td>Mem\u00f3ria<\/td><td>192 bits<\/td><\/tr><tr><td>Funcionalidade<\/td><td>leitura\/escrita<\/td><\/tr><tr><td>Frequ\u00eancia<\/td><td>134,2 kHz<\/td><\/tr><tr><td>Intervalo de leitura t\u00edpico<\/td><td>90mm - 120mm (leitor de secret\u00e1ria)<br>&gt; 30cm (leitor com antena grande)<\/td><\/tr><tr><td>Peso<\/td><td>aprox. 19g<\/td><\/tr><tr><td>Classe IP<\/td><td>IP68<\/td><\/tr><tr><td>Temperatura de funcionamento<\/td><td>-25\u00b0C a 85\u00b0C<\/td><\/tr><tr><td>Resist\u00eancia \u00e0 escrita<\/td><td>&gt; 100.000 ciclos R\/W<\/td><\/tr><tr><td>Reten\u00e7\u00e3o da mem\u00f3ria<\/td><td>20 anos<\/td><\/tr><\/tbody><\/table><\/figure>\n\n\n\n<p><strong><br>Protocolos suportados por etiquetas de navega\u00e7\u00e3o RFID<\/strong><\/p>\n\n\n\n<ul class=\"wp-block-list\">\n<li>Compat\u00edvel com o formato BDE (para aplica\u00e7\u00f5es de gest\u00e3o de res\u00edduos)<\/li>\n\n\n\n<li>Totalmente em conformidade com a norma ISO 11784\/11785 Etiqueta HDX R\/O para animais<\/li>\n\n\n\n<li>Protocolo\/estrutura dos dados de identifica\u00e7\u00e3o<\/li>\n\n\n\n<li>Totalmente compat\u00edvel com o formato de ID R\/W HDX convencional<\/li>\n<\/ul>\n\n\n\n<p><strong>Mem\u00f3ria robusta de etiquetas RFID para AGV<\/strong><\/p>\n\n\n\n<ul class=\"wp-block-list\">\n<li>R\/W Mem\u00f3ria do utilizador de 6X32 (192 bits)<\/li>\n\n\n\n<li>Apoio ao acesso do utilizador \u00e0 ID ROM \u00fanica de f\u00e1brica (UID), impedindo a clonagem de chips<\/li>\n\n\n\n<li>Modo de acesso direto\/escrita<\/li>\n\n\n\n<li>Modo de acesso direto\/escrita protegido<\/li>\n\n\n\n<li>Configura\u00e7\u00e3o de programa\u00e7\u00e3o \u00fanica (OTP)<\/li>\n<\/ul>\n\n\n\n<p><strong>AGV RFID&nbsp;<\/strong><strong>T<\/strong><strong>ag<\/strong><strong>&nbsp;<\/strong><strong>Comandos<\/strong><\/p>\n\n\n\n<ul class=\"wp-block-list\">\n<li>Protocolo de comando propriet\u00e1rio<\/li>\n\n\n\n<li>Relat\u00f3rios exaustivos de registo de erros<\/li>\n\n\n\n<li>Suporte a comandos em cascata<\/li>\n<\/ul>\n\n\n\n<p><strong>Vis\u00e3o geral do sistema do dispositivo de tag HUAYUAN RFID AGV<\/strong><\/p>\n\n\n\n<figure class=\"wp-block-image size-large\"><img loading=\"lazy\" decoding=\"async\" width=\"1024\" height=\"277\" src=\"https:\/\/huayuansh.com\/wp-content\/uploads\/2024\/08\/System-Overview-of-RFID-AGV-Tag-Device-1024x277.webp\" alt=\"\" class=\"wp-image-3622\" srcset=\"https:\/\/huayuansh.com\/wp-content\/uploads\/2024\/08\/System-Overview-of-RFID-AGV-Tag-Device-1024x277.webp 1024w, https:\/\/huayuansh.com\/wp-content\/uploads\/2024\/08\/System-Overview-of-RFID-AGV-Tag-Device-300x81.webp 300w, https:\/\/huayuansh.com\/wp-content\/uploads\/2024\/08\/System-Overview-of-RFID-AGV-Tag-Device-768x208.webp 768w, https:\/\/huayuansh.com\/wp-content\/uploads\/2024\/08\/System-Overview-of-RFID-AGV-Tag-Device.webp 1317w\" sizes=\"auto, (max-width: 1024px) 100vw, 1024px\" \/><\/figure>\n\n\n\n<p><strong>Diagrama de blocos pormenorizado do chip<\/strong><\/p>\n\n\n\n<figure class=\"wp-block-image size-large\"><img loading=\"lazy\" decoding=\"async\" width=\"1024\" height=\"467\" src=\"https:\/\/huayuansh.com\/wp-content\/uploads\/2024\/08\/Chip-Detailed-Block-Diagram-1024x467.webp\" alt=\"\" class=\"wp-image-3623\" srcset=\"https:\/\/huayuansh.com\/wp-content\/uploads\/2024\/08\/Chip-Detailed-Block-Diagram-1024x467.webp 1024w, https:\/\/huayuansh.com\/wp-content\/uploads\/2024\/08\/Chip-Detailed-Block-Diagram-300x137.webp 300w, https:\/\/huayuansh.com\/wp-content\/uploads\/2024\/08\/Chip-Detailed-Block-Diagram-768x350.webp 768w, https:\/\/huayuansh.com\/wp-content\/uploads\/2024\/08\/Chip-Detailed-Block-Diagram.webp 1178w\" sizes=\"auto, (max-width: 1024px) 100vw, 1024px\" \/><\/figure>\n\n\n\n<p><strong>Estrutura de dados de identifica\u00e7\u00e3o HDX ISO11784\/5<\/strong><\/p>\n\n\n\n<figure class=\"wp-block-image size-full\"><img loading=\"lazy\" decoding=\"async\" width=\"1024\" height=\"291\" src=\"https:\/\/huayuansh.com\/wp-content\/uploads\/2024\/08\/HDX-ISO117845-ID-Data-Structure.webp\" alt=\"\" class=\"wp-image-3624\" srcset=\"https:\/\/huayuansh.com\/wp-content\/uploads\/2024\/08\/HDX-ISO117845-ID-Data-Structure.webp 1024w, https:\/\/huayuansh.com\/wp-content\/uploads\/2024\/08\/HDX-ISO117845-ID-Data-Structure-300x85.webp 300w, https:\/\/huayuansh.com\/wp-content\/uploads\/2024\/08\/HDX-ISO117845-ID-Data-Structure-768x218.webp 768w\" sizes=\"auto, (max-width: 1024px) 100vw, 1024px\" \/><\/figure>\n\n\n<style>.wp-block-kadence-advancedbtn.kb-btns3392_aaf86d-af{gap:var(--global-kb-gap-xs, 0.5rem );justify-content:flex-start;align-items:center;}.kt-btns3392_aaf86d-af .kt-button{font-weight:normal;font-style:normal;}.kt-btns3392_aaf86d-af .kt-btn-wrap-0{margin-right:5px;}.wp-block-kadence-advancedbtn.kt-btns3392_aaf86d-af .kt-btn-wrap-0 .kt-button{color:#555555;border-color:#555555;}.wp-block-kadence-advancedbtn.kt-btns3392_aaf86d-af .kt-btn-wrap-0 .kt-button:hover, .wp-block-kadence-advancedbtn.kt-btns3392_aaf86d-af .kt-btn-wrap-0 .kt-button:focus{color:#ffffff;border-color:#444444;}.wp-block-kadence-advancedbtn.kt-btns3392_aaf86d-af .kt-btn-wrap-0 .kt-button::before{display:none;}.wp-block-kadence-advancedbtn.kt-btns3392_aaf86d-af .kt-btn-wrap-0 .kt-button:hover, .wp-block-kadence-advancedbtn.kt-btns3392_aaf86d-af .kt-btn-wrap-0 .kt-button:focus{background:#444444;}<\/style>\n<div class=\"wp-block-kadence-advancedbtn kb-buttons-wrap kb-btns3392_aaf86d-af\"><style>ul.menu .wp-block-kadence-advancedbtn .kb-btn3392_13e73c-40.kb-button{width:initial;}<\/style><a class=\"kb-button kt-button button kb-btn3392_13e73c-40 kt-btn-size-standard kt-btn-width-type-auto kb-btn-global-inherit  kt-btn-has-text-true kt-btn-has-svg-false  wp-block-button__link wp-block-kadence-singlebtn\" href=\"https:\/\/huayuansh.com\/contact-us\/\"><span class=\"kt-btn-inner-text\">Contactar-nos<\/span><\/a><\/div>","protected":false},"excerpt":{"rendered":"<p>O ve\u00edculo guiado automaticamente (AGV) pode conduzir com precis\u00e3o num determinado caminho para evitar obst\u00e1culos num ambiente n\u00e3o tripulado atrav\u00e9s de navega\u00e7\u00e3o e localiza\u00e7\u00e3o aut\u00f3nomas. Atualmente, a etiqueta RFID do AGV \u00e9 amplamente aplicada em armaz\u00e9ns autom\u00e1ticos, sistemas de transfer\u00eancia de materiais de f\u00e1brica, sistemas de recolha log\u00edstica, sistemas de montagem flex\u00edveis e outros locais de transporte inteligentes. A ideia \u00e9 utilizar o Robot...<\/p>","protected":false},"author":1,"featured_media":3625,"parent":854,"menu_order":0,"comment_status":"closed","ping_status":"closed","template":"","meta":{"_kad_blocks_custom_css":"","_kad_blocks_head_custom_js":"","_kad_blocks_body_custom_js":"","_kad_blocks_footer_custom_js":"","_kadence_starter_templates_imported_post":false,"_kad_post_transparent":"","_kad_post_title":"","_kad_post_layout":"","_kad_post_sidebar_id":"","_kad_post_content_style":"","_kad_post_vertical_padding":"","_kad_post_feature":"","_kad_post_feature_position":"","_kad_post_header":false,"_kad_post_footer":false,"footnotes":""},"class_list":["post-3392","page","type-page","status-publish","has-post-thumbnail","hentry"],"yoast_head":"<!-- This site is optimized with the Yoast SEO Premium plugin v23.0 (Yoast SEO v26.3) - https:\/\/yoast.com\/wordpress\/plugins\/seo\/ -->\n<title>RFID AGV Navigation Position Tag | HUAYUAN RFID Tag Manufacturer<\/title>\n<meta name=\"description\" content=\"HUAYUAN RFID AGV tags are ideal for automated warehousing, logistics, supply chain, \ufb02exible assembly systems, and other intelligent transportation sites.\" \/>\n<meta name=\"robots\" content=\"index, follow, max-snippet:-1, max-image-preview:large, max-video-preview:-1\" \/>\n<link rel=\"canonical\" href=\"https:\/\/huayuansh.com\/pt\/produtos\/etiquetas-rfid-industriais\/etiqueta-rfid-de-posicao-de-navegacao-para-agv\/\" \/>\n<meta property=\"og:locale\" content=\"pt_PT\" \/>\n<meta property=\"og:type\" content=\"article\" \/>\n<meta property=\"og:title\" content=\"RFID AGV Navigation Position Tag\" \/>\n<meta property=\"og:description\" content=\"HUAYUAN RFID AGV tags are ideal for automated warehousing, logistics, supply chain, \ufb02exible assembly systems, and other intelligent transportation sites.\" \/>\n<meta property=\"og:url\" content=\"https:\/\/huayuansh.com\/pt\/produtos\/etiquetas-rfid-industriais\/etiqueta-rfid-de-posicao-de-navegacao-para-agv\/\" \/>\n<meta property=\"og:site_name\" content=\"HUAYUAN RFID Tag Manufacturer\" \/>\n<meta property=\"article:modified_time\" content=\"2024-08-08T07:26:09+00:00\" \/>\n<meta property=\"og:image\" content=\"https:\/\/huayuansh.com\/wp-content\/uploads\/2024\/08\/RFID-AGV-Navigation-Position-Tag.webp\" \/>\n\t<meta property=\"og:image:width\" content=\"1920\" \/>\n\t<meta property=\"og:image:height\" content=\"1080\" \/>\n\t<meta property=\"og:image:type\" content=\"image\/webp\" \/>\n<meta name=\"twitter:card\" content=\"summary_large_image\" \/>\n<meta name=\"twitter:label1\" content=\"Tempo estimado de leitura\" \/>\n\t<meta name=\"twitter:data1\" content=\"3 minutos\" \/>\n<script type=\"application\/ld+json\" class=\"yoast-schema-graph\">{\"@context\":\"https:\/\/schema.org\",\"@graph\":[{\"@type\":\"WebPage\",\"@id\":\"https:\/\/huayuansh.com\/products\/industrial-rfid-tags\/rfid-agv-navigation-position-tag\/\",\"url\":\"https:\/\/huayuansh.com\/products\/industrial-rfid-tags\/rfid-agv-navigation-position-tag\/\",\"name\":\"RFID AGV Navigation Position Tag | HUAYUAN RFID Tag Manufacturer\",\"isPartOf\":{\"@id\":\"https:\/\/huayuansh.com\/#website\"},\"primaryImageOfPage\":{\"@id\":\"https:\/\/huayuansh.com\/products\/industrial-rfid-tags\/rfid-agv-navigation-position-tag\/#primaryimage\"},\"image\":{\"@id\":\"https:\/\/huayuansh.com\/products\/industrial-rfid-tags\/rfid-agv-navigation-position-tag\/#primaryimage\"},\"thumbnailUrl\":\"https:\/\/huayuansh.com\/wp-content\/uploads\/2024\/08\/RFID-AGV-Navigation-Position-Tag.webp\",\"datePublished\":\"2024-07-15T06:02:23+00:00\",\"dateModified\":\"2024-08-08T07:26:09+00:00\",\"description\":\"HUAYUAN RFID AGV tags are ideal for automated warehousing, logistics, supply chain, \ufb02exible assembly systems, and other intelligent transportation sites.\",\"breadcrumb\":{\"@id\":\"https:\/\/huayuansh.com\/products\/industrial-rfid-tags\/rfid-agv-navigation-position-tag\/#breadcrumb\"},\"inLanguage\":\"pt-PT\",\"potentialAction\":[{\"@type\":\"ReadAction\",\"target\":[\"https:\/\/huayuansh.com\/products\/industrial-rfid-tags\/rfid-agv-navigation-position-tag\/\"]}]},{\"@type\":\"ImageObject\",\"inLanguage\":\"pt-PT\",\"@id\":\"https:\/\/huayuansh.com\/products\/industrial-rfid-tags\/rfid-agv-navigation-position-tag\/#primaryimage\",\"url\":\"https:\/\/huayuansh.com\/wp-content\/uploads\/2024\/08\/RFID-AGV-Navigation-Position-Tag.webp\",\"contentUrl\":\"https:\/\/huayuansh.com\/wp-content\/uploads\/2024\/08\/RFID-AGV-Navigation-Position-Tag.webp\",\"width\":1920,\"height\":1080},{\"@type\":\"BreadcrumbList\",\"@id\":\"https:\/\/huayuansh.com\/products\/industrial-rfid-tags\/rfid-agv-navigation-position-tag\/#breadcrumb\",\"itemListElement\":[{\"@type\":\"ListItem\",\"position\":1,\"name\":\"Home\",\"item\":\"https:\/\/huayuansh.com\/\"},{\"@type\":\"ListItem\",\"position\":2,\"name\":\"RFID Products\",\"item\":\"https:\/\/huayuansh.com\/products\/\"},{\"@type\":\"ListItem\",\"position\":3,\"name\":\"Industrial RFID Tags\",\"item\":\"https:\/\/huayuansh.com\/products\/industrial-rfid-tags\/\"},{\"@type\":\"ListItem\",\"position\":4,\"name\":\"RFID AGV Navigation Position Tag\"}]},{\"@type\":\"WebSite\",\"@id\":\"https:\/\/huayuansh.com\/#website\",\"url\":\"https:\/\/huayuansh.com\/\",\"name\":\"HUAYUAN RFID Tag Manufacturer\",\"description\":\"HUAYUAN RFID Tag Manufacturer\",\"publisher\":{\"@id\":\"https:\/\/huayuansh.com\/#organization\"},\"potentialAction\":[{\"@type\":\"SearchAction\",\"target\":{\"@type\":\"EntryPoint\",\"urlTemplate\":\"https:\/\/huayuansh.com\/?s={search_term_string}\"},\"query-input\":{\"@type\":\"PropertyValueSpecification\",\"valueRequired\":true,\"valueName\":\"search_term_string\"}}],\"inLanguage\":\"pt-PT\"},{\"@type\":\"Organization\",\"@id\":\"https:\/\/huayuansh.com\/#organization\",\"name\":\"HUAYUAN RFID Tag Manufacturer\",\"url\":\"https:\/\/huayuansh.com\/\",\"logo\":{\"@type\":\"ImageObject\",\"inLanguage\":\"pt-PT\",\"@id\":\"https:\/\/huayuansh.com\/#\/schema\/logo\/image\/\",\"url\":\"https:\/\/huayuansh.com\/wp-content\/uploads\/2024\/09\/cropped-HUAYUAN.webp\",\"contentUrl\":\"https:\/\/huayuansh.com\/wp-content\/uploads\/2024\/09\/cropped-HUAYUAN.webp\",\"width\":895,\"height\":279,\"caption\":\"HUAYUAN RFID Tag Manufacturer\"},\"image\":{\"@id\":\"https:\/\/huayuansh.com\/#\/schema\/logo\/image\/\"}}]}<\/script>\n<!-- \/ Yoast SEO Premium plugin. -->","yoast_head_json":{"title":"Etiqueta de posi\u00e7\u00e3o de navega\u00e7\u00e3o RFID AGV | Fabricante de etiquetas RFID HUAYUAN","description":"As etiquetas RFID AGV da HUAYUAN s\u00e3o ideais para armazenamento automatizado, log\u00edstica, cadeia de fornecimento, sistemas de montagem flex\u00edveis e outros locais de transporte inteligentes.","robots":{"index":"index","follow":"follow","max-snippet":"max-snippet:-1","max-image-preview":"max-image-preview:large","max-video-preview":"max-video-preview:-1"},"canonical":"https:\/\/huayuansh.com\/pt\/produtos\/etiquetas-rfid-industriais\/etiqueta-rfid-de-posicao-de-navegacao-para-agv\/","og_locale":"pt_PT","og_type":"article","og_title":"RFID AGV Navigation Position Tag","og_description":"HUAYUAN RFID AGV tags are ideal for automated warehousing, logistics, supply chain, \ufb02exible assembly systems, and other intelligent transportation sites.","og_url":"https:\/\/huayuansh.com\/pt\/produtos\/etiquetas-rfid-industriais\/etiqueta-rfid-de-posicao-de-navegacao-para-agv\/","og_site_name":"HUAYUAN RFID Tag Manufacturer","article_modified_time":"2024-08-08T07:26:09+00:00","og_image":[{"width":1920,"height":1080,"url":"https:\/\/huayuansh.com\/wp-content\/uploads\/2024\/08\/RFID-AGV-Navigation-Position-Tag.webp","type":"image\/webp"}],"twitter_card":"summary_large_image","twitter_misc":{"Tempo estimado de leitura":"3 minutos"},"schema":{"@context":"https:\/\/schema.org","@graph":[{"@type":"WebPage","@id":"https:\/\/huayuansh.com\/products\/industrial-rfid-tags\/rfid-agv-navigation-position-tag\/","url":"https:\/\/huayuansh.com\/products\/industrial-rfid-tags\/rfid-agv-navigation-position-tag\/","name":"Etiqueta de posi\u00e7\u00e3o de navega\u00e7\u00e3o RFID AGV | Fabricante de etiquetas RFID HUAYUAN","isPartOf":{"@id":"https:\/\/huayuansh.com\/#website"},"primaryImageOfPage":{"@id":"https:\/\/huayuansh.com\/products\/industrial-rfid-tags\/rfid-agv-navigation-position-tag\/#primaryimage"},"image":{"@id":"https:\/\/huayuansh.com\/products\/industrial-rfid-tags\/rfid-agv-navigation-position-tag\/#primaryimage"},"thumbnailUrl":"https:\/\/huayuansh.com\/wp-content\/uploads\/2024\/08\/RFID-AGV-Navigation-Position-Tag.webp","datePublished":"2024-07-15T06:02:23+00:00","dateModified":"2024-08-08T07:26:09+00:00","description":"As etiquetas RFID AGV da HUAYUAN s\u00e3o ideais para armazenamento automatizado, log\u00edstica, cadeia de fornecimento, sistemas de montagem flex\u00edveis e outros locais de transporte inteligentes.","breadcrumb":{"@id":"https:\/\/huayuansh.com\/products\/industrial-rfid-tags\/rfid-agv-navigation-position-tag\/#breadcrumb"},"inLanguage":"pt-PT","potentialAction":[{"@type":"ReadAction","target":["https:\/\/huayuansh.com\/products\/industrial-rfid-tags\/rfid-agv-navigation-position-tag\/"]}]},{"@type":"ImageObject","inLanguage":"pt-PT","@id":"https:\/\/huayuansh.com\/products\/industrial-rfid-tags\/rfid-agv-navigation-position-tag\/#primaryimage","url":"https:\/\/huayuansh.com\/wp-content\/uploads\/2024\/08\/RFID-AGV-Navigation-Position-Tag.webp","contentUrl":"https:\/\/huayuansh.com\/wp-content\/uploads\/2024\/08\/RFID-AGV-Navigation-Position-Tag.webp","width":1920,"height":1080},{"@type":"BreadcrumbList","@id":"https:\/\/huayuansh.com\/products\/industrial-rfid-tags\/rfid-agv-navigation-position-tag\/#breadcrumb","itemListElement":[{"@type":"ListItem","position":1,"name":"Home","item":"https:\/\/huayuansh.com\/"},{"@type":"ListItem","position":2,"name":"RFID Products","item":"https:\/\/huayuansh.com\/products\/"},{"@type":"ListItem","position":3,"name":"Industrial RFID Tags","item":"https:\/\/huayuansh.com\/products\/industrial-rfid-tags\/"},{"@type":"ListItem","position":4,"name":"RFID AGV Navigation Position Tag"}]},{"@type":"WebSite","@id":"https:\/\/huayuansh.com\/#website","url":"https:\/\/huayuansh.com\/","name":"Fabricante de etiquetas RFID HUAYUAN","description":"Fabricante de etiquetas RFID HUAYUAN","publisher":{"@id":"https:\/\/huayuansh.com\/#organization"},"potentialAction":[{"@type":"SearchAction","target":{"@type":"EntryPoint","urlTemplate":"https:\/\/huayuansh.com\/?s={search_term_string}"},"query-input":{"@type":"PropertyValueSpecification","valueRequired":true,"valueName":"search_term_string"}}],"inLanguage":"pt-PT"},{"@type":"Organization","@id":"https:\/\/huayuansh.com\/#organization","name":"Fabricante de etiquetas RFID HUAYUAN","url":"https:\/\/huayuansh.com\/","logo":{"@type":"ImageObject","inLanguage":"pt-PT","@id":"https:\/\/huayuansh.com\/#\/schema\/logo\/image\/","url":"https:\/\/huayuansh.com\/wp-content\/uploads\/2024\/09\/cropped-HUAYUAN.webp","contentUrl":"https:\/\/huayuansh.com\/wp-content\/uploads\/2024\/09\/cropped-HUAYUAN.webp","width":895,"height":279,"caption":"HUAYUAN RFID Tag Manufacturer"},"image":{"@id":"https:\/\/huayuansh.com\/#\/schema\/logo\/image\/"}}]}},"taxonomy_info":[],"featured_image_src_large":["https:\/\/huayuansh.com\/wp-content\/uploads\/2024\/08\/RFID-AGV-Navigation-Position-Tag-1024x576.webp",1024,576,true],"author_info":{"display_name":"HUAYUAN","author_link":"https:\/\/huayuansh.com\/pt\/author\/shyec2024\/"},"comment_info":0,"_links":{"self":[{"href":"https:\/\/huayuansh.com\/pt\/wp-json\/wp\/v2\/pages\/3392","targetHints":{"allow":["GET"]}}],"collection":[{"href":"https:\/\/huayuansh.com\/pt\/wp-json\/wp\/v2\/pages"}],"about":[{"href":"https:\/\/huayuansh.com\/pt\/wp-json\/wp\/v2\/types\/page"}],"author":[{"embeddable":true,"href":"https:\/\/huayuansh.com\/pt\/wp-json\/wp\/v2\/users\/1"}],"replies":[{"embeddable":true,"href":"https:\/\/huayuansh.com\/pt\/wp-json\/wp\/v2\/comments?post=3392"}],"version-history":[{"count":3,"href":"https:\/\/huayuansh.com\/pt\/wp-json\/wp\/v2\/pages\/3392\/revisions"}],"predecessor-version":[{"id":3627,"href":"https:\/\/huayuansh.com\/pt\/wp-json\/wp\/v2\/pages\/3392\/revisions\/3627"}],"up":[{"embeddable":true,"href":"https:\/\/huayuansh.com\/pt\/wp-json\/wp\/v2\/pages\/854"}],"wp:featuredmedia":[{"embeddable":true,"href":"https:\/\/huayuansh.com\/pt\/wp-json\/wp\/v2\/media\/3625"}],"wp:attachment":[{"href":"https:\/\/huayuansh.com\/pt\/wp-json\/wp\/v2\/media?parent=3392"}],"curies":[{"name":"wp","href":"https:\/\/api.w.org\/{rel}","templated":true}]}}