{"id":3398,"date":"2024-07-15T14:24:18","date_gmt":"2024-07-15T06:24:18","guid":{"rendered":"https:\/\/huayuansh.com\/?page_id=3398"},"modified":"2025-04-27T09:47:57","modified_gmt":"2025-04-27T01:47:57","slug":"botao-rfid-lavanderia-hlb","status":"publish","type":"page","link":"https:\/\/huayuansh.com\/pt\/produtos\/etiquetas-de-lavanderia-rfid\/botao-rfid-lavanderia-hlb\/","title":{"rendered":"Bot\u00e3o de lavagem de roupa RFID HLB"},"content":{"rendered":"<p>O bot\u00e3o de lavandaria RFID, tamb\u00e9m conhecido como etiqueta de lavandaria RFID PPS, foi especialmente concebido para aplica\u00e7\u00f5es que requerem uma etiqueta robusta que possa suportar ambientes de trabalho dif\u00edceis. Atualmente, a maioria dos transponders de lavandaria UHF s\u00e3o utilizados no mercado, mas algumas cenas tamb\u00e9m precisam de utilizar etiquetas de lavandaria NFC que suportam aplica\u00e7\u00f5es de telem\u00f3veis. Os transponders RFID de bot\u00e3o para lavandaria suportam perfeitamente as necessidades acima referidas e s\u00e3o amplamente utilizados na identifica\u00e7\u00e3o e rastreio de roupa industrial e t\u00eaxteis em hot\u00e9is, hospitais e aluguer de roupa.<\/p>\n\n\n\n<p>O bot\u00e3o RFID \/ NFC de sobremoldagem industrial robusto de s\u00e9rie HLB \u00e9 uma sele\u00e7\u00e3o de etiquetas RFID \/ NFC de lavandaria industrial para fins de rastreio e acompanhamento do ciclo de vida dos t\u00eaxteis, que estava listada na categoria de produtos da HUAYUAN desde 2006. Os bot\u00f5es RFID para lavandaria da HLB podem ser instalados por costura na bainha ou cosidos em qualquer ativo t\u00eaxtil como um bot\u00e3o normal. \u00c9 a estrutura RFID \/ NFC mais dur\u00e1vel com encapsulamento ultra-resistente, de tamanho reduzido, grande resist\u00eancia ao calor, detergente l\u00edquido e alta press\u00e3o em ambientes de lavandaria industrial agressivos e garantia. <strong>200 ciclos de lavandaria industrial ou 2 anos de funcionamento<\/strong>. <\/p>\n\n\n\n<h2 class=\"wp-block-heading\" id=\"h-advantages-at-a-glance-of-nfc-laundry-buttons\">Resumo das vantagens dos bot\u00f5es NFC para lavandaria<\/h2>\n\n\n\n<p>A utiliza\u00e7\u00e3o de bot\u00f5es RFID NFC para lavandaria oferece uma s\u00e9rie de vantagens, incluindo<\/p>\n\n\n\n<p><strong>1, Gest\u00e3o exacta do invent\u00e1rio<\/strong>: A utiliza\u00e7\u00e3o de bot\u00f5es RFID NFC para lavandaria ajuda a obter uma gest\u00e3o precisa do invent\u00e1rio. Os bot\u00f5es podem ser facilmente fixados nos artigos de lavandaria e podem ser localizados atrav\u00e9s de leitores RFID, que ajudam a identificar os artigos e a controlar o invent\u00e1rio. Isto elimina a necessidade de contagem manual e reduz a possibilidade de erros.<\/p>\n\n\n\n<p><strong>2, Efici\u00eancia melhorada<\/strong>: Os bot\u00f5es de lavandaria RFID NFC ajudam a aumentar a efici\u00eancia das opera\u00e7\u00f5es de lavandaria. A utiliza\u00e7\u00e3o destes bot\u00f5es elimina a necessidade de contagem manual, o que poupa tempo e reduz os custos de m\u00e3o de obra. A tecnologia tamb\u00e9m permite a gest\u00e3o do invent\u00e1rio em tempo real, o que ajuda a tomar decis\u00f5es informadas sobre o reabastecimento e a gest\u00e3o do invent\u00e1rio.<\/p>\n\n\n\n<p><strong>3, melhor controlo de qualidade<\/strong>: A utiliza\u00e7\u00e3o de bot\u00f5es de lavandaria RFID NFC ajuda a obter um melhor controlo de qualidade. A tecnologia fornece um historial detalhado de cada pe\u00e7a de roupa, incluindo informa\u00e7\u00f5es sobre quando foi lavada pela \u00faltima vez, o que ajuda a manter os padr\u00f5es de higiene. O rastreio tamb\u00e9m ajuda a identificar artigos danificados, que podem ser retirados de circula\u00e7\u00e3o para manter a qualidade.<\/p>\n\n\n\n<p><strong>4, Acesso m\u00f3vel<\/strong>: A capacidade NFC dos bot\u00f5es RFID NFC para lavandaria permite o acesso m\u00f3vel. Isto significa que as opera\u00e7\u00f5es da lavandaria podem ser monitorizadas e geridas atrav\u00e9s de um telem\u00f3vel, facilitando o acompanhamento do invent\u00e1rio e a gest\u00e3o das opera\u00e7\u00f5es \u00e0 dist\u00e2ncia.<\/p>\n\n\n\n<p><strong>5, Resistente a altas temperaturas e press\u00f5es<\/strong>: Os bot\u00f5es RFID NFC para lavandaria foram concebidos para resistir a temperaturas e press\u00f5es elevadas, o que os torna ideais para utiliza\u00e7\u00e3o em ambientes de lavandaria industrial. Isto garante que o bot\u00e3o n\u00e3o \u00e9 danificado durante o processo de lavagem.<\/p>\n\n\n\n<p>De um modo geral, os bot\u00f5es RFID para lavandaria s\u00e3o excelentes solu\u00e7\u00f5es para sistemas de lavandaria comercial que requerem um acompanhamento e documenta\u00e7\u00e3o precisos do invent\u00e1rio. Estas tecnologias proporcionam um controlo de invent\u00e1rio em tempo real, eliminam a contagem manual e simplificam as opera\u00e7\u00f5es de lavandaria, resultando numa maior efici\u00eancia e economia de custos.<\/p>\n\n\n\n<h2 class=\"wp-block-heading\" id=\"h-specifications-of-hlb-rfid-laundry-button\">Especifica\u00e7\u00f5es do bot\u00e3o de lavagem de roupa RFID HLB<\/h2>\n\n\n\n<figure class=\"wp-block-table\"><table><tbody><tr><td>Material<\/td><td>PPS<\/td><\/tr><tr><td>Dimens\u00e3o<\/td><td>Dia. 24,5\/15 mm<br>HLB-P24.5 \/ HLB-P15<br>(Existe a possibilidade de personalizar o tamanho)<\/td><\/tr><tr><td>Cor<\/td><td>Preto por defeito; se forem outras cores, o MOQ \u00e9 10000pcs<\/td><\/tr><tr><td>Classifica\u00e7\u00e3o IP<\/td><td>IP68<\/td><\/tr><tr><td>Temperatura de funcionamento<\/td><td>-30\u00b0C ~ +200\u00b0C<\/td><\/tr><tr><td>Temperatura de pico<\/td><td>160\u00b0C 3h, 220\u00b0C 30min<\/td><\/tr><tr><td>Aplica\u00e7\u00e3o<\/td><td>- Aplica\u00e7\u00e3o de lavandaria<br>- Rastreio de bens<br>- Identifica\u00e7\u00e3o do artigo<br>- Melhoria do fluxo de processos<\/td><\/tr><tr><td>Estabilidade mec\u00e2nica<\/td><td>Resist\u00eancia \u00e0 compress\u00e3o axial: 1000N<br>Resist\u00eancia \u00e0 compress\u00e3o radial: 500N<\/td><\/tr><tr><td>Resist\u00eancia qu\u00edmica<\/td><td>Produtos qu\u00edmicos t\u00edpicos utilizados nos processos de lavagem de roupa e de limpeza a seco<\/td><\/tr><tr><td>Garantia dos ciclos de lavagem de roupa<\/td><td>200 ciclos<\/td><\/tr><tr><td>Chip<\/td><td>LF\/HF<\/td><\/tr><tr><td>Frequ\u00eancia<\/td><td>125KHz\/13,56MHz<\/td><\/tr><tr><td>Ler a gama<\/td><td>LF: 3-10 CM<br>HF: 1-50 CM<\/td><\/tr><\/tbody><\/table><\/figure>\n\n\n\n<h5 class=\"wp-block-heading\" id=\"h-get-in-touch\"><strong>Entrar em contacto<\/strong><\/h5>\n\n\n\n<p>Para mais informa\u00e7\u00f5es sobre as etiquetas RFID para bot\u00f5es de lavandaria da Huayuan. Por favor, contacte a nossa equipa de vendas.<\/p>\n\n\n<style>.wp-block-kadence-advancedbtn.kb-btns3398_28d124-96{gap:var(--global-kb-gap-xs, 0.5rem );justify-content:flex-start;align-items:center;}.kt-btns3398_28d124-96 .kt-button{font-weight:normal;font-style:normal;}.kt-btns3398_28d124-96 .kt-btn-wrap-0{margin-right:5px;}.wp-block-kadence-advancedbtn.kt-btns3398_28d124-96 .kt-btn-wrap-0 .kt-button{color:#555555;border-color:#555555;}.wp-block-kadence-advancedbtn.kt-btns3398_28d124-96 .kt-btn-wrap-0 .kt-button:hover, .wp-block-kadence-advancedbtn.kt-btns3398_28d124-96 .kt-btn-wrap-0 .kt-button:focus{color:#ffffff;border-color:#444444;}.wp-block-kadence-advancedbtn.kt-btns3398_28d124-96 .kt-btn-wrap-0 .kt-button::before{display:none;}.wp-block-kadence-advancedbtn.kt-btns3398_28d124-96 .kt-btn-wrap-0 .kt-button:hover, .wp-block-kadence-advancedbtn.kt-btns3398_28d124-96 .kt-btn-wrap-0 .kt-button:focus{background:#444444;}<\/style>\n<div class=\"wp-block-kadence-advancedbtn kb-buttons-wrap kb-btns3398_28d124-96\"><style>ul.menu .wp-block-kadence-advancedbtn .kb-btn3398_8d4733-50.kb-button{width:initial;}<\/style><a class=\"kb-button kt-button button kb-btn3398_8d4733-50 kt-btn-size-standard kt-btn-width-type-auto kb-btn-global-inherit  kt-btn-has-text-true kt-btn-has-svg-false  wp-block-button__link wp-block-kadence-singlebtn\" href=\"https:\/\/huayuansh.com\/contact-us\/\"><span class=\"kt-btn-inner-text\">Contactar-nos<\/span><\/a><\/div>","protected":false},"excerpt":{"rendered":"<p>O bot\u00e3o de lavandaria RFID, tamb\u00e9m conhecido como etiqueta de lavandaria RFID PPS, foi especialmente concebido para aplica\u00e7\u00f5es que requerem uma etiqueta robusta que possa suportar ambientes de trabalho dif\u00edceis. Atualmente, a maioria dos transponders de lavandaria UHF s\u00e3o utilizados no mercado, mas algumas cenas tamb\u00e9m precisam de utilizar etiquetas de lavandaria NFC que suportam aplica\u00e7\u00f5es de telem\u00f3veis. O bot\u00e3o RFID...<\/p>","protected":false},"author":1,"featured_media":3689,"parent":1003,"menu_order":0,"comment_status":"closed","ping_status":"closed","template":"","meta":{"_kad_blocks_custom_css":"","_kad_blocks_head_custom_js":"","_kad_blocks_body_custom_js":"","_kad_blocks_footer_custom_js":"","_kadence_starter_templates_imported_post":false,"_kad_post_transparent":"","_kad_post_title":"","_kad_post_layout":"","_kad_post_sidebar_id":"","_kad_post_content_style":"","_kad_post_vertical_padding":"","_kad_post_feature":"","_kad_post_feature_position":"","_kad_post_header":false,"_kad_post_footer":false,"footnotes":""},"class_list":["post-3398","page","type-page","status-publish","has-post-thumbnail","hentry"],"yoast_head":"<!-- This site is optimized with the Yoast SEO Premium plugin v23.0 (Yoast SEO v26.3) - https:\/\/yoast.com\/wordpress\/plugins\/seo\/ -->\n<title>HLB RFID Laundry Button | HUAYUAN RFID Tag Manufacturer<\/title>\n<meta name=\"description\" content=\"HLB RFID laundry button is the most common one of the RFID laundry tags, which is small size and shaped in button, suit for workwears...\" \/>\n<meta name=\"robots\" content=\"index, follow, max-snippet:-1, max-image-preview:large, max-video-preview:-1\" \/>\n<link rel=\"canonical\" href=\"https:\/\/huayuansh.com\/pt\/produtos\/etiquetas-de-lavanderia-rfid\/botao-rfid-lavanderia-hlb\/\" \/>\n<meta property=\"og:locale\" content=\"pt_PT\" \/>\n<meta property=\"og:type\" content=\"article\" \/>\n<meta property=\"og:title\" content=\"HLB RFID Laundry Button\" \/>\n<meta property=\"og:description\" content=\"HLB RFID laundry button is the most common one of the RFID laundry tags, which is small size and shaped in button, suit for workwears...\" \/>\n<meta property=\"og:url\" content=\"https:\/\/huayuansh.com\/pt\/produtos\/etiquetas-de-lavanderia-rfid\/botao-rfid-lavanderia-hlb\/\" \/>\n<meta property=\"og:site_name\" content=\"HUAYUAN RFID Tag Manufacturer\" \/>\n<meta property=\"article:modified_time\" content=\"2025-04-27T01:47:57+00:00\" \/>\n<meta property=\"og:image\" content=\"https:\/\/huayuansh.com\/wp-content\/uploads\/2024\/08\/HLB-RFID-Laundry-Button.webp\" \/>\n\t<meta property=\"og:image:width\" content=\"1920\" \/>\n\t<meta property=\"og:image:height\" content=\"1080\" \/>\n\t<meta property=\"og:image:type\" content=\"image\/webp\" \/>\n<meta name=\"twitter:card\" content=\"summary_large_image\" \/>\n<meta name=\"twitter:label1\" content=\"Tempo estimado de leitura\" \/>\n\t<meta name=\"twitter:data1\" content=\"3 minutos\" \/>\n<script type=\"application\/ld+json\" class=\"yoast-schema-graph\">{\"@context\":\"https:\/\/schema.org\",\"@graph\":[{\"@type\":\"WebPage\",\"@id\":\"https:\/\/huayuansh.com\/products\/rfid-laundry-tags\/hlb-rfid-laundry-button\/\",\"url\":\"https:\/\/huayuansh.com\/products\/rfid-laundry-tags\/hlb-rfid-laundry-button\/\",\"name\":\"HLB RFID Laundry Button | HUAYUAN RFID Tag Manufacturer\",\"isPartOf\":{\"@id\":\"https:\/\/huayuansh.com\/#website\"},\"primaryImageOfPage\":{\"@id\":\"https:\/\/huayuansh.com\/products\/rfid-laundry-tags\/hlb-rfid-laundry-button\/#primaryimage\"},\"image\":{\"@id\":\"https:\/\/huayuansh.com\/products\/rfid-laundry-tags\/hlb-rfid-laundry-button\/#primaryimage\"},\"thumbnailUrl\":\"https:\/\/huayuansh.com\/wp-content\/uploads\/2024\/08\/HLB-RFID-Laundry-Button.webp\",\"datePublished\":\"2024-07-15T06:24:18+00:00\",\"dateModified\":\"2025-04-27T01:47:57+00:00\",\"description\":\"HLB RFID laundry button is the most common one of the RFID laundry tags, which is small size and shaped in button, suit for workwears...\",\"breadcrumb\":{\"@id\":\"https:\/\/huayuansh.com\/products\/rfid-laundry-tags\/hlb-rfid-laundry-button\/#breadcrumb\"},\"inLanguage\":\"pt-PT\",\"potentialAction\":[{\"@type\":\"ReadAction\",\"target\":[\"https:\/\/huayuansh.com\/products\/rfid-laundry-tags\/hlb-rfid-laundry-button\/\"]}]},{\"@type\":\"ImageObject\",\"inLanguage\":\"pt-PT\",\"@id\":\"https:\/\/huayuansh.com\/products\/rfid-laundry-tags\/hlb-rfid-laundry-button\/#primaryimage\",\"url\":\"https:\/\/huayuansh.com\/wp-content\/uploads\/2024\/08\/HLB-RFID-Laundry-Button.webp\",\"contentUrl\":\"https:\/\/huayuansh.com\/wp-content\/uploads\/2024\/08\/HLB-RFID-Laundry-Button.webp\",\"width\":1920,\"height\":1080},{\"@type\":\"BreadcrumbList\",\"@id\":\"https:\/\/huayuansh.com\/products\/rfid-laundry-tags\/hlb-rfid-laundry-button\/#breadcrumb\",\"itemListElement\":[{\"@type\":\"ListItem\",\"position\":1,\"name\":\"Home\",\"item\":\"https:\/\/huayuansh.com\/\"},{\"@type\":\"ListItem\",\"position\":2,\"name\":\"RFID Products\",\"item\":\"https:\/\/huayuansh.com\/products\/\"},{\"@type\":\"ListItem\",\"position\":3,\"name\":\"RFID Laundry Tags\",\"item\":\"https:\/\/huayuansh.com\/products\/rfid-laundry-tags\/\"},{\"@type\":\"ListItem\",\"position\":4,\"name\":\"HLB RFID Laundry Button\"}]},{\"@type\":\"WebSite\",\"@id\":\"https:\/\/huayuansh.com\/#website\",\"url\":\"https:\/\/huayuansh.com\/\",\"name\":\"HUAYUAN RFID Tag Manufacturer\",\"description\":\"HUAYUAN RFID Tag Manufacturer\",\"publisher\":{\"@id\":\"https:\/\/huayuansh.com\/#organization\"},\"potentialAction\":[{\"@type\":\"SearchAction\",\"target\":{\"@type\":\"EntryPoint\",\"urlTemplate\":\"https:\/\/huayuansh.com\/?s={search_term_string}\"},\"query-input\":{\"@type\":\"PropertyValueSpecification\",\"valueRequired\":true,\"valueName\":\"search_term_string\"}}],\"inLanguage\":\"pt-PT\"},{\"@type\":\"Organization\",\"@id\":\"https:\/\/huayuansh.com\/#organization\",\"name\":\"HUAYUAN RFID Tag Manufacturer\",\"url\":\"https:\/\/huayuansh.com\/\",\"logo\":{\"@type\":\"ImageObject\",\"inLanguage\":\"pt-PT\",\"@id\":\"https:\/\/huayuansh.com\/#\/schema\/logo\/image\/\",\"url\":\"https:\/\/huayuansh.com\/wp-content\/uploads\/2024\/09\/cropped-HUAYUAN.webp\",\"contentUrl\":\"https:\/\/huayuansh.com\/wp-content\/uploads\/2024\/09\/cropped-HUAYUAN.webp\",\"width\":895,\"height\":279,\"caption\":\"HUAYUAN RFID Tag Manufacturer\"},\"image\":{\"@id\":\"https:\/\/huayuansh.com\/#\/schema\/logo\/image\/\"}}]}<\/script>\n<!-- \/ Yoast SEO Premium plugin. -->","yoast_head_json":{"title":"Bot\u00e3o de Lavandaria RFID HLB | Fabricante de Etiquetas RFID HUAYUAN","description":"O bot\u00e3o de lavandaria RFID HLB \u00e9 a etiqueta de lavandaria RFID mais comum, de tamanho pequeno e em forma de bot\u00e3o, adequado para vestu\u00e1rio de trabalho...","robots":{"index":"index","follow":"follow","max-snippet":"max-snippet:-1","max-image-preview":"max-image-preview:large","max-video-preview":"max-video-preview:-1"},"canonical":"https:\/\/huayuansh.com\/pt\/produtos\/etiquetas-de-lavanderia-rfid\/botao-rfid-lavanderia-hlb\/","og_locale":"pt_PT","og_type":"article","og_title":"HLB RFID Laundry Button","og_description":"HLB RFID laundry button is the most common one of the RFID laundry tags, which is small size and shaped in button, suit for workwears...","og_url":"https:\/\/huayuansh.com\/pt\/produtos\/etiquetas-de-lavanderia-rfid\/botao-rfid-lavanderia-hlb\/","og_site_name":"HUAYUAN RFID Tag Manufacturer","article_modified_time":"2025-04-27T01:47:57+00:00","og_image":[{"width":1920,"height":1080,"url":"https:\/\/huayuansh.com\/wp-content\/uploads\/2024\/08\/HLB-RFID-Laundry-Button.webp","type":"image\/webp"}],"twitter_card":"summary_large_image","twitter_misc":{"Tempo estimado de leitura":"3 minutos"},"schema":{"@context":"https:\/\/schema.org","@graph":[{"@type":"WebPage","@id":"https:\/\/huayuansh.com\/products\/rfid-laundry-tags\/hlb-rfid-laundry-button\/","url":"https:\/\/huayuansh.com\/products\/rfid-laundry-tags\/hlb-rfid-laundry-button\/","name":"Bot\u00e3o de Lavandaria RFID HLB | Fabricante de Etiquetas RFID HUAYUAN","isPartOf":{"@id":"https:\/\/huayuansh.com\/#website"},"primaryImageOfPage":{"@id":"https:\/\/huayuansh.com\/products\/rfid-laundry-tags\/hlb-rfid-laundry-button\/#primaryimage"},"image":{"@id":"https:\/\/huayuansh.com\/products\/rfid-laundry-tags\/hlb-rfid-laundry-button\/#primaryimage"},"thumbnailUrl":"https:\/\/huayuansh.com\/wp-content\/uploads\/2024\/08\/HLB-RFID-Laundry-Button.webp","datePublished":"2024-07-15T06:24:18+00:00","dateModified":"2025-04-27T01:47:57+00:00","description":"O bot\u00e3o de lavandaria RFID HLB \u00e9 a etiqueta de lavandaria RFID mais comum, de tamanho pequeno e em forma de bot\u00e3o, adequado para vestu\u00e1rio de trabalho...","breadcrumb":{"@id":"https:\/\/huayuansh.com\/products\/rfid-laundry-tags\/hlb-rfid-laundry-button\/#breadcrumb"},"inLanguage":"pt-PT","potentialAction":[{"@type":"ReadAction","target":["https:\/\/huayuansh.com\/products\/rfid-laundry-tags\/hlb-rfid-laundry-button\/"]}]},{"@type":"ImageObject","inLanguage":"pt-PT","@id":"https:\/\/huayuansh.com\/products\/rfid-laundry-tags\/hlb-rfid-laundry-button\/#primaryimage","url":"https:\/\/huayuansh.com\/wp-content\/uploads\/2024\/08\/HLB-RFID-Laundry-Button.webp","contentUrl":"https:\/\/huayuansh.com\/wp-content\/uploads\/2024\/08\/HLB-RFID-Laundry-Button.webp","width":1920,"height":1080},{"@type":"BreadcrumbList","@id":"https:\/\/huayuansh.com\/products\/rfid-laundry-tags\/hlb-rfid-laundry-button\/#breadcrumb","itemListElement":[{"@type":"ListItem","position":1,"name":"Home","item":"https:\/\/huayuansh.com\/"},{"@type":"ListItem","position":2,"name":"RFID Products","item":"https:\/\/huayuansh.com\/products\/"},{"@type":"ListItem","position":3,"name":"RFID Laundry Tags","item":"https:\/\/huayuansh.com\/products\/rfid-laundry-tags\/"},{"@type":"ListItem","position":4,"name":"HLB RFID Laundry Button"}]},{"@type":"WebSite","@id":"https:\/\/huayuansh.com\/#website","url":"https:\/\/huayuansh.com\/","name":"Fabricante de etiquetas RFID HUAYUAN","description":"Fabricante de etiquetas RFID HUAYUAN","publisher":{"@id":"https:\/\/huayuansh.com\/#organization"},"potentialAction":[{"@type":"SearchAction","target":{"@type":"EntryPoint","urlTemplate":"https:\/\/huayuansh.com\/?s={search_term_string}"},"query-input":{"@type":"PropertyValueSpecification","valueRequired":true,"valueName":"search_term_string"}}],"inLanguage":"pt-PT"},{"@type":"Organization","@id":"https:\/\/huayuansh.com\/#organization","name":"Fabricante de etiquetas RFID HUAYUAN","url":"https:\/\/huayuansh.com\/","logo":{"@type":"ImageObject","inLanguage":"pt-PT","@id":"https:\/\/huayuansh.com\/#\/schema\/logo\/image\/","url":"https:\/\/huayuansh.com\/wp-content\/uploads\/2024\/09\/cropped-HUAYUAN.webp","contentUrl":"https:\/\/huayuansh.com\/wp-content\/uploads\/2024\/09\/cropped-HUAYUAN.webp","width":895,"height":279,"caption":"HUAYUAN RFID Tag Manufacturer"},"image":{"@id":"https:\/\/huayuansh.com\/#\/schema\/logo\/image\/"}}]}},"taxonomy_info":[],"featured_image_src_large":["https:\/\/huayuansh.com\/wp-content\/uploads\/2024\/08\/HLB-RFID-Laundry-Button-1024x576.webp",1024,576,true],"author_info":{"display_name":"HUAYUAN","author_link":"https:\/\/huayuansh.com\/pt\/author\/shyec2024\/"},"comment_info":0,"_links":{"self":[{"href":"https:\/\/huayuansh.com\/pt\/wp-json\/wp\/v2\/pages\/3398","targetHints":{"allow":["GET"]}}],"collection":[{"href":"https:\/\/huayuansh.com\/pt\/wp-json\/wp\/v2\/pages"}],"about":[{"href":"https:\/\/huayuansh.com\/pt\/wp-json\/wp\/v2\/types\/page"}],"author":[{"embeddable":true,"href":"https:\/\/huayuansh.com\/pt\/wp-json\/wp\/v2\/users\/1"}],"replies":[{"embeddable":true,"href":"https:\/\/huayuansh.com\/pt\/wp-json\/wp\/v2\/comments?post=3398"}],"version-history":[{"count":4,"href":"https:\/\/huayuansh.com\/pt\/wp-json\/wp\/v2\/pages\/3398\/revisions"}],"predecessor-version":[{"id":4157,"href":"https:\/\/huayuansh.com\/pt\/wp-json\/wp\/v2\/pages\/3398\/revisions\/4157"}],"up":[{"embeddable":true,"href":"https:\/\/huayuansh.com\/pt\/wp-json\/wp\/v2\/pages\/1003"}],"wp:featuredmedia":[{"embeddable":true,"href":"https:\/\/huayuansh.com\/pt\/wp-json\/wp\/v2\/media\/3689"}],"wp:attachment":[{"href":"https:\/\/huayuansh.com\/pt\/wp-json\/wp\/v2\/media?parent=3398"}],"curies":[{"name":"wp","href":"https:\/\/api.w.org\/{rel}","templated":true}]}}