{"id":3400,"date":"2024-07-15T14:26:33","date_gmt":"2024-07-15T06:26:33","guid":{"rendered":"https:\/\/huayuansh.com\/?page_id=3400"},"modified":"2024-08-20T15:20:27","modified_gmt":"2024-08-20T07:20:27","slug":"etiqueta-rfid-uhf-de-silicone-lavanderia-hst","status":"publish","type":"page","link":"https:\/\/huayuansh.com\/pt\/produtos\/etiquetas-de-lavanderia-rfid\/etiqueta-rfid-uhf-de-silicone-lavanderia-hst\/","title":{"rendered":"Etiqueta de silicone UHF para lavandaria HST"},"content":{"rendered":"<p>A etiqueta de silicone para lavandaria HUAYUAN HST RAIN RFID \u00e9 uma inven\u00e7\u00e3o de \u00faltima gera\u00e7\u00e3o para rastreio autom\u00e1tico e invent\u00e1rio em aplica\u00e7\u00f5es de lavandaria. As etiquetas RFID de s\u00e9rie HST s\u00e3o finas, flex\u00edveis, macias e suaves, \u00e0 prova de qu\u00edmicos e l\u00edquidos, resistentes ao calor e \u00e0 for\u00e7a, com um transponder RFID robusto incorporado para suportar 200 vezes a lavagem de tambores e a secagem a quente, a limpeza e a passagem a ferro. As etiquetas RFID de silicone para lavandaria HST-5512 s\u00e3o normalmente utilizadas no rastreio de lavandaria industrial, podendo ser facilmente integradas em&nbsp;<strong>roupa de cama<\/strong>,&nbsp;<strong>blusas<\/strong>,&nbsp;<strong>toalhas<\/strong>,&nbsp;<strong>uniformes m\u00e9dicos<\/strong>&nbsp;outras mat\u00e9rias t\u00eaxteis.<\/p>\n\n\n\n<div class=\"wp-block-columns are-vertically-aligned-center is-layout-flex wp-container-core-columns-is-layout-9d6595d7 wp-block-columns-is-layout-flex\">\n<div class=\"wp-block-column is-vertically-aligned-center is-layout-flow wp-block-column-is-layout-flow\" style=\"flex-basis:60%\">\n<h2 class=\"wp-block-heading\" id=\"h-key-features\">Carater\u00edsticas principais<\/h2>\n\n\n\n<ul class=\"wp-block-list\">\n<li>Fino, macio e flex\u00edvel<\/li>\n\n\n\n<li>\u00c0 prova de \u00e1gua, \u00e0 prova de solu\u00e7\u00f5es qu\u00edmicas<\/li>\n\n\n\n<li>Dur\u00e1vel para 200 vezes de lavagem, secagem, limpeza e engomagem<\/li>\n\n\n\n<li>Desempenho excecional em termos de calor e ambiente agressivo<\/li>\n<\/ul>\n<\/div>\n\n\n\n<div class=\"wp-block-column is-vertically-aligned-center is-layout-flow wp-block-column-is-layout-flow\" style=\"flex-basis:40%\">\n<figure class=\"wp-block-image size-full\"><img loading=\"lazy\" decoding=\"async\" width=\"600\" height=\"600\" src=\"https:\/\/huayuansh.com\/wp-content\/uploads\/2024\/08\/HST-5512-Silicone-RFID-Laundry-Tag.webp\" alt=\"\" class=\"wp-image-3703\" style=\"aspect-ratio:3\/2;object-fit:cover\" srcset=\"https:\/\/huayuansh.com\/wp-content\/uploads\/2024\/08\/HST-5512-Silicone-RFID-Laundry-Tag.webp 600w, https:\/\/huayuansh.com\/wp-content\/uploads\/2024\/08\/HST-5512-Silicone-RFID-Laundry-Tag-300x300.webp 300w, https:\/\/huayuansh.com\/wp-content\/uploads\/2024\/08\/HST-5512-Silicone-RFID-Laundry-Tag-150x150.webp 150w\" sizes=\"auto, (max-width: 600px) 100vw, 600px\" \/><\/figure>\n<\/div>\n<\/div>\n\n\n\n<h2 class=\"wp-block-heading\" id=\"h-specification-of-silicone-rfid-laundrychip\">Especifica\u00e7\u00e3o do Silicone RFID LaundryChip<\/h2>\n\n\n\n<figure class=\"wp-block-table\"><table><tbody><tr><td>Item<\/td><td>Etiqueta de silicone UHF RFID para roupa fina e flex\u00edvel<\/td><\/tr><tr><td>Material<\/td><td>Silicone<\/td><\/tr><tr><td>Dimens\u00e3o<\/td><td>55x12X1,7mm<\/td><\/tr><tr><td>Frequ\u00eancia<\/td><td>860-960MHz<\/td><\/tr><tr><td>Chip<\/td><td>Monza R6-P, UCODE 8, UCODE 9<\/td><\/tr><tr><td>Mem\u00f3ria EPC<\/td><td>96 bits, 128 bits<\/td><\/tr><tr><td>Utilizar os tempos<\/td><td>Pelo menos 200 vezes<\/td><\/tr><tr><td>Classifica\u00e7\u00e3o IP<\/td><td>IP68<\/td><\/tr><tr><td>Intervalo de leitura testado<\/td><td>At\u00e9 6m<\/td><\/tr><tr><td>Desempenho do ciclo de lavagem de roupa<\/td><td>Lavagem: +60\u00b0C (140\u00b0F) \/ 10 minutos<br>Secagem: +60\u00b0C (140\u00b0F) \/ 30 minutos<br>Prensa de extra\u00e7\u00e3o de \u00e1gua: 60 bar<br>Processo de esteriliza\u00e7\u00e3o: +121\u00b0C (250\u00b0F) \/ 15 minutos<\/td><\/tr><tr><td>Artesanato<\/td><td>Grava\u00e7\u00e3o de n\u00famero ou log\u00f3tipo a laser, codifica\u00e7\u00e3o de chips<\/td><\/tr><\/tbody><\/table><\/figure>\n\n\n\n<h3 class=\"wp-block-heading\" id=\"h-applications-of-washable-silicone-uhf-rfid-laundry-tag\">Aplica\u00e7\u00f5es da etiqueta de silicone lav\u00e1vel UHF RFID para lavandaria<\/h3>\n\n\n\n<ul class=\"wp-block-list\">\n<li>Rastreio de lavandaria de roupa hospitalar e de cuidados de sa\u00fade e de vestu\u00e1rio m\u00e9dico<\/li>\n\n\n\n<li>Ind\u00fastria de roupa de cama, ind\u00fastria de EPI, roupa de aluguer, lavandaria industrial<\/li>\n\n\n\n<li>Rastreio de roupa de hotel, toalhas, vestu\u00e1rio de trabalho, uniformes, batas, toalhetes e esfregonas<\/li>\n<\/ul>\n\n\n\n<h5 class=\"wp-block-heading\" id=\"h-get-in-touch\">Entrar em contacto<\/h5>\n\n\n\n<p>Atualmente, cooperamos com muitas empresas de aluguer de material hoteleiro para fornecer etiquetas de silicone para lavandaria, gerimos principalmente o aluguer de toalhas de hotel, toalhas de banho, cobertores e outros produtos. Fabricantes de couro de renome internacional incorporam a etiqueta de silicone RFID para lavandaria nos seus produtos como uma aplica\u00e7\u00e3o de rastreio e rastreio da fonte.<\/p>\n\n\n<style>.wp-block-kadence-advancedbtn.kb-btns3400_db6f55-8e{gap:var(--global-kb-gap-xs, 0.5rem );justify-content:flex-start;align-items:center;}.kt-btns3400_db6f55-8e .kt-button{font-weight:normal;font-style:normal;}.kt-btns3400_db6f55-8e .kt-btn-wrap-0{margin-right:5px;}.wp-block-kadence-advancedbtn.kt-btns3400_db6f55-8e .kt-btn-wrap-0 .kt-button{color:#555555;border-color:#555555;}.wp-block-kadence-advancedbtn.kt-btns3400_db6f55-8e .kt-btn-wrap-0 .kt-button:hover, .wp-block-kadence-advancedbtn.kt-btns3400_db6f55-8e .kt-btn-wrap-0 .kt-button:focus{color:#ffffff;border-color:#444444;}.wp-block-kadence-advancedbtn.kt-btns3400_db6f55-8e .kt-btn-wrap-0 .kt-button::before{display:none;}.wp-block-kadence-advancedbtn.kt-btns3400_db6f55-8e .kt-btn-wrap-0 .kt-button:hover, .wp-block-kadence-advancedbtn.kt-btns3400_db6f55-8e .kt-btn-wrap-0 .kt-button:focus{background:#444444;}<\/style>\n<div class=\"wp-block-kadence-advancedbtn kb-buttons-wrap kb-btns3400_db6f55-8e\"><style>ul.menu .wp-block-kadence-advancedbtn .kb-btn3400_8eff04-1f.kb-button{width:initial;}<\/style><a class=\"kb-button kt-button button kb-btn3400_8eff04-1f kt-btn-size-standard kt-btn-width-type-auto kb-btn-global-inherit  kt-btn-has-text-true kt-btn-has-svg-false  wp-block-button__link wp-block-kadence-singlebtn\" href=\"https:\/\/huayuansh.com\/contact-us\/\"><span class=\"kt-btn-inner-text\">Contactar-nos<\/span><\/a><\/div>","protected":false},"excerpt":{"rendered":"<p>A etiqueta de silicone para lavandaria HUAYUAN HST RAIN RFID \u00e9 uma inven\u00e7\u00e3o de \u00faltima gera\u00e7\u00e3o para rastreio autom\u00e1tico e invent\u00e1rio em aplica\u00e7\u00f5es de lavandaria. As etiquetas RFID de s\u00e9rie HST s\u00e3o de tamanho fino, flex\u00edveis, macias e suaves, \u00e0 prova de qu\u00edmicos e l\u00edquidos, resistentes ao calor e \u00e0 for\u00e7a, com um transponder RFID robusto incorporado para sofrer 200 vezes a lavagem de tambores e secagem a quente, limpeza e engomadoria. HST-5512...<\/p>","protected":false},"author":1,"featured_media":3692,"parent":1003,"menu_order":0,"comment_status":"closed","ping_status":"closed","template":"","meta":{"_kad_blocks_custom_css":"","_kad_blocks_head_custom_js":"","_kad_blocks_body_custom_js":"","_kad_blocks_footer_custom_js":"","_kadence_starter_templates_imported_post":false,"_kad_post_transparent":"","_kad_post_title":"","_kad_post_layout":"","_kad_post_sidebar_id":"","_kad_post_content_style":"","_kad_post_vertical_padding":"","_kad_post_feature":"","_kad_post_feature_position":"","_kad_post_header":false,"_kad_post_footer":false,"footnotes":""},"class_list":["post-3400","page","type-page","status-publish","has-post-thumbnail","hentry"],"yoast_head":"<!-- This site is optimized with the Yoast SEO Premium plugin v23.0 (Yoast SEO v26.3) - https:\/\/yoast.com\/wordpress\/plugins\/seo\/ -->\n<title>HST Silicone UHF Laundry Tag | HUAYUAN RFID Tag Manufacturer<\/title>\n<meta name=\"description\" content=\"HUAYUAN washable UHF Silicone RFID Laundry Tag is suitable for use in any RFID hotel, spa, retirement home, sports club laundry and linen management\" \/>\n<meta name=\"robots\" content=\"index, follow, max-snippet:-1, max-image-preview:large, max-video-preview:-1\" \/>\n<link rel=\"canonical\" href=\"https:\/\/huayuansh.com\/pt\/produtos\/etiquetas-de-lavanderia-rfid\/etiqueta-rfid-uhf-de-silicone-lavanderia-hst\/\" \/>\n<meta property=\"og:locale\" content=\"pt_PT\" \/>\n<meta property=\"og:type\" content=\"article\" \/>\n<meta property=\"og:title\" content=\"HST Silicone UHF Laundry Tag\" \/>\n<meta property=\"og:description\" content=\"HUAYUAN washable UHF Silicone RFID Laundry Tag is suitable for use in any RFID hotel, spa, retirement home, sports club laundry and linen management\" \/>\n<meta property=\"og:url\" content=\"https:\/\/huayuansh.com\/pt\/produtos\/etiquetas-de-lavanderia-rfid\/etiqueta-rfid-uhf-de-silicone-lavanderia-hst\/\" \/>\n<meta property=\"og:site_name\" content=\"HUAYUAN RFID Tag Manufacturer\" \/>\n<meta property=\"article:modified_time\" content=\"2024-08-20T07:20:27+00:00\" \/>\n<meta property=\"og:image\" content=\"https:\/\/huayuansh.com\/wp-content\/uploads\/2024\/08\/HST-Silicone-UHF-Laundry-Tag.webp\" \/>\n\t<meta property=\"og:image:width\" content=\"1920\" \/>\n\t<meta property=\"og:image:height\" content=\"1080\" \/>\n\t<meta property=\"og:image:type\" content=\"image\/webp\" \/>\n<meta name=\"twitter:card\" content=\"summary_large_image\" \/>\n<meta name=\"twitter:label1\" content=\"Tempo estimado de leitura\" \/>\n\t<meta name=\"twitter:data1\" content=\"2 minutos\" \/>\n<script type=\"application\/ld+json\" class=\"yoast-schema-graph\">{\"@context\":\"https:\/\/schema.org\",\"@graph\":[{\"@type\":\"WebPage\",\"@id\":\"https:\/\/huayuansh.com\/products\/rfid-laundry-tags\/hst-silicone-uhf-laundry-tag\/\",\"url\":\"https:\/\/huayuansh.com\/products\/rfid-laundry-tags\/hst-silicone-uhf-laundry-tag\/\",\"name\":\"HST Silicone UHF Laundry Tag | HUAYUAN RFID Tag Manufacturer\",\"isPartOf\":{\"@id\":\"https:\/\/huayuansh.com\/#website\"},\"primaryImageOfPage\":{\"@id\":\"https:\/\/huayuansh.com\/products\/rfid-laundry-tags\/hst-silicone-uhf-laundry-tag\/#primaryimage\"},\"image\":{\"@id\":\"https:\/\/huayuansh.com\/products\/rfid-laundry-tags\/hst-silicone-uhf-laundry-tag\/#primaryimage\"},\"thumbnailUrl\":\"https:\/\/huayuansh.com\/wp-content\/uploads\/2024\/08\/HST-Silicone-UHF-Laundry-Tag.webp\",\"datePublished\":\"2024-07-15T06:26:33+00:00\",\"dateModified\":\"2024-08-20T07:20:27+00:00\",\"description\":\"HUAYUAN washable UHF Silicone RFID Laundry Tag is suitable for use in any RFID hotel, spa, retirement home, sports club laundry and linen management\",\"breadcrumb\":{\"@id\":\"https:\/\/huayuansh.com\/products\/rfid-laundry-tags\/hst-silicone-uhf-laundry-tag\/#breadcrumb\"},\"inLanguage\":\"pt-PT\",\"potentialAction\":[{\"@type\":\"ReadAction\",\"target\":[\"https:\/\/huayuansh.com\/products\/rfid-laundry-tags\/hst-silicone-uhf-laundry-tag\/\"]}]},{\"@type\":\"ImageObject\",\"inLanguage\":\"pt-PT\",\"@id\":\"https:\/\/huayuansh.com\/products\/rfid-laundry-tags\/hst-silicone-uhf-laundry-tag\/#primaryimage\",\"url\":\"https:\/\/huayuansh.com\/wp-content\/uploads\/2024\/08\/HST-Silicone-UHF-Laundry-Tag.webp\",\"contentUrl\":\"https:\/\/huayuansh.com\/wp-content\/uploads\/2024\/08\/HST-Silicone-UHF-Laundry-Tag.webp\",\"width\":1920,\"height\":1080},{\"@type\":\"BreadcrumbList\",\"@id\":\"https:\/\/huayuansh.com\/products\/rfid-laundry-tags\/hst-silicone-uhf-laundry-tag\/#breadcrumb\",\"itemListElement\":[{\"@type\":\"ListItem\",\"position\":1,\"name\":\"Home\",\"item\":\"https:\/\/huayuansh.com\/\"},{\"@type\":\"ListItem\",\"position\":2,\"name\":\"RFID Products\",\"item\":\"https:\/\/huayuansh.com\/products\/\"},{\"@type\":\"ListItem\",\"position\":3,\"name\":\"RFID Laundry Tags\",\"item\":\"https:\/\/huayuansh.com\/products\/rfid-laundry-tags\/\"},{\"@type\":\"ListItem\",\"position\":4,\"name\":\"HST Silicone UHF Laundry Tag\"}]},{\"@type\":\"WebSite\",\"@id\":\"https:\/\/huayuansh.com\/#website\",\"url\":\"https:\/\/huayuansh.com\/\",\"name\":\"HUAYUAN RFID Tag Manufacturer\",\"description\":\"HUAYUAN RFID Tag Manufacturer\",\"publisher\":{\"@id\":\"https:\/\/huayuansh.com\/#organization\"},\"potentialAction\":[{\"@type\":\"SearchAction\",\"target\":{\"@type\":\"EntryPoint\",\"urlTemplate\":\"https:\/\/huayuansh.com\/?s={search_term_string}\"},\"query-input\":{\"@type\":\"PropertyValueSpecification\",\"valueRequired\":true,\"valueName\":\"search_term_string\"}}],\"inLanguage\":\"pt-PT\"},{\"@type\":\"Organization\",\"@id\":\"https:\/\/huayuansh.com\/#organization\",\"name\":\"HUAYUAN RFID Tag Manufacturer\",\"url\":\"https:\/\/huayuansh.com\/\",\"logo\":{\"@type\":\"ImageObject\",\"inLanguage\":\"pt-PT\",\"@id\":\"https:\/\/huayuansh.com\/#\/schema\/logo\/image\/\",\"url\":\"https:\/\/huayuansh.com\/wp-content\/uploads\/2024\/09\/cropped-HUAYUAN.webp\",\"contentUrl\":\"https:\/\/huayuansh.com\/wp-content\/uploads\/2024\/09\/cropped-HUAYUAN.webp\",\"width\":895,\"height\":279,\"caption\":\"HUAYUAN RFID Tag Manufacturer\"},\"image\":{\"@id\":\"https:\/\/huayuansh.com\/#\/schema\/logo\/image\/\"}}]}<\/script>\n<!-- \/ Yoast SEO Premium plugin. -->","yoast_head_json":{"title":"Etiqueta de silicone UHF para lavandaria HST | Fabricante de etiquetas RFID HUAYUAN","description":"A etiqueta de lavandaria RFID de silicone UHF lav\u00e1vel HUAYUAN \u00e9 adequada para utiliza\u00e7\u00e3o em qualquer hotel RFID, spa, lar de idosos, lavandaria de clube desportivo e gest\u00e3o de roupa de cama","robots":{"index":"index","follow":"follow","max-snippet":"max-snippet:-1","max-image-preview":"max-image-preview:large","max-video-preview":"max-video-preview:-1"},"canonical":"https:\/\/huayuansh.com\/pt\/produtos\/etiquetas-de-lavanderia-rfid\/etiqueta-rfid-uhf-de-silicone-lavanderia-hst\/","og_locale":"pt_PT","og_type":"article","og_title":"HST Silicone UHF Laundry Tag","og_description":"HUAYUAN washable UHF Silicone RFID Laundry Tag is suitable for use in any RFID hotel, spa, retirement home, sports club laundry and linen management","og_url":"https:\/\/huayuansh.com\/pt\/produtos\/etiquetas-de-lavanderia-rfid\/etiqueta-rfid-uhf-de-silicone-lavanderia-hst\/","og_site_name":"HUAYUAN RFID Tag Manufacturer","article_modified_time":"2024-08-20T07:20:27+00:00","og_image":[{"width":1920,"height":1080,"url":"https:\/\/huayuansh.com\/wp-content\/uploads\/2024\/08\/HST-Silicone-UHF-Laundry-Tag.webp","type":"image\/webp"}],"twitter_card":"summary_large_image","twitter_misc":{"Tempo estimado de leitura":"2 minutos"},"schema":{"@context":"https:\/\/schema.org","@graph":[{"@type":"WebPage","@id":"https:\/\/huayuansh.com\/products\/rfid-laundry-tags\/hst-silicone-uhf-laundry-tag\/","url":"https:\/\/huayuansh.com\/products\/rfid-laundry-tags\/hst-silicone-uhf-laundry-tag\/","name":"Etiqueta de silicone UHF para lavandaria HST | Fabricante de etiquetas RFID HUAYUAN","isPartOf":{"@id":"https:\/\/huayuansh.com\/#website"},"primaryImageOfPage":{"@id":"https:\/\/huayuansh.com\/products\/rfid-laundry-tags\/hst-silicone-uhf-laundry-tag\/#primaryimage"},"image":{"@id":"https:\/\/huayuansh.com\/products\/rfid-laundry-tags\/hst-silicone-uhf-laundry-tag\/#primaryimage"},"thumbnailUrl":"https:\/\/huayuansh.com\/wp-content\/uploads\/2024\/08\/HST-Silicone-UHF-Laundry-Tag.webp","datePublished":"2024-07-15T06:26:33+00:00","dateModified":"2024-08-20T07:20:27+00:00","description":"A etiqueta de lavandaria RFID de silicone UHF lav\u00e1vel HUAYUAN \u00e9 adequada para utiliza\u00e7\u00e3o em qualquer hotel RFID, spa, lar de idosos, lavandaria de clube desportivo e gest\u00e3o de roupa de cama","breadcrumb":{"@id":"https:\/\/huayuansh.com\/products\/rfid-laundry-tags\/hst-silicone-uhf-laundry-tag\/#breadcrumb"},"inLanguage":"pt-PT","potentialAction":[{"@type":"ReadAction","target":["https:\/\/huayuansh.com\/products\/rfid-laundry-tags\/hst-silicone-uhf-laundry-tag\/"]}]},{"@type":"ImageObject","inLanguage":"pt-PT","@id":"https:\/\/huayuansh.com\/products\/rfid-laundry-tags\/hst-silicone-uhf-laundry-tag\/#primaryimage","url":"https:\/\/huayuansh.com\/wp-content\/uploads\/2024\/08\/HST-Silicone-UHF-Laundry-Tag.webp","contentUrl":"https:\/\/huayuansh.com\/wp-content\/uploads\/2024\/08\/HST-Silicone-UHF-Laundry-Tag.webp","width":1920,"height":1080},{"@type":"BreadcrumbList","@id":"https:\/\/huayuansh.com\/products\/rfid-laundry-tags\/hst-silicone-uhf-laundry-tag\/#breadcrumb","itemListElement":[{"@type":"ListItem","position":1,"name":"Home","item":"https:\/\/huayuansh.com\/"},{"@type":"ListItem","position":2,"name":"RFID Products","item":"https:\/\/huayuansh.com\/products\/"},{"@type":"ListItem","position":3,"name":"RFID Laundry Tags","item":"https:\/\/huayuansh.com\/products\/rfid-laundry-tags\/"},{"@type":"ListItem","position":4,"name":"HST Silicone UHF Laundry Tag"}]},{"@type":"WebSite","@id":"https:\/\/huayuansh.com\/#website","url":"https:\/\/huayuansh.com\/","name":"Fabricante de etiquetas RFID HUAYUAN","description":"Fabricante de etiquetas RFID HUAYUAN","publisher":{"@id":"https:\/\/huayuansh.com\/#organization"},"potentialAction":[{"@type":"SearchAction","target":{"@type":"EntryPoint","urlTemplate":"https:\/\/huayuansh.com\/?s={search_term_string}"},"query-input":{"@type":"PropertyValueSpecification","valueRequired":true,"valueName":"search_term_string"}}],"inLanguage":"pt-PT"},{"@type":"Organization","@id":"https:\/\/huayuansh.com\/#organization","name":"Fabricante de etiquetas RFID HUAYUAN","url":"https:\/\/huayuansh.com\/","logo":{"@type":"ImageObject","inLanguage":"pt-PT","@id":"https:\/\/huayuansh.com\/#\/schema\/logo\/image\/","url":"https:\/\/huayuansh.com\/wp-content\/uploads\/2024\/09\/cropped-HUAYUAN.webp","contentUrl":"https:\/\/huayuansh.com\/wp-content\/uploads\/2024\/09\/cropped-HUAYUAN.webp","width":895,"height":279,"caption":"HUAYUAN RFID Tag Manufacturer"},"image":{"@id":"https:\/\/huayuansh.com\/#\/schema\/logo\/image\/"}}]}},"taxonomy_info":[],"featured_image_src_large":["https:\/\/huayuansh.com\/wp-content\/uploads\/2024\/08\/HST-Silicone-UHF-Laundry-Tag-1024x576.webp",1024,576,true],"author_info":{"display_name":"HUAYUAN","author_link":"https:\/\/huayuansh.com\/pt\/author\/shyec2024\/"},"comment_info":0,"_links":{"self":[{"href":"https:\/\/huayuansh.com\/pt\/wp-json\/wp\/v2\/pages\/3400","targetHints":{"allow":["GET"]}}],"collection":[{"href":"https:\/\/huayuansh.com\/pt\/wp-json\/wp\/v2\/pages"}],"about":[{"href":"https:\/\/huayuansh.com\/pt\/wp-json\/wp\/v2\/types\/page"}],"author":[{"embeddable":true,"href":"https:\/\/huayuansh.com\/pt\/wp-json\/wp\/v2\/users\/1"}],"replies":[{"embeddable":true,"href":"https:\/\/huayuansh.com\/pt\/wp-json\/wp\/v2\/comments?post=3400"}],"version-history":[{"count":4,"href":"https:\/\/huayuansh.com\/pt\/wp-json\/wp\/v2\/pages\/3400\/revisions"}],"predecessor-version":[{"id":3704,"href":"https:\/\/huayuansh.com\/pt\/wp-json\/wp\/v2\/pages\/3400\/revisions\/3704"}],"up":[{"embeddable":true,"href":"https:\/\/huayuansh.com\/pt\/wp-json\/wp\/v2\/pages\/1003"}],"wp:featuredmedia":[{"embeddable":true,"href":"https:\/\/huayuansh.com\/pt\/wp-json\/wp\/v2\/media\/3692"}],"wp:attachment":[{"href":"https:\/\/huayuansh.com\/pt\/wp-json\/wp\/v2\/media?parent=3400"}],"curies":[{"name":"wp","href":"https:\/\/api.w.org\/{rel}","templated":true}]}}