{"id":3820,"date":"2024-09-03T14:25:09","date_gmt":"2024-09-03T06:25:09","guid":{"rendered":"https:\/\/huayuansh.com\/?page_id=3820"},"modified":"2024-09-03T14:25:12","modified_gmt":"2024-09-03T06:25:12","slug":"etiqueta-de-palete-rfid-uhf-logiflex","status":"publish","type":"page","link":"https:\/\/huayuansh.com\/pt\/produtos\/etiquetas-rfid-industriais\/etiqueta-de-palete-rfid-uhf-logiflex\/","title":{"rendered":"Etiqueta de palete RFID UHF LogiFlex"},"content":{"rendered":"<p>A etiqueta de palete RFID UHF LogiFlex, uma solu\u00e7\u00e3o rent\u00e1vel e vers\u00e1til concebida para otimizar o seguimento de paletes e a gest\u00e3o de invent\u00e1rio para empresas de todas as dimens\u00f5es. Fabricadas em material PVC dur\u00e1vel, estas etiquetas RFID s\u00e3o perfeitas para aplica\u00e7\u00f5es de grande escala em que o custo e a efici\u00eancia s\u00e3o fundamentais. Quer esteja a gerir um armaz\u00e9m movimentado ou a supervisionar uma rede log\u00edstica complexa, a etiqueta de palete RFID UHF LogiFlex oferece o equil\u00edbrio ideal entre desempenho e acessibilidade.<\/p>\n\n\n\n<h2 class=\"wp-block-heading\" id=\"h-key-features\">Carater\u00edsticas principais<\/h2>\n\n\n\n<ul class=\"wp-block-list\">\n<li><strong>Rent\u00e1vel<\/strong>: As etiquetas RFID LogiFlex s\u00e3o fabricadas em PVC, um material conhecido pelo seu pre\u00e7o acess\u00edvel. Isto torna-as uma excelente escolha para as empresas que pretendem implementar a tecnologia RFID num grande n\u00famero de paletes sem ultrapassar o or\u00e7amento.<\/li>\n\n\n\n<li><strong>Leve e f\u00e1cil de fixar<\/strong>: O design fino e flex\u00edvel das nossas etiquetas em PVC garante que s\u00e3o leves e f\u00e1ceis de manusear, tornando a fixa\u00e7\u00e3o \u00e0s paletes um processo r\u00e1pido e sem complica\u00e7\u00f5es.<\/li>\n\n\n\n<li><strong>Prote\u00e7\u00e3o b\u00e1sica do ambiente<\/strong>: Concebida para resistir \u00e0 \u00e1gua e a condi\u00e7\u00f5es ambientais moderadas, a etiqueta de paletes RFID UHF LogiFlex \u00e9 adequada tanto para utiliza\u00e7\u00e3o em interiores como em ambientes exteriores moderados.<\/li>\n\n\n\n<li><strong>Personaliz\u00e1vel<\/strong>: Estas etiquetas podem ser facilmente personalizadas com o log\u00f3tipo da sua empresa, c\u00f3digos de barras ou outras informa\u00e7\u00f5es, melhorando a presen\u00e7a da sua marca e permitindo uma f\u00e1cil identifica\u00e7\u00e3o visual.<\/li>\n<\/ul>\n\n\n\n<div class=\"wp-block-columns are-vertically-aligned-center is-layout-flex wp-container-core-columns-is-layout-9d6595d7 wp-block-columns-is-layout-flex\">\n<div class=\"wp-block-column is-vertically-aligned-center is-layout-flow wp-block-column-is-layout-flow\" style=\"flex-basis:60%\">\n<h2 class=\"wp-block-heading\" id=\"h-specifications\">Especifica\u00e7\u00f5es<\/h2>\n\n\n\n<p>Material: PVC dur\u00e1vel<br>Dimens\u00e3o: 100x<em>25mm, 86<\/em>x54mm ou personalizado<br>Impress\u00e3o: Impress\u00e3o offset \/ serigrafia \/ UV, grava\u00e7\u00e3o a laser<br>Instala\u00e7\u00e3o: Suporte adesivo ou orif\u00edcios de montagem<br>Frequ\u00eancia: 860-960MHz (UHF)<br>Protocolo: EPC Classe 1 Gen 2 \/ ISO 18000-6C<br>Mem\u00f3ria EPC: 96 bits ou 128 bits<br>Frequ\u00eancia: 860-960MHz<br>Codifica\u00e7\u00e3o: Processo de dados vari\u00e1veis<br>Alcance de leitura: At\u00e9 8 m (quando fixado a paletes)<br>Resist\u00eancia ambiental: Resistente \u00e0 \u00e1gua, adequado para utiliza\u00e7\u00e3o em interiores e exteriores moderados<\/p>\n<\/div>\n\n\n\n<div class=\"wp-block-column is-vertically-aligned-center is-layout-flow wp-block-column-is-layout-flow\" style=\"flex-basis:40%\"><div class=\"wp-block-image\">\n<figure class=\"aligncenter size-full\"><img loading=\"lazy\" decoding=\"async\" width=\"600\" height=\"600\" src=\"https:\/\/huayuansh.com\/wp-content\/uploads\/2024\/09\/UHF-RFID-Pallet-Tag.webp\" alt=\"\" class=\"wp-image-3821\" style=\"aspect-ratio:4\/3;object-fit:cover\" srcset=\"https:\/\/huayuansh.com\/wp-content\/uploads\/2024\/09\/UHF-RFID-Pallet-Tag.webp 600w, https:\/\/huayuansh.com\/wp-content\/uploads\/2024\/09\/UHF-RFID-Pallet-Tag-300x300.webp 300w, https:\/\/huayuansh.com\/wp-content\/uploads\/2024\/09\/UHF-RFID-Pallet-Tag-150x150.webp 150w\" sizes=\"auto, (max-width: 600px) 100vw, 600px\" \/><\/figure><\/div><\/div>\n<\/div>\n\n\n\n<h3 class=\"wp-block-heading\" id=\"h-ideal-applications\">Aplica\u00e7\u00f5es ideais<\/h3>\n\n\n\n<p><strong>Armazenagem<\/strong>: Acompanhar e gerir eficazmente os movimentos de paletes nos armaz\u00e9ns, reduzindo as discrep\u00e2ncias de stock e melhorando a precis\u00e3o do invent\u00e1rio.<br><strong>Log\u00edstica e distribui\u00e7\u00e3o<\/strong>: Melhore a visibilidade e a rastreabilidade das paletes ao longo da sua cadeia de abastecimento, desde o fabrico at\u00e9 \u00e0 entrega a retalho.<br><strong>Fabrico<\/strong>: Utilize etiquetas RFID para monitorizar mat\u00e9rias-primas e produtos acabados em tempo real, assegurando processos de produ\u00e7\u00e3o sem problemas.<br><strong>Retalho<\/strong>: Simplifique a log\u00edstica na loja utilizando a tecnologia RFID para gerir o fluxo de invent\u00e1rio do armaz\u00e9m para a prateleira da loja.<\/p>\n\n\n\n<h4 class=\"wp-block-heading\" id=\"h-get-in-touch\">Entrar em contacto<\/h4>\n\n\n\n<p>Est\u00e1 pronto para melhorar a sua localiza\u00e7\u00e3o de paletes e gest\u00e3o de invent\u00e1rio com uma solu\u00e7\u00e3o econ\u00f3mica? Contacte-nos hoje para saber mais sobre a etiqueta de palete RFID UHF LogiFlex e como esta pode ajudar a simplificar as suas opera\u00e7\u00f5es, reduzir custos e melhorar a efici\u00eancia geral.<\/p>\n\n\n<style>.wp-block-kadence-advancedbtn.kb-btns3820_9509bc-7c{gap:var(--global-kb-gap-xs, 0.5rem );justify-content:flex-start;align-items:center;}.kt-btns3820_9509bc-7c .kt-button{font-weight:normal;font-style:normal;}.kt-btns3820_9509bc-7c .kt-btn-wrap-0{margin-right:5px;}.wp-block-kadence-advancedbtn.kt-btns3820_9509bc-7c .kt-btn-wrap-0 .kt-button{color:#555555;border-color:#555555;}.wp-block-kadence-advancedbtn.kt-btns3820_9509bc-7c .kt-btn-wrap-0 .kt-button:hover, .wp-block-kadence-advancedbtn.kt-btns3820_9509bc-7c .kt-btn-wrap-0 .kt-button:focus{color:#ffffff;border-color:#444444;}.wp-block-kadence-advancedbtn.kt-btns3820_9509bc-7c .kt-btn-wrap-0 .kt-button::before{display:none;}.wp-block-kadence-advancedbtn.kt-btns3820_9509bc-7c .kt-btn-wrap-0 .kt-button:hover, .wp-block-kadence-advancedbtn.kt-btns3820_9509bc-7c .kt-btn-wrap-0 .kt-button:focus{background:#444444;}<\/style>\n<div class=\"wp-block-kadence-advancedbtn kb-buttons-wrap kb-btns3820_9509bc-7c\"><style>ul.menu .wp-block-kadence-advancedbtn .kb-btn3820_4c7715-70.kb-button{width:initial;}<\/style><a class=\"kb-button kt-button button kb-btn3820_4c7715-70 kt-btn-size-standard kt-btn-width-type-auto kb-btn-global-inherit  kt-btn-has-text-true kt-btn-has-svg-false  wp-block-button__link wp-block-kadence-singlebtn\" href=\"https:\/\/huayuansh.com\/contact-us\/\"><span class=\"kt-btn-inner-text\">Contactar-nos<\/span><\/a><\/div>","protected":false},"excerpt":{"rendered":"<p>The LogiFlex UHF RFID Pallet Tag, a cost-effective and versatile solution designed to optimize pallet tracking and inventory management for businesses of all sizes. Made from durable PVC material, these RFID tags are perfect for large-scale applications where cost and efficiency are paramount. Whether you\u2019re managing a bustling warehouse or overseeing a complex logistics network,&#8230;<\/p>","protected":false},"author":1,"featured_media":3822,"parent":854,"menu_order":0,"comment_status":"closed","ping_status":"closed","template":"","meta":{"_kad_blocks_custom_css":"","_kad_blocks_head_custom_js":"","_kad_blocks_body_custom_js":"","_kad_blocks_footer_custom_js":"","_kadence_starter_templates_imported_post":false,"_kad_post_transparent":"","_kad_post_title":"","_kad_post_layout":"","_kad_post_sidebar_id":"","_kad_post_content_style":"","_kad_post_vertical_padding":"","_kad_post_feature":"","_kad_post_feature_position":"","_kad_post_header":false,"_kad_post_footer":false,"footnotes":""},"class_list":["post-3820","page","type-page","status-publish","has-post-thumbnail","hentry"],"yoast_head":"<!-- This site is optimized with the Yoast SEO Premium plugin v23.0 (Yoast SEO v26.3) - https:\/\/yoast.com\/wordpress\/plugins\/seo\/ -->\n<title>LogiFlex UHF RFID Pallet Tag | HUAYUAN RFID Tag Manufacturer<\/title>\n<meta name=\"description\" content=\"Efficient and cost-effective UHF RFID pallet tag for inventory management, customizable and ideal for large-scale applications.\" \/>\n<meta name=\"robots\" content=\"index, follow, max-snippet:-1, max-image-preview:large, max-video-preview:-1\" \/>\n<link rel=\"canonical\" href=\"https:\/\/huayuansh.com\/pt\/produtos\/etiquetas-rfid-industriais\/etiqueta-de-palete-rfid-uhf-logiflex\/\" \/>\n<meta property=\"og:locale\" content=\"pt_PT\" \/>\n<meta property=\"og:type\" content=\"article\" \/>\n<meta property=\"og:title\" content=\"LogiFlex UHF RFID Pallet Tag\" \/>\n<meta property=\"og:description\" content=\"Efficient and cost-effective UHF RFID pallet tag for inventory management, customizable and ideal for large-scale applications.\" \/>\n<meta property=\"og:url\" content=\"https:\/\/huayuansh.com\/pt\/produtos\/etiquetas-rfid-industriais\/etiqueta-de-palete-rfid-uhf-logiflex\/\" \/>\n<meta property=\"og:site_name\" content=\"HUAYUAN RFID Tag Manufacturer\" \/>\n<meta property=\"article:modified_time\" content=\"2024-09-03T06:25:12+00:00\" \/>\n<meta property=\"og:image\" content=\"https:\/\/huayuansh.com\/wp-content\/uploads\/2024\/09\/LogiFlex-UHF-RFID-Pallet-Tag.webp\" \/>\n\t<meta property=\"og:image:width\" content=\"1920\" \/>\n\t<meta property=\"og:image:height\" content=\"1080\" \/>\n\t<meta property=\"og:image:type\" content=\"image\/webp\" \/>\n<meta name=\"twitter:card\" content=\"summary_large_image\" \/>\n<meta name=\"twitter:label1\" content=\"Tempo estimado de leitura\" \/>\n\t<meta name=\"twitter:data1\" content=\"3 minutos\" \/>\n<script type=\"application\/ld+json\" class=\"yoast-schema-graph\">{\"@context\":\"https:\/\/schema.org\",\"@graph\":[{\"@type\":\"WebPage\",\"@id\":\"https:\/\/huayuansh.com\/products\/industrial-rfid-tags\/logiflex-uhf-rfid-pallet-tag\/\",\"url\":\"https:\/\/huayuansh.com\/products\/industrial-rfid-tags\/logiflex-uhf-rfid-pallet-tag\/\",\"name\":\"LogiFlex UHF RFID Pallet Tag | HUAYUAN RFID Tag Manufacturer\",\"isPartOf\":{\"@id\":\"https:\/\/huayuansh.com\/#website\"},\"primaryImageOfPage\":{\"@id\":\"https:\/\/huayuansh.com\/products\/industrial-rfid-tags\/logiflex-uhf-rfid-pallet-tag\/#primaryimage\"},\"image\":{\"@id\":\"https:\/\/huayuansh.com\/products\/industrial-rfid-tags\/logiflex-uhf-rfid-pallet-tag\/#primaryimage\"},\"thumbnailUrl\":\"https:\/\/huayuansh.com\/wp-content\/uploads\/2024\/09\/LogiFlex-UHF-RFID-Pallet-Tag.webp\",\"datePublished\":\"2024-09-03T06:25:09+00:00\",\"dateModified\":\"2024-09-03T06:25:12+00:00\",\"description\":\"Efficient and cost-effective UHF RFID pallet tag for inventory management, customizable and ideal for large-scale applications.\",\"breadcrumb\":{\"@id\":\"https:\/\/huayuansh.com\/products\/industrial-rfid-tags\/logiflex-uhf-rfid-pallet-tag\/#breadcrumb\"},\"inLanguage\":\"pt-PT\",\"potentialAction\":[{\"@type\":\"ReadAction\",\"target\":[\"https:\/\/huayuansh.com\/products\/industrial-rfid-tags\/logiflex-uhf-rfid-pallet-tag\/\"]}]},{\"@type\":\"ImageObject\",\"inLanguage\":\"pt-PT\",\"@id\":\"https:\/\/huayuansh.com\/products\/industrial-rfid-tags\/logiflex-uhf-rfid-pallet-tag\/#primaryimage\",\"url\":\"https:\/\/huayuansh.com\/wp-content\/uploads\/2024\/09\/LogiFlex-UHF-RFID-Pallet-Tag.webp\",\"contentUrl\":\"https:\/\/huayuansh.com\/wp-content\/uploads\/2024\/09\/LogiFlex-UHF-RFID-Pallet-Tag.webp\",\"width\":1920,\"height\":1080},{\"@type\":\"BreadcrumbList\",\"@id\":\"https:\/\/huayuansh.com\/products\/industrial-rfid-tags\/logiflex-uhf-rfid-pallet-tag\/#breadcrumb\",\"itemListElement\":[{\"@type\":\"ListItem\",\"position\":1,\"name\":\"Home\",\"item\":\"https:\/\/huayuansh.com\/\"},{\"@type\":\"ListItem\",\"position\":2,\"name\":\"RFID Products\",\"item\":\"https:\/\/huayuansh.com\/products\/\"},{\"@type\":\"ListItem\",\"position\":3,\"name\":\"Industrial RFID Tags\",\"item\":\"https:\/\/huayuansh.com\/products\/industrial-rfid-tags\/\"},{\"@type\":\"ListItem\",\"position\":4,\"name\":\"LogiFlex UHF RFID Pallet Tag\"}]},{\"@type\":\"WebSite\",\"@id\":\"https:\/\/huayuansh.com\/#website\",\"url\":\"https:\/\/huayuansh.com\/\",\"name\":\"HUAYUAN RFID Tag Manufacturer\",\"description\":\"HUAYUAN RFID Tag Manufacturer\",\"publisher\":{\"@id\":\"https:\/\/huayuansh.com\/#organization\"},\"potentialAction\":[{\"@type\":\"SearchAction\",\"target\":{\"@type\":\"EntryPoint\",\"urlTemplate\":\"https:\/\/huayuansh.com\/?s={search_term_string}\"},\"query-input\":{\"@type\":\"PropertyValueSpecification\",\"valueRequired\":true,\"valueName\":\"search_term_string\"}}],\"inLanguage\":\"pt-PT\"},{\"@type\":\"Organization\",\"@id\":\"https:\/\/huayuansh.com\/#organization\",\"name\":\"HUAYUAN RFID Tag Manufacturer\",\"url\":\"https:\/\/huayuansh.com\/\",\"logo\":{\"@type\":\"ImageObject\",\"inLanguage\":\"pt-PT\",\"@id\":\"https:\/\/huayuansh.com\/#\/schema\/logo\/image\/\",\"url\":\"https:\/\/huayuansh.com\/wp-content\/uploads\/2024\/09\/cropped-HUAYUAN.webp\",\"contentUrl\":\"https:\/\/huayuansh.com\/wp-content\/uploads\/2024\/09\/cropped-HUAYUAN.webp\",\"width\":895,\"height\":279,\"caption\":\"HUAYUAN RFID Tag Manufacturer\"},\"image\":{\"@id\":\"https:\/\/huayuansh.com\/#\/schema\/logo\/image\/\"}}]}<\/script>\n<!-- \/ Yoast SEO Premium plugin. -->","yoast_head_json":{"title":"Etiqueta RFID para paletes LogiFlex UHF | Fabricante de etiquetas RFID HUAYUAN","description":"Etiqueta de palete RFID UHF eficiente e econ\u00f3mica para gest\u00e3o de invent\u00e1rio, personaliz\u00e1vel e ideal para aplica\u00e7\u00f5es em grande escala.","robots":{"index":"index","follow":"follow","max-snippet":"max-snippet:-1","max-image-preview":"max-image-preview:large","max-video-preview":"max-video-preview:-1"},"canonical":"https:\/\/huayuansh.com\/pt\/produtos\/etiquetas-rfid-industriais\/etiqueta-de-palete-rfid-uhf-logiflex\/","og_locale":"pt_PT","og_type":"article","og_title":"LogiFlex UHF RFID Pallet Tag","og_description":"Efficient and cost-effective UHF RFID pallet tag for inventory management, customizable and ideal for large-scale applications.","og_url":"https:\/\/huayuansh.com\/pt\/produtos\/etiquetas-rfid-industriais\/etiqueta-de-palete-rfid-uhf-logiflex\/","og_site_name":"HUAYUAN RFID Tag Manufacturer","article_modified_time":"2024-09-03T06:25:12+00:00","og_image":[{"width":1920,"height":1080,"url":"https:\/\/huayuansh.com\/wp-content\/uploads\/2024\/09\/LogiFlex-UHF-RFID-Pallet-Tag.webp","type":"image\/webp"}],"twitter_card":"summary_large_image","twitter_misc":{"Tempo estimado de leitura":"3 minutos"},"schema":{"@context":"https:\/\/schema.org","@graph":[{"@type":"WebPage","@id":"https:\/\/huayuansh.com\/products\/industrial-rfid-tags\/logiflex-uhf-rfid-pallet-tag\/","url":"https:\/\/huayuansh.com\/products\/industrial-rfid-tags\/logiflex-uhf-rfid-pallet-tag\/","name":"Etiqueta RFID para paletes LogiFlex UHF | Fabricante de etiquetas RFID HUAYUAN","isPartOf":{"@id":"https:\/\/huayuansh.com\/#website"},"primaryImageOfPage":{"@id":"https:\/\/huayuansh.com\/products\/industrial-rfid-tags\/logiflex-uhf-rfid-pallet-tag\/#primaryimage"},"image":{"@id":"https:\/\/huayuansh.com\/products\/industrial-rfid-tags\/logiflex-uhf-rfid-pallet-tag\/#primaryimage"},"thumbnailUrl":"https:\/\/huayuansh.com\/wp-content\/uploads\/2024\/09\/LogiFlex-UHF-RFID-Pallet-Tag.webp","datePublished":"2024-09-03T06:25:09+00:00","dateModified":"2024-09-03T06:25:12+00:00","description":"Etiqueta de palete RFID UHF eficiente e econ\u00f3mica para gest\u00e3o de invent\u00e1rio, personaliz\u00e1vel e ideal para aplica\u00e7\u00f5es em grande escala.","breadcrumb":{"@id":"https:\/\/huayuansh.com\/products\/industrial-rfid-tags\/logiflex-uhf-rfid-pallet-tag\/#breadcrumb"},"inLanguage":"pt-PT","potentialAction":[{"@type":"ReadAction","target":["https:\/\/huayuansh.com\/products\/industrial-rfid-tags\/logiflex-uhf-rfid-pallet-tag\/"]}]},{"@type":"ImageObject","inLanguage":"pt-PT","@id":"https:\/\/huayuansh.com\/products\/industrial-rfid-tags\/logiflex-uhf-rfid-pallet-tag\/#primaryimage","url":"https:\/\/huayuansh.com\/wp-content\/uploads\/2024\/09\/LogiFlex-UHF-RFID-Pallet-Tag.webp","contentUrl":"https:\/\/huayuansh.com\/wp-content\/uploads\/2024\/09\/LogiFlex-UHF-RFID-Pallet-Tag.webp","width":1920,"height":1080},{"@type":"BreadcrumbList","@id":"https:\/\/huayuansh.com\/products\/industrial-rfid-tags\/logiflex-uhf-rfid-pallet-tag\/#breadcrumb","itemListElement":[{"@type":"ListItem","position":1,"name":"Home","item":"https:\/\/huayuansh.com\/"},{"@type":"ListItem","position":2,"name":"RFID Products","item":"https:\/\/huayuansh.com\/products\/"},{"@type":"ListItem","position":3,"name":"Industrial RFID Tags","item":"https:\/\/huayuansh.com\/products\/industrial-rfid-tags\/"},{"@type":"ListItem","position":4,"name":"LogiFlex UHF RFID Pallet Tag"}]},{"@type":"WebSite","@id":"https:\/\/huayuansh.com\/#website","url":"https:\/\/huayuansh.com\/","name":"Fabricante de etiquetas RFID HUAYUAN","description":"Fabricante de etiquetas RFID HUAYUAN","publisher":{"@id":"https:\/\/huayuansh.com\/#organization"},"potentialAction":[{"@type":"SearchAction","target":{"@type":"EntryPoint","urlTemplate":"https:\/\/huayuansh.com\/?s={search_term_string}"},"query-input":{"@type":"PropertyValueSpecification","valueRequired":true,"valueName":"search_term_string"}}],"inLanguage":"pt-PT"},{"@type":"Organization","@id":"https:\/\/huayuansh.com\/#organization","name":"Fabricante de etiquetas RFID HUAYUAN","url":"https:\/\/huayuansh.com\/","logo":{"@type":"ImageObject","inLanguage":"pt-PT","@id":"https:\/\/huayuansh.com\/#\/schema\/logo\/image\/","url":"https:\/\/huayuansh.com\/wp-content\/uploads\/2024\/09\/cropped-HUAYUAN.webp","contentUrl":"https:\/\/huayuansh.com\/wp-content\/uploads\/2024\/09\/cropped-HUAYUAN.webp","width":895,"height":279,"caption":"HUAYUAN RFID Tag Manufacturer"},"image":{"@id":"https:\/\/huayuansh.com\/#\/schema\/logo\/image\/"}}]}},"taxonomy_info":[],"featured_image_src_large":["https:\/\/huayuansh.com\/wp-content\/uploads\/2024\/09\/LogiFlex-UHF-RFID-Pallet-Tag-1024x576.webp",1024,576,true],"author_info":{"display_name":"HUAYUAN","author_link":"https:\/\/huayuansh.com\/pt\/author\/shyec2024\/"},"comment_info":0,"_links":{"self":[{"href":"https:\/\/huayuansh.com\/pt\/wp-json\/wp\/v2\/pages\/3820","targetHints":{"allow":["GET"]}}],"collection":[{"href":"https:\/\/huayuansh.com\/pt\/wp-json\/wp\/v2\/pages"}],"about":[{"href":"https:\/\/huayuansh.com\/pt\/wp-json\/wp\/v2\/types\/page"}],"author":[{"embeddable":true,"href":"https:\/\/huayuansh.com\/pt\/wp-json\/wp\/v2\/users\/1"}],"replies":[{"embeddable":true,"href":"https:\/\/huayuansh.com\/pt\/wp-json\/wp\/v2\/comments?post=3820"}],"version-history":[{"count":1,"href":"https:\/\/huayuansh.com\/pt\/wp-json\/wp\/v2\/pages\/3820\/revisions"}],"predecessor-version":[{"id":3823,"href":"https:\/\/huayuansh.com\/pt\/wp-json\/wp\/v2\/pages\/3820\/revisions\/3823"}],"up":[{"embeddable":true,"href":"https:\/\/huayuansh.com\/pt\/wp-json\/wp\/v2\/pages\/854"}],"wp:featuredmedia":[{"embeddable":true,"href":"https:\/\/huayuansh.com\/pt\/wp-json\/wp\/v2\/media\/3822"}],"wp:attachment":[{"href":"https:\/\/huayuansh.com\/pt\/wp-json\/wp\/v2\/media?parent=3820"}],"curies":[{"name":"wp","href":"https:\/\/api.w.org\/{rel}","templated":true}]}}