{"id":4119,"date":"2025-03-03T15:47:10","date_gmt":"2025-03-03T07:47:10","guid":{"rendered":"https:\/\/huayuansh.com\/?page_id=4119"},"modified":"2025-03-06T09:11:57","modified_gmt":"2025-03-06T01:11:57","slug":"etiqueta-micro-cube-uhf-tmc","status":"publish","type":"page","link":"https:\/\/huayuansh.com\/pt\/produtos\/etiquetas-rfid-industriais\/etiqueta-micro-cube-uhf-tmc\/","title":{"rendered":"TMC UHF Micro Cube Tag"},"content":{"rendered":"<p>O TMC UHF Micro Cube Tag foi concebido para funcionar em ambientes extremos e exigentes, oferecendo solu\u00e7\u00f5es RFID altamente fi\u00e1veis e vers\u00e1teis. Encapsulada num inv\u00f3lucro de resina de alta qualidade, esta microetiqueta robusta \u00e9 ideal para aplica\u00e7\u00f5es em que as etiquetas RFID tradicionais n\u00e3o resistem a condi\u00e7\u00f5es adversas. Com a sua capacidade de ser integrada sem problemas em aplica\u00e7\u00f5es industriais e m\u00e9dicas, a etiqueta RFID em forma de micro cubo da TMC \u00e9 uma escolha comprovada para o rastreio de activos, gest\u00e3o de invent\u00e1rio e monitoriza\u00e7\u00e3o de equipamentos.<\/p>\n\n\n\n<h2 class=\"wp-block-heading\" id=\"h-key-features\"><strong>Carater\u00edsticas principais<\/strong><\/h2>\n\n\n\n<ul class=\"wp-block-list\">\n<li><strong>Design compacto e robusto<\/strong>: A etiqueta micro-cubo est\u00e1 alojada num inv\u00f3lucro de resina dur\u00e1vel que oferece uma elevada resist\u00eancia ao impacto mec\u00e2nico, a produtos qu\u00edmicos e a l\u00edquidos.<\/li>\n\n\n\n<li><strong>Gama de leitura vers\u00e1til<\/strong>: Funciona em modo RFID de campo pr\u00f3ximo para uma leitura de muito curto alcance (mil\u00edmetros) e pode tamb\u00e9m ser integrado em sistemas de antenas externas para um alcance de leitura at\u00e9 10 metros.<\/li>\n\n\n\n<li><strong>Ampla compatibilidade<\/strong>: Totalmente compat\u00edvel com uma vasta gama de leitores e sistemas RFID UHF, assegurando uma integra\u00e7\u00e3o f\u00e1cil na infraestrutura existente.<\/li>\n<\/ul>\n\n\n\n<h2 class=\"wp-block-heading\" id=\"h-specifications-of-tmc-3030\">Especifica\u00e7\u00f5es do TMC-3030<\/h2>\n\n\n\n<ul class=\"wp-block-list\">\n<li><strong>Frequ\u00eancia de trabalho<\/strong>: 865-928MHz (banda de projeto existente da FCC)<\/li>\n\n\n\n<li><strong>Padr\u00e3o<\/strong>: Conformidade com ISO\/IEC 18000-63 \/ EPC Global Gen2v2<\/li>\n\n\n\n<li><strong>Dimens\u00e3o<\/strong>: 3,0 mm x 3,0 mm x 1,0 mm<\/li>\n\n\n\n<li><strong>Chip<\/strong>: Impinj M830 \/ M730<\/li>\n\n\n\n<li><strong>Resist\u00eancia ao calor<\/strong>: At\u00e9 280\u00b0C durante 10 minutos, 160-230\u00b0C durante 2 horas<\/li>\n\n\n\n<li><strong>Resist\u00eancia \u00e0 compress\u00e3o<\/strong>: 250N<\/li>\n\n\n\n<li><strong>Material da caixa<\/strong>: Resina de alta qualidade, BT epoxy<\/li>\n\n\n\n<li><strong>Certifica\u00e7\u00f5es<\/strong>: Conformidade com REACH, RoHS<\/li>\n\n\n\n<li><strong>Embalagem e entrega: <\/strong>A etiqueta pode ser entregue em pe\u00e7as ou embalada em fita em rolo.<\/li>\n\n\n\n<li><strong>Desempenho de leitura para refer\u00eancia<\/strong><\/li>\n<\/ul>\n\n\n\n<figure class=\"wp-block-image size-full\"><img loading=\"lazy\" decoding=\"async\" width=\"517\" height=\"227\" src=\"https:\/\/huayuansh.com\/wp-content\/uploads\/2025\/03\/Reading-performance-of-TMC-3030-M830.webp\" alt=\"Desempenho de leitura do TMC-3030 M830\" class=\"wp-image-4121\" srcset=\"https:\/\/huayuansh.com\/wp-content\/uploads\/2025\/03\/Reading-performance-of-TMC-3030-M830.webp 517w, https:\/\/huayuansh.com\/wp-content\/uploads\/2025\/03\/Reading-performance-of-TMC-3030-M830-300x132.webp 300w\" sizes=\"auto, (max-width: 517px) 100vw, 517px\" \/><\/figure>\n\n\n\n<h2 class=\"wp-block-heading\" id=\"h-applications\">Aplica\u00e7\u00f5es<\/h2>\n\n\n\n<p>O TMC RFID Micro Cube Tag \u00e9 vers\u00e1til e pode ser utilizado numa variedade de ind\u00fastrias e aplica\u00e7\u00f5es, incluindo:<\/p>\n\n\n\n<ul class=\"wp-block-list\">\n<li><strong>Seguimento do ciclo de vida dos t\u00eaxteis<\/strong>: A etiqueta micro-cubo \u00e9 um componente essencial das etiquetas de linho RFID utilizadas na <a href=\"https:\/\/huayuansh.com\/industry-segments\/rfid-laundry-chain\/\">rastreio e gest\u00e3o de t\u00eaxteis<\/a>. Desde a produ\u00e7\u00e3o e gest\u00e3o de invent\u00e1rio at\u00e9 \u00e0 limpeza e elimina\u00e7\u00e3o, a etiqueta permite uma monitoriza\u00e7\u00e3o precisa de todo o ciclo de vida dos t\u00eaxteis, tais como roupa hospitalar, uniformes de hotel e vestu\u00e1rio de trabalho industrial. A capacidade de resistir a lavagens frequentes e a temperaturas elevadas garante um desempenho duradouro, optimizando a gest\u00e3o dos t\u00eaxteis e reduzindo os custos operacionais.<\/li>\n\n\n\n<li><strong>\u00d3culos e acess\u00f3rios<\/strong>: Com o seu tamanho ultra-compacto, a etiqueta micro cube \u00e9 ideal para <strong><a href=\"https:\/\/huayuansh.com\/rfid-case-study-ultra-small-rfid-tag-for-eyeglass-frames\/\">arma\u00e7\u00f5es para \u00f3culos<\/a><\/strong> e outros acess\u00f3rios de elevado valor. Proporciona uma solu\u00e7\u00e3o discreta e eficiente para acompanhar o invent\u00e1rio ou gerir as devolu\u00e7\u00f5es em ambientes de retalho.<\/li>\n\n\n\n<li><strong>Equipamento m\u00e9dico<\/strong>: Compacta e robusta, a etiqueta micro cube \u00e9 adequada para instrumentos m\u00e9dicos, ferramentas cir\u00fargicas e processos de esteriliza\u00e7\u00e3o de equipamentos. A sua resist\u00eancia a altas temperaturas e a produtos qu\u00edmicos de limpeza garante um desempenho fi\u00e1vel e a longo prazo em aplica\u00e7\u00f5es de cuidados de sa\u00fade.<\/li>\n<\/ul>\n\n\n\n<h3 class=\"wp-block-heading\" id=\"h-get-in-touch\"><strong>Entrar em contacto<\/strong><\/h3>\n\n\n\n<p>O TMC UHF RFID Micro Cube Tag \u00e9 uma ferramenta poderosa para o rastreio de activos e gest\u00e3o de invent\u00e1rio em ambientes exigentes. A sua versatilidade, durabilidade e capacidades de integra\u00e7\u00e3o perfeita fazem dele uma escolha de topo numa variedade de ind\u00fastrias, garantindo uma maior efici\u00eancia e precis\u00e3o operacional. Quer esteja incorporada em pe\u00e7as industriais, equipamento m\u00e9dico ou t\u00eaxteis, a etiqueta RFID da s\u00e9rie TMC da HUAYUAN oferece resultados comprovados mesmo nas condi\u00e7\u00f5es mais exigentes.<\/p>\n\n\n<style>.wp-block-kadence-advancedbtn.kb-btns4119_197205-d3{gap:var(--global-kb-gap-xs, 0.5rem );justify-content:flex-start;align-items:center;}.kt-btns4119_197205-d3 .kt-button{font-weight:normal;font-style:normal;}.kt-btns4119_197205-d3 .kt-btn-wrap-0{margin-right:5px;}.wp-block-kadence-advancedbtn.kt-btns4119_197205-d3 .kt-btn-wrap-0 .kt-button{color:#555555;border-color:#555555;}.wp-block-kadence-advancedbtn.kt-btns4119_197205-d3 .kt-btn-wrap-0 .kt-button:hover, .wp-block-kadence-advancedbtn.kt-btns4119_197205-d3 .kt-btn-wrap-0 .kt-button:focus{color:#ffffff;border-color:#444444;}.wp-block-kadence-advancedbtn.kt-btns4119_197205-d3 .kt-btn-wrap-0 .kt-button::before{display:none;}.wp-block-kadence-advancedbtn.kt-btns4119_197205-d3 .kt-btn-wrap-0 .kt-button:hover, .wp-block-kadence-advancedbtn.kt-btns4119_197205-d3 .kt-btn-wrap-0 .kt-button:focus{background:#444444;}<\/style>\n<div class=\"wp-block-kadence-advancedbtn kb-buttons-wrap kb-btns4119_197205-d3\"><style>ul.menu .wp-block-kadence-advancedbtn .kb-btn4119_eca6e7-66.kb-button{width:initial;}<\/style><a class=\"kb-button kt-button button kb-btn4119_eca6e7-66 kt-btn-size-standard kt-btn-width-type-auto kb-btn-global-inherit  kt-btn-has-text-true kt-btn-has-svg-false  wp-block-button__link wp-block-kadence-singlebtn\" href=\"https:\/\/huayuansh.com\/contact-us\/\"><span class=\"kt-btn-inner-text\">Contactar-nos<\/span><\/a><\/div>","protected":false},"excerpt":{"rendered":"<p>O TMC UHF Micro Cube Tag foi concebido para funcionar em ambientes extremos e exigentes, oferecendo solu\u00e7\u00f5es RFID altamente fi\u00e1veis e vers\u00e1teis. Encapsulada num inv\u00f3lucro de resina de alta qualidade, esta microetiqueta robusta \u00e9 ideal para aplica\u00e7\u00f5es em que as etiquetas RFID tradicionais n\u00e3o resistem a condi\u00e7\u00f5es adversas. Com a sua capacidade de ser integrado sem problemas em sistemas industriais e...<\/p>","protected":false},"author":1,"featured_media":4132,"parent":854,"menu_order":0,"comment_status":"closed","ping_status":"closed","template":"","meta":{"_kad_blocks_custom_css":"","_kad_blocks_head_custom_js":"","_kad_blocks_body_custom_js":"","_kad_blocks_footer_custom_js":"","_kadence_starter_templates_imported_post":false,"_kad_post_transparent":"","_kad_post_title":"","_kad_post_layout":"","_kad_post_sidebar_id":"","_kad_post_content_style":"","_kad_post_vertical_padding":"","_kad_post_feature":"","_kad_post_feature_position":"","_kad_post_header":false,"_kad_post_footer":false,"footnotes":""},"class_list":["post-4119","page","type-page","status-publish","has-post-thumbnail","hentry"],"yoast_head":"<!-- This site is optimized with the Yoast SEO Premium plugin v23.0 (Yoast SEO v26.3) - https:\/\/yoast.com\/wordpress\/plugins\/seo\/ -->\n<title>TMC UHF Micro Cube Tag | HUAYUAN RFID Tag Manufacturer<\/title>\n<meta name=\"description\" content=\"Discover the durable TMC UHF RFID Micro Cube Tag, ideal for asset tracking, industrial, and medical applications.\" \/>\n<meta name=\"robots\" content=\"index, follow, max-snippet:-1, max-image-preview:large, max-video-preview:-1\" \/>\n<link rel=\"canonical\" href=\"https:\/\/huayuansh.com\/pt\/produtos\/etiquetas-rfid-industriais\/etiqueta-micro-cube-uhf-tmc\/\" \/>\n<meta property=\"og:locale\" content=\"pt_PT\" \/>\n<meta property=\"og:type\" content=\"article\" \/>\n<meta property=\"og:title\" content=\"TMC UHF Micro Cube Tag\" \/>\n<meta property=\"og:description\" content=\"Discover the durable TMC UHF RFID Micro Cube Tag, ideal for asset tracking, industrial, and medical applications.\" \/>\n<meta property=\"og:url\" content=\"https:\/\/huayuansh.com\/pt\/produtos\/etiquetas-rfid-industriais\/etiqueta-micro-cube-uhf-tmc\/\" \/>\n<meta property=\"og:site_name\" content=\"HUAYUAN RFID Tag Manufacturer\" \/>\n<meta property=\"article:modified_time\" content=\"2025-03-06T01:11:57+00:00\" \/>\n<meta property=\"og:image\" content=\"https:\/\/huayuansh.com\/wp-content\/uploads\/2025\/03\/TMC-UHF-RFID-Micro-Cube-Tags.webp\" \/>\n\t<meta property=\"og:image:width\" content=\"1920\" \/>\n\t<meta property=\"og:image:height\" content=\"1080\" \/>\n\t<meta property=\"og:image:type\" content=\"image\/webp\" \/>\n<meta name=\"twitter:card\" content=\"summary_large_image\" \/>\n<meta name=\"twitter:label1\" content=\"Tempo estimado de leitura\" \/>\n\t<meta name=\"twitter:data1\" content=\"3 minutos\" \/>\n<script type=\"application\/ld+json\" class=\"yoast-schema-graph\">{\"@context\":\"https:\/\/schema.org\",\"@graph\":[{\"@type\":\"WebPage\",\"@id\":\"https:\/\/huayuansh.com\/products\/industrial-rfid-tags\/tmc-uhf-micro-cube-tag\/\",\"url\":\"https:\/\/huayuansh.com\/products\/industrial-rfid-tags\/tmc-uhf-micro-cube-tag\/\",\"name\":\"TMC UHF Micro Cube Tag | HUAYUAN RFID Tag Manufacturer\",\"isPartOf\":{\"@id\":\"https:\/\/huayuansh.com\/#website\"},\"primaryImageOfPage\":{\"@id\":\"https:\/\/huayuansh.com\/products\/industrial-rfid-tags\/tmc-uhf-micro-cube-tag\/#primaryimage\"},\"image\":{\"@id\":\"https:\/\/huayuansh.com\/products\/industrial-rfid-tags\/tmc-uhf-micro-cube-tag\/#primaryimage\"},\"thumbnailUrl\":\"https:\/\/huayuansh.com\/wp-content\/uploads\/2025\/03\/TMC-UHF-RFID-Micro-Cube-Tags.webp\",\"datePublished\":\"2025-03-03T07:47:10+00:00\",\"dateModified\":\"2025-03-06T01:11:57+00:00\",\"description\":\"Discover the durable TMC UHF RFID Micro Cube Tag, ideal for asset tracking, industrial, and medical applications.\",\"breadcrumb\":{\"@id\":\"https:\/\/huayuansh.com\/products\/industrial-rfid-tags\/tmc-uhf-micro-cube-tag\/#breadcrumb\"},\"inLanguage\":\"pt-PT\",\"potentialAction\":[{\"@type\":\"ReadAction\",\"target\":[\"https:\/\/huayuansh.com\/products\/industrial-rfid-tags\/tmc-uhf-micro-cube-tag\/\"]}]},{\"@type\":\"ImageObject\",\"inLanguage\":\"pt-PT\",\"@id\":\"https:\/\/huayuansh.com\/products\/industrial-rfid-tags\/tmc-uhf-micro-cube-tag\/#primaryimage\",\"url\":\"https:\/\/huayuansh.com\/wp-content\/uploads\/2025\/03\/TMC-UHF-RFID-Micro-Cube-Tags.webp\",\"contentUrl\":\"https:\/\/huayuansh.com\/wp-content\/uploads\/2025\/03\/TMC-UHF-RFID-Micro-Cube-Tags.webp\",\"width\":1920,\"height\":1080,\"caption\":\"TMC UHF RFID Micro Cube Tags\"},{\"@type\":\"BreadcrumbList\",\"@id\":\"https:\/\/huayuansh.com\/products\/industrial-rfid-tags\/tmc-uhf-micro-cube-tag\/#breadcrumb\",\"itemListElement\":[{\"@type\":\"ListItem\",\"position\":1,\"name\":\"Home\",\"item\":\"https:\/\/huayuansh.com\/\"},{\"@type\":\"ListItem\",\"position\":2,\"name\":\"RFID Products\",\"item\":\"https:\/\/huayuansh.com\/products\/\"},{\"@type\":\"ListItem\",\"position\":3,\"name\":\"Industrial RFID Tags\",\"item\":\"https:\/\/huayuansh.com\/products\/industrial-rfid-tags\/\"},{\"@type\":\"ListItem\",\"position\":4,\"name\":\"TMC UHF Micro Cube Tag\"}]},{\"@type\":\"WebSite\",\"@id\":\"https:\/\/huayuansh.com\/#website\",\"url\":\"https:\/\/huayuansh.com\/\",\"name\":\"HUAYUAN RFID Tag Manufacturer\",\"description\":\"HUAYUAN RFID Tag Manufacturer\",\"publisher\":{\"@id\":\"https:\/\/huayuansh.com\/#organization\"},\"potentialAction\":[{\"@type\":\"SearchAction\",\"target\":{\"@type\":\"EntryPoint\",\"urlTemplate\":\"https:\/\/huayuansh.com\/?s={search_term_string}\"},\"query-input\":{\"@type\":\"PropertyValueSpecification\",\"valueRequired\":true,\"valueName\":\"search_term_string\"}}],\"inLanguage\":\"pt-PT\"},{\"@type\":\"Organization\",\"@id\":\"https:\/\/huayuansh.com\/#organization\",\"name\":\"HUAYUAN RFID Tag Manufacturer\",\"url\":\"https:\/\/huayuansh.com\/\",\"logo\":{\"@type\":\"ImageObject\",\"inLanguage\":\"pt-PT\",\"@id\":\"https:\/\/huayuansh.com\/#\/schema\/logo\/image\/\",\"url\":\"https:\/\/huayuansh.com\/wp-content\/uploads\/2024\/09\/cropped-HUAYUAN.webp\",\"contentUrl\":\"https:\/\/huayuansh.com\/wp-content\/uploads\/2024\/09\/cropped-HUAYUAN.webp\",\"width\":895,\"height\":279,\"caption\":\"HUAYUAN RFID Tag Manufacturer\"},\"image\":{\"@id\":\"https:\/\/huayuansh.com\/#\/schema\/logo\/image\/\"}}]}<\/script>\n<!-- \/ Yoast SEO Premium plugin. -->","yoast_head_json":{"title":"TMC UHF Micro Cube Tag | HUAYUAN RFID Tag Fabricante","description":"Descubra a dur\u00e1vel etiqueta TMC UHF RFID Micro Cube, ideal para rastreio de bens, aplica\u00e7\u00f5es industriais e m\u00e9dicas.","robots":{"index":"index","follow":"follow","max-snippet":"max-snippet:-1","max-image-preview":"max-image-preview:large","max-video-preview":"max-video-preview:-1"},"canonical":"https:\/\/huayuansh.com\/pt\/produtos\/etiquetas-rfid-industriais\/etiqueta-micro-cube-uhf-tmc\/","og_locale":"pt_PT","og_type":"article","og_title":"TMC UHF Micro Cube Tag","og_description":"Discover the durable TMC UHF RFID Micro Cube Tag, ideal for asset tracking, industrial, and medical applications.","og_url":"https:\/\/huayuansh.com\/pt\/produtos\/etiquetas-rfid-industriais\/etiqueta-micro-cube-uhf-tmc\/","og_site_name":"HUAYUAN RFID Tag Manufacturer","article_modified_time":"2025-03-06T01:11:57+00:00","og_image":[{"width":1920,"height":1080,"url":"https:\/\/huayuansh.com\/wp-content\/uploads\/2025\/03\/TMC-UHF-RFID-Micro-Cube-Tags.webp","type":"image\/webp"}],"twitter_card":"summary_large_image","twitter_misc":{"Tempo estimado de leitura":"3 minutos"},"schema":{"@context":"https:\/\/schema.org","@graph":[{"@type":"WebPage","@id":"https:\/\/huayuansh.com\/products\/industrial-rfid-tags\/tmc-uhf-micro-cube-tag\/","url":"https:\/\/huayuansh.com\/products\/industrial-rfid-tags\/tmc-uhf-micro-cube-tag\/","name":"TMC UHF Micro Cube Tag | HUAYUAN RFID Tag Fabricante","isPartOf":{"@id":"https:\/\/huayuansh.com\/#website"},"primaryImageOfPage":{"@id":"https:\/\/huayuansh.com\/products\/industrial-rfid-tags\/tmc-uhf-micro-cube-tag\/#primaryimage"},"image":{"@id":"https:\/\/huayuansh.com\/products\/industrial-rfid-tags\/tmc-uhf-micro-cube-tag\/#primaryimage"},"thumbnailUrl":"https:\/\/huayuansh.com\/wp-content\/uploads\/2025\/03\/TMC-UHF-RFID-Micro-Cube-Tags.webp","datePublished":"2025-03-03T07:47:10+00:00","dateModified":"2025-03-06T01:11:57+00:00","description":"Descubra a dur\u00e1vel etiqueta TMC UHF RFID Micro Cube, ideal para rastreio de bens, aplica\u00e7\u00f5es industriais e m\u00e9dicas.","breadcrumb":{"@id":"https:\/\/huayuansh.com\/products\/industrial-rfid-tags\/tmc-uhf-micro-cube-tag\/#breadcrumb"},"inLanguage":"pt-PT","potentialAction":[{"@type":"ReadAction","target":["https:\/\/huayuansh.com\/products\/industrial-rfid-tags\/tmc-uhf-micro-cube-tag\/"]}]},{"@type":"ImageObject","inLanguage":"pt-PT","@id":"https:\/\/huayuansh.com\/products\/industrial-rfid-tags\/tmc-uhf-micro-cube-tag\/#primaryimage","url":"https:\/\/huayuansh.com\/wp-content\/uploads\/2025\/03\/TMC-UHF-RFID-Micro-Cube-Tags.webp","contentUrl":"https:\/\/huayuansh.com\/wp-content\/uploads\/2025\/03\/TMC-UHF-RFID-Micro-Cube-Tags.webp","width":1920,"height":1080,"caption":"TMC UHF RFID Micro Cube Tags"},{"@type":"BreadcrumbList","@id":"https:\/\/huayuansh.com\/products\/industrial-rfid-tags\/tmc-uhf-micro-cube-tag\/#breadcrumb","itemListElement":[{"@type":"ListItem","position":1,"name":"Home","item":"https:\/\/huayuansh.com\/"},{"@type":"ListItem","position":2,"name":"RFID Products","item":"https:\/\/huayuansh.com\/products\/"},{"@type":"ListItem","position":3,"name":"Industrial RFID Tags","item":"https:\/\/huayuansh.com\/products\/industrial-rfid-tags\/"},{"@type":"ListItem","position":4,"name":"TMC UHF Micro Cube Tag"}]},{"@type":"WebSite","@id":"https:\/\/huayuansh.com\/#website","url":"https:\/\/huayuansh.com\/","name":"Fabricante de etiquetas RFID HUAYUAN","description":"Fabricante de etiquetas RFID HUAYUAN","publisher":{"@id":"https:\/\/huayuansh.com\/#organization"},"potentialAction":[{"@type":"SearchAction","target":{"@type":"EntryPoint","urlTemplate":"https:\/\/huayuansh.com\/?s={search_term_string}"},"query-input":{"@type":"PropertyValueSpecification","valueRequired":true,"valueName":"search_term_string"}}],"inLanguage":"pt-PT"},{"@type":"Organization","@id":"https:\/\/huayuansh.com\/#organization","name":"Fabricante de etiquetas RFID HUAYUAN","url":"https:\/\/huayuansh.com\/","logo":{"@type":"ImageObject","inLanguage":"pt-PT","@id":"https:\/\/huayuansh.com\/#\/schema\/logo\/image\/","url":"https:\/\/huayuansh.com\/wp-content\/uploads\/2024\/09\/cropped-HUAYUAN.webp","contentUrl":"https:\/\/huayuansh.com\/wp-content\/uploads\/2024\/09\/cropped-HUAYUAN.webp","width":895,"height":279,"caption":"HUAYUAN RFID Tag Manufacturer"},"image":{"@id":"https:\/\/huayuansh.com\/#\/schema\/logo\/image\/"}}]}},"taxonomy_info":[],"featured_image_src_large":["https:\/\/huayuansh.com\/wp-content\/uploads\/2025\/03\/TMC-UHF-RFID-Micro-Cube-Tags-1024x576.webp",1024,576,true],"author_info":{"display_name":"HUAYUAN","author_link":"https:\/\/huayuansh.com\/pt\/author\/shyec2024\/"},"comment_info":0,"_links":{"self":[{"href":"https:\/\/huayuansh.com\/pt\/wp-json\/wp\/v2\/pages\/4119","targetHints":{"allow":["GET"]}}],"collection":[{"href":"https:\/\/huayuansh.com\/pt\/wp-json\/wp\/v2\/pages"}],"about":[{"href":"https:\/\/huayuansh.com\/pt\/wp-json\/wp\/v2\/types\/page"}],"author":[{"embeddable":true,"href":"https:\/\/huayuansh.com\/pt\/wp-json\/wp\/v2\/users\/1"}],"replies":[{"embeddable":true,"href":"https:\/\/huayuansh.com\/pt\/wp-json\/wp\/v2\/comments?post=4119"}],"version-history":[{"count":4,"href":"https:\/\/huayuansh.com\/pt\/wp-json\/wp\/v2\/pages\/4119\/revisions"}],"predecessor-version":[{"id":4143,"href":"https:\/\/huayuansh.com\/pt\/wp-json\/wp\/v2\/pages\/4119\/revisions\/4143"}],"up":[{"embeddable":true,"href":"https:\/\/huayuansh.com\/pt\/wp-json\/wp\/v2\/pages\/854"}],"wp:featuredmedia":[{"embeddable":true,"href":"https:\/\/huayuansh.com\/pt\/wp-json\/wp\/v2\/media\/4132"}],"wp:attachment":[{"href":"https:\/\/huayuansh.com\/pt\/wp-json\/wp\/v2\/media?parent=4119"}],"curies":[{"name":"wp","href":"https:\/\/api.w.org\/{rel}","templated":true}]}}