{"id":4200,"date":"2025-05-09T19:41:56","date_gmt":"2025-05-09T11:41:56","guid":{"rendered":"https:\/\/huayuansh.com\/?page_id=4200"},"modified":"2025-05-09T19:42:01","modified_gmt":"2025-05-09T11:42:01","slug":"rfid-para-joalheria","status":"publish","type":"page","link":"https:\/\/huayuansh.com\/pt\/segmentos-industriais\/rfid-para-joalheria\/","title":{"rendered":"RFID para joalharia"},"content":{"rendered":"<p>Os retalhistas de j\u00f3ias de luxo gerem frequentemente colec\u00e7\u00f5es de elevado valor e de design delicado. Com milhares de artigos pequenos e preciosos a passar pela produ\u00e7\u00e3o, armazenamento e exposi\u00e7\u00e3o, manter um invent\u00e1rio exato e reduzir as perdas \u00e9 um desafio constante. <strong>RFID<\/strong> A tecnologia de identifica\u00e7\u00e3o por radiofrequ\u00eancia (RFID) proporciona uma forma de simplificar estes processos, mantendo ao mesmo tempo uma experi\u00eancia de excel\u00eancia para o cliente.<\/p>\n\n\n\n<div class=\"wp-block-columns are-vertically-aligned-center is-layout-flex wp-container-core-columns-is-layout-9d6595d7 wp-block-columns-is-layout-flex\">\n<div class=\"wp-block-column is-vertically-aligned-center is-layout-flow wp-block-column-is-layout-flow\" style=\"flex-basis:65%\">\n<h2 class=\"wp-block-heading\" id=\"h-rfid-technology-for-jewellery-management\"><strong>Tecnologia RFID para a gest\u00e3o de j\u00f3ias<\/strong><\/h2>\n\n\n\n<p>An\u00e9is, brincos, rel\u00f3gios e outras pe\u00e7as de joalharia fina requerem um manuseamento cuidadoso e um seguimento preciso. Os m\u00e9todos manuais, como a leitura de c\u00f3digos de barras, podem n\u00e3o proporcionar a velocidade ou a precis\u00e3o necess\u00e1rias. A RFID oferece uma solu\u00e7\u00e3o automatizada e sem contacto, anexando etiquetas RFID a cada artigo. Isto permite a visibilidade do invent\u00e1rio em tempo real em todas as fases da cadeia de abastecimento. Para as empresas de joalharia que pretendem reduzir as perdas e simplificar as opera\u00e7\u00f5es di\u00e1rias, a RFID oferece uma alternativa moderna que se adapta perfeitamente aos ambientes de retalho de luxo.<\/p>\n<\/div>\n\n\n\n<div class=\"wp-block-column is-vertically-aligned-center is-layout-flow wp-block-column-is-layout-flow\" style=\"flex-basis:35%\">\n<figure class=\"wp-block-image size-full\"><img loading=\"lazy\" decoding=\"async\" width=\"600\" height=\"600\" src=\"https:\/\/huayuansh.com\/wp-content\/uploads\/2025\/05\/RFID-for-Jewellery-Management.webp\" alt=\"RFID para a gest\u00e3o de j\u00f3ias\" class=\"wp-image-4201\" style=\"aspect-ratio:4\/3;object-fit:cover\" srcset=\"https:\/\/huayuansh.com\/wp-content\/uploads\/2025\/05\/RFID-for-Jewellery-Management.webp 600w, https:\/\/huayuansh.com\/wp-content\/uploads\/2025\/05\/RFID-for-Jewellery-Management-300x300.webp 300w, https:\/\/huayuansh.com\/wp-content\/uploads\/2025\/05\/RFID-for-Jewellery-Management-150x150.webp 150w\" sizes=\"auto, (max-width: 600px) 100vw, 600px\" \/><\/figure>\n<\/div>\n<\/div>\n\n\n\n<div class=\"wp-block-columns are-vertically-aligned-top is-layout-flex wp-container-core-columns-is-layout-9d6595d7 wp-block-columns-is-layout-flex\">\n<div class=\"wp-block-column is-vertically-aligned-top is-layout-flow wp-block-column-is-layout-flow\" style=\"flex-basis:35%\">\n<figure class=\"wp-block-image\"><img loading=\"lazy\" decoding=\"async\" width=\"600\" height=\"600\" src=\"https:\/\/huayuansh.com\/wp-content\/uploads\/2025\/05\/RFID-Tag-for-Jewellery.webp\" alt=\"Etiquetas RFID para j\u00f3ias\" class=\"wp-image-4202\" srcset=\"https:\/\/huayuansh.com\/wp-content\/uploads\/2025\/05\/RFID-Tag-for-Jewellery.webp 600w, https:\/\/huayuansh.com\/wp-content\/uploads\/2025\/05\/RFID-Tag-for-Jewellery-300x300.webp 300w, https:\/\/huayuansh.com\/wp-content\/uploads\/2025\/05\/RFID-Tag-for-Jewellery-150x150.webp 150w\" sizes=\"auto, (max-width: 600px) 100vw, 600px\" \/><\/figure>\n<\/div>\n\n\n\n<div class=\"wp-block-column is-vertically-aligned-top is-layout-flow wp-block-column-is-layout-flow\" style=\"flex-basis:65%\">\n<h2 class=\"wp-block-heading\" id=\"h-rfid-tags-for-jewellery\"><strong>Etiquetas RFID para j\u00f3ias<\/strong><\/h2>\n\n\n\n<p>As etiquetas RFID UHF para j\u00f3ias s\u00e3o concebidas para as necessidades espec\u00edficas do seguimento de j\u00f3ias. Concebidas para serem discretas e f\u00e1ceis de colocar, estas etiquetas funcionam numa gama de tipos de artigos sem alterar a experi\u00eancia do cliente ou a apresenta\u00e7\u00e3o da marca.<br>As principais carater\u00edsticas incluem:<\/p>\n\n\n\n<ul class=\"wp-block-list\">\n<li>Leituras precisas e de alta velocidade, mesmo em vitrinas densamente povoadas.<\/li>\n\n\n\n<li>Intervalos de leitura alargados, permitindo uma leitura em massa eficiente durante as auditorias.<\/li>\n<\/ul>\n\n\n\n<p>Estas etiquetas foram concebidas para melhorar a visibilidade do stock e simplificar as tarefas de invent\u00e1rio - sem perturbar os expositores ou formatos de embalagem existentes.<\/p>\n<\/div>\n<\/div>\n\n\n\n<h2 class=\"wp-block-heading\" id=\"h-benefits-of-rfid-in-jewelry-retail\"><strong>Benef\u00edcios da RFID no retalho de j\u00f3ias<\/strong><\/h2>\n\n\n\n<ol start=\"1\" class=\"wp-block-list\">\n<li><strong>Invent\u00e1rio exato e em tempo real<\/strong><br>A RFID permite contagens r\u00e1pidas de stocks e actualiza\u00e7\u00f5es em tempo real, ajudando as marcas a minimizar os erros e a manter um melhor controlo sobre os n\u00edveis de invent\u00e1rio.<\/li>\n\n\n\n<li><strong>Seguran\u00e7a refor\u00e7ada e preven\u00e7\u00e3o de perdas<\/strong><br>Com o rastreio ao n\u00edvel dos artigos e a monitoriza\u00e7\u00e3o dos movimentos, a RFID ajuda a reduzir a quebra interna e apoia melhores protocolos de preven\u00e7\u00e3o de furtos.<\/li>\n\n\n\n<li><strong>Racionaliza\u00e7\u00e3o operacional<\/strong><br>Processos como devolu\u00e7\u00f5es, transfer\u00eancias de stock e verifica\u00e7\u00f5es de expedi\u00e7\u00e3o tornam-se mais r\u00e1pidos e mais fi\u00e1veis com a integra\u00e7\u00e3o da RFID.<\/li>\n\n\n\n<li><strong>Melhoria da experi\u00eancia do cliente<\/strong><br>A RFID torna mais f\u00e1cil para o pessoal localizar rapidamente os produtos e oferecer assist\u00eancia informada, o que contribui para um melhor servi\u00e7o e uma maior satisfa\u00e7\u00e3o do cliente.<\/li>\n\n\n\n<li><strong>Imagem de marca refor\u00e7ada<\/strong><br>A incorpora\u00e7\u00e3o da RFID reflecte o compromisso de uma marca para com a inova\u00e7\u00e3o, a efici\u00eancia e a transpar\u00eancia - valores-chave no mercado de luxo atual.<\/li>\n<\/ol>\n\n\n\n<h3 class=\"wp-block-heading\" id=\"h-get-in-touch\"><strong>Entrar em contacto<\/strong><\/h3>\n\n\n\n<p>\u00c0 medida que a ind\u00fastria da joalharia continua a evoluir, a integra\u00e7\u00e3o da RFID oferece um passo fi\u00e1vel para uma maior visibilidade e efici\u00eancia. As nossas etiquetas de joalharia RFID UHF foram concebidas para satisfazer as necessidades espec\u00edficas das marcas de joalharia - melhorando as opera\u00e7\u00f5es di\u00e1rias e preservando a apresenta\u00e7\u00e3o do produto e a imagem da marca.<br>Interessado em saber como a RFID pode apoiar a sua estrat\u00e9gia de crescimento? Contacte-nos hoje para explorar uma solu\u00e7\u00e3o de etiquetagem adaptada ao seu neg\u00f3cio.<\/p>\n\n\n<style>.wp-block-kadence-advancedbtn.kb-btns4200_fbb456-73{gap:var(--global-kb-gap-xs, 0.5rem );justify-content:flex-start;align-items:center;}.kt-btns4200_fbb456-73 .kt-button{font-weight:normal;font-style:normal;}.kt-btns4200_fbb456-73 .kt-btn-wrap-0{margin-right:5px;}.wp-block-kadence-advancedbtn.kt-btns4200_fbb456-73 .kt-btn-wrap-0 .kt-button{color:#555555;border-color:#555555;}.wp-block-kadence-advancedbtn.kt-btns4200_fbb456-73 .kt-btn-wrap-0 .kt-button:hover, .wp-block-kadence-advancedbtn.kt-btns4200_fbb456-73 .kt-btn-wrap-0 .kt-button:focus{color:#ffffff;border-color:#444444;}.wp-block-kadence-advancedbtn.kt-btns4200_fbb456-73 .kt-btn-wrap-0 .kt-button::before{display:none;}.wp-block-kadence-advancedbtn.kt-btns4200_fbb456-73 .kt-btn-wrap-0 .kt-button:hover, .wp-block-kadence-advancedbtn.kt-btns4200_fbb456-73 .kt-btn-wrap-0 .kt-button:focus{background:#444444;}<\/style>\n<div class=\"wp-block-kadence-advancedbtn kb-buttons-wrap kb-btns4200_fbb456-73\"><style>.wp-block-kadence-advancedbtn .kb-btn4200_c491ef-b0.kb-button, ul.menu .wp-block-kadence-advancedbtn .kb-btn4200_c491ef-b0.kb-button{width:200px;}<\/style><a class=\"kb-button kt-button button kb-btn4200_c491ef-b0 kt-btn-size-small kt-btn-width-type-fixed kb-btn-global-inherit  kt-btn-has-text-true kt-btn-has-svg-false  wp-block-button__link wp-block-kadence-singlebtn\" href=\"https:\/\/huayuansh.com\/contact-us\/\"><span class=\"kt-btn-inner-text\">Contactar-nos<\/span><\/a><\/div>\n\n\n\n<p><\/p>","protected":false},"excerpt":{"rendered":"<p>Os retalhistas de j\u00f3ias de luxo gerem frequentemente colec\u00e7\u00f5es de elevado valor e de design delicado. Com milhares de artigos pequenos e preciosos a passarem pela produ\u00e7\u00e3o, armazenamento e exposi\u00e7\u00e3o, manter um invent\u00e1rio exato e reduzir as perdas \u00e9 um desafio constante. A tecnologia RFID (Identifica\u00e7\u00e3o por radiofrequ\u00eancia) fornece uma forma de otimizar estes processos, mantendo ao mesmo tempo uma...<\/p>","protected":false},"author":1,"featured_media":4203,"parent":731,"menu_order":0,"comment_status":"closed","ping_status":"closed","template":"","meta":{"_kad_blocks_custom_css":"","_kad_blocks_head_custom_js":"","_kad_blocks_body_custom_js":"","_kad_blocks_footer_custom_js":"","_kadence_starter_templates_imported_post":false,"_kad_post_transparent":"","_kad_post_title":"","_kad_post_layout":"","_kad_post_sidebar_id":"","_kad_post_content_style":"","_kad_post_vertical_padding":"","_kad_post_feature":"","_kad_post_feature_position":"","_kad_post_header":false,"_kad_post_footer":false,"footnotes":""},"class_list":["post-4200","page","type-page","status-publish","has-post-thumbnail","hentry"],"yoast_head":"<!-- This site is optimized with the Yoast SEO Premium plugin v23.0 (Yoast SEO v26.3) - https:\/\/yoast.com\/wordpress\/plugins\/seo\/ -->\n<title>RFID for Jewellery | HUAYUAN RFID Tag Manufacturer<\/title>\n<meta name=\"description\" content=\"Enhance jewellery inventory management with UHF RFID jewellery tags. Improve tracking, reduce losses, and streamline operations without compromising aesthetics. Discover RFID solutions tailored for jewellery brands.\" \/>\n<meta name=\"robots\" content=\"index, follow, max-snippet:-1, max-image-preview:large, max-video-preview:-1\" \/>\n<link rel=\"canonical\" href=\"https:\/\/huayuansh.com\/pt\/segmentos-industriais\/rfid-para-joalheria\/\" \/>\n<meta property=\"og:locale\" content=\"pt_PT\" \/>\n<meta property=\"og:type\" content=\"article\" \/>\n<meta property=\"og:title\" content=\"RFID for Jewellery\" \/>\n<meta property=\"og:description\" content=\"Enhance jewellery inventory management with UHF RFID jewellery tags. Improve tracking, reduce losses, and streamline operations without compromising aesthetics. Discover RFID solutions tailored for jewellery brands.\" \/>\n<meta property=\"og:url\" content=\"https:\/\/huayuansh.com\/pt\/segmentos-industriais\/rfid-para-joalheria\/\" \/>\n<meta property=\"og:site_name\" content=\"HUAYUAN RFID Tag Manufacturer\" \/>\n<meta property=\"article:modified_time\" content=\"2025-05-09T11:42:01+00:00\" \/>\n<meta property=\"og:image\" content=\"https:\/\/huayuansh.com\/wp-content\/uploads\/2025\/05\/RFID-Jewellery-Tags-for-Jewelry-Retail.webp\" \/>\n\t<meta property=\"og:image:width\" content=\"1920\" \/>\n\t<meta property=\"og:image:height\" content=\"1080\" \/>\n\t<meta property=\"og:image:type\" content=\"image\/webp\" \/>\n<meta name=\"twitter:card\" content=\"summary_large_image\" \/>\n<meta name=\"twitter:label1\" content=\"Tempo estimado de leitura\" \/>\n\t<meta name=\"twitter:data1\" content=\"3 minutos\" \/>\n<script type=\"application\/ld+json\" class=\"yoast-schema-graph\">{\"@context\":\"https:\/\/schema.org\",\"@graph\":[{\"@type\":\"WebPage\",\"@id\":\"https:\/\/huayuansh.com\/industry-segments\/rfid-for-jewellery\/\",\"url\":\"https:\/\/huayuansh.com\/industry-segments\/rfid-for-jewellery\/\",\"name\":\"RFID for Jewellery | HUAYUAN RFID Tag Manufacturer\",\"isPartOf\":{\"@id\":\"https:\/\/huayuansh.com\/#website\"},\"primaryImageOfPage\":{\"@id\":\"https:\/\/huayuansh.com\/industry-segments\/rfid-for-jewellery\/#primaryimage\"},\"image\":{\"@id\":\"https:\/\/huayuansh.com\/industry-segments\/rfid-for-jewellery\/#primaryimage\"},\"thumbnailUrl\":\"https:\/\/huayuansh.com\/wp-content\/uploads\/2025\/05\/RFID-Jewellery-Tags-for-Jewelry-Retail.webp\",\"datePublished\":\"2025-05-09T11:41:56+00:00\",\"dateModified\":\"2025-05-09T11:42:01+00:00\",\"description\":\"Enhance jewellery inventory management with UHF RFID jewellery tags. Improve tracking, reduce losses, and streamline operations without compromising aesthetics. Discover RFID solutions tailored for jewellery brands.\",\"breadcrumb\":{\"@id\":\"https:\/\/huayuansh.com\/industry-segments\/rfid-for-jewellery\/#breadcrumb\"},\"inLanguage\":\"pt-PT\",\"potentialAction\":[{\"@type\":\"ReadAction\",\"target\":[\"https:\/\/huayuansh.com\/industry-segments\/rfid-for-jewellery\/\"]}]},{\"@type\":\"ImageObject\",\"inLanguage\":\"pt-PT\",\"@id\":\"https:\/\/huayuansh.com\/industry-segments\/rfid-for-jewellery\/#primaryimage\",\"url\":\"https:\/\/huayuansh.com\/wp-content\/uploads\/2025\/05\/RFID-Jewellery-Tags-for-Jewelry-Retail.webp\",\"contentUrl\":\"https:\/\/huayuansh.com\/wp-content\/uploads\/2025\/05\/RFID-Jewellery-Tags-for-Jewelry-Retail.webp\",\"width\":1920,\"height\":1080,\"caption\":\"RFID Jewellery Tags for Jewelry Retail\"},{\"@type\":\"BreadcrumbList\",\"@id\":\"https:\/\/huayuansh.com\/industry-segments\/rfid-for-jewellery\/#breadcrumb\",\"itemListElement\":[{\"@type\":\"ListItem\",\"position\":1,\"name\":\"Home\",\"item\":\"https:\/\/huayuansh.com\/\"},{\"@type\":\"ListItem\",\"position\":2,\"name\":\"Industry Segments\",\"item\":\"https:\/\/huayuansh.com\/industry-segments\/\"},{\"@type\":\"ListItem\",\"position\":3,\"name\":\"RFID for Jewellery\"}]},{\"@type\":\"WebSite\",\"@id\":\"https:\/\/huayuansh.com\/#website\",\"url\":\"https:\/\/huayuansh.com\/\",\"name\":\"HUAYUAN RFID Tag Manufacturer\",\"description\":\"HUAYUAN RFID Tag Manufacturer\",\"publisher\":{\"@id\":\"https:\/\/huayuansh.com\/#organization\"},\"potentialAction\":[{\"@type\":\"SearchAction\",\"target\":{\"@type\":\"EntryPoint\",\"urlTemplate\":\"https:\/\/huayuansh.com\/?s={search_term_string}\"},\"query-input\":{\"@type\":\"PropertyValueSpecification\",\"valueRequired\":true,\"valueName\":\"search_term_string\"}}],\"inLanguage\":\"pt-PT\"},{\"@type\":\"Organization\",\"@id\":\"https:\/\/huayuansh.com\/#organization\",\"name\":\"HUAYUAN RFID Tag Manufacturer\",\"url\":\"https:\/\/huayuansh.com\/\",\"logo\":{\"@type\":\"ImageObject\",\"inLanguage\":\"pt-PT\",\"@id\":\"https:\/\/huayuansh.com\/#\/schema\/logo\/image\/\",\"url\":\"https:\/\/huayuansh.com\/wp-content\/uploads\/2024\/09\/cropped-HUAYUAN.webp\",\"contentUrl\":\"https:\/\/huayuansh.com\/wp-content\/uploads\/2024\/09\/cropped-HUAYUAN.webp\",\"width\":895,\"height\":279,\"caption\":\"HUAYUAN RFID Tag Manufacturer\"},\"image\":{\"@id\":\"https:\/\/huayuansh.com\/#\/schema\/logo\/image\/\"}}]}<\/script>\n<!-- \/ Yoast SEO Premium plugin. -->","yoast_head_json":{"title":"RFID para Joalharia | HUAYUAN RFID Tag Fabricante","description":"Melhore a gest\u00e3o do invent\u00e1rio de j\u00f3ias com etiquetas RFID UHF para j\u00f3ias. Melhore a localiza\u00e7\u00e3o, reduza as perdas e simplifique as opera\u00e7\u00f5es sem comprometer a est\u00e9tica. Descubra as solu\u00e7\u00f5es RFID adaptadas \u00e0s marcas de joalharia.","robots":{"index":"index","follow":"follow","max-snippet":"max-snippet:-1","max-image-preview":"max-image-preview:large","max-video-preview":"max-video-preview:-1"},"canonical":"https:\/\/huayuansh.com\/pt\/segmentos-industriais\/rfid-para-joalheria\/","og_locale":"pt_PT","og_type":"article","og_title":"RFID for Jewellery","og_description":"Enhance jewellery inventory management with UHF RFID jewellery tags. Improve tracking, reduce losses, and streamline operations without compromising aesthetics. Discover RFID solutions tailored for jewellery brands.","og_url":"https:\/\/huayuansh.com\/pt\/segmentos-industriais\/rfid-para-joalheria\/","og_site_name":"HUAYUAN RFID Tag Manufacturer","article_modified_time":"2025-05-09T11:42:01+00:00","og_image":[{"width":1920,"height":1080,"url":"https:\/\/huayuansh.com\/wp-content\/uploads\/2025\/05\/RFID-Jewellery-Tags-for-Jewelry-Retail.webp","type":"image\/webp"}],"twitter_card":"summary_large_image","twitter_misc":{"Tempo estimado de leitura":"3 minutos"},"schema":{"@context":"https:\/\/schema.org","@graph":[{"@type":"WebPage","@id":"https:\/\/huayuansh.com\/industry-segments\/rfid-for-jewellery\/","url":"https:\/\/huayuansh.com\/industry-segments\/rfid-for-jewellery\/","name":"RFID para Joalharia | HUAYUAN RFID Tag Fabricante","isPartOf":{"@id":"https:\/\/huayuansh.com\/#website"},"primaryImageOfPage":{"@id":"https:\/\/huayuansh.com\/industry-segments\/rfid-for-jewellery\/#primaryimage"},"image":{"@id":"https:\/\/huayuansh.com\/industry-segments\/rfid-for-jewellery\/#primaryimage"},"thumbnailUrl":"https:\/\/huayuansh.com\/wp-content\/uploads\/2025\/05\/RFID-Jewellery-Tags-for-Jewelry-Retail.webp","datePublished":"2025-05-09T11:41:56+00:00","dateModified":"2025-05-09T11:42:01+00:00","description":"Melhore a gest\u00e3o do invent\u00e1rio de j\u00f3ias com etiquetas RFID UHF para j\u00f3ias. Melhore a localiza\u00e7\u00e3o, reduza as perdas e simplifique as opera\u00e7\u00f5es sem comprometer a est\u00e9tica. Descubra as solu\u00e7\u00f5es RFID adaptadas \u00e0s marcas de joalharia.","breadcrumb":{"@id":"https:\/\/huayuansh.com\/industry-segments\/rfid-for-jewellery\/#breadcrumb"},"inLanguage":"pt-PT","potentialAction":[{"@type":"ReadAction","target":["https:\/\/huayuansh.com\/industry-segments\/rfid-for-jewellery\/"]}]},{"@type":"ImageObject","inLanguage":"pt-PT","@id":"https:\/\/huayuansh.com\/industry-segments\/rfid-for-jewellery\/#primaryimage","url":"https:\/\/huayuansh.com\/wp-content\/uploads\/2025\/05\/RFID-Jewellery-Tags-for-Jewelry-Retail.webp","contentUrl":"https:\/\/huayuansh.com\/wp-content\/uploads\/2025\/05\/RFID-Jewellery-Tags-for-Jewelry-Retail.webp","width":1920,"height":1080,"caption":"RFID Jewellery Tags for Jewelry Retail"},{"@type":"BreadcrumbList","@id":"https:\/\/huayuansh.com\/industry-segments\/rfid-for-jewellery\/#breadcrumb","itemListElement":[{"@type":"ListItem","position":1,"name":"Home","item":"https:\/\/huayuansh.com\/"},{"@type":"ListItem","position":2,"name":"Industry Segments","item":"https:\/\/huayuansh.com\/industry-segments\/"},{"@type":"ListItem","position":3,"name":"RFID for Jewellery"}]},{"@type":"WebSite","@id":"https:\/\/huayuansh.com\/#website","url":"https:\/\/huayuansh.com\/","name":"Fabricante de etiquetas RFID HUAYUAN","description":"Fabricante de etiquetas RFID HUAYUAN","publisher":{"@id":"https:\/\/huayuansh.com\/#organization"},"potentialAction":[{"@type":"SearchAction","target":{"@type":"EntryPoint","urlTemplate":"https:\/\/huayuansh.com\/?s={search_term_string}"},"query-input":{"@type":"PropertyValueSpecification","valueRequired":true,"valueName":"search_term_string"}}],"inLanguage":"pt-PT"},{"@type":"Organization","@id":"https:\/\/huayuansh.com\/#organization","name":"Fabricante de etiquetas RFID HUAYUAN","url":"https:\/\/huayuansh.com\/","logo":{"@type":"ImageObject","inLanguage":"pt-PT","@id":"https:\/\/huayuansh.com\/#\/schema\/logo\/image\/","url":"https:\/\/huayuansh.com\/wp-content\/uploads\/2024\/09\/cropped-HUAYUAN.webp","contentUrl":"https:\/\/huayuansh.com\/wp-content\/uploads\/2024\/09\/cropped-HUAYUAN.webp","width":895,"height":279,"caption":"HUAYUAN RFID Tag Manufacturer"},"image":{"@id":"https:\/\/huayuansh.com\/#\/schema\/logo\/image\/"}}]}},"taxonomy_info":[],"featured_image_src_large":["https:\/\/huayuansh.com\/wp-content\/uploads\/2025\/05\/RFID-Jewellery-Tags-for-Jewelry-Retail-1024x576.webp",1024,576,true],"author_info":{"display_name":"HUAYUAN","author_link":"https:\/\/huayuansh.com\/pt\/author\/shyec2024\/"},"comment_info":0,"_links":{"self":[{"href":"https:\/\/huayuansh.com\/pt\/wp-json\/wp\/v2\/pages\/4200","targetHints":{"allow":["GET"]}}],"collection":[{"href":"https:\/\/huayuansh.com\/pt\/wp-json\/wp\/v2\/pages"}],"about":[{"href":"https:\/\/huayuansh.com\/pt\/wp-json\/wp\/v2\/types\/page"}],"author":[{"embeddable":true,"href":"https:\/\/huayuansh.com\/pt\/wp-json\/wp\/v2\/users\/1"}],"replies":[{"embeddable":true,"href":"https:\/\/huayuansh.com\/pt\/wp-json\/wp\/v2\/comments?post=4200"}],"version-history":[{"count":1,"href":"https:\/\/huayuansh.com\/pt\/wp-json\/wp\/v2\/pages\/4200\/revisions"}],"predecessor-version":[{"id":4204,"href":"https:\/\/huayuansh.com\/pt\/wp-json\/wp\/v2\/pages\/4200\/revisions\/4204"}],"up":[{"embeddable":true,"href":"https:\/\/huayuansh.com\/pt\/wp-json\/wp\/v2\/pages\/731"}],"wp:featuredmedia":[{"embeddable":true,"href":"https:\/\/huayuansh.com\/pt\/wp-json\/wp\/v2\/media\/4203"}],"wp:attachment":[{"href":"https:\/\/huayuansh.com\/pt\/wp-json\/wp\/v2\/media?parent=4200"}],"curies":[{"name":"wp","href":"https:\/\/api.w.org\/{rel}","templated":true}]}}