{"id":4205,"date":"2025-05-13T14:28:54","date_gmt":"2025-05-13T06:28:54","guid":{"rendered":"https:\/\/huayuansh.com\/?page_id=4205"},"modified":"2025-05-13T14:28:56","modified_gmt":"2025-05-13T06:28:56","slug":"rfid-para-oculos","status":"publish","type":"page","link":"https:\/\/huayuansh.com\/pt\/segmentos-industriais\/rfid-para-oculos\/","title":{"rendered":"RFID para \u00f3culos"},"content":{"rendered":"<p>A ind\u00fastria dos \u00f3culos, conhecida pela sua vasta variedade de produtos e r\u00e1pida rota\u00e7\u00e3o, enfrenta desafios \u00fanicos no controlo de invent\u00e1rio, preven\u00e7\u00e3o de perdas e efici\u00eancia do retalho. A tecnologia de identifica\u00e7\u00e3o por radiofrequ\u00eancia (RFID) oferece uma solu\u00e7\u00e3o inovadora e eficaz para gerir os produtos de \u00f3culos ao longo do ciclo de venda a retalho. Desde a melhoria da precis\u00e3o do invent\u00e1rio at\u00e9 \u00e0 simplifica\u00e7\u00e3o das opera\u00e7\u00f5es, <strong>RFID<\/strong> est\u00e1 a transformar a forma como os retalhistas de produtos \u00f3pticos operam.<\/p>\n\n\n\n<h2 class=\"wp-block-heading\" id=\"h-rfid-for-eyewear-management\">RFID para gest\u00e3o de \u00f3culos<\/h2>\n\n\n\n<p>Os retalhistas de \u00f3culos e as cadeias de \u00f3pticas lidam com milhares de SKUs de arma\u00e7\u00f5es, \u00f3culos de sol e lentes. Os sistemas de invent\u00e1rio tradicionais dependem fortemente de processos manuais, que consomem muito tempo e s\u00e3o propensos a erros. Ao integrar a RFID na gest\u00e3o de \u00f3culos, os retalhistas ganham a capacidade de localizar cada item individualmente e em tempo real.<\/p>\n\n\n\n<p><strong>Etiquetas RFID<\/strong> ligados a arma\u00e7\u00f5es de \u00f3culos ou embalagens permitem uma identifica\u00e7\u00e3o e um seguimento perfeitos. Isto permite o acesso instant\u00e2neo a dados cr\u00edticos do produto - como a localiza\u00e7\u00e3o, a disponibilidade e o historial de vendas - sem necessidade de leitura em linha de vista ou contagem manual. Quer seja na loja, no armazenamento ou em tr\u00e2nsito, o percurso de cada produto \u00e9 rastre\u00e1vel, reduzindo os erros de invent\u00e1rio e as inefici\u00eancias operacionais.<\/p>\n\n\n\n<h2 class=\"wp-block-heading\" id=\"h-benefits-of-rfid-technology-in-the-eyewear-industry\"><strong>Vantagens da tecnologia RFID na ind\u00fastria dos \u00f3culos<\/strong><\/h2>\n\n\n\n<ol start=\"1\" class=\"wp-block-list\">\n<li><strong>Maior precis\u00e3o do invent\u00e1rio<\/strong><br>A tecnologia RFID oferece monitoriza\u00e7\u00e3o em tempo real do stock, ajudando os retalhistas a manter n\u00edveis de invent\u00e1rio precisos e a reduzir a quebra. Suporta a inventaria\u00e7\u00e3o autom\u00e1tica e evita cen\u00e1rios de excesso de stock e de falta de stock.<\/li>\n\n\n\n<li><strong>Melhoria da preven\u00e7\u00e3o de perdas<\/strong><br>Ao seguir continuamente a localiza\u00e7\u00e3o de cada artigo, a RFID ajuda a reduzir as perdas devidas a roubo ou extravio. Isto \u00e9 particularmente valioso para produtos de \u00f3culos de luxo ou de elevado valor.<\/li>\n\n\n\n<li><strong>Autentica\u00e7\u00e3o de produtos<\/strong><br>As etiquetas RFID podem conter dados de autentica\u00e7\u00e3o do produto, assegurando a venda de produtos genu\u00ednos e protegendo as marcas de \u00f3culos de qualidade superior dos riscos de contrafa\u00e7\u00e3o.<\/li>\n\n\n\n<li><strong>Opera\u00e7\u00f5es de loja mais r\u00e1pidas<\/strong><br>Com a RFID, tarefas como a rece\u00e7\u00e3o de mercadorias, a realiza\u00e7\u00e3o de verifica\u00e7\u00f5es de invent\u00e1rio e a localiza\u00e7\u00e3o de produtos espec\u00edficos podem ser conclu\u00eddas em minutos em vez de horas, libertando o pessoal para tarefas centradas no cliente.<\/li>\n\n\n\n<li><strong>Melhor experi\u00eancia do cliente<\/strong><br>Os clientes beneficiam de informa\u00e7\u00f5es mais precisas sobre as exist\u00eancias, de tempos de espera reduzidos e de experi\u00eancias de retalho interactivas, como espelhos inteligentes ou esta\u00e7\u00f5es de auto-pagamento que utilizam tecnologia RFID.<\/li>\n<\/ol>\n\n\n\n<h2 class=\"wp-block-heading\" id=\"h-huayuan-rfid-tags-for-eyewear\">Etiquetas RFID HUAYUAN para \u00f3culos<\/h2>\n\n\n\n<p>A HUAYUAN oferece uma gama vers\u00e1til de <a href=\"https:\/\/huayuansh.com\/products\/\">Solu\u00e7\u00f5es de etiquetas RFID<\/a> adaptados \u00e0s diversas necessidades da ind\u00fastria dos \u00f3culos - desde as tradicionais etiquetas em papel at\u00e9 \u00e0s avan\u00e7adas etiquetas micro RFID.<\/p>\n\n\n\n<div class=\"wp-block-columns are-vertically-aligned-center is-layout-flex wp-container-core-columns-is-layout-9d6595d7 wp-block-columns-is-layout-flex\">\n<div class=\"wp-block-column is-vertically-aligned-center is-layout-flow wp-block-column-is-layout-flow\" style=\"flex-basis:65%\">\n<p><strong>Solu\u00e7\u00f5es tradicionais de etiquetas RFID para \u00f3culos<\/strong><\/p>\n\n\n\n<p>Para muitos retalhistas de \u00f3culos, as etiquetas RFID cl\u00e1ssicas continuam a ser uma escolha pr\u00e1tica. A HUAYUAN fornece etiquetas RFID padr\u00e3o feitas de papel, PET ou materiais sint\u00e9ticos que podem ser facilmente anexadas a embalagens ou acess\u00f3rios de \u00f3culos. Estas etiquetas s\u00e3o ideais para o controlo de invent\u00e1rio a granel, armazenamento e gest\u00e3o administrativa.<\/p>\n\n\n\n<p>As etiquetas tradicionais oferecem:<\/p>\n\n\n\n<ul class=\"wp-block-list\">\n<li>Controlo de invent\u00e1rio rent\u00e1vel em grandes volumes de \u00f3culos<\/li>\n\n\n\n<li>Facilidade de aplica\u00e7\u00e3o atrav\u00e9s de adesivos ou etiquetas penduradas<\/li>\n<\/ul>\n\n\n\n<p>Estas solu\u00e7\u00f5es s\u00e3o adequadas para necessidades gerais de retalho, em que a integra\u00e7\u00e3o visual com o produto \u00e9 menos cr\u00edtica.<\/p>\n<\/div>\n\n\n\n<div class=\"wp-block-column is-vertically-aligned-center is-layout-flow wp-block-column-is-layout-flow\" style=\"flex-basis:35%\">\n<figure class=\"wp-block-image\"><img loading=\"lazy\" decoding=\"async\" width=\"600\" height=\"600\" src=\"https:\/\/huayuansh.com\/wp-content\/uploads\/2025\/03\/RFID-Paper-Tag-for-Eyeglass-Frames.webp\" alt=\"Etiqueta de papel RFID para arma\u00e7\u00f5es de \u00f3culos\" class=\"wp-image-4134\" srcset=\"https:\/\/huayuansh.com\/wp-content\/uploads\/2025\/03\/RFID-Paper-Tag-for-Eyeglass-Frames.webp 600w, https:\/\/huayuansh.com\/wp-content\/uploads\/2025\/03\/RFID-Paper-Tag-for-Eyeglass-Frames-300x300.webp 300w, https:\/\/huayuansh.com\/wp-content\/uploads\/2025\/03\/RFID-Paper-Tag-for-Eyeglass-Frames-150x150.webp 150w\" sizes=\"auto, (max-width: 600px) 100vw, 600px\" \/><\/figure>\n<\/div>\n<\/div>\n\n\n\n<p><strong>Etiquetas RFID avan\u00e7adas ultra-pequenas para arma\u00e7\u00f5es de \u00f3culos<\/strong><\/p>\n\n\n\n<p>Para os retalhistas e as marcas que procuram uma solu\u00e7\u00e3o mais discreta e integrada, a HUAYUAN tamb\u00e9m oferece <a href=\"https:\/\/huayuansh.com\/products\/industrial-rfid-tags\/tmc-uhf-micro-cube-tag\/\">Microetiquetas RFID UHF<\/a> (s\u00e9rie TMC) concebidas especificamente para serem incorporadas em arma\u00e7\u00f5es de \u00f3culos. Estas etiquetas foram concebidas para um impacto visual m\u00ednimo e um elevado desempenho - ideais para designs de arma\u00e7\u00f5es modernas, luxuosas ou com espa\u00e7o limitado.<\/p>\n\n\n\n<p>Os principais benef\u00edcios incluem:<\/p>\n\n\n\n<ul class=\"wp-block-list\">\n<li>Extremamente compacto e leve<\/li>\n\n\n\n<li>Incorporado diretamente nas estruturas para resist\u00eancia \u00e0 viola\u00e7\u00e3o<\/li>\n\n\n\n<li>Durabilidade melhorada e carater\u00edsticas de seguran\u00e7a dos dados<\/li>\n\n\n\n<li>Integra\u00e7\u00e3o perfeita em fluxos de trabalho de fabrico ou embalagem<\/li>\n<\/ul>\n\n\n<style>.kt-post-loop4205_65a0c4-5c .kadence-post-image{padding-top:0px;padding-right:30px;padding-bottom:10px;padding-left:0px;}.kt-post-loop4205_65a0c4-5c .kt-feat-image-align-left{grid-template-columns:40% auto;}.kt-post-loop4205_65a0c4-5c .kt-post-grid-wrap{gap:30px 30px;}.kt-post-loop4205_65a0c4-5c .kt-blocks-post-grid-item{border-top-left-radius:0px;border-top-right-radius:0px;border-bottom-right-radius:0px;border-bottom-left-radius:0px;overflow:hidden;}.kt-post-loop4205_65a0c4-5c .kt-blocks-post-grid-item .kt-blocks-post-grid-item-inner{padding-top:0px;padding-right:0px;padding-bottom:0px;padding-left:0px;}.kt-post-loop4205_65a0c4-5c .kt-blocks-post-grid-item .kt-blocks-post-grid-item-inner{text-align:left;}.kt-post-loop4205_65a0c4-5c .kt-blocks-post-grid-item header{padding-top:0px;padding-right:0px;padding-bottom:10px;padding-left:0px;margin-top:0px;margin-right:0px;margin-bottom:0px;margin-left:0px;}.kt-post-loop4205_65a0c4-5c .kt-blocks-post-grid-item .kt-blocks-above-categories{font-size:13px;line-height:20px;text-transform:uppercase;}.kt-post-loop4205_65a0c4-5c .kt-blocks-post-grid-item .entry-title{padding-top:5px;padding-right:0px;padding-bottom:0px;padding-left:0px;margin-top:0px;margin-right:0px;margin-bottom:0px;margin-left:0px;font-size:24px;line-height:30px;}.kt-post-loop4205_65a0c4-5c .entry-content{padding-top:0px;padding-right:0px;padding-bottom:0px;padding-left:0px;margin-top:0px;margin-right:0px;margin-bottom:0px;margin-left:0px;font-size:16px;line-height:28px;}.kt-post-loop4205_65a0c4-5c .kt-blocks-post-footer{border-top-width:0px;border-right-width:0px;border-bottom-width:0px;border-left-width:0px;padding-top:0px;padding-right:0px;padding-bottom:0px;padding-left:0px;margin-top:0px;margin-right:0px;margin-bottom:0px;margin-left:0px;font-size:12px;line-height:20px;text-transform:uppercase;}.kt-post-loop4205_65a0c4-5c .entry-content:after{height:0px;}.kt-post-loop4205_65a0c4-5c .kb-filter-item{border-top-width:0px;border-right-width:0px;border-bottom-width:2px;border-left-width:0px;padding-top:5px;padding-right:8px;padding-bottom:5px;padding-left:8px;margin-top:0px;margin-right:10px;margin-bottom:0px;margin-left:0px;}<\/style><div class=\"wp-block-kadence-postgrid kt-blocks-post-loop-block alignnone kt-post-loop4205_65a0c4-5c kt-post-grid-layout-grid\"><div class=\"kt-post-grid-layout-grid-wrap kt-post-grid-wrap\" data-columns-xxl=\"1\" data-columns-xl=\"1\" data-columns-md=\"1\" data-columns-sm=\"1\" data-columns-xs=\"1\" data-columns-ss=\"1\"data-item-selector=\".kt-post-masonry-item\" aria-label=\"Post Carousel\"><article class=\"kt-blocks-post-grid-item post-4133 post type-post status-publish format-standard has-post-thumbnail hentry category-case-studies tag-eyewear tag-micro-rfid-tags\"><div class=\"kt-blocks-post-grid-item-inner-wrap kt-feat-image-align-left kt-feat-image-mobile-align-top\"><div class=\"kadence-post-image\"><div class=\"kadence-post-image-intrisic kt-image-ratio-56-25\" style=\"padding-bottom:56.25%;\"><div class=\"kadence-post-image-inner-intrisic\"><a aria-hidden=\"true\" tabindex=\"-1\" role=\"presentation\" href=\"https:\/\/huayuansh.com\/pt\/estudo-de-caso-rfid-etiqueta-rfid-ultra-pequena-para-armacoes-de-oculos\/\" aria-label=\"Caso de estudo RFID: Etiqueta RFID ultra pequena para arma\u00e7\u00f5es de \u00f3culos\" class=\"kadence-post-image-inner-wrap\"><img loading=\"lazy\" decoding=\"async\" width=\"1024\" height=\"576\" src=\"https:\/\/huayuansh.com\/wp-content\/uploads\/2025\/03\/RFID-Case-Study-Ultra-Small-RFID-Tag-for-Eyeglass-Frames-1024x576.webp\" class=\"attachment-large size-large wp-post-image\" alt=\"Estudo de caso RFID Etiqueta RFID ultra pequena para arma\u00e7\u00f5es de \u00f3culos\" srcset=\"https:\/\/huayuansh.com\/wp-content\/uploads\/2025\/03\/RFID-Case-Study-Ultra-Small-RFID-Tag-for-Eyeglass-Frames-1024x576.webp 1024w, https:\/\/huayuansh.com\/wp-content\/uploads\/2025\/03\/RFID-Case-Study-Ultra-Small-RFID-Tag-for-Eyeglass-Frames-300x169.webp 300w, https:\/\/huayuansh.com\/wp-content\/uploads\/2025\/03\/RFID-Case-Study-Ultra-Small-RFID-Tag-for-Eyeglass-Frames-768x432.webp 768w, https:\/\/huayuansh.com\/wp-content\/uploads\/2025\/03\/RFID-Case-Study-Ultra-Small-RFID-Tag-for-Eyeglass-Frames-1536x864.webp 1536w, https:\/\/huayuansh.com\/wp-content\/uploads\/2025\/03\/RFID-Case-Study-Ultra-Small-RFID-Tag-for-Eyeglass-Frames.webp 1920w\" sizes=\"auto, (max-width: 1024px) 100vw, 1024px\" \/><\/a><\/div><\/div><\/div><div class=\"kt-blocks-post-grid-item-inner\"><header><h2 class=\"entry-title\"><a href=\"https:\/\/huayuansh.com\/pt\/estudo-de-caso-rfid-etiqueta-rfid-ultra-pequena-para-armacoes-de-oculos\/\">Caso de estudo RFID: Etiqueta RFID ultra pequena para arma\u00e7\u00f5es de \u00f3culos<\/a><\/h2><div class=\"kt-blocks-post-top-meta\"><\/div><\/header><div class=\"entry-content\">As etiquetas RFID para arma\u00e7\u00f5es de \u00f3culos surgiram como uma ferramenta essencial, oferecendo uma forma simples de rastrear e gerir produtos \u00f3pticos. A HUAYUAN, um fabricante profissional de etiquetas RFID passivas, possui etiquetas RFID ultra pequenas ideais para a gest\u00e3o de arma\u00e7\u00f5es de \u00f3culos. Este estudo de caso explora a forma como estas etiquetas inovadoras abordam os principais desafios operacionais, mantendo a integridade est\u00e9tica dos designs modernos de \u00f3culos. Ao integrar-se perfeitamente nas arma\u00e7\u00f5es, a solu\u00e7\u00e3o da HUAYUAN oferece uma forma pr\u00e1tica e eficaz de melhorar a gest\u00e3o do invent\u00e1rio e a experi\u00eancia geral do cliente. Desafios na ind\u00fastria dos \u00f3culos A ind\u00fastria dos \u00f3culos enfrenta v\u00e1rios desafios que real\u00e7am a necessidade de RFID para...<\/div><footer class=\"kt-blocks-post-footer\"><div class=\"kt-blocks-post-footer-left\"><\/div><div class=\"kt-blocks-post-footer-right\"><\/div><\/footer><\/div><\/div><\/article><\/div><\/div><!-- .wp-block-kadence-postgrid -->\n\n\n<h3 class=\"wp-block-heading\" id=\"h-get-in-touch\"><strong>Entrar em contacto<\/strong><\/h3>\n\n\n\n<p>Quer a sua prioridade seja a efici\u00eancia de custos, a durabilidade, a integra\u00e7\u00e3o do design ou a prote\u00e7\u00e3o da marca, a HUAYUAN tem a solu\u00e7\u00e3o RFID adequada. A nossa equipa experiente ajud\u00e1-lo-\u00e1 a escolher e personalizar a etiqueta certa - tradicional ou incorporada - para se adequar \u00e0 sua aplica\u00e7\u00e3o, objectivos operacionais e imagem de marca.<\/p>\n\n\n<style>.wp-block-kadence-advancedbtn.kb-btns4205_5cf21c-ef{gap:var(--global-kb-gap-xs, 0.5rem );justify-content:flex-start;align-items:center;}.kt-btns4205_5cf21c-ef .kt-button{font-weight:normal;font-style:normal;}.kt-btns4205_5cf21c-ef .kt-btn-wrap-0{margin-right:5px;}.wp-block-kadence-advancedbtn.kt-btns4205_5cf21c-ef .kt-btn-wrap-0 .kt-button{color:#555555;border-color:#555555;}.wp-block-kadence-advancedbtn.kt-btns4205_5cf21c-ef .kt-btn-wrap-0 .kt-button:hover, .wp-block-kadence-advancedbtn.kt-btns4205_5cf21c-ef .kt-btn-wrap-0 .kt-button:focus{color:#ffffff;border-color:#444444;}.wp-block-kadence-advancedbtn.kt-btns4205_5cf21c-ef .kt-btn-wrap-0 .kt-button::before{display:none;}.wp-block-kadence-advancedbtn.kt-btns4205_5cf21c-ef .kt-btn-wrap-0 .kt-button:hover, .wp-block-kadence-advancedbtn.kt-btns4205_5cf21c-ef .kt-btn-wrap-0 .kt-button:focus{background:#444444;}<\/style>\n<div class=\"wp-block-kadence-advancedbtn kb-buttons-wrap kb-btns4205_5cf21c-ef\"><style>.wp-block-kadence-advancedbtn .kb-btn4205_7beb95-25.kb-button, ul.menu .wp-block-kadence-advancedbtn .kb-btn4205_7beb95-25.kb-button{width:200px;}<\/style><a class=\"kb-button kt-button button kb-btn4205_7beb95-25 kt-btn-size-small kt-btn-width-type-fixed kb-btn-global-inherit  kt-btn-has-text-true kt-btn-has-svg-false  wp-block-button__link wp-block-kadence-singlebtn\" href=\"https:\/\/huayuansh.com\/contact-us\/\"><span class=\"kt-btn-inner-text\">Contactar-nos<\/span><\/a><\/div>\n\n\n\n<p><\/p>","protected":false},"excerpt":{"rendered":"<p>The eyewear industry, known for its vast product variety and rapid turnover, faces unique challenges in inventory control, loss prevention, and retail efficiency. Radio Frequency&#8230;<\/p>","protected":false},"author":1,"featured_media":4206,"parent":731,"menu_order":0,"comment_status":"closed","ping_status":"closed","template":"","meta":{"_kad_blocks_custom_css":"","_kad_blocks_head_custom_js":"","_kad_blocks_body_custom_js":"","_kad_blocks_footer_custom_js":"","_kadence_starter_templates_imported_post":false,"_kad_post_transparent":"","_kad_post_title":"","_kad_post_layout":"","_kad_post_sidebar_id":"","_kad_post_content_style":"","_kad_post_vertical_padding":"","_kad_post_feature":"","_kad_post_feature_position":"","_kad_post_header":false,"_kad_post_footer":false,"footnotes":""},"class_list":["post-4205","page","type-page","status-publish","has-post-thumbnail","hentry"],"yoast_head":"<!-- This site is optimized with the Yoast SEO Premium plugin v23.0 (Yoast SEO v26.3) - https:\/\/yoast.com\/wordpress\/plugins\/seo\/ -->\n<title>RFID for Eyewear | HUAYUAN RFID Tag Manufacturer<\/title>\n<meta name=\"description\" content=\"Boost efficiency in optical retail with HUAYUAN\u2019s RFID tags for eyewear. Track inventory in real time, reduce shrinkage, and enhance customer experiences with both traditional and embedded options.\" \/>\n<meta name=\"robots\" content=\"index, follow, max-snippet:-1, max-image-preview:large, max-video-preview:-1\" \/>\n<link rel=\"canonical\" href=\"https:\/\/huayuansh.com\/pt\/segmentos-industriais\/rfid-para-oculos\/\" \/>\n<meta property=\"og:locale\" content=\"pt_PT\" \/>\n<meta property=\"og:type\" content=\"article\" \/>\n<meta property=\"og:title\" content=\"RFID for Eyewear\" \/>\n<meta property=\"og:description\" content=\"Boost efficiency in optical retail with HUAYUAN\u2019s RFID tags for eyewear. Track inventory in real time, reduce shrinkage, and enhance customer experiences with both traditional and embedded options.\" \/>\n<meta property=\"og:url\" content=\"https:\/\/huayuansh.com\/pt\/segmentos-industriais\/rfid-para-oculos\/\" \/>\n<meta property=\"og:site_name\" content=\"HUAYUAN RFID Tag Manufacturer\" \/>\n<meta property=\"article:modified_time\" content=\"2025-05-13T06:28:56+00:00\" \/>\n<meta property=\"og:image\" content=\"https:\/\/huayuansh.com\/wp-content\/uploads\/2025\/05\/RFID-for-Eyewear.webp\" \/>\n\t<meta property=\"og:image:width\" content=\"1920\" \/>\n\t<meta property=\"og:image:height\" content=\"1080\" \/>\n\t<meta property=\"og:image:type\" content=\"image\/webp\" \/>\n<meta name=\"twitter:card\" content=\"summary_large_image\" \/>\n<meta name=\"twitter:label1\" content=\"Tempo estimado de leitura\" \/>\n\t<meta name=\"twitter:data1\" content=\"3 minutos\" \/>\n<script type=\"application\/ld+json\" class=\"yoast-schema-graph\">{\"@context\":\"https:\/\/schema.org\",\"@graph\":[{\"@type\":\"WebPage\",\"@id\":\"https:\/\/huayuansh.com\/industry-segments\/rfid-for-eyewear\/\",\"url\":\"https:\/\/huayuansh.com\/industry-segments\/rfid-for-eyewear\/\",\"name\":\"RFID for Eyewear | HUAYUAN RFID Tag Manufacturer\",\"isPartOf\":{\"@id\":\"https:\/\/huayuansh.com\/#website\"},\"primaryImageOfPage\":{\"@id\":\"https:\/\/huayuansh.com\/industry-segments\/rfid-for-eyewear\/#primaryimage\"},\"image\":{\"@id\":\"https:\/\/huayuansh.com\/industry-segments\/rfid-for-eyewear\/#primaryimage\"},\"thumbnailUrl\":\"https:\/\/huayuansh.com\/wp-content\/uploads\/2025\/05\/RFID-for-Eyewear.webp\",\"datePublished\":\"2025-05-13T06:28:54+00:00\",\"dateModified\":\"2025-05-13T06:28:56+00:00\",\"description\":\"Boost efficiency in optical retail with HUAYUAN\u2019s RFID tags for eyewear. Track inventory in real time, reduce shrinkage, and enhance customer experiences with both traditional and embedded options.\",\"breadcrumb\":{\"@id\":\"https:\/\/huayuansh.com\/industry-segments\/rfid-for-eyewear\/#breadcrumb\"},\"inLanguage\":\"pt-PT\",\"potentialAction\":[{\"@type\":\"ReadAction\",\"target\":[\"https:\/\/huayuansh.com\/industry-segments\/rfid-for-eyewear\/\"]}]},{\"@type\":\"ImageObject\",\"inLanguage\":\"pt-PT\",\"@id\":\"https:\/\/huayuansh.com\/industry-segments\/rfid-for-eyewear\/#primaryimage\",\"url\":\"https:\/\/huayuansh.com\/wp-content\/uploads\/2025\/05\/RFID-for-Eyewear.webp\",\"contentUrl\":\"https:\/\/huayuansh.com\/wp-content\/uploads\/2025\/05\/RFID-for-Eyewear.webp\",\"width\":1920,\"height\":1080,\"caption\":\"RFID for Eyewear\"},{\"@type\":\"BreadcrumbList\",\"@id\":\"https:\/\/huayuansh.com\/industry-segments\/rfid-for-eyewear\/#breadcrumb\",\"itemListElement\":[{\"@type\":\"ListItem\",\"position\":1,\"name\":\"Home\",\"item\":\"https:\/\/huayuansh.com\/\"},{\"@type\":\"ListItem\",\"position\":2,\"name\":\"Industry Segments\",\"item\":\"https:\/\/huayuansh.com\/industry-segments\/\"},{\"@type\":\"ListItem\",\"position\":3,\"name\":\"RFID for Eyewear\"}]},{\"@type\":\"WebSite\",\"@id\":\"https:\/\/huayuansh.com\/#website\",\"url\":\"https:\/\/huayuansh.com\/\",\"name\":\"HUAYUAN RFID Tag Manufacturer\",\"description\":\"HUAYUAN RFID Tag Manufacturer\",\"publisher\":{\"@id\":\"https:\/\/huayuansh.com\/#organization\"},\"potentialAction\":[{\"@type\":\"SearchAction\",\"target\":{\"@type\":\"EntryPoint\",\"urlTemplate\":\"https:\/\/huayuansh.com\/?s={search_term_string}\"},\"query-input\":{\"@type\":\"PropertyValueSpecification\",\"valueRequired\":true,\"valueName\":\"search_term_string\"}}],\"inLanguage\":\"pt-PT\"},{\"@type\":\"Organization\",\"@id\":\"https:\/\/huayuansh.com\/#organization\",\"name\":\"HUAYUAN RFID Tag Manufacturer\",\"url\":\"https:\/\/huayuansh.com\/\",\"logo\":{\"@type\":\"ImageObject\",\"inLanguage\":\"pt-PT\",\"@id\":\"https:\/\/huayuansh.com\/#\/schema\/logo\/image\/\",\"url\":\"https:\/\/huayuansh.com\/wp-content\/uploads\/2024\/09\/cropped-HUAYUAN.webp\",\"contentUrl\":\"https:\/\/huayuansh.com\/wp-content\/uploads\/2024\/09\/cropped-HUAYUAN.webp\",\"width\":895,\"height\":279,\"caption\":\"HUAYUAN RFID Tag Manufacturer\"},\"image\":{\"@id\":\"https:\/\/huayuansh.com\/#\/schema\/logo\/image\/\"}}]}<\/script>\n<!-- \/ Yoast SEO Premium plugin. -->","yoast_head_json":{"title":"RFID para \u00f3culos | HUAYUAN RFID Tag Fabricante","description":"Aumente a efici\u00eancia no retalho \u00f3tico com as etiquetas RFID da HUAYUAN para \u00f3culos. Acompanhe o invent\u00e1rio em tempo real, reduza as quebras e melhore a experi\u00eancia do cliente com op\u00e7\u00f5es tradicionais e incorporadas.","robots":{"index":"index","follow":"follow","max-snippet":"max-snippet:-1","max-image-preview":"max-image-preview:large","max-video-preview":"max-video-preview:-1"},"canonical":"https:\/\/huayuansh.com\/pt\/segmentos-industriais\/rfid-para-oculos\/","og_locale":"pt_PT","og_type":"article","og_title":"RFID for Eyewear","og_description":"Boost efficiency in optical retail with HUAYUAN\u2019s RFID tags for eyewear. Track inventory in real time, reduce shrinkage, and enhance customer experiences with both traditional and embedded options.","og_url":"https:\/\/huayuansh.com\/pt\/segmentos-industriais\/rfid-para-oculos\/","og_site_name":"HUAYUAN RFID Tag Manufacturer","article_modified_time":"2025-05-13T06:28:56+00:00","og_image":[{"width":1920,"height":1080,"url":"https:\/\/huayuansh.com\/wp-content\/uploads\/2025\/05\/RFID-for-Eyewear.webp","type":"image\/webp"}],"twitter_card":"summary_large_image","twitter_misc":{"Tempo estimado de leitura":"3 minutos"},"schema":{"@context":"https:\/\/schema.org","@graph":[{"@type":"WebPage","@id":"https:\/\/huayuansh.com\/industry-segments\/rfid-for-eyewear\/","url":"https:\/\/huayuansh.com\/industry-segments\/rfid-for-eyewear\/","name":"RFID para \u00f3culos | HUAYUAN RFID Tag Fabricante","isPartOf":{"@id":"https:\/\/huayuansh.com\/#website"},"primaryImageOfPage":{"@id":"https:\/\/huayuansh.com\/industry-segments\/rfid-for-eyewear\/#primaryimage"},"image":{"@id":"https:\/\/huayuansh.com\/industry-segments\/rfid-for-eyewear\/#primaryimage"},"thumbnailUrl":"https:\/\/huayuansh.com\/wp-content\/uploads\/2025\/05\/RFID-for-Eyewear.webp","datePublished":"2025-05-13T06:28:54+00:00","dateModified":"2025-05-13T06:28:56+00:00","description":"Aumente a efici\u00eancia no retalho \u00f3tico com as etiquetas RFID da HUAYUAN para \u00f3culos. Acompanhe o invent\u00e1rio em tempo real, reduza as quebras e melhore a experi\u00eancia do cliente com op\u00e7\u00f5es tradicionais e incorporadas.","breadcrumb":{"@id":"https:\/\/huayuansh.com\/industry-segments\/rfid-for-eyewear\/#breadcrumb"},"inLanguage":"pt-PT","potentialAction":[{"@type":"ReadAction","target":["https:\/\/huayuansh.com\/industry-segments\/rfid-for-eyewear\/"]}]},{"@type":"ImageObject","inLanguage":"pt-PT","@id":"https:\/\/huayuansh.com\/industry-segments\/rfid-for-eyewear\/#primaryimage","url":"https:\/\/huayuansh.com\/wp-content\/uploads\/2025\/05\/RFID-for-Eyewear.webp","contentUrl":"https:\/\/huayuansh.com\/wp-content\/uploads\/2025\/05\/RFID-for-Eyewear.webp","width":1920,"height":1080,"caption":"RFID for Eyewear"},{"@type":"BreadcrumbList","@id":"https:\/\/huayuansh.com\/industry-segments\/rfid-for-eyewear\/#breadcrumb","itemListElement":[{"@type":"ListItem","position":1,"name":"Home","item":"https:\/\/huayuansh.com\/"},{"@type":"ListItem","position":2,"name":"Industry Segments","item":"https:\/\/huayuansh.com\/industry-segments\/"},{"@type":"ListItem","position":3,"name":"RFID for Eyewear"}]},{"@type":"WebSite","@id":"https:\/\/huayuansh.com\/#website","url":"https:\/\/huayuansh.com\/","name":"Fabricante de etiquetas RFID HUAYUAN","description":"Fabricante de etiquetas RFID HUAYUAN","publisher":{"@id":"https:\/\/huayuansh.com\/#organization"},"potentialAction":[{"@type":"SearchAction","target":{"@type":"EntryPoint","urlTemplate":"https:\/\/huayuansh.com\/?s={search_term_string}"},"query-input":{"@type":"PropertyValueSpecification","valueRequired":true,"valueName":"search_term_string"}}],"inLanguage":"pt-PT"},{"@type":"Organization","@id":"https:\/\/huayuansh.com\/#organization","name":"Fabricante de etiquetas RFID HUAYUAN","url":"https:\/\/huayuansh.com\/","logo":{"@type":"ImageObject","inLanguage":"pt-PT","@id":"https:\/\/huayuansh.com\/#\/schema\/logo\/image\/","url":"https:\/\/huayuansh.com\/wp-content\/uploads\/2024\/09\/cropped-HUAYUAN.webp","contentUrl":"https:\/\/huayuansh.com\/wp-content\/uploads\/2024\/09\/cropped-HUAYUAN.webp","width":895,"height":279,"caption":"HUAYUAN RFID Tag Manufacturer"},"image":{"@id":"https:\/\/huayuansh.com\/#\/schema\/logo\/image\/"}}]}},"taxonomy_info":[],"featured_image_src_large":["https:\/\/huayuansh.com\/wp-content\/uploads\/2025\/05\/RFID-for-Eyewear-1024x576.webp",1024,576,true],"author_info":{"display_name":"HUAYUAN","author_link":"https:\/\/huayuansh.com\/pt\/author\/shyec2024\/"},"comment_info":0,"_links":{"self":[{"href":"https:\/\/huayuansh.com\/pt\/wp-json\/wp\/v2\/pages\/4205","targetHints":{"allow":["GET"]}}],"collection":[{"href":"https:\/\/huayuansh.com\/pt\/wp-json\/wp\/v2\/pages"}],"about":[{"href":"https:\/\/huayuansh.com\/pt\/wp-json\/wp\/v2\/types\/page"}],"author":[{"embeddable":true,"href":"https:\/\/huayuansh.com\/pt\/wp-json\/wp\/v2\/users\/1"}],"replies":[{"embeddable":true,"href":"https:\/\/huayuansh.com\/pt\/wp-json\/wp\/v2\/comments?post=4205"}],"version-history":[{"count":1,"href":"https:\/\/huayuansh.com\/pt\/wp-json\/wp\/v2\/pages\/4205\/revisions"}],"predecessor-version":[{"id":4207,"href":"https:\/\/huayuansh.com\/pt\/wp-json\/wp\/v2\/pages\/4205\/revisions\/4207"}],"up":[{"embeddable":true,"href":"https:\/\/huayuansh.com\/pt\/wp-json\/wp\/v2\/pages\/731"}],"wp:featuredmedia":[{"embeddable":true,"href":"https:\/\/huayuansh.com\/pt\/wp-json\/wp\/v2\/media\/4206"}],"wp:attachment":[{"href":"https:\/\/huayuansh.com\/pt\/wp-json\/wp\/v2\/media?parent=4205"}],"curies":[{"name":"wp","href":"https:\/\/api.w.org\/{rel}","templated":true}]}}