{"id":4208,"date":"2025-05-14T14:57:19","date_gmt":"2025-05-14T06:57:19","guid":{"rendered":"https:\/\/huayuansh.com\/?page_id=4208"},"modified":"2025-05-14T14:57:22","modified_gmt":"2025-05-14T06:57:22","slug":"rfid-para-calcados","status":"publish","type":"page","link":"https:\/\/huayuansh.com\/pt\/segmentos-industriais\/rfid-para-calcados\/","title":{"rendered":"RFID para cal\u00e7ado"},"content":{"rendered":"<p>A ind\u00fastria do cal\u00e7ado apresenta desafios distintos para a integra\u00e7\u00e3o da RFID. Ao contr\u00e1rio do vestu\u00e1rio, o cal\u00e7ado requer frequentemente uma dupla etiquetagem - tanto no interior do sapato como na caixa - para garantir a rastreabilidade ao longo da cadeia de fornecimento. <strong>Etiquetas RFID<\/strong> devem suportar a compress\u00e3o, a flex\u00e3o e as tens\u00f5es ambientais durante a produ\u00e7\u00e3o, distribui\u00e7\u00e3o e venda a retalho. Para al\u00e9m disso, materiais como o couro, a borracha e os componentes met\u00e1licos podem interferir com a transmiss\u00e3o do sinal, necessitando de designs de etiquetas especializados e estrat\u00e9gias de coloca\u00e7\u00e3o.<\/p>\n\n\n\n<h2 class=\"wp-block-heading\" id=\"h-why-rfid-for-footwear\">Porqu\u00ea RFID para cal\u00e7ado<\/h2>\n\n\n\n<p>A RFID permite uma visibilidade sem paralelo do invent\u00e1rio e uma efici\u00eancia operacional. Na ind\u00fastria do cal\u00e7ado, onde a precis\u00e3o dos tamanhos, a conformidade dos expositores e os dados de invent\u00e1rio em tempo real s\u00e3o cruciais, a RFID traz benef\u00edcios tang\u00edveis:<\/p>\n\n\n\n<ul class=\"wp-block-list\">\n<li><strong>Exatid\u00e3o do invent\u00e1rio<\/strong>: Obtenha uma precis\u00e3o de at\u00e9 99% com uma interven\u00e7\u00e3o manual m\u00ednima.<\/li>\n\n\n\n<li><strong>Conformidade do ecr\u00e3<\/strong>: Assegurar que os estilos e tamanhos corretos est\u00e3o em exposi\u00e7\u00e3o - aumentando o potencial de vendas.<\/li>\n\n\n\n<li><strong>Transpar\u00eancia da cadeia de abastecimento: <\/strong>Acompanhar produtos individuais em ambientes de fabrico, log\u00edstica e retalho.<\/li>\n\n\n\n<li><strong>Autentica\u00e7\u00e3o anti-contrafa\u00e7\u00e3o<\/strong>: A RFID incorporada (com capacidade NFC) apoia a legitimidade do produto e a prote\u00e7\u00e3o da marca.<\/li>\n\n\n\n<li><strong>Cumprimento omnicanal<\/strong>: Cumprir as encomendas de forma r\u00e1pida e exacta, quer seja em linha ou na loja.<\/li>\n<\/ul>\n\n\n\n<div class=\"wp-block-columns are-vertically-aligned-center is-layout-flex wp-container-core-columns-is-layout-9d6595d7 wp-block-columns-is-layout-flex\">\n<div class=\"wp-block-column is-vertically-aligned-center is-layout-flow wp-block-column-is-layout-flow\" style=\"flex-basis:50%\">\n<h2 class=\"wp-block-heading\" id=\"h-rfid-in-footwear-applications\"><strong>RFID em aplica\u00e7\u00f5es de cal\u00e7ado<\/strong><\/h2>\n\n\n\n<p>A aplica\u00e7\u00e3o da RFID no cal\u00e7ado abrange v\u00e1rias fases:<\/p>\n\n\n\n<ul class=\"wp-block-list\">\n<li><strong>Fabrico: <\/strong>As etiquetas RFID s\u00e3o incorporadas ou aplicadas na origem, permitindo um seguimento cont\u00ednuo ao n\u00edvel do artigo desde a produ\u00e7\u00e3o.<\/li>\n\n\n\n<li><strong>Opera\u00e7\u00f5es de armaz\u00e9m<\/strong>: A leitura autom\u00e1tica de sapatos e caixas etiquetadas acelera a rece\u00e7\u00e3o e a verifica\u00e7\u00e3o das encomendas.<\/li>\n\n\n\n<li><strong>Gest\u00e3o na loja<\/strong>: O pessoal pode localizar os artigos em segundos utilizando leitores RFID port\u00e1teis - garantindo que os clientes recebem o tamanho certo na hora certa.<\/li>\n\n\n\n<li><strong>Envolvimento do cliente<\/strong>: As etiquetas RFID\/NFC podem oferecer autentica\u00e7\u00e3o p\u00f3s-compra ou experi\u00eancias de marca, diretamente a partir de um dispositivo m\u00f3vel.<\/li>\n<\/ul>\n<\/div>\n\n\n\n<div class=\"wp-block-column is-vertically-aligned-center is-layout-flow wp-block-column-is-layout-flow\" style=\"flex-basis:50%\">\n<figure class=\"wp-block-image\"><img loading=\"lazy\" decoding=\"async\" width=\"600\" height=\"600\" src=\"https:\/\/huayuansh.com\/wp-content\/uploads\/2025\/05\/RFID-Tags-for-Footwear-Inventory-Management.webp\" alt=\"Etiquetas RFID para gest\u00e3o de invent\u00e1rio de cal\u00e7ado\" class=\"wp-image-4209\" style=\"aspect-ratio:4\/3;object-fit:cover\" srcset=\"https:\/\/huayuansh.com\/wp-content\/uploads\/2025\/05\/RFID-Tags-for-Footwear-Inventory-Management.webp 600w, https:\/\/huayuansh.com\/wp-content\/uploads\/2025\/05\/RFID-Tags-for-Footwear-Inventory-Management-300x300.webp 300w, https:\/\/huayuansh.com\/wp-content\/uploads\/2025\/05\/RFID-Tags-for-Footwear-Inventory-Management-150x150.webp 150w\" sizes=\"auto, (max-width: 600px) 100vw, 600px\" \/><\/figure>\n<\/div>\n<\/div>\n\n\n\n<h2 class=\"wp-block-heading\" id=\"h-label-quality-a-critical-factor-in-rfid-success\"><strong>Qualidade das etiquetas: Um fator cr\u00edtico para o sucesso da RFID<\/strong><\/h2>\n\n\n\n<p>Os integradores de sistemas e os propriet\u00e1rios de marcas centram-se frequentemente no software e nos leitores - mas sem a etiqueta correta, at\u00e9 os sistemas RFID mais avan\u00e7ados ficam aqu\u00e9m das expectativas. No cal\u00e7ado, as etiquetas devem:<\/p>\n\n\n\n<ul class=\"wp-block-list\">\n<li><strong>Resiste \u00e0 compress\u00e3o e \u00e0 flex\u00e3o<\/strong>: Os sapatos s\u00e3o usados, dobrados e empilhados - exigindo incrusta\u00e7\u00f5es que permane\u00e7am funcionais sob esfor\u00e7o f\u00edsico.<\/li>\n\n\n\n<li><strong>Garantir a legibilidade em todas as condi\u00e7\u00f5es<\/strong>: Quer estejam embutidas em solas ou escondidas dentro de caixas, as etiquetas devem oferecer um desempenho de leitura forte e consistente.<\/li>\n\n\n\n<li><strong>Apoiar a identifica\u00e7\u00e3o ao n\u00edvel do par<\/strong>: A etiquetagem do cal\u00e7ado e da caixa garante um controlo total do invent\u00e1rio e a integridade do par.<\/li>\n\n\n\n<li><strong>Resistir \u00e0 interfer\u00eancia<\/strong>: Materiais como hastes met\u00e1licas ou adesivos podem afetar a intensidade do sinal. A conce\u00e7\u00e3o da etiqueta deve atenuar estes efeitos.<\/li>\n<\/ul>\n\n\n\n<p>Os desafios de implementa\u00e7\u00e3o - desde a coloca\u00e7\u00e3o de etiquetas at\u00e9 \u00e0 sele\u00e7\u00e3o de incrusta\u00e7\u00f5es - requerem testes completos de pr\u00e9-marca\u00e7\u00e3o, configura\u00e7\u00f5es personalizadas e fabrico de precis\u00e3o.<\/p>\n\n\n\n<figure class=\"wp-block-gallery has-nested-images columns-default is-cropped wp-block-gallery-1 is-layout-flex wp-block-gallery-is-layout-flex\">\n<figure class=\"wp-block-image size-large\"><img loading=\"lazy\" decoding=\"async\" width=\"600\" height=\"600\" data-id=\"4210\" src=\"https:\/\/huayuansh.com\/wp-content\/uploads\/2025\/05\/RFID-Tag-for-Shoes-Boxes.webp\" alt=\"Etiqueta RFID para caixas de sapatos\" class=\"wp-image-4210\" srcset=\"https:\/\/huayuansh.com\/wp-content\/uploads\/2025\/05\/RFID-Tag-for-Shoes-Boxes.webp 600w, https:\/\/huayuansh.com\/wp-content\/uploads\/2025\/05\/RFID-Tag-for-Shoes-Boxes-300x300.webp 300w, https:\/\/huayuansh.com\/wp-content\/uploads\/2025\/05\/RFID-Tag-for-Shoes-Boxes-150x150.webp 150w\" sizes=\"auto, (max-width: 600px) 100vw, 600px\" \/><\/figure>\n\n\n\n<figure class=\"wp-block-image size-large\"><img loading=\"lazy\" decoding=\"async\" width=\"600\" height=\"600\" data-id=\"4212\" src=\"https:\/\/huayuansh.com\/wp-content\/uploads\/2025\/05\/RFID-Tags-for-Shoes.webp\" alt=\"Etiquetas RFID para cal\u00e7ado\" class=\"wp-image-4212\" srcset=\"https:\/\/huayuansh.com\/wp-content\/uploads\/2025\/05\/RFID-Tags-for-Shoes.webp 600w, https:\/\/huayuansh.com\/wp-content\/uploads\/2025\/05\/RFID-Tags-for-Shoes-300x300.webp 300w, https:\/\/huayuansh.com\/wp-content\/uploads\/2025\/05\/RFID-Tags-for-Shoes-150x150.webp 150w\" sizes=\"auto, (max-width: 600px) 100vw, 600px\" \/><\/figure>\n\n\n\n<figure class=\"wp-block-image size-large\"><img loading=\"lazy\" decoding=\"async\" width=\"600\" height=\"600\" data-id=\"4211\" src=\"https:\/\/huayuansh.com\/wp-content\/uploads\/2025\/05\/RFID-Tagging-for-Footwear.webp\" alt=\"Etiquetagem RFID para cal\u00e7ado\" class=\"wp-image-4211\" srcset=\"https:\/\/huayuansh.com\/wp-content\/uploads\/2025\/05\/RFID-Tagging-for-Footwear.webp 600w, https:\/\/huayuansh.com\/wp-content\/uploads\/2025\/05\/RFID-Tagging-for-Footwear-300x300.webp 300w, https:\/\/huayuansh.com\/wp-content\/uploads\/2025\/05\/RFID-Tagging-for-Footwear-150x150.webp 150w\" sizes=\"auto, (max-width: 600px) 100vw, 600px\" \/><\/figure>\n<\/figure>\n\n\n\n<h2 class=\"wp-block-heading\" id=\"h-huayuan-rfid-labels-for-footwear\"><strong>Etiquetas RFID HUAYUAN para cal\u00e7ado<\/strong><\/h2>\n\n\n\n<p>Como um dedicado <a href=\"https:\/\/huayuansh.com\/products\/\">fabricante de <strong>Etiquetas RFID<\/strong><\/a>A nossa empresa \u00e9 especializada em etiquetas RFID para satisfazer os requisitos exclusivos da ind\u00fastria do cal\u00e7ado. Somos um parceiro vital para integradores e marcas que procuram etiquetas RFID fi\u00e1veis, duradouras e concebidas com precis\u00e3o.<\/p>\n\n\n\n<p>O que nos distingue:<\/p>\n\n\n\n<ul class=\"wp-block-list\">\n<li><strong>Design de incrusta\u00e7\u00f5es \u00e0 medida<\/strong>: A nossa equipa trabalha em estreita colabora\u00e7\u00e3o com os fornecedores de sistemas para selecionar ou desenvolver incrusta\u00e7\u00f5es adequadas a cada estilo de cal\u00e7ado, constru\u00e7\u00e3o e caso de utiliza\u00e7\u00e3o.<\/li>\n\n\n\n<li><strong>Etiquetas resistentes \u00e0 dobragem e \u00e0 press\u00e3o<\/strong>: Concebidas para sobreviverem \u00e0 incorpora\u00e7\u00e3o no cal\u00e7ado, as nossas etiquetas suportam o desgaste, a flex\u00e3o e as cargas de press\u00e3o do mundo real.<\/li>\n\n\n\n<li><strong>Solu\u00e7\u00f5es de marca\u00e7\u00e3o dupla<\/strong>: Oferecemos conjuntos coordenados de etiquetas para caixas e sapatos para uma visibilidade total da embalagem e dos artigos individuais.<\/li>\n\n\n\n<li><strong>Especializa\u00e7\u00e3o em materiais<\/strong>: Com anos de experi\u00eancia na produ\u00e7\u00e3o de etiquetas, sabemos como evitar a degrada\u00e7\u00e3o do desempenho dos adesivos, acabamentos e componentes do cal\u00e7ado.<\/li>\n<\/ul>\n\n\n\n<h3 class=\"wp-block-heading\" id=\"h-ready-to-partner-with-an-rfid-label-specialist\"><strong>Pronto para fazer parceria com um especialista em etiquetas RFID<\/strong><\/h3>\n\n\n\n<p>Quer seja um integrador de sistemas que procura componentes RFID robustos, uma marca de cal\u00e7ado que procura uma melhor perce\u00e7\u00e3o da cadeia de fornecimento - n\u00f3s podemos ajudar.<\/p>\n\n\n\n<p><strong>Contacto HUAYUAN<\/strong> hoje para descobrir como o nosso <strong>Solu\u00e7\u00f5es de etiquetas RFID<\/strong> pode alinhar-se com os seus objectivos comerciais e elev\u00e1-los.<\/p>\n\n\n<style>.wp-block-kadence-advancedbtn.kb-btns4208_ee7601-34{gap:var(--global-kb-gap-xs, 0.5rem );justify-content:flex-start;align-items:center;}.kt-btns4208_ee7601-34 .kt-button{font-weight:normal;font-style:normal;}.kt-btns4208_ee7601-34 .kt-btn-wrap-0{margin-right:5px;}.wp-block-kadence-advancedbtn.kt-btns4208_ee7601-34 .kt-btn-wrap-0 .kt-button{color:#555555;border-color:#555555;}.wp-block-kadence-advancedbtn.kt-btns4208_ee7601-34 .kt-btn-wrap-0 .kt-button:hover, .wp-block-kadence-advancedbtn.kt-btns4208_ee7601-34 .kt-btn-wrap-0 .kt-button:focus{color:#ffffff;border-color:#444444;}.wp-block-kadence-advancedbtn.kt-btns4208_ee7601-34 .kt-btn-wrap-0 .kt-button::before{display:none;}.wp-block-kadence-advancedbtn.kt-btns4208_ee7601-34 .kt-btn-wrap-0 .kt-button:hover, .wp-block-kadence-advancedbtn.kt-btns4208_ee7601-34 .kt-btn-wrap-0 .kt-button:focus{background:#444444;}<\/style>\n<div class=\"wp-block-kadence-advancedbtn kb-buttons-wrap kb-btns4208_ee7601-34\"><style>.wp-block-kadence-advancedbtn .kb-btn4208_047095-6b.kb-button, ul.menu .wp-block-kadence-advancedbtn .kb-btn4208_047095-6b.kb-button{width:200px;}<\/style><a class=\"kb-button kt-button button kb-btn4208_047095-6b kt-btn-size-small kt-btn-width-type-fixed kb-btn-global-inherit  kt-btn-has-text-true kt-btn-has-svg-false  wp-block-button__link wp-block-kadence-singlebtn\" href=\"https:\/\/huayuansh.com\/contact-us\/\"><span class=\"kt-btn-inner-text\">Contactar-nos<\/span><\/a><\/div>","protected":false},"excerpt":{"rendered":"<p>A ind\u00fastria do cal\u00e7ado apresenta desafios distintos para a integra\u00e7\u00e3o da RFID. Ao contr\u00e1rio do vestu\u00e1rio, os sapatos requerem frequentemente uma dupla etiquetagem - tanto no interior do sapato como na caixa - para garantir a rastreabilidade ao longo da cadeia de fornecimento. As etiquetas RFID t\u00eam de suportar a compress\u00e3o, a flex\u00e3o e as tens\u00f5es ambientais durante a produ\u00e7\u00e3o, distribui\u00e7\u00e3o e venda a retalho. Al\u00e9m disso, materiais como couro, borracha e componentes met\u00e1licos podem interferir no sinal...<\/p>","protected":false},"author":1,"featured_media":4213,"parent":731,"menu_order":0,"comment_status":"closed","ping_status":"closed","template":"","meta":{"_kad_blocks_custom_css":"","_kad_blocks_head_custom_js":"","_kad_blocks_body_custom_js":"","_kad_blocks_footer_custom_js":"","_kadence_starter_templates_imported_post":false,"_kad_post_transparent":"","_kad_post_title":"","_kad_post_layout":"","_kad_post_sidebar_id":"","_kad_post_content_style":"","_kad_post_vertical_padding":"","_kad_post_feature":"","_kad_post_feature_position":"","_kad_post_header":false,"_kad_post_footer":false,"footnotes":""},"class_list":["post-4208","page","type-page","status-publish","has-post-thumbnail","hentry"],"yoast_head":"<!-- This site is optimized with the Yoast SEO Premium plugin v23.0 (Yoast SEO v26.3) - https:\/\/yoast.com\/wordpress\/plugins\/seo\/ -->\n<title>RFID for Footwear | HUAYUAN RFID Tag Manufacturer<\/title>\n<meta name=\"description\" content=\"Discover how HUAYUAN&#039;s RFID labels optimize footwear tracking from production to retail. Our durable, custom-designed tags enhance inventory accuracy, anti-counterfeiting, and omnichannel fulfillment across the supply chain.\" \/>\n<meta name=\"robots\" content=\"index, follow, max-snippet:-1, max-image-preview:large, max-video-preview:-1\" \/>\n<link rel=\"canonical\" href=\"https:\/\/huayuansh.com\/pt\/segmentos-industriais\/rfid-para-calcados\/\" \/>\n<meta property=\"og:locale\" content=\"pt_PT\" \/>\n<meta property=\"og:type\" content=\"article\" \/>\n<meta property=\"og:title\" content=\"RFID for Footwear\" \/>\n<meta property=\"og:description\" content=\"Discover how HUAYUAN&#039;s RFID labels optimize footwear tracking from production to retail. Our durable, custom-designed tags enhance inventory accuracy, anti-counterfeiting, and omnichannel fulfillment across the supply chain.\" \/>\n<meta property=\"og:url\" content=\"https:\/\/huayuansh.com\/pt\/segmentos-industriais\/rfid-para-calcados\/\" \/>\n<meta property=\"og:site_name\" content=\"HUAYUAN RFID Tag Manufacturer\" \/>\n<meta property=\"article:modified_time\" content=\"2025-05-14T06:57:22+00:00\" \/>\n<meta property=\"og:image\" content=\"https:\/\/huayuansh.com\/wp-content\/uploads\/2025\/05\/RFID-for-Footwear.webp\" \/>\n\t<meta property=\"og:image:width\" content=\"1920\" \/>\n\t<meta property=\"og:image:height\" content=\"1080\" \/>\n\t<meta property=\"og:image:type\" content=\"image\/webp\" \/>\n<meta name=\"twitter:card\" content=\"summary_large_image\" \/>\n<meta name=\"twitter:label1\" content=\"Tempo estimado de leitura\" \/>\n\t<meta name=\"twitter:data1\" content=\"4 minutos\" \/>\n<script type=\"application\/ld+json\" class=\"yoast-schema-graph\">{\"@context\":\"https:\/\/schema.org\",\"@graph\":[{\"@type\":\"WebPage\",\"@id\":\"https:\/\/huayuansh.com\/industry-segments\/rfid-for-footwear\/\",\"url\":\"https:\/\/huayuansh.com\/industry-segments\/rfid-for-footwear\/\",\"name\":\"RFID for Footwear | HUAYUAN RFID Tag Manufacturer\",\"isPartOf\":{\"@id\":\"https:\/\/huayuansh.com\/#website\"},\"primaryImageOfPage\":{\"@id\":\"https:\/\/huayuansh.com\/industry-segments\/rfid-for-footwear\/#primaryimage\"},\"image\":{\"@id\":\"https:\/\/huayuansh.com\/industry-segments\/rfid-for-footwear\/#primaryimage\"},\"thumbnailUrl\":\"https:\/\/huayuansh.com\/wp-content\/uploads\/2025\/05\/RFID-for-Footwear.webp\",\"datePublished\":\"2025-05-14T06:57:19+00:00\",\"dateModified\":\"2025-05-14T06:57:22+00:00\",\"description\":\"Discover how HUAYUAN's RFID labels optimize footwear tracking from production to retail. Our durable, custom-designed tags enhance inventory accuracy, anti-counterfeiting, and omnichannel fulfillment across the supply chain.\",\"breadcrumb\":{\"@id\":\"https:\/\/huayuansh.com\/industry-segments\/rfid-for-footwear\/#breadcrumb\"},\"inLanguage\":\"pt-PT\",\"potentialAction\":[{\"@type\":\"ReadAction\",\"target\":[\"https:\/\/huayuansh.com\/industry-segments\/rfid-for-footwear\/\"]}]},{\"@type\":\"ImageObject\",\"inLanguage\":\"pt-PT\",\"@id\":\"https:\/\/huayuansh.com\/industry-segments\/rfid-for-footwear\/#primaryimage\",\"url\":\"https:\/\/huayuansh.com\/wp-content\/uploads\/2025\/05\/RFID-for-Footwear.webp\",\"contentUrl\":\"https:\/\/huayuansh.com\/wp-content\/uploads\/2025\/05\/RFID-for-Footwear.webp\",\"width\":1920,\"height\":1080,\"caption\":\"RFID for Footwear\"},{\"@type\":\"BreadcrumbList\",\"@id\":\"https:\/\/huayuansh.com\/industry-segments\/rfid-for-footwear\/#breadcrumb\",\"itemListElement\":[{\"@type\":\"ListItem\",\"position\":1,\"name\":\"Home\",\"item\":\"https:\/\/huayuansh.com\/\"},{\"@type\":\"ListItem\",\"position\":2,\"name\":\"Industry Segments\",\"item\":\"https:\/\/huayuansh.com\/industry-segments\/\"},{\"@type\":\"ListItem\",\"position\":3,\"name\":\"RFID for Footwear\"}]},{\"@type\":\"WebSite\",\"@id\":\"https:\/\/huayuansh.com\/#website\",\"url\":\"https:\/\/huayuansh.com\/\",\"name\":\"HUAYUAN RFID Tag Manufacturer\",\"description\":\"HUAYUAN RFID Tag Manufacturer\",\"publisher\":{\"@id\":\"https:\/\/huayuansh.com\/#organization\"},\"potentialAction\":[{\"@type\":\"SearchAction\",\"target\":{\"@type\":\"EntryPoint\",\"urlTemplate\":\"https:\/\/huayuansh.com\/?s={search_term_string}\"},\"query-input\":{\"@type\":\"PropertyValueSpecification\",\"valueRequired\":true,\"valueName\":\"search_term_string\"}}],\"inLanguage\":\"pt-PT\"},{\"@type\":\"Organization\",\"@id\":\"https:\/\/huayuansh.com\/#organization\",\"name\":\"HUAYUAN RFID Tag Manufacturer\",\"url\":\"https:\/\/huayuansh.com\/\",\"logo\":{\"@type\":\"ImageObject\",\"inLanguage\":\"pt-PT\",\"@id\":\"https:\/\/huayuansh.com\/#\/schema\/logo\/image\/\",\"url\":\"https:\/\/huayuansh.com\/wp-content\/uploads\/2024\/09\/cropped-HUAYUAN.webp\",\"contentUrl\":\"https:\/\/huayuansh.com\/wp-content\/uploads\/2024\/09\/cropped-HUAYUAN.webp\",\"width\":895,\"height\":279,\"caption\":\"HUAYUAN RFID Tag Manufacturer\"},\"image\":{\"@id\":\"https:\/\/huayuansh.com\/#\/schema\/logo\/image\/\"}}]}<\/script>\n<!-- \/ Yoast SEO Premium plugin. -->","yoast_head_json":{"title":"RFID para cal\u00e7ado | HUAYUAN RFID Tag Fabricante","description":"Descubra como as etiquetas RFID da HUAYUAN optimizam o seguimento do cal\u00e7ado desde a produ\u00e7\u00e3o at\u00e9 ao retalho. As nossas etiquetas duradouras e personalizadas melhoram a precis\u00e3o do invent\u00e1rio, o combate \u00e0 contrafa\u00e7\u00e3o e o cumprimento omnicanal em toda a cadeia de fornecimento.","robots":{"index":"index","follow":"follow","max-snippet":"max-snippet:-1","max-image-preview":"max-image-preview:large","max-video-preview":"max-video-preview:-1"},"canonical":"https:\/\/huayuansh.com\/pt\/segmentos-industriais\/rfid-para-calcados\/","og_locale":"pt_PT","og_type":"article","og_title":"RFID for Footwear","og_description":"Discover how HUAYUAN's RFID labels optimize footwear tracking from production to retail. Our durable, custom-designed tags enhance inventory accuracy, anti-counterfeiting, and omnichannel fulfillment across the supply chain.","og_url":"https:\/\/huayuansh.com\/pt\/segmentos-industriais\/rfid-para-calcados\/","og_site_name":"HUAYUAN RFID Tag Manufacturer","article_modified_time":"2025-05-14T06:57:22+00:00","og_image":[{"width":1920,"height":1080,"url":"https:\/\/huayuansh.com\/wp-content\/uploads\/2025\/05\/RFID-for-Footwear.webp","type":"image\/webp"}],"twitter_card":"summary_large_image","twitter_misc":{"Tempo estimado de leitura":"4 minutos"},"schema":{"@context":"https:\/\/schema.org","@graph":[{"@type":"WebPage","@id":"https:\/\/huayuansh.com\/industry-segments\/rfid-for-footwear\/","url":"https:\/\/huayuansh.com\/industry-segments\/rfid-for-footwear\/","name":"RFID para cal\u00e7ado | HUAYUAN RFID Tag Fabricante","isPartOf":{"@id":"https:\/\/huayuansh.com\/#website"},"primaryImageOfPage":{"@id":"https:\/\/huayuansh.com\/industry-segments\/rfid-for-footwear\/#primaryimage"},"image":{"@id":"https:\/\/huayuansh.com\/industry-segments\/rfid-for-footwear\/#primaryimage"},"thumbnailUrl":"https:\/\/huayuansh.com\/wp-content\/uploads\/2025\/05\/RFID-for-Footwear.webp","datePublished":"2025-05-14T06:57:19+00:00","dateModified":"2025-05-14T06:57:22+00:00","description":"Descubra como as etiquetas RFID da HUAYUAN optimizam o seguimento do cal\u00e7ado desde a produ\u00e7\u00e3o at\u00e9 ao retalho. As nossas etiquetas duradouras e personalizadas melhoram a precis\u00e3o do invent\u00e1rio, o combate \u00e0 contrafa\u00e7\u00e3o e o cumprimento omnicanal em toda a cadeia de fornecimento.","breadcrumb":{"@id":"https:\/\/huayuansh.com\/industry-segments\/rfid-for-footwear\/#breadcrumb"},"inLanguage":"pt-PT","potentialAction":[{"@type":"ReadAction","target":["https:\/\/huayuansh.com\/industry-segments\/rfid-for-footwear\/"]}]},{"@type":"ImageObject","inLanguage":"pt-PT","@id":"https:\/\/huayuansh.com\/industry-segments\/rfid-for-footwear\/#primaryimage","url":"https:\/\/huayuansh.com\/wp-content\/uploads\/2025\/05\/RFID-for-Footwear.webp","contentUrl":"https:\/\/huayuansh.com\/wp-content\/uploads\/2025\/05\/RFID-for-Footwear.webp","width":1920,"height":1080,"caption":"RFID for Footwear"},{"@type":"BreadcrumbList","@id":"https:\/\/huayuansh.com\/industry-segments\/rfid-for-footwear\/#breadcrumb","itemListElement":[{"@type":"ListItem","position":1,"name":"Home","item":"https:\/\/huayuansh.com\/"},{"@type":"ListItem","position":2,"name":"Industry Segments","item":"https:\/\/huayuansh.com\/industry-segments\/"},{"@type":"ListItem","position":3,"name":"RFID for Footwear"}]},{"@type":"WebSite","@id":"https:\/\/huayuansh.com\/#website","url":"https:\/\/huayuansh.com\/","name":"Fabricante de etiquetas RFID HUAYUAN","description":"Fabricante de etiquetas RFID HUAYUAN","publisher":{"@id":"https:\/\/huayuansh.com\/#organization"},"potentialAction":[{"@type":"SearchAction","target":{"@type":"EntryPoint","urlTemplate":"https:\/\/huayuansh.com\/?s={search_term_string}"},"query-input":{"@type":"PropertyValueSpecification","valueRequired":true,"valueName":"search_term_string"}}],"inLanguage":"pt-PT"},{"@type":"Organization","@id":"https:\/\/huayuansh.com\/#organization","name":"Fabricante de etiquetas RFID HUAYUAN","url":"https:\/\/huayuansh.com\/","logo":{"@type":"ImageObject","inLanguage":"pt-PT","@id":"https:\/\/huayuansh.com\/#\/schema\/logo\/image\/","url":"https:\/\/huayuansh.com\/wp-content\/uploads\/2024\/09\/cropped-HUAYUAN.webp","contentUrl":"https:\/\/huayuansh.com\/wp-content\/uploads\/2024\/09\/cropped-HUAYUAN.webp","width":895,"height":279,"caption":"HUAYUAN RFID Tag Manufacturer"},"image":{"@id":"https:\/\/huayuansh.com\/#\/schema\/logo\/image\/"}}]}},"taxonomy_info":[],"featured_image_src_large":["https:\/\/huayuansh.com\/wp-content\/uploads\/2025\/05\/RFID-for-Footwear-1024x576.webp",1024,576,true],"author_info":{"display_name":"HUAYUAN","author_link":"https:\/\/huayuansh.com\/pt\/author\/shyec2024\/"},"comment_info":0,"_links":{"self":[{"href":"https:\/\/huayuansh.com\/pt\/wp-json\/wp\/v2\/pages\/4208","targetHints":{"allow":["GET"]}}],"collection":[{"href":"https:\/\/huayuansh.com\/pt\/wp-json\/wp\/v2\/pages"}],"about":[{"href":"https:\/\/huayuansh.com\/pt\/wp-json\/wp\/v2\/types\/page"}],"author":[{"embeddable":true,"href":"https:\/\/huayuansh.com\/pt\/wp-json\/wp\/v2\/users\/1"}],"replies":[{"embeddable":true,"href":"https:\/\/huayuansh.com\/pt\/wp-json\/wp\/v2\/comments?post=4208"}],"version-history":[{"count":1,"href":"https:\/\/huayuansh.com\/pt\/wp-json\/wp\/v2\/pages\/4208\/revisions"}],"predecessor-version":[{"id":4214,"href":"https:\/\/huayuansh.com\/pt\/wp-json\/wp\/v2\/pages\/4208\/revisions\/4214"}],"up":[{"embeddable":true,"href":"https:\/\/huayuansh.com\/pt\/wp-json\/wp\/v2\/pages\/731"}],"wp:featuredmedia":[{"embeddable":true,"href":"https:\/\/huayuansh.com\/pt\/wp-json\/wp\/v2\/media\/4213"}],"wp:attachment":[{"href":"https:\/\/huayuansh.com\/pt\/wp-json\/wp\/v2\/media?parent=4208"}],"curies":[{"name":"wp","href":"https:\/\/api.w.org\/{rel}","templated":true}]}}