{"id":989,"date":"2024-08-21T18:25:27","date_gmt":"2024-08-21T10:25:27","guid":{"rendered":"https:\/\/test.huayuansh.com\/?page_id=989"},"modified":"2024-10-31T17:47:37","modified_gmt":"2024-10-31T09:47:37","slug":"inlays-rfid","status":"publish","type":"page","link":"https:\/\/huayuansh.com\/pt\/produtos\/inlays-rfid\/","title":{"rendered":"Inser\u00e7\u00f5es RFID"},"content":{"rendered":"<div class=\"wp-block-columns are-vertically-aligned-center is-layout-flex wp-container-core-columns-is-layout-9d6595d7 wp-block-columns-is-layout-flex\">\n<div class=\"wp-block-column is-vertically-aligned-center is-layout-flow wp-block-column-is-layout-flow\" style=\"flex-basis:60%\">\n<p>O nosso portef\u00f3lio de tecnologia RFID abrange uma gama diversificada de designs de inlay e capacidades de produ\u00e7\u00e3o, suportando bandas de frequ\u00eancia UHF, HF, NFC e dupla. Estas solu\u00e7\u00f5es s\u00e3o amplamente utilizadas em v\u00e1rios sectores, incluindo vestu\u00e1rio, automa\u00e7\u00e3o, produtos farmac\u00eauticos, cuidados de sa\u00fade, transportes, log\u00edstica e fabrico, entre outros. Dispon\u00edveis em v\u00e1rios formatos de entrega, os nossos inlays s\u00e3o recomendados para in\u00fameras aplica\u00e7\u00f5es que exigem um desempenho excecional.<\/p>\n\n\n\n<p>Em colabora\u00e7\u00e3o com os principais fornecedores de IC, desenvolvemos produtos RFID de ponta que integram a mais recente tecnologia de chips. Acelere a ado\u00e7\u00e3o de RFID ao n\u00edvel do item com os inlays e etiquetas RFID l\u00edderes de mercado da HUAYUAN.<\/p>\n<\/div>\n\n\n\n<div class=\"wp-block-column is-vertically-aligned-center is-layout-flow wp-block-column-is-layout-flow\" style=\"flex-basis:40%\"><div class=\"wp-block-image\">\n<figure class=\"aligncenter size-full\"><img loading=\"lazy\" decoding=\"async\" width=\"1000\" height=\"1000\" src=\"https:\/\/huayuansh.com\/wp-content\/uploads\/2024\/08\/UHF-RFID-Inlay.webp\" alt=\"\" class=\"wp-image-3711\" style=\"aspect-ratio:3\/2;object-fit:cover\" srcset=\"https:\/\/huayuansh.com\/wp-content\/uploads\/2024\/08\/UHF-RFID-Inlay.webp 1000w, https:\/\/huayuansh.com\/wp-content\/uploads\/2024\/08\/UHF-RFID-Inlay-300x300.webp 300w, https:\/\/huayuansh.com\/wp-content\/uploads\/2024\/08\/UHF-RFID-Inlay-150x150.webp 150w, https:\/\/huayuansh.com\/wp-content\/uploads\/2024\/08\/UHF-RFID-Inlay-768x768.webp 768w\" sizes=\"auto, (max-width: 1000px) 100vw, 1000px\" \/><\/figure><\/div><\/div>\n<\/div>\n\n\n\n<h2 class=\"wp-block-heading\" id=\"h-expertly-designed-manufactured-and-encoded\">Especialmente concebido, fabricado e codificado<\/h2>\n\n\n\n<p>Com anos de I&amp;D dedicada, adquirimos uma profunda experi\u00eancia em todos os aspectos da produ\u00e7\u00e3o em massa de RFID. O nosso compromisso para com a inova\u00e7\u00e3o reflecte-se nos nossos designs propriet\u00e1rios de etiquetas RFID, que englobam tudo, desde a produ\u00e7\u00e3o de antenas de alum\u00ednio \u00e0 convers\u00e3o, corte e programa\u00e7\u00e3o de dados.<\/p>\n\n\n\n<p>A nossa unidade de produ\u00e7\u00e3o de antenas de alum\u00ednio na China estende-se por 60 milh\u00f5es de metros quadrados, com uma produ\u00e7\u00e3o anual de aproximadamente 30 mil milh\u00f5es de antenas RFID. Dedicamo-nos ao avan\u00e7o da tecnologia de precis\u00e3o das antenas RFID para apoiar a miniaturiza\u00e7\u00e3o dos chips RFID. Al\u00e9m disso, o nosso sistema de prote\u00e7\u00e3o ambiental de \u00faltima gera\u00e7\u00e3o, desenvolvido em parceria com um instituto cient\u00edfico l\u00edder, garante que os res\u00edduos de fabrico na nossa nova f\u00e1brica s\u00e3o reduzidos em 98%. Os nossos processos de produ\u00e7\u00e3o abrangentes incluem a grava\u00e7\u00e3o, o corte mec\u00e2nico e o corte a laser de antenas de alum\u00ednio, utilizando substratos como papel, tecido e PET.<\/p>\n\n\n\n<h2 class=\"wp-block-heading\" id=\"h-browse-our-high-performing-rfid-inlays\">Navegue pelos nossos Inlays RFID de alto desempenho<\/h2>\n\n\n\n<figure class=\"wp-block-table\"><table class=\"has-fixed-layout\"><tbody><tr><td><\/td><td>Modelo de incrusta\u00e7\u00e3o<\/td><td>Chip<\/td><td>Dimens\u00f5es da antena<br>(em mm)<\/td><td>Aplica\u00e7\u00f5es<\/td><\/tr><tr><td><img loading=\"lazy\" decoding=\"async\" width=\"150\" height=\"48\" class=\"wp-image-3723\" style=\"width: 150px;\" src=\"https:\/\/huayuansh.com\/wp-content\/uploads\/2024\/08\/HY141u9.webp\" alt=\"\" srcset=\"https:\/\/huayuansh.com\/wp-content\/uploads\/2024\/08\/HY141u9.webp 310w, https:\/\/huayuansh.com\/wp-content\/uploads\/2024\/08\/HY141u9-300x97.webp 300w\" sizes=\"auto, (max-width: 150px) 100vw, 150px\" \/><\/td><td>HY141u9<\/td><td>NXP U9<\/td><td>70 x 14<\/td><td>Vestu\u00e1rio, log\u00edstica, aplica\u00e7\u00f5es industriais<\/td><\/tr><tr><td><img loading=\"lazy\" decoding=\"async\" width=\"150\" height=\"48\" class=\"wp-image-3722\" style=\"width: 150px;\" src=\"https:\/\/huayuansh.com\/wp-content\/uploads\/2024\/08\/HY142r6.webp\" alt=\"\" srcset=\"https:\/\/huayuansh.com\/wp-content\/uploads\/2024\/08\/HY142r6.webp 310w, https:\/\/huayuansh.com\/wp-content\/uploads\/2024\/08\/HY142r6-300x97.webp 300w\" sizes=\"auto, (max-width: 150px) 100vw, 150px\" \/><\/td><td>HY142r6<\/td><td>Impinj MR6 \/ MR6-P<\/td><td>70 x 14<\/td><td>Vestu\u00e1rio, Log\u00edstica<\/td><\/tr><tr><td><img loading=\"lazy\" decoding=\"async\" width=\"150\" height=\"48\" class=\"wp-image-3716\" style=\"width: 150px;\" src=\"https:\/\/huayuansh.com\/wp-content\/uploads\/2024\/08\/HY171h9.webp\" alt=\"\" srcset=\"https:\/\/huayuansh.com\/wp-content\/uploads\/2024\/08\/HY171h9.webp 310w, https:\/\/huayuansh.com\/wp-content\/uploads\/2024\/08\/HY171h9-300x97.webp 300w\" sizes=\"auto, (max-width: 150px) 100vw, 150px\" \/><\/td><td>HY171h9<\/td><td>Extraterrestre H9<\/td><td>70 x 17<\/td><td>Log\u00edstica, aplica\u00e7\u00f5es industriais<\/td><\/tr><tr><td><img loading=\"lazy\" decoding=\"async\" width=\"150\" height=\"48\" class=\"wp-image-3715\" style=\"width: 150px;\" src=\"https:\/\/huayuansh.com\/wp-content\/uploads\/2024\/08\/HY301m7.webp\" alt=\"\" srcset=\"https:\/\/huayuansh.com\/wp-content\/uploads\/2024\/08\/HY301m7.webp 310w, https:\/\/huayuansh.com\/wp-content\/uploads\/2024\/08\/HY301m7-300x97.webp 300w\" sizes=\"auto, (max-width: 150px) 100vw, 150px\" \/><img loading=\"lazy\" decoding=\"async\" width=\"50\" height=\"50\" class=\"wp-image-3730\" style=\"width: 50px;\" src=\"https:\/\/huayuansh.com\/wp-content\/uploads\/2024\/08\/Eco.webp\" alt=\"\" srcset=\"https:\/\/huayuansh.com\/wp-content\/uploads\/2024\/08\/Eco.webp 200w, https:\/\/huayuansh.com\/wp-content\/uploads\/2024\/08\/Eco-150x150.webp 150w\" sizes=\"auto, (max-width: 50px) 100vw, 50px\" \/><\/td><td>HY301m7<\/td><td>Impinj M730 \/ M750<\/td><td>50 x 30<\/td><td>Log\u00edstica, aplica\u00e7\u00f5es industriais<\/td><\/tr><tr><td><img loading=\"lazy\" decoding=\"async\" width=\"150\" height=\"48\" class=\"wp-image-3714\" style=\"width: 150px;\" src=\"https:\/\/huayuansh.com\/wp-content\/uploads\/2024\/08\/HY302u9.webp\" alt=\"\" srcset=\"https:\/\/huayuansh.com\/wp-content\/uploads\/2024\/08\/HY302u9.webp 310w, https:\/\/huayuansh.com\/wp-content\/uploads\/2024\/08\/HY302u9-300x97.webp 300w\" sizes=\"auto, (max-width: 150px) 100vw, 150px\" \/><\/td><td>HY302u9<\/td><td>NXP U9<\/td><td>50 x 30<\/td><td>Vestu\u00e1rio, Log\u00edstica<\/td><\/tr><tr><td><img loading=\"lazy\" decoding=\"async\" width=\"150\" height=\"48\" class=\"wp-image-3720\" style=\"width: 150px;\" src=\"https:\/\/huayuansh.com\/wp-content\/uploads\/2024\/08\/HY154r6.webp\" alt=\"\" srcset=\"https:\/\/huayuansh.com\/wp-content\/uploads\/2024\/08\/HY154r6.webp 310w, https:\/\/huayuansh.com\/wp-content\/uploads\/2024\/08\/HY154r6-300x97.webp 300w\" sizes=\"auto, (max-width: 150px) 100vw, 150px\" \/><\/td><td>HY154r6<\/td><td>Impinj MR6 \/ MR6-P<\/td><td>40 x 15<\/td><td>Vestu\u00e1rio, Log\u00edstica<\/td><\/tr><tr><td><img loading=\"lazy\" decoding=\"async\" width=\"150\" height=\"48\" class=\"wp-image-3721\" style=\"width: 150px;\" src=\"https:\/\/huayuansh.com\/wp-content\/uploads\/2024\/08\/HY153u9.webp\" alt=\"\" srcset=\"https:\/\/huayuansh.com\/wp-content\/uploads\/2024\/08\/HY153u9.webp 310w, https:\/\/huayuansh.com\/wp-content\/uploads\/2024\/08\/HY153u9-300x97.webp 300w\" sizes=\"auto, (max-width: 150px) 100vw, 150px\" \/><\/td><td>HY153u9<\/td><td>NXP U9<\/td><td>30 x 15<\/td><td>Retalho, Log\u00edstica<\/td><\/tr><tr><td><img loading=\"lazy\" decoding=\"async\" width=\"150\" height=\"48\" class=\"wp-image-3719\" style=\"width: 150px;\" src=\"https:\/\/huayuansh.com\/wp-content\/uploads\/2024\/08\/HY161m7.webp\" alt=\"\" srcset=\"https:\/\/huayuansh.com\/wp-content\/uploads\/2024\/08\/HY161m7.webp 310w, https:\/\/huayuansh.com\/wp-content\/uploads\/2024\/08\/HY161m7-300x97.webp 300w\" sizes=\"auto, (max-width: 150px) 100vw, 150px\" \/><img loading=\"lazy\" decoding=\"async\" width=\"50\" height=\"50\" class=\"wp-image-3730\" style=\"width: 50px;\" src=\"https:\/\/huayuansh.com\/wp-content\/uploads\/2024\/08\/Eco.webp\" alt=\"\" srcset=\"https:\/\/huayuansh.com\/wp-content\/uploads\/2024\/08\/Eco.webp 200w, https:\/\/huayuansh.com\/wp-content\/uploads\/2024\/08\/Eco-150x150.webp 150w\" sizes=\"auto, (max-width: 50px) 100vw, 50px\" \/><\/td><td>HY161m7<\/td><td>Impinj M730 \/ M750<\/td><td>42 x 16<\/td><td>Vestu\u00e1rio, Log\u00edstica<\/td><\/tr><tr><td><img loading=\"lazy\" decoding=\"async\" width=\"150\" height=\"48\" class=\"wp-image-3718\" style=\"width: 150px;\" src=\"https:\/\/huayuansh.com\/wp-content\/uploads\/2024\/08\/HY162u9.webp\" alt=\"\" srcset=\"https:\/\/huayuansh.com\/wp-content\/uploads\/2024\/08\/HY162u9.webp 310w, https:\/\/huayuansh.com\/wp-content\/uploads\/2024\/08\/HY162u9-300x97.webp 300w\" sizes=\"auto, (max-width: 150px) 100vw, 150px\" \/><\/td><td>HY162u9<\/td><td>NXP U9<\/td><td>42 x 16<\/td><td>Vestu\u00e1rio, Log\u00edstica<\/td><\/tr><tr><td><img loading=\"lazy\" decoding=\"async\" width=\"150\" height=\"48\" class=\"wp-image-3717\" style=\"width: 150px;\" src=\"https:\/\/huayuansh.com\/wp-content\/uploads\/2024\/08\/HY163m7.webp\" alt=\"\" srcset=\"https:\/\/huayuansh.com\/wp-content\/uploads\/2024\/08\/HY163m7.webp 310w, https:\/\/huayuansh.com\/wp-content\/uploads\/2024\/08\/HY163m7-300x97.webp 300w\" sizes=\"auto, (max-width: 150px) 100vw, 150px\" \/><\/td><td>HY163m7<\/td><td>Impinj M730 \/ M750<\/td><td>42 x 16<\/td><td>Vestu\u00e1rio, Log\u00edstica<\/td><\/tr><tr><td><img loading=\"lazy\" decoding=\"async\" width=\"150\" height=\"48\" class=\"wp-image-3713\" style=\"width: 150px;\" src=\"https:\/\/huayuansh.com\/wp-content\/uploads\/2024\/08\/HY470m4.webp\" alt=\"\" srcset=\"https:\/\/huayuansh.com\/wp-content\/uploads\/2024\/08\/HY470m4.webp 310w, https:\/\/huayuansh.com\/wp-content\/uploads\/2024\/08\/HY470m4-300x97.webp 300w\" sizes=\"auto, (max-width: 150px) 100vw, 150px\" \/><\/td><td>HY470m4<\/td><td>Impinj M4E \/ M4QT<\/td><td>44 x 44<\/td><td>Log\u00edstica<\/td><\/tr><tr><td><img loading=\"lazy\" decoding=\"async\" width=\"150\" height=\"48\" class=\"wp-image-3724\" style=\"width: 150px;\" src=\"https:\/\/huayuansh.com\/wp-content\/uploads\/2024\/08\/HY-XCl3D.webp\" alt=\"\" srcset=\"https:\/\/huayuansh.com\/wp-content\/uploads\/2024\/08\/HY-XCl3D.webp 310w, https:\/\/huayuansh.com\/wp-content\/uploads\/2024\/08\/HY-XCl3D-300x97.webp 300w\" sizes=\"auto, (max-width: 150px) 100vw, 150px\" \/><\/td><td>HY XCl3D<\/td><td>Impinj M4E<\/td><td>73 x 41<\/td><td>On-Liquid, Cadeia de fornecimento<\/td><\/tr><tr><td><img loading=\"lazy\" decoding=\"async\" width=\"150\" height=\"48\" class=\"wp-image-3725\" style=\"width: 150px;\" src=\"https:\/\/huayuansh.com\/wp-content\/uploads\/2024\/08\/HY-WebRN.webp\" alt=\"\" srcset=\"https:\/\/huayuansh.com\/wp-content\/uploads\/2024\/08\/HY-WebRN.webp 310w, https:\/\/huayuansh.com\/wp-content\/uploads\/2024\/08\/HY-WebRN-300x97.webp 300w\" sizes=\"auto, (max-width: 150px) 100vw, 150px\" \/><\/td><td>HY WebRN<\/td><td>EM4425<\/td><td>50 x 30<\/td><td>Retalho, Cadeia de Fornecimento<\/td><\/tr><tr><td><img loading=\"lazy\" decoding=\"async\" width=\"150\" height=\"48\" class=\"wp-image-3712\" style=\"width: 150px;\" src=\"https:\/\/huayuansh.com\/wp-content\/uploads\/2024\/08\/HY-AccRN.webp\" alt=\"\" srcset=\"https:\/\/huayuansh.com\/wp-content\/uploads\/2024\/08\/HY-AccRN.webp 310w, https:\/\/huayuansh.com\/wp-content\/uploads\/2024\/08\/HY-AccRN-300x97.webp 300w\" sizes=\"auto, (max-width: 150px) 100vw, 150px\" \/><\/td><td>HY AccRN<\/td><td>Quanray Qstar-7U<\/td><td>20 x 30<\/td><td><\/td><\/tr><tr><td><img loading=\"lazy\" decoding=\"async\" width=\"150\" height=\"48\" class=\"wp-image-3727\" style=\"width: 150px;\" src=\"https:\/\/huayuansh.com\/wp-content\/uploads\/2024\/08\/HY-SCirRN.webp\" alt=\"\" srcset=\"https:\/\/huayuansh.com\/wp-content\/uploads\/2024\/08\/HY-SCirRN.webp 310w, https:\/\/huayuansh.com\/wp-content\/uploads\/2024\/08\/HY-SCirRN-300x97.webp 300w\" sizes=\"auto, (max-width: 150px) 100vw, 150px\" \/><\/td><td>HY SCirRN<\/td><td>EM4425<\/td><td>\u03c636<\/td><td>Retalho<\/td><\/tr><tr><td><img loading=\"lazy\" decoding=\"async\" width=\"150\" height=\"48\" class=\"wp-image-3726\" style=\"width: 150px;\" src=\"https:\/\/huayuansh.com\/wp-content\/uploads\/2024\/08\/HY-WCirRN.webp\" alt=\"\" srcset=\"https:\/\/huayuansh.com\/wp-content\/uploads\/2024\/08\/HY-WCirRN.webp 310w, https:\/\/huayuansh.com\/wp-content\/uploads\/2024\/08\/HY-WCirRN-300x97.webp 300w\" sizes=\"auto, (max-width: 150px) 100vw, 150px\" \/><\/td><td>HY WCirRN<\/td><td>Quanray Qstar-7U<\/td><td>\u03c625<\/td><td><\/td><\/tr><\/tbody><\/table><\/figure>\n\n\n\n<h3 class=\"wp-block-heading\" id=\"h-get-in-touch\">Entrar em contacto<\/h3>\n\n\n\n<p>Experimente o futuro da tecnologia RFID com a HUAYUAN. Quer necessite de inlays de elevado desempenho ou de solu\u00e7\u00f5es de fabrico sustent\u00e1veis, somos o seu parceiro de confian\u00e7a. Eleve o seu neg\u00f3cio, simplifique as suas opera\u00e7\u00f5es e mantenha-se \u00e0 frente no panorama competitivo com os nossos produtos RFID inovadores. Escolha a HUAYUAN, onde a precis\u00e3o encontra a inova\u00e7\u00e3o.<\/p>\n\n\n<style>.wp-block-kadence-advancedbtn.kb-btns989_2961fa-9b{gap:var(--global-kb-gap-xs, 0.5rem );justify-content:flex-start;align-items:center;}.kt-btns989_2961fa-9b .kt-button{font-weight:normal;font-style:normal;}.kt-btns989_2961fa-9b .kt-btn-wrap-0{margin-right:5px;}.wp-block-kadence-advancedbtn.kt-btns989_2961fa-9b .kt-btn-wrap-0 .kt-button{color:#555555;border-color:#555555;}.wp-block-kadence-advancedbtn.kt-btns989_2961fa-9b .kt-btn-wrap-0 .kt-button:hover, .wp-block-kadence-advancedbtn.kt-btns989_2961fa-9b .kt-btn-wrap-0 .kt-button:focus{color:#ffffff;border-color:#444444;}.wp-block-kadence-advancedbtn.kt-btns989_2961fa-9b .kt-btn-wrap-0 .kt-button::before{display:none;}.wp-block-kadence-advancedbtn.kt-btns989_2961fa-9b .kt-btn-wrap-0 .kt-button:hover, .wp-block-kadence-advancedbtn.kt-btns989_2961fa-9b .kt-btn-wrap-0 .kt-button:focus{background:#444444;}<\/style>\n<div class=\"wp-block-kadence-advancedbtn kb-buttons-wrap kb-btns989_2961fa-9b\"><style>ul.menu .wp-block-kadence-advancedbtn .kb-btn989_e2ea9d-65.kb-button{width:initial;}<\/style><a class=\"kb-button kt-button button kb-btn989_e2ea9d-65 kt-btn-size-standard kt-btn-width-type-auto kb-btn-global-inherit  kt-btn-has-text-true kt-btn-has-svg-false  wp-block-button__link wp-block-kadence-singlebtn\" href=\"https:\/\/huayuansh.com\/contact-us\/\"><span class=\"kt-btn-inner-text\">Contactar-nos<\/span><\/a><\/div>","protected":false},"excerpt":{"rendered":"<p>O nosso portef\u00f3lio de tecnologia RFID abrange uma gama diversificada de designs de inlay e capacidades de produ\u00e7\u00e3o, suportando bandas de frequ\u00eancia UHF, HF, NFC e dupla. Estas solu\u00e7\u00f5es s\u00e3o amplamente utilizadas em v\u00e1rios sectores, incluindo vestu\u00e1rio, automa\u00e7\u00e3o, produtos farmac\u00eauticos, cuidados de sa\u00fade, transportes, log\u00edstica e fabrico, entre outros. Oferecidos em v\u00e1rios formatos de entrega, os nossos inlays s\u00e3o recomendados para in\u00fameras aplica\u00e7\u00f5es que exigem...<\/p>","protected":false},"author":1,"featured_media":3710,"parent":2104,"menu_order":32,"comment_status":"closed","ping_status":"closed","template":"","meta":{"_kad_blocks_custom_css":"","_kad_blocks_head_custom_js":"","_kad_blocks_body_custom_js":"","_kad_blocks_footer_custom_js":"","_kadence_starter_templates_imported_post":false,"_kad_post_transparent":"","_kad_post_title":"","_kad_post_layout":"","_kad_post_sidebar_id":"","_kad_post_content_style":"","_kad_post_vertical_padding":"","_kad_post_feature":"","_kad_post_feature_position":"","_kad_post_header":false,"_kad_post_footer":false,"footnotes":""},"class_list":["post-989","page","type-page","status-publish","has-post-thumbnail","hentry"],"yoast_head":"<!-- This site is optimized with the Yoast SEO Premium plugin v23.0 (Yoast SEO v26.3) - https:\/\/yoast.com\/wordpress\/plugins\/seo\/ -->\n<title>RFID Inlays | HUAYUAN RFID Tag Manufacturer<\/title>\n<meta name=\"description\" content=\"Explore HUAYUAN&#039;s RFID inlays and tags, optimized for various industries with cutting-edge technology, precision manufacturing, and eco-friendly production processes.\" \/>\n<meta name=\"robots\" content=\"index, follow, max-snippet:-1, max-image-preview:large, max-video-preview:-1\" \/>\n<link rel=\"canonical\" href=\"https:\/\/huayuansh.com\/pt\/produtos\/inlays-rfid\/\" \/>\n<meta property=\"og:locale\" content=\"pt_PT\" \/>\n<meta property=\"og:type\" content=\"article\" \/>\n<meta property=\"og:title\" content=\"RFID Inlays\" \/>\n<meta property=\"og:description\" content=\"Explore HUAYUAN&#039;s RFID inlays and tags, optimized for various industries with cutting-edge technology, precision manufacturing, and eco-friendly production processes.\" \/>\n<meta property=\"og:url\" content=\"https:\/\/huayuansh.com\/pt\/produtos\/inlays-rfid\/\" \/>\n<meta property=\"og:site_name\" content=\"HUAYUAN RFID Tag Manufacturer\" \/>\n<meta property=\"article:modified_time\" content=\"2024-10-31T09:47:37+00:00\" \/>\n<meta property=\"og:image\" content=\"https:\/\/huayuansh.com\/wp-content\/uploads\/2024\/08\/RFID-Inlays.webp\" \/>\n\t<meta property=\"og:image:width\" content=\"1920\" \/>\n\t<meta property=\"og:image:height\" content=\"1080\" \/>\n\t<meta property=\"og:image:type\" content=\"image\/webp\" \/>\n<meta name=\"twitter:card\" content=\"summary_large_image\" \/>\n<meta name=\"twitter:label1\" content=\"Tempo estimado de leitura\" \/>\n\t<meta name=\"twitter:data1\" content=\"6 minutos\" \/>\n<script type=\"application\/ld+json\" class=\"yoast-schema-graph\">{\"@context\":\"https:\/\/schema.org\",\"@graph\":[{\"@type\":\"WebPage\",\"@id\":\"https:\/\/huayuansh.com\/products\/rfid-inlays\/\",\"url\":\"https:\/\/huayuansh.com\/products\/rfid-inlays\/\",\"name\":\"RFID Inlays | HUAYUAN RFID Tag Manufacturer\",\"isPartOf\":{\"@id\":\"https:\/\/huayuansh.com\/#website\"},\"primaryImageOfPage\":{\"@id\":\"https:\/\/huayuansh.com\/products\/rfid-inlays\/#primaryimage\"},\"image\":{\"@id\":\"https:\/\/huayuansh.com\/products\/rfid-inlays\/#primaryimage\"},\"thumbnailUrl\":\"https:\/\/huayuansh.com\/wp-content\/uploads\/2024\/08\/RFID-Inlays.webp\",\"datePublished\":\"2024-08-21T10:25:27+00:00\",\"dateModified\":\"2024-10-31T09:47:37+00:00\",\"description\":\"Explore HUAYUAN's RFID inlays and tags, optimized for various industries with cutting-edge technology, precision manufacturing, and eco-friendly production processes.\",\"breadcrumb\":{\"@id\":\"https:\/\/huayuansh.com\/products\/rfid-inlays\/#breadcrumb\"},\"inLanguage\":\"pt-PT\",\"potentialAction\":[{\"@type\":\"ReadAction\",\"target\":[\"https:\/\/huayuansh.com\/products\/rfid-inlays\/\"]}]},{\"@type\":\"ImageObject\",\"inLanguage\":\"pt-PT\",\"@id\":\"https:\/\/huayuansh.com\/products\/rfid-inlays\/#primaryimage\",\"url\":\"https:\/\/huayuansh.com\/wp-content\/uploads\/2024\/08\/RFID-Inlays.webp\",\"contentUrl\":\"https:\/\/huayuansh.com\/wp-content\/uploads\/2024\/08\/RFID-Inlays.webp\",\"width\":1920,\"height\":1080},{\"@type\":\"BreadcrumbList\",\"@id\":\"https:\/\/huayuansh.com\/products\/rfid-inlays\/#breadcrumb\",\"itemListElement\":[{\"@type\":\"ListItem\",\"position\":1,\"name\":\"Home\",\"item\":\"https:\/\/huayuansh.com\/\"},{\"@type\":\"ListItem\",\"position\":2,\"name\":\"RFID Products\",\"item\":\"https:\/\/huayuansh.com\/products\/\"},{\"@type\":\"ListItem\",\"position\":3,\"name\":\"RFID Inlays\"}]},{\"@type\":\"WebSite\",\"@id\":\"https:\/\/huayuansh.com\/#website\",\"url\":\"https:\/\/huayuansh.com\/\",\"name\":\"HUAYUAN RFID Tag Manufacturer\",\"description\":\"HUAYUAN RFID Tag Manufacturer\",\"publisher\":{\"@id\":\"https:\/\/huayuansh.com\/#organization\"},\"potentialAction\":[{\"@type\":\"SearchAction\",\"target\":{\"@type\":\"EntryPoint\",\"urlTemplate\":\"https:\/\/huayuansh.com\/?s={search_term_string}\"},\"query-input\":{\"@type\":\"PropertyValueSpecification\",\"valueRequired\":true,\"valueName\":\"search_term_string\"}}],\"inLanguage\":\"pt-PT\"},{\"@type\":\"Organization\",\"@id\":\"https:\/\/huayuansh.com\/#organization\",\"name\":\"HUAYUAN RFID Tag Manufacturer\",\"url\":\"https:\/\/huayuansh.com\/\",\"logo\":{\"@type\":\"ImageObject\",\"inLanguage\":\"pt-PT\",\"@id\":\"https:\/\/huayuansh.com\/#\/schema\/logo\/image\/\",\"url\":\"https:\/\/huayuansh.com\/wp-content\/uploads\/2024\/09\/cropped-HUAYUAN.webp\",\"contentUrl\":\"https:\/\/huayuansh.com\/wp-content\/uploads\/2024\/09\/cropped-HUAYUAN.webp\",\"width\":895,\"height\":279,\"caption\":\"HUAYUAN RFID Tag Manufacturer\"},\"image\":{\"@id\":\"https:\/\/huayuansh.com\/#\/schema\/logo\/image\/\"}}]}<\/script>\n<!-- \/ Yoast SEO Premium plugin. -->","yoast_head_json":{"title":"Etiquetas RFID Inlays | HUAYUAN RFID Tag Fabricante","description":"Explore os inlays e etiquetas RFID da HUAYUAN, optimizados para v\u00e1rias ind\u00fastrias com tecnologia de ponta, fabrico de precis\u00e3o e processos de produ\u00e7\u00e3o amigos do ambiente.","robots":{"index":"index","follow":"follow","max-snippet":"max-snippet:-1","max-image-preview":"max-image-preview:large","max-video-preview":"max-video-preview:-1"},"canonical":"https:\/\/huayuansh.com\/pt\/produtos\/inlays-rfid\/","og_locale":"pt_PT","og_type":"article","og_title":"RFID Inlays","og_description":"Explore HUAYUAN's RFID inlays and tags, optimized for various industries with cutting-edge technology, precision manufacturing, and eco-friendly production processes.","og_url":"https:\/\/huayuansh.com\/pt\/produtos\/inlays-rfid\/","og_site_name":"HUAYUAN RFID Tag Manufacturer","article_modified_time":"2024-10-31T09:47:37+00:00","og_image":[{"width":1920,"height":1080,"url":"https:\/\/huayuansh.com\/wp-content\/uploads\/2024\/08\/RFID-Inlays.webp","type":"image\/webp"}],"twitter_card":"summary_large_image","twitter_misc":{"Tempo estimado de leitura":"6 minutos"},"schema":{"@context":"https:\/\/schema.org","@graph":[{"@type":"WebPage","@id":"https:\/\/huayuansh.com\/products\/rfid-inlays\/","url":"https:\/\/huayuansh.com\/products\/rfid-inlays\/","name":"Etiquetas RFID Inlays | HUAYUAN RFID Tag Fabricante","isPartOf":{"@id":"https:\/\/huayuansh.com\/#website"},"primaryImageOfPage":{"@id":"https:\/\/huayuansh.com\/products\/rfid-inlays\/#primaryimage"},"image":{"@id":"https:\/\/huayuansh.com\/products\/rfid-inlays\/#primaryimage"},"thumbnailUrl":"https:\/\/huayuansh.com\/wp-content\/uploads\/2024\/08\/RFID-Inlays.webp","datePublished":"2024-08-21T10:25:27+00:00","dateModified":"2024-10-31T09:47:37+00:00","description":"Explore os inlays e etiquetas RFID da HUAYUAN, optimizados para v\u00e1rias ind\u00fastrias com tecnologia de ponta, fabrico de precis\u00e3o e processos de produ\u00e7\u00e3o amigos do ambiente.","breadcrumb":{"@id":"https:\/\/huayuansh.com\/products\/rfid-inlays\/#breadcrumb"},"inLanguage":"pt-PT","potentialAction":[{"@type":"ReadAction","target":["https:\/\/huayuansh.com\/products\/rfid-inlays\/"]}]},{"@type":"ImageObject","inLanguage":"pt-PT","@id":"https:\/\/huayuansh.com\/products\/rfid-inlays\/#primaryimage","url":"https:\/\/huayuansh.com\/wp-content\/uploads\/2024\/08\/RFID-Inlays.webp","contentUrl":"https:\/\/huayuansh.com\/wp-content\/uploads\/2024\/08\/RFID-Inlays.webp","width":1920,"height":1080},{"@type":"BreadcrumbList","@id":"https:\/\/huayuansh.com\/products\/rfid-inlays\/#breadcrumb","itemListElement":[{"@type":"ListItem","position":1,"name":"Home","item":"https:\/\/huayuansh.com\/"},{"@type":"ListItem","position":2,"name":"RFID Products","item":"https:\/\/huayuansh.com\/products\/"},{"@type":"ListItem","position":3,"name":"RFID Inlays"}]},{"@type":"WebSite","@id":"https:\/\/huayuansh.com\/#website","url":"https:\/\/huayuansh.com\/","name":"Fabricante de etiquetas RFID HUAYUAN","description":"Fabricante de etiquetas RFID HUAYUAN","publisher":{"@id":"https:\/\/huayuansh.com\/#organization"},"potentialAction":[{"@type":"SearchAction","target":{"@type":"EntryPoint","urlTemplate":"https:\/\/huayuansh.com\/?s={search_term_string}"},"query-input":{"@type":"PropertyValueSpecification","valueRequired":true,"valueName":"search_term_string"}}],"inLanguage":"pt-PT"},{"@type":"Organization","@id":"https:\/\/huayuansh.com\/#organization","name":"Fabricante de etiquetas RFID HUAYUAN","url":"https:\/\/huayuansh.com\/","logo":{"@type":"ImageObject","inLanguage":"pt-PT","@id":"https:\/\/huayuansh.com\/#\/schema\/logo\/image\/","url":"https:\/\/huayuansh.com\/wp-content\/uploads\/2024\/09\/cropped-HUAYUAN.webp","contentUrl":"https:\/\/huayuansh.com\/wp-content\/uploads\/2024\/09\/cropped-HUAYUAN.webp","width":895,"height":279,"caption":"HUAYUAN RFID Tag Manufacturer"},"image":{"@id":"https:\/\/huayuansh.com\/#\/schema\/logo\/image\/"}}]}},"taxonomy_info":[],"featured_image_src_large":["https:\/\/huayuansh.com\/wp-content\/uploads\/2024\/08\/RFID-Inlays-1024x576.webp",1024,576,true],"author_info":{"display_name":"HUAYUAN","author_link":"https:\/\/huayuansh.com\/pt\/author\/shyec2024\/"},"comment_info":0,"_links":{"self":[{"href":"https:\/\/huayuansh.com\/pt\/wp-json\/wp\/v2\/pages\/989","targetHints":{"allow":["GET"]}}],"collection":[{"href":"https:\/\/huayuansh.com\/pt\/wp-json\/wp\/v2\/pages"}],"about":[{"href":"https:\/\/huayuansh.com\/pt\/wp-json\/wp\/v2\/types\/page"}],"author":[{"embeddable":true,"href":"https:\/\/huayuansh.com\/pt\/wp-json\/wp\/v2\/users\/1"}],"replies":[{"embeddable":true,"href":"https:\/\/huayuansh.com\/pt\/wp-json\/wp\/v2\/comments?post=989"}],"version-history":[{"count":10,"href":"https:\/\/huayuansh.com\/pt\/wp-json\/wp\/v2\/pages\/989\/revisions"}],"predecessor-version":[{"id":4076,"href":"https:\/\/huayuansh.com\/pt\/wp-json\/wp\/v2\/pages\/989\/revisions\/4076"}],"up":[{"embeddable":true,"href":"https:\/\/huayuansh.com\/pt\/wp-json\/wp\/v2\/pages\/2104"}],"wp:featuredmedia":[{"embeddable":true,"href":"https:\/\/huayuansh.com\/pt\/wp-json\/wp\/v2\/media\/3710"}],"wp:attachment":[{"href":"https:\/\/huayuansh.com\/pt\/wp-json\/wp\/v2\/media?parent=989"}],"curies":[{"name":"wp","href":"https:\/\/api.w.org\/{rel}","templated":true}]}}