{"id":991,"date":"2024-06-28T16:18:48","date_gmt":"2024-06-28T08:18:48","guid":{"rendered":"https:\/\/test.huayuansh.com\/?page_id=991"},"modified":"2025-12-23T10:39:12","modified_gmt":"2025-12-23T02:39:12","slug":"modulos-leitores-rfid","status":"publish","type":"page","link":"https:\/\/huayuansh.com\/pt\/produtos\/modulos-leitores-rfid\/","title":{"rendered":"Dispositivos de leitura RFID"},"content":{"rendered":"<p>A HUAYUAN oferece uma vasta gama de leitores RFID UHF para satisfazer as suas necessidades de identifica\u00e7\u00e3o dos seus artigos etiquetados. Os nossos leitores RFID s\u00e3o concebidos para cumprir as normas de frequ\u00eancia globais actuais e est\u00e3o dispon\u00edveis com diferentes carater\u00edsticas, o que os torna facilmente compat\u00edveis com muitos <a href=\"https:\/\/huayuansh.com\/products\/industrial-rfid-tags\/\">Etiquetas RFID<\/a>. Estes leitores s\u00e3o amplamente aplicados na gest\u00e3o de stocks, gest\u00e3o log\u00edstica, sistema de estacionamento, gest\u00e3o autom\u00e1tica da produ\u00e7\u00e3o, sistema de biblioteca, etc.<\/p>\n\n\n\n<p>Dispomos de leitores RFID com as diferentes carater\u00edsticas que s\u00e3o ideais para o seu <a href=\"https:\/\/huayuansh.com\/applications\/\">aplica\u00e7\u00e3o diferente<\/a>. Um sistema RFID pode exigir leitores de secret\u00e1ria, leitores integrados e at\u00e9 dispositivos port\u00e1teis com Bluetooth. Muitos sistemas tamb\u00e9m precisam de utilizar o mesmo leitor para identificar tanto as etiquetas RFID como os c\u00f3digos de barras.<\/p>\n\n\n\n<div class=\"wp-block-columns are-vertically-aligned-center is-layout-flex wp-container-core-columns-is-layout-9d6595d7 wp-block-columns-is-layout-flex\">\n<div class=\"wp-block-column is-vertically-aligned-center is-layout-flow wp-block-column-is-layout-flow\" style=\"flex-basis:60%\">\n<h2 class=\"wp-block-heading\" id=\"h-uhf-handheld-reader-data-terminal\"><a href=\"https:\/\/huayuansh.com\/products\/rfid-readers-modules\/uhf-handheld-reader-data-terminal\/\">Terminal de dados de leitor port\u00e1til UHF<\/a><\/h2>\n\n\n\n<p>O HUAYUAN ORCA-50 \u00e9 um leitor RFID port\u00e1til UHF de alto desempenho que inclui o chip Impinj Indy R2000. O seu design robusto e a prote\u00e7\u00e3o IP64 garantem a durabilidade em ambientes industriais. Funcionando com Android 6.0, suporta opera\u00e7\u00f5es de dados extensivas com uma bateria de 6000mAh hot-swappable para uso cont\u00ednuo. Ideal para a gest\u00e3o de stocks e a log\u00edstica, destaca-se pela identifica\u00e7\u00e3o de v\u00e1rias etiquetas.<\/p>\n\n\n<style>.wp-block-kadence-advancedbtn.kb-btns991_267175-fe{gap:var(--global-kb-gap-xs, 0.5rem );justify-content:flex-end;align-items:center;}.kt-btns991_267175-fe .kt-button{font-weight:normal;font-style:normal;}.kt-btns991_267175-fe .kt-btn-wrap-0{margin-right:5px;}.wp-block-kadence-advancedbtn.kt-btns991_267175-fe .kt-btn-wrap-0 .kt-button{color:#555555;border-color:#555555;}.wp-block-kadence-advancedbtn.kt-btns991_267175-fe .kt-btn-wrap-0 .kt-button:hover, .wp-block-kadence-advancedbtn.kt-btns991_267175-fe .kt-btn-wrap-0 .kt-button:focus{color:#ffffff;border-color:#444444;}.wp-block-kadence-advancedbtn.kt-btns991_267175-fe .kt-btn-wrap-0 .kt-button::before{display:none;}.wp-block-kadence-advancedbtn.kt-btns991_267175-fe .kt-btn-wrap-0 .kt-button:hover, .wp-block-kadence-advancedbtn.kt-btns991_267175-fe .kt-btn-wrap-0 .kt-button:focus{background:#444444;}<\/style>\n<div class=\"wp-block-kadence-advancedbtn kb-buttons-wrap kb-btns991_267175-fe\"><style>ul.menu .wp-block-kadence-advancedbtn .kb-btn991_ee86ca-68.kb-button{width:initial;}<\/style><a class=\"kb-button kt-button button kb-btn991_ee86ca-68 kt-btn-size-small kt-btn-width-type-auto kb-btn-global-inherit  kt-btn-has-text-true kt-btn-has-svg-false  wp-block-button__link wp-block-kadence-singlebtn\" href=\"https:\/\/huayuansh.com\/products\/rfid-readers-modules\/uhf-handheld-reader-data-terminal\/\"><span class=\"kt-btn-inner-text\">SAIBA MAIS<\/span><\/a><\/div>\n<\/div>\n\n\n\n<div class=\"wp-block-column is-vertically-aligned-center is-layout-flow wp-block-column-is-layout-flow\" style=\"flex-basis:40%\">\n<figure class=\"wp-block-image size-large\"><a href=\"https:\/\/huayuansh.com\/products\/rfid-readers-modules\/uhf-handheld-reader-data-terminal\/\"><img loading=\"lazy\" decoding=\"async\" width=\"1024\" height=\"576\" src=\"https:\/\/huayuansh.com\/wp-content\/uploads\/2024\/08\/UHF-Handheld-Reader-Data-Terminal-1024x576.webp\" alt=\"Terminal de dados de leitor port\u00e1til UHF\" class=\"wp-image-3548\" srcset=\"https:\/\/huayuansh.com\/wp-content\/uploads\/2024\/08\/UHF-Handheld-Reader-Data-Terminal-1024x576.webp 1024w, https:\/\/huayuansh.com\/wp-content\/uploads\/2024\/08\/UHF-Handheld-Reader-Data-Terminal-300x169.webp 300w, https:\/\/huayuansh.com\/wp-content\/uploads\/2024\/08\/UHF-Handheld-Reader-Data-Terminal-768x432.webp 768w, https:\/\/huayuansh.com\/wp-content\/uploads\/2024\/08\/UHF-Handheld-Reader-Data-Terminal-1536x864.webp 1536w, https:\/\/huayuansh.com\/wp-content\/uploads\/2024\/08\/UHF-Handheld-Reader-Data-Terminal.webp 1920w\" sizes=\"auto, (max-width: 1024px) 100vw, 1024px\" \/><\/a><\/figure>\n<\/div>\n<\/div>\n\n\n\n<div class=\"wp-block-columns are-vertically-aligned-center is-layout-flex wp-container-core-columns-is-layout-9d6595d7 wp-block-columns-is-layout-flex\">\n<div class=\"wp-block-column is-vertically-aligned-center is-layout-flow wp-block-column-is-layout-flow\" style=\"flex-basis:60%\">\n<h2 class=\"wp-block-heading\" id=\"h-uhf-rfid-fixed-reader\"><a href=\"https:\/\/huayuansh.com\/products\/rfid-readers-modules\/uhf-rfid-fixed-reader\/\">Leitor fixo RFID UHF<\/a><\/h2>\n\n\n\n<p>O leitor fixo RFID UHF da HUAYUAN foi concebido para um desempenho fi\u00e1vel e robusto em ambientes industriais. Com recursos avan\u00e7ados de leitura de v\u00e1rias etiquetas, ele suporta v\u00e1rios protocolos e oferece op\u00e7\u00f5es de configura\u00e7\u00e3o flex\u00edveis. O leitor \u00e9 adequado para aplica\u00e7\u00f5es como gest\u00e3o de armaz\u00e9ns, monitoriza\u00e7\u00e3o de linhas de produ\u00e7\u00e3o e localiza\u00e7\u00e3o de activos, garantindo uma captura de dados eficiente e precisa.<\/p>\n\n\n<style>.wp-block-kadence-advancedbtn.kb-btns991_7ec2d4-30{gap:var(--global-kb-gap-xs, 0.5rem );justify-content:flex-end;align-items:center;}.kt-btns991_7ec2d4-30 .kt-button{font-weight:normal;font-style:normal;}.kt-btns991_7ec2d4-30 .kt-btn-wrap-0{margin-right:5px;}.wp-block-kadence-advancedbtn.kt-btns991_7ec2d4-30 .kt-btn-wrap-0 .kt-button{color:#555555;border-color:#555555;}.wp-block-kadence-advancedbtn.kt-btns991_7ec2d4-30 .kt-btn-wrap-0 .kt-button:hover, .wp-block-kadence-advancedbtn.kt-btns991_7ec2d4-30 .kt-btn-wrap-0 .kt-button:focus{color:#ffffff;border-color:#444444;}.wp-block-kadence-advancedbtn.kt-btns991_7ec2d4-30 .kt-btn-wrap-0 .kt-button::before{display:none;}.wp-block-kadence-advancedbtn.kt-btns991_7ec2d4-30 .kt-btn-wrap-0 .kt-button:hover, .wp-block-kadence-advancedbtn.kt-btns991_7ec2d4-30 .kt-btn-wrap-0 .kt-button:focus{background:#444444;}<\/style>\n<div class=\"wp-block-kadence-advancedbtn kb-buttons-wrap kb-btns991_7ec2d4-30\"><style>ul.menu .wp-block-kadence-advancedbtn .kb-btn991_3e2851-5f.kb-button{width:initial;}<\/style><a class=\"kb-button kt-button button kb-btn991_3e2851-5f kt-btn-size-small kt-btn-width-type-auto kb-btn-global-inherit  kt-btn-has-text-true kt-btn-has-svg-false  wp-block-button__link wp-block-kadence-singlebtn\" href=\"https:\/\/huayuansh.com\/products\/rfid-readers-modules\/uhf-rfid-fixed-reader\/\"><span class=\"kt-btn-inner-text\">SAIBA MAIS<\/span><\/a><\/div>\n<\/div>\n\n\n\n<div class=\"wp-block-column is-vertically-aligned-center is-layout-flow wp-block-column-is-layout-flow\" style=\"flex-basis:40%\">\n<figure class=\"wp-block-image size-large\"><a href=\"https:\/\/huayuansh.com\/products\/rfid-readers-modules\/uhf-rfid-fixed-reader\/\"><img loading=\"lazy\" decoding=\"async\" width=\"1024\" height=\"576\" src=\"https:\/\/huayuansh.com\/wp-content\/uploads\/2024\/08\/HUAYUAN-UHF-RFID-Fixed-Readers-1024x576.webp\" alt=\"Leitores fixos RFID UHF HUAYUAN\" class=\"wp-image-3566\" srcset=\"https:\/\/huayuansh.com\/wp-content\/uploads\/2024\/08\/HUAYUAN-UHF-RFID-Fixed-Readers-1024x576.webp 1024w, https:\/\/huayuansh.com\/wp-content\/uploads\/2024\/08\/HUAYUAN-UHF-RFID-Fixed-Readers-300x169.webp 300w, https:\/\/huayuansh.com\/wp-content\/uploads\/2024\/08\/HUAYUAN-UHF-RFID-Fixed-Readers-768x432.webp 768w, https:\/\/huayuansh.com\/wp-content\/uploads\/2024\/08\/HUAYUAN-UHF-RFID-Fixed-Readers-1536x864.webp 1536w, https:\/\/huayuansh.com\/wp-content\/uploads\/2024\/08\/HUAYUAN-UHF-RFID-Fixed-Readers.webp 1920w\" sizes=\"auto, (max-width: 1024px) 100vw, 1024px\" \/><\/a><\/figure>\n<\/div>\n<\/div>\n\n\n\n<div class=\"wp-block-columns are-vertically-aligned-center is-layout-flex wp-container-core-columns-is-layout-9d6595d7 wp-block-columns-is-layout-flex\">\n<div class=\"wp-block-column is-vertically-aligned-center is-layout-flow wp-block-column-is-layout-flow\" style=\"flex-basis:60%\">\n<h2 class=\"wp-block-heading\" id=\"h-rain-rfid-reader-antenna\"><a href=\"https:\/\/huayuansh.com\/products\/rfid-readers-modules\/rain-rfid-reader-antenna\/\">Antena do leitor RFID RAIN<\/a><\/h2>\n\n\n\n<p>A antena de leitor RFID HUAYUAN RAIN oferece alto ganho e baixa rela\u00e7\u00e3o de onda estacion\u00e1ria para desempenho superior em ambientes desafiadores. Dispon\u00edvel em op\u00e7\u00f5es de polariza\u00e7\u00e3o circular e linear, ela suporta aplica\u00e7\u00f5es de longo alcance de at\u00e9 20 metros. A sua constru\u00e7\u00e3o com classifica\u00e7\u00e3o IP66 torna-a adequada para condi\u00e7\u00f5es adversas, ideal para invent\u00e1rio, log\u00edstica, localiza\u00e7\u00e3o de ve\u00edculos e gest\u00e3o inteligente de tr\u00e1fego.<\/p>\n\n\n<style>.wp-block-kadence-advancedbtn.kb-btns991_c863e7-33{gap:var(--global-kb-gap-xs, 0.5rem );justify-content:flex-end;align-items:center;}.kt-btns991_c863e7-33 .kt-button{font-weight:normal;font-style:normal;}.kt-btns991_c863e7-33 .kt-btn-wrap-0{margin-right:5px;}.wp-block-kadence-advancedbtn.kt-btns991_c863e7-33 .kt-btn-wrap-0 .kt-button{color:#555555;border-color:#555555;}.wp-block-kadence-advancedbtn.kt-btns991_c863e7-33 .kt-btn-wrap-0 .kt-button:hover, .wp-block-kadence-advancedbtn.kt-btns991_c863e7-33 .kt-btn-wrap-0 .kt-button:focus{color:#ffffff;border-color:#444444;}.wp-block-kadence-advancedbtn.kt-btns991_c863e7-33 .kt-btn-wrap-0 .kt-button::before{display:none;}.wp-block-kadence-advancedbtn.kt-btns991_c863e7-33 .kt-btn-wrap-0 .kt-button:hover, .wp-block-kadence-advancedbtn.kt-btns991_c863e7-33 .kt-btn-wrap-0 .kt-button:focus{background:#444444;}<\/style>\n<div class=\"wp-block-kadence-advancedbtn kb-buttons-wrap kb-btns991_c863e7-33\"><style>ul.menu .wp-block-kadence-advancedbtn .kb-btn991_7418f3-e9.kb-button{width:initial;}<\/style><a class=\"kb-button kt-button button kb-btn991_7418f3-e9 kt-btn-size-small kt-btn-width-type-auto kb-btn-global-inherit  kt-btn-has-text-true kt-btn-has-svg-false  wp-block-button__link wp-block-kadence-singlebtn\" href=\"https:\/\/huayuansh.com\/products\/rfid-readers-modules\/rain-rfid-reader-antenna\/\"><span class=\"kt-btn-inner-text\">SAIBA MAIS<\/span><\/a><\/div>\n<\/div>\n\n\n\n<div class=\"wp-block-column is-vertically-aligned-center is-layout-flow wp-block-column-is-layout-flow\" style=\"flex-basis:40%\">\n<figure class=\"wp-block-image size-large\"><a href=\"https:\/\/huayuansh.com\/products\/rfid-readers-modules\/rain-rfid-reader-antenna\/\"><img loading=\"lazy\" decoding=\"async\" width=\"1024\" height=\"576\" src=\"https:\/\/huayuansh.com\/wp-content\/uploads\/2024\/08\/RFID-Reader-Antenna-1024x576.webp\" alt=\"Antena do leitor RFID\" class=\"wp-image-3568\" srcset=\"https:\/\/huayuansh.com\/wp-content\/uploads\/2024\/08\/RFID-Reader-Antenna-1024x576.webp 1024w, https:\/\/huayuansh.com\/wp-content\/uploads\/2024\/08\/RFID-Reader-Antenna-300x169.webp 300w, https:\/\/huayuansh.com\/wp-content\/uploads\/2024\/08\/RFID-Reader-Antenna-768x432.webp 768w, https:\/\/huayuansh.com\/wp-content\/uploads\/2024\/08\/RFID-Reader-Antenna-1536x864.webp 1536w, https:\/\/huayuansh.com\/wp-content\/uploads\/2024\/08\/RFID-Reader-Antenna.webp 1920w\" sizes=\"auto, (max-width: 1024px) 100vw, 1024px\" \/><\/a><\/figure>\n<\/div>\n<\/div>\n\n\n\n<h3 class=\"wp-block-heading\" id=\"h-get-in-touch\">Entrar em contacto<\/h3>\n\n\n\n<p>Estes dispositivos de leitura RFID da HUAYUAN satisfazem a maioria das necessidades da ind\u00fastria, garantindo um desempenho fi\u00e1vel e um processamento de dados eficiente numa variedade de ambientes operacionais.<\/p>\n\n\n<style>.wp-block-kadence-advancedbtn.kb-btns991_e6a928-b5{gap:var(--global-kb-gap-xs, 0.5rem );justify-content:flex-start;align-items:center;}.kt-btns991_e6a928-b5 .kt-button{font-weight:normal;font-style:normal;}.kt-btns991_e6a928-b5 .kt-btn-wrap-0{margin-right:5px;}.wp-block-kadence-advancedbtn.kt-btns991_e6a928-b5 .kt-btn-wrap-0 .kt-button{color:#555555;border-color:#555555;}.wp-block-kadence-advancedbtn.kt-btns991_e6a928-b5 .kt-btn-wrap-0 .kt-button:hover, .wp-block-kadence-advancedbtn.kt-btns991_e6a928-b5 .kt-btn-wrap-0 .kt-button:focus{color:#ffffff;border-color:#444444;}.wp-block-kadence-advancedbtn.kt-btns991_e6a928-b5 .kt-btn-wrap-0 .kt-button::before{display:none;}.wp-block-kadence-advancedbtn.kt-btns991_e6a928-b5 .kt-btn-wrap-0 .kt-button:hover, .wp-block-kadence-advancedbtn.kt-btns991_e6a928-b5 .kt-btn-wrap-0 .kt-button:focus{background:#444444;}<\/style>\n<div class=\"wp-block-kadence-advancedbtn kb-buttons-wrap kb-btns991_e6a928-b5\"><style>ul.menu .wp-block-kadence-advancedbtn .kb-btn991_71dddd-30.kb-button{width:initial;}<\/style><a class=\"kb-button kt-button button kb-btn991_71dddd-30 kt-btn-size-standard kt-btn-width-type-auto kb-btn-global-inherit  kt-btn-has-text-true kt-btn-has-svg-false  wp-block-button__link wp-block-kadence-singlebtn\" href=\"https:\/\/huayuansh.com\/contact-us\/\"><span class=\"kt-btn-inner-text\">Contactar-nos<\/span><\/a><\/div>","protected":false},"excerpt":{"rendered":"<p>A HUAYUAN oferece uma vasta gama de leitores RFID UHF para satisfazer as suas necessidades de identifica\u00e7\u00e3o dos seus artigos etiquetados. Os nossos leitores RFID s\u00e3o concebidos para cumprir as normas de frequ\u00eancia globais actuais e est\u00e3o dispon\u00edveis com diferentes carater\u00edsticas, tornando-os facilmente compat\u00edveis com muitas etiquetas RFID. Estes leitores s\u00e3o amplamente aplicados na gest\u00e3o de stocks, gest\u00e3o log\u00edstica,...<\/p>","protected":false},"author":1,"featured_media":4298,"parent":2104,"menu_order":36,"comment_status":"closed","ping_status":"closed","template":"","meta":{"_kad_blocks_custom_css":"","_kad_blocks_head_custom_js":"","_kad_blocks_body_custom_js":"","_kad_blocks_footer_custom_js":"","_kadence_starter_templates_imported_post":false,"_kad_post_transparent":"","_kad_post_title":"","_kad_post_layout":"","_kad_post_sidebar_id":"","_kad_post_content_style":"","_kad_post_vertical_padding":"","_kad_post_feature":"","_kad_post_feature_position":"","_kad_post_header":false,"_kad_post_footer":false,"footnotes":""},"class_list":["post-991","page","type-page","status-publish","has-post-thumbnail","hentry"],"yoast_head":"<!-- This site is optimized with the Yoast SEO Premium plugin v23.0 (Yoast SEO v26.3) - https:\/\/yoast.com\/wordpress\/plugins\/seo\/ -->\n<title>RFID Reader Devices | HUAYUAN RFID Tag Manufacturer<\/title>\n<meta name=\"robots\" content=\"index, follow, max-snippet:-1, max-image-preview:large, max-video-preview:-1\" \/>\n<link rel=\"canonical\" href=\"https:\/\/huayuansh.com\/pt\/produtos\/modulos-leitores-rfid\/\" \/>\n<meta property=\"og:locale\" content=\"pt_PT\" \/>\n<meta property=\"og:type\" content=\"article\" \/>\n<meta property=\"og:title\" content=\"RFID Reader Devices\" \/>\n<meta property=\"og:description\" content=\"HUAYUAN offers an extensive range of UHF RFID reader device to meet your demands to identify your tagged items. Our RFID readers are designed to comply with today\u2019s global frequency standards and are available with different features, making them easily compatible with many RFID tags. These readers are widely applied in inventory management, logistic management,...\" \/>\n<meta property=\"og:url\" content=\"https:\/\/huayuansh.com\/pt\/produtos\/modulos-leitores-rfid\/\" \/>\n<meta property=\"og:site_name\" content=\"HUAYUAN RFID Tag Manufacturer\" \/>\n<meta property=\"article:modified_time\" content=\"2025-12-23T02:39:12+00:00\" \/>\n<meta property=\"og:image\" content=\"https:\/\/huayuansh.com\/wp-content\/uploads\/2025\/12\/HUAYUAN-RFID-Reader-Devices.webp\" \/>\n\t<meta property=\"og:image:width\" content=\"1920\" \/>\n\t<meta property=\"og:image:height\" content=\"1080\" \/>\n\t<meta property=\"og:image:type\" content=\"image\/webp\" \/>\n<meta name=\"twitter:card\" content=\"summary_large_image\" \/>\n<meta name=\"twitter:label1\" content=\"Tempo estimado de leitura\" \/>\n\t<meta name=\"twitter:data1\" content=\"3 minutos\" \/>\n<script type=\"application\/ld+json\" class=\"yoast-schema-graph\">{\"@context\":\"https:\/\/schema.org\",\"@graph\":[{\"@type\":\"WebPage\",\"@id\":\"https:\/\/huayuansh.com\/products\/rfid-readers-modules\/\",\"url\":\"https:\/\/huayuansh.com\/products\/rfid-readers-modules\/\",\"name\":\"RFID Reader Devices | HUAYUAN RFID Tag Manufacturer\",\"isPartOf\":{\"@id\":\"https:\/\/huayuansh.com\/#website\"},\"primaryImageOfPage\":{\"@id\":\"https:\/\/huayuansh.com\/products\/rfid-readers-modules\/#primaryimage\"},\"image\":{\"@id\":\"https:\/\/huayuansh.com\/products\/rfid-readers-modules\/#primaryimage\"},\"thumbnailUrl\":\"https:\/\/huayuansh.com\/wp-content\/uploads\/2025\/12\/HUAYUAN-RFID-Reader-Devices.webp\",\"datePublished\":\"2024-06-28T08:18:48+00:00\",\"dateModified\":\"2025-12-23T02:39:12+00:00\",\"breadcrumb\":{\"@id\":\"https:\/\/huayuansh.com\/products\/rfid-readers-modules\/#breadcrumb\"},\"inLanguage\":\"pt-PT\",\"potentialAction\":[{\"@type\":\"ReadAction\",\"target\":[\"https:\/\/huayuansh.com\/products\/rfid-readers-modules\/\"]}]},{\"@type\":\"ImageObject\",\"inLanguage\":\"pt-PT\",\"@id\":\"https:\/\/huayuansh.com\/products\/rfid-readers-modules\/#primaryimage\",\"url\":\"https:\/\/huayuansh.com\/wp-content\/uploads\/2025\/12\/HUAYUAN-RFID-Reader-Devices.webp\",\"contentUrl\":\"https:\/\/huayuansh.com\/wp-content\/uploads\/2025\/12\/HUAYUAN-RFID-Reader-Devices.webp\",\"width\":1920,\"height\":1080,\"caption\":\"HUAYUAN RFID Reader Devices\"},{\"@type\":\"BreadcrumbList\",\"@id\":\"https:\/\/huayuansh.com\/products\/rfid-readers-modules\/#breadcrumb\",\"itemListElement\":[{\"@type\":\"ListItem\",\"position\":1,\"name\":\"Home\",\"item\":\"https:\/\/huayuansh.com\/\"},{\"@type\":\"ListItem\",\"position\":2,\"name\":\"RFID Products\",\"item\":\"https:\/\/huayuansh.com\/products\/\"},{\"@type\":\"ListItem\",\"position\":3,\"name\":\"RFID Reader Devices\"}]},{\"@type\":\"WebSite\",\"@id\":\"https:\/\/huayuansh.com\/#website\",\"url\":\"https:\/\/huayuansh.com\/\",\"name\":\"HUAYUAN RFID Tag Manufacturer\",\"description\":\"HUAYUAN RFID Tag Manufacturer\",\"publisher\":{\"@id\":\"https:\/\/huayuansh.com\/#organization\"},\"potentialAction\":[{\"@type\":\"SearchAction\",\"target\":{\"@type\":\"EntryPoint\",\"urlTemplate\":\"https:\/\/huayuansh.com\/?s={search_term_string}\"},\"query-input\":{\"@type\":\"PropertyValueSpecification\",\"valueRequired\":true,\"valueName\":\"search_term_string\"}}],\"inLanguage\":\"pt-PT\"},{\"@type\":\"Organization\",\"@id\":\"https:\/\/huayuansh.com\/#organization\",\"name\":\"HUAYUAN RFID Tag Manufacturer\",\"url\":\"https:\/\/huayuansh.com\/\",\"logo\":{\"@type\":\"ImageObject\",\"inLanguage\":\"pt-PT\",\"@id\":\"https:\/\/huayuansh.com\/#\/schema\/logo\/image\/\",\"url\":\"https:\/\/huayuansh.com\/wp-content\/uploads\/2024\/09\/cropped-HUAYUAN.webp\",\"contentUrl\":\"https:\/\/huayuansh.com\/wp-content\/uploads\/2024\/09\/cropped-HUAYUAN.webp\",\"width\":895,\"height\":279,\"caption\":\"HUAYUAN RFID Tag Manufacturer\"},\"image\":{\"@id\":\"https:\/\/huayuansh.com\/#\/schema\/logo\/image\/\"}}]}<\/script>\n<!-- \/ Yoast SEO Premium plugin. -->","yoast_head_json":{"title":"Dispositivos de leitura RFID | HUAYUAN RFID Tag Fabricante","robots":{"index":"index","follow":"follow","max-snippet":"max-snippet:-1","max-image-preview":"max-image-preview:large","max-video-preview":"max-video-preview:-1"},"canonical":"https:\/\/huayuansh.com\/pt\/produtos\/modulos-leitores-rfid\/","og_locale":"pt_PT","og_type":"article","og_title":"RFID Reader Devices","og_description":"HUAYUAN offers an extensive range of UHF RFID reader device to meet your demands to identify your tagged items. Our RFID readers are designed to comply with today\u2019s global frequency standards and are available with different features, making them easily compatible with many RFID tags. These readers are widely applied in inventory management, logistic management,...","og_url":"https:\/\/huayuansh.com\/pt\/produtos\/modulos-leitores-rfid\/","og_site_name":"HUAYUAN RFID Tag Manufacturer","article_modified_time":"2025-12-23T02:39:12+00:00","og_image":[{"width":1920,"height":1080,"url":"https:\/\/huayuansh.com\/wp-content\/uploads\/2025\/12\/HUAYUAN-RFID-Reader-Devices.webp","type":"image\/webp"}],"twitter_card":"summary_large_image","twitter_misc":{"Tempo estimado de leitura":"3 minutos"},"schema":{"@context":"https:\/\/schema.org","@graph":[{"@type":"WebPage","@id":"https:\/\/huayuansh.com\/products\/rfid-readers-modules\/","url":"https:\/\/huayuansh.com\/products\/rfid-readers-modules\/","name":"Dispositivos de leitura RFID | HUAYUAN RFID Tag Fabricante","isPartOf":{"@id":"https:\/\/huayuansh.com\/#website"},"primaryImageOfPage":{"@id":"https:\/\/huayuansh.com\/products\/rfid-readers-modules\/#primaryimage"},"image":{"@id":"https:\/\/huayuansh.com\/products\/rfid-readers-modules\/#primaryimage"},"thumbnailUrl":"https:\/\/huayuansh.com\/wp-content\/uploads\/2025\/12\/HUAYUAN-RFID-Reader-Devices.webp","datePublished":"2024-06-28T08:18:48+00:00","dateModified":"2025-12-23T02:39:12+00:00","breadcrumb":{"@id":"https:\/\/huayuansh.com\/products\/rfid-readers-modules\/#breadcrumb"},"inLanguage":"pt-PT","potentialAction":[{"@type":"ReadAction","target":["https:\/\/huayuansh.com\/products\/rfid-readers-modules\/"]}]},{"@type":"ImageObject","inLanguage":"pt-PT","@id":"https:\/\/huayuansh.com\/products\/rfid-readers-modules\/#primaryimage","url":"https:\/\/huayuansh.com\/wp-content\/uploads\/2025\/12\/HUAYUAN-RFID-Reader-Devices.webp","contentUrl":"https:\/\/huayuansh.com\/wp-content\/uploads\/2025\/12\/HUAYUAN-RFID-Reader-Devices.webp","width":1920,"height":1080,"caption":"HUAYUAN RFID Reader Devices"},{"@type":"BreadcrumbList","@id":"https:\/\/huayuansh.com\/products\/rfid-readers-modules\/#breadcrumb","itemListElement":[{"@type":"ListItem","position":1,"name":"Home","item":"https:\/\/huayuansh.com\/"},{"@type":"ListItem","position":2,"name":"RFID Products","item":"https:\/\/huayuansh.com\/products\/"},{"@type":"ListItem","position":3,"name":"RFID Reader Devices"}]},{"@type":"WebSite","@id":"https:\/\/huayuansh.com\/#website","url":"https:\/\/huayuansh.com\/","name":"Fabricante de etiquetas RFID HUAYUAN","description":"Fabricante de etiquetas RFID HUAYUAN","publisher":{"@id":"https:\/\/huayuansh.com\/#organization"},"potentialAction":[{"@type":"SearchAction","target":{"@type":"EntryPoint","urlTemplate":"https:\/\/huayuansh.com\/?s={search_term_string}"},"query-input":{"@type":"PropertyValueSpecification","valueRequired":true,"valueName":"search_term_string"}}],"inLanguage":"pt-PT"},{"@type":"Organization","@id":"https:\/\/huayuansh.com\/#organization","name":"Fabricante de etiquetas RFID HUAYUAN","url":"https:\/\/huayuansh.com\/","logo":{"@type":"ImageObject","inLanguage":"pt-PT","@id":"https:\/\/huayuansh.com\/#\/schema\/logo\/image\/","url":"https:\/\/huayuansh.com\/wp-content\/uploads\/2024\/09\/cropped-HUAYUAN.webp","contentUrl":"https:\/\/huayuansh.com\/wp-content\/uploads\/2024\/09\/cropped-HUAYUAN.webp","width":895,"height":279,"caption":"HUAYUAN RFID Tag Manufacturer"},"image":{"@id":"https:\/\/huayuansh.com\/#\/schema\/logo\/image\/"}}]}},"taxonomy_info":[],"featured_image_src_large":["https:\/\/huayuansh.com\/wp-content\/uploads\/2025\/12\/HUAYUAN-RFID-Reader-Devices-1024x576.webp",1024,576,true],"author_info":{"display_name":"HUAYUAN","author_link":"https:\/\/huayuansh.com\/pt\/author\/shyec2024\/"},"comment_info":0,"_links":{"self":[{"href":"https:\/\/huayuansh.com\/pt\/wp-json\/wp\/v2\/pages\/991","targetHints":{"allow":["GET"]}}],"collection":[{"href":"https:\/\/huayuansh.com\/pt\/wp-json\/wp\/v2\/pages"}],"about":[{"href":"https:\/\/huayuansh.com\/pt\/wp-json\/wp\/v2\/types\/page"}],"author":[{"embeddable":true,"href":"https:\/\/huayuansh.com\/pt\/wp-json\/wp\/v2\/users\/1"}],"replies":[{"embeddable":true,"href":"https:\/\/huayuansh.com\/pt\/wp-json\/wp\/v2\/comments?post=991"}],"version-history":[{"count":5,"href":"https:\/\/huayuansh.com\/pt\/wp-json\/wp\/v2\/pages\/991\/revisions"}],"predecessor-version":[{"id":4297,"href":"https:\/\/huayuansh.com\/pt\/wp-json\/wp\/v2\/pages\/991\/revisions\/4297"}],"up":[{"embeddable":true,"href":"https:\/\/huayuansh.com\/pt\/wp-json\/wp\/v2\/pages\/2104"}],"wp:featuredmedia":[{"embeddable":true,"href":"https:\/\/huayuansh.com\/pt\/wp-json\/wp\/v2\/media\/4298"}],"wp:attachment":[{"href":"https:\/\/huayuansh.com\/pt\/wp-json\/wp\/v2\/media?parent=991"}],"curies":[{"name":"wp","href":"https:\/\/api.w.org\/{rel}","templated":true}]}}